{"id":10029,"date":"2015-03-26T16:52:04","date_gmt":"2015-03-26T15:52:04","guid":{"rendered":"http:\/\/www.lauroikastola.eus\/hezkuntza-proiektua\/beste-zerbitzuak-aurkezpena\/udako-egonaldiak\/"},"modified":"2026-01-26T10:48:21","modified_gmt":"2026-01-26T09:48:21","slug":"udako-egonaldiak","status":"publish","type":"page","link":"https:\/\/www.lauroikastola.eus\/en\/udako-egonaldiak\/","title":{"rendered":"Estancias de verano"},"content":{"rendered":"[vc_row ct_row_stretch=&#8221;stretch_row&#8221; ct_bg_image=&#8221;96938&#8243; ct_bg_color_overlay=&#8221;rgba(0,0,0,0.4)&#8221; ct_bg_position=&#8221;center center&#8221; ct_bg_parallax=&#8221;fixed&#8221;][vc_column]<div class=\"ult-spacer spacer-6a02e6f90b78c\" data-id=\"6a02e6f90b78c\" data-height=\"200\" data-height-mobile=\"200\" data-height-tab=\"200\" data-height-tab-portrait=\"\" data-height-mobile-landscape=\"\" style=\"clear:both;display:block;\"><\/div><div id=\"ultimate-heading-38376a02e6f90b871\" class=\"uvc-heading ult-adjust-bottom-margin ultimate-heading-38376a02e6f90b871 uvc-3050 \" data-hspacer=\"line_only\"  data-halign=\"left\" style=\"text-align:left\"><div class=\"uvc-heading-spacer line_only\" style=\"topheight:1px;\"><span class=\"uvc-headings-line\" style=\"border-style:solid;border-bottom-width:1px;border-color:#9e9e9e;width:autopx;\"><\/span><\/div><div class=\"uvc-main-heading ult-responsive\"  data-ultimate-target='.uvc-heading.ultimate-heading-38376a02e6f90b871 h2'  data-responsive-json-new='{\"font-size\":\"desktop:46px;\",\"line-height\":\"desktop:60px;\"}' ><h2 style=\"font-weight:bold;color:#ffffff;margin-top:10px;margin-bottom:60px;\">Estancias de verano<\/h2><\/div><\/div><div class=\"ult-spacer spacer-6a02e6f90b906\" data-id=\"6a02e6f90b906\" data-height=\"20\" data-height-mobile=\"20\" data-height-tab=\"20\" data-height-tab-portrait=\"\" data-height-mobile-landscape=\"\" style=\"clear:both;display:block;\"><\/div>[\/vc_column][\/vc_row][vc_row ct_row_stretch=&#8221;&#8221;][vc_column]<div class=\"ult-spacer spacer-6a02e6f90b951\" data-id=\"6a02e6f90b951\" data-height=\"30\" data-height-mobile=\"30\" data-height-tab=\"30\" data-height-tab-portrait=\"\" data-height-mobile-landscape=\"\" style=\"clear:both;display:block;\"><\/div>[vc_row_inner][vc_column_inner width=&#8221;1\/2&#8243;][vc_video link=&#8221;https:\/\/www.youtube.com\/embed\/TBVSuG8eR1g&#8221; align=&#8221;right&#8221;][\/vc_column_inner][vc_column_inner width=&#8221;1\/2&#8243;][vc_column_text]Lauro Ikastola ofrece a sus alumnos y alumnas, a partir de 1\u00ba de ESO y hasta Bachiller, programas de verano entre junio y julio para el aprendizaje del <strong>Ingl\u00e9s<\/strong> en Inglaterra, Irlanda y EEUU.<\/p>\n<p>Los programas est\u00e1n avalados por la larga experiencia de a\u00f1os anteriores y por ser los de mayor garant\u00eda para favorecer el aprendizaje de nuestros alumnos y alumnas.<\/p>\n<p>&nbsp;[\/vc_column_text][vc_btn title=&#8221;Verano 2026&#8243; color=&#8221;success&#8221; size=&#8221;lg&#8221; css_animation=&#8221;bounceIn&#8221; link=&#8221;url:https%3A%2F%2Fwww.lauroikastola.eus%2Fwp-content%2Fuploads%2F2026%2F01%2F2026-Lauro-Ikastola-EMY-1.pdf&#8221;][\/vc_column_inner][\/vc_row_inner]<div class=\"ult-spacer spacer-6a02e6f90b991\" data-id=\"6a02e6f90b991\" data-height=\"30\" data-height-mobile=\"30\" data-height-tab=\"30\" data-height-tab-portrait=\"\" data-height-mobile-landscape=\"\" style=\"clear:both;display:block;\"><\/div>[\/vc_column][\/vc_row]\n","protected":false},"excerpt":{"rendered":"<p>[vc_row ct_row_stretch=&#8221;stretch_row&#8221; ct_bg_image=&#8221;96938&#8243; ct_bg_color_overlay=&#8221;rgba(0,0,0,0.4)&#8221; ct_bg_position=&#8221;center center&#8221; ct_bg_parallax=&#8221;fixed&#8221;][vc_column][\/vc_column][\/vc_row][vc_row ct_row_stretch=&#8221;&#8221;][vc_column][vc_row_inner][vc_column_inner width=&#8221;1\/2&#8243;][vc_video link=&#8221;https:\/\/www.youtube.com\/embed\/TBVSuG8eR1g&#8221; align=&#8221;right&#8221;][\/vc_column_inner][vc_column_inner width=&#8221;1\/2&#8243;][vc_column_text]Lauro Ikastola ofrece a sus alumnos y alumnas, a partir de 1\u00ba de ESO y hasta Bachiller, programas de verano entre junio y julio para el aprendizaje del Ingl\u00e9s en Inglaterra, Irlanda y EEUU. Los programas est\u00e1n avalados por la larga experiencia de a\u00f1os &#8230;<\/p>\n","protected":false},"author":1,"featured_media":0,"parent":0,"menu_order":0,"comment_status":"closed","ping_status":"open","template":"","meta":{"ngg_post_thumbnail":0,"footnotes":""},"class_list":["post-10029","page","type-page","status-publish","hentry"],"_links":{"self":[{"href":"https:\/\/www.lauroikastola.eus\/en\/wp-json\/wp\/v2\/pages\/10029","targetHints":{"allow":["GET"]}}],"collection":[{"href":"https:\/\/www.lauroikastola.eus\/en\/wp-json\/wp\/v2\/pages"}],"about":[{"href":"https:\/\/www.lauroikastola.eus\/en\/wp-json\/wp\/v2\/types\/page"}],"author":[{"embeddable":true,"href":"https:\/\/www.lauroikastola.eus\/en\/wp-json\/wp\/v2\/users\/1"}],"replies":[{"embeddable":true,"href":"https:\/\/www.lauroikastola.eus\/en\/wp-json\/wp\/v2\/comments?post=10029"}],"version-history":[{"count":2,"href":"https:\/\/www.lauroikastola.eus\/en\/wp-json\/wp\/v2\/pages\/10029\/revisions"}],"predecessor-version":[{"id":149602,"href":"https:\/\/www.lauroikastola.eus\/en\/wp-json\/wp\/v2\/pages\/10029\/revisions\/149602"}],"wp:attachment":[{"href":"https:\/\/www.lauroikastola.eus\/en\/wp-json\/wp\/v2\/media?parent=10029"}],"curies":[{"name":"wp","href":"https:\/\/api.w.org\/{rel}","templated":true}]}}