{"id":10416,"date":"2015-03-30T15:30:09","date_gmt":"2015-03-30T13:30:09","guid":{"rendered":"http:\/\/www.lauroikastola.eus\/zerbitzuak\/garraioa\/kotxez\/"},"modified":"2019-11-09T20:19:54","modified_gmt":"2019-11-09T19:19:54","slug":"kotxez","status":"publish","type":"page","link":"https:\/\/www.lauroikastola.eus\/en\/kotxez\/","title":{"rendered":"Kotxez"},"content":{"rendered":"[vc_row ct_row_stretch=&#8221;stretch_row&#8221; ct_bg_image=&#8221;78689&#8243; ct_bg_color_overlay=&#8221;rgba(0,0,0,0.4)&#8221; ct_bg_position=&#8221;center center&#8221; ct_bg_parallax=&#8221;fixed&#8221;][vc_column]<div class=\"ult-spacer spacer-6a06f9707d170\" data-id=\"6a06f9707d170\" data-height=\"200\" data-height-mobile=\"200\" data-height-tab=\"200\" data-height-tab-portrait=\"\" data-height-mobile-landscape=\"\" style=\"clear:both;display:block;\"><\/div><div id=\"ultimate-heading-89356a06f9707d246\" class=\"uvc-heading ult-adjust-bottom-margin ultimate-heading-89356a06f9707d246 uvc-9659 \" data-hspacer=\"line_only\"  data-halign=\"left\" style=\"text-align:left\"><div class=\"uvc-heading-spacer line_only\" style=\"topheight:1px;\"><span class=\"uvc-headings-line\" style=\"border-style:solid;border-bottom-width:1px;border-color:#9e9e9e;width:autopx;\"><\/span><\/div><div class=\"uvc-main-heading ult-responsive\"  data-ultimate-target='.uvc-heading.ultimate-heading-89356a06f9707d246 h2'  data-responsive-json-new='{\"font-size\":\"desktop:46px;\",\"line-height\":\"desktop:60px;\"}' ><h2 style=\"font-weight:bold;color:#ffffff;margin-top:10px;margin-bottom:60px;\">En coche<\/h2><\/div><\/div><div class=\"ult-spacer spacer-6a06f9707d2c0\" data-id=\"6a06f9707d2c0\" data-height=\"20\" data-height-mobile=\"20\" data-height-tab=\"20\" data-height-tab-portrait=\"\" data-height-mobile-landscape=\"\" style=\"clear:both;display:block;\"><\/div>[\/vc_column][\/vc_row][vc_row ct_row_stretch=&#8221;&#8221;][vc_column]<div class=\"ult-spacer spacer-6a06f9707d2fc\" data-id=\"6a06f9707d2fc\" data-height=\"30\" data-height-mobile=\"30\" data-height-tab=\"30\" data-height-tab-portrait=\"\" data-height-mobile-landscape=\"\" style=\"clear:both;display:block;\"><\/div>[vc_column_text]<img loading=\"lazy\" decoding=\"async\" class=\"estilo_fotos alignleft wp-image-10400 size-full\" src=\"http:\/\/www.lauroikastola.eus\/wp-content\/uploads\/2015\/03\/transporte.jpg\" alt=\"transporte\" width=\"407\" height=\"304\" srcset=\"https:\/\/www.lauroikastola.eus\/wp-content\/uploads\/2015\/03\/transporte.jpg 407w, https:\/\/www.lauroikastola.eus\/wp-content\/uploads\/2015\/03\/transporte-300x224.jpg 300w\" sizes=\"auto, (max-width: 407px) 100vw, 407px\" \/><\/p>\n<h3>Entrada y aparcamiento de coches por las tardes<\/h3>\n<p>Los coches que accedan por Infantil, deber\u00e1n aparcar en el parking, junto a la rotonda. Y los que accedan por la entrada principal de la Ikastola, aparcar\u00e1n en el parking habilitado del patio de Primaria.<\/p>\n<p>Los coches no podr\u00e1n circular en el recinto de la Ikastola (se\u00f1alizado en rojo en la foto) durante el per\u00edodo de tr\u00e1nsito de buses, <strong>de 16:20 a 17:45<\/strong>, para mayor seguridad del alumnado y mejor gesti\u00f3n de los tiempos de salida de los buses.<\/p>\n<p>Rogamos que sig\u00e1is las instrucciones de los responsables de transporte.<\/p>\n<p>&nbsp;[\/vc_column_text][vc_column_text]\n<h3>Traslado y recogida particular del alumnado<\/h3>\n<p><strong>Infantil<\/strong><\/p>\n<ul class=\"bolas\">\n<li><strong>Ma\u00f1anas<br \/>\n<\/strong>Aparcad en el parking de coches y acompa\u00f1ad a los ni\u00f1os\/as hasta la entrada del edificio.<br \/>\nNo se podr\u00e1 parar ni ocupar el espacio correspondiente a los buses ni la rotonda.<\/li>\n<li><strong>Tardes<br \/>\n<\/strong>Comunicad por escrito a la tutora, y verbalmente a la cuidadora, que el ni\u00f1o\/a no coger\u00e1 el bus. Si no hab\u00e9is enviado nota a la tutora, podr\u00e9is recoger al ni\u00f1o\/a en el bus aparcado en Primaria, previo aviso a la cuidadora, sin entorpecer el tr\u00e1nsito del alumnado y salida de los buses.<br \/>\nHorario habitual: aparcad en el parking de coches. Los coches no se podr\u00e1n parar ni estacionar en la rotonda de la carretera ni en el espacio reservado para buses. Los alumnos y alumnas saldr\u00e1n por la puerta del comedor: los de 3 a\u00f1os, a las 16:10; los de 4, a las 16:15; y los de 5, a las 16:20.<br \/>\nAntes de la hora: cuando se deba recoger a un alumno\/a antes de la hora habitual, deber\u00e1 ser antes de las 16:00. Se deber\u00e1 comunicar por escrito a la tutora y recoger al alumno\/a en el aula.<\/li>\n<\/ul>\n<p><strong>Primaria<\/strong><\/p>\n<ul>\n<li><strong>Ma\u00f1anas<\/strong><\/li>\n<\/ul>\n[\/vc_column_text]<div class=\"ult-spacer spacer-6a06f9707d330\" data-id=\"6a06f9707d330\" data-height=\"10\" data-height-mobile=\"10\" data-height-tab=\"10\" data-height-tab-portrait=\"\" data-height-mobile-landscape=\"\" style=\"clear:both;display:block;\"><\/div>[\/vc_column][\/vc_row][vc_row ct_row_stretch=&#8221;&#8221;][vc_column width=&#8221;1\/2&#8243;][vc_column_text]<img loading=\"lazy\" decoding=\"async\" class=\"estilo_fotos aligncenter size-medium wp-image-10404\" src=\"http:\/\/www.lauroikastola.eus\/wp-content\/uploads\/2015\/03\/img_1472-300x193.jpg\" alt=\"img_1472\" width=\"300\" height=\"193\"><\/p>\n<p style=\"text-align: justify; padding-left: 60px;\">Parad en el parking de Behekosoloa. El alumnado se dirigir\u00e1 a la entrada de edificio, a trav\u00e9s del patio de Primaria.<\/p>\n[\/vc_column_text][\/vc_column][vc_column width=&#8221;1\/2&#8243;][vc_column_text]<img loading=\"lazy\" decoding=\"async\" class=\"estilo_fotos aligncenter size-medium wp-image-10405\" src=\"http:\/\/www.lauroikastola.eus\/wp-content\/uploads\/2015\/03\/img_1492-300x193.jpg\" alt=\"img_1492\" width=\"300\" height=\"193\"><\/p>\n<p style=\"text-align: justify; padding-left: 30px;\">No se podr\u00e1 parar ni ocupar el espacio correspondiente a los buses.<\/p>\n[\/vc_column_text][\/vc_column][\/vc_row][vc_row ct_row_stretch=&#8221;&#8221;][vc_column]<div class=\"ult-spacer spacer-6a06f9707d362\" data-id=\"6a06f9707d362\" data-height=\"20\" data-height-mobile=\"20\" data-height-tab=\"20\" data-height-tab-portrait=\"\" data-height-mobile-landscape=\"\" style=\"clear:both;display:block;\"><\/div>[vc_column_text]\n<ul class=\"bolas\">\n<li><strong>Tardes<br \/>\n<\/strong>Comunicad por escrito al tutor\/a, y verbalmente a la cuidadora, que el ni\u00f1o\/a no coger\u00e1 el bus.&nbsp;Si no hab\u00e9is enviado nota a la tutora podr\u00e9is recoger al ni\u00f1o\/a en el bus aparcado en Primaria, previo aviso a la cuidadora, sin entorpecer el tr\u00e1nsito del alumnado y salida de los buses.<br \/>\nHorario habitual:&nbsp;recoged a los alumnos\/as a las 16:30, en la puerta de salida del edificio de Primaria que se encuentra en el patio (columnas coloreadas) y no en la salida de cada ciclo.<br \/>\nAntes de la hora: cuando se deba recoger a un alumno\/a antes de la hora habitual, deber\u00e1 ser antes de las 16:05. Se deber\u00e1 comunicar por escrito al tutor\/a y recoger al alumno\/a en secretar\u00eda de Primaria.<\/li>\n<\/ul>\n<p style=\"text-align: center;\"><img loading=\"lazy\" decoding=\"async\" class=\"estilo_fotos aligncenter size-medium wp-image-10407\" src=\"http:\/\/www.lauroikastola.eus\/wp-content\/uploads\/2015\/03\/p1110914-300x207.jpg\" alt=\"p1110914\" width=\"300\" height=\"207\" srcset=\"https:\/\/www.lauroikastola.eus\/wp-content\/uploads\/2015\/03\/p1110914-300x207.jpg 300w, https:\/\/www.lauroikastola.eus\/wp-content\/uploads\/2015\/03\/p1110914-600x414.jpg 600w, https:\/\/www.lauroikastola.eus\/wp-content\/uploads\/2015\/03\/p1110914.jpg 619w\" sizes=\"auto, (max-width: 300px) 100vw, 300px\" \/><br \/>\nLugar de recogida de alumnado de Primaria.<\/p>\n[\/vc_column_text]<div class=\"ult-spacer spacer-6a06f9707d391\" data-id=\"6a06f9707d391\" data-height=\"30\" data-height-mobile=\"30\" data-height-tab=\"30\" data-height-tab-portrait=\"\" data-height-mobile-landscape=\"\" style=\"clear:both;display:block;\"><\/div>[\/vc_column][\/vc_row]\n","protected":false},"excerpt":{"rendered":"<p>[vc_row ct_row_stretch=&#8221;stretch_row&#8221; ct_bg_image=&#8221;78689&#8243; ct_bg_color_overlay=&#8221;rgba(0,0,0,0.4)&#8221; ct_bg_position=&#8221;center center&#8221; ct_bg_parallax=&#8221;fixed&#8221;][vc_column][\/vc_column][\/vc_row][vc_row ct_row_stretch=&#8221;&#8221;][vc_column][vc_column_text] Entrada y aparcamiento de coches por las tardes Los coches que accedan por Infantil, deber\u00e1n aparcar en el parking, junto a la rotonda. Y los que accedan por la entrada principal de la Ikastola, aparcar\u00e1n en el parking habilitado del patio de Primaria. Los coches no podr\u00e1n &#8230;<\/p>\n","protected":false},"author":1,"featured_media":0,"parent":0,"menu_order":0,"comment_status":"closed","ping_status":"open","template":"","meta":{"ngg_post_thumbnail":0,"footnotes":""},"class_list":["post-10416","page","type-page","status-publish","hentry"],"_links":{"self":[{"href":"https:\/\/www.lauroikastola.eus\/en\/wp-json\/wp\/v2\/pages\/10416","targetHints":{"allow":["GET"]}}],"collection":[{"href":"https:\/\/www.lauroikastola.eus\/en\/wp-json\/wp\/v2\/pages"}],"about":[{"href":"https:\/\/www.lauroikastola.eus\/en\/wp-json\/wp\/v2\/types\/page"}],"author":[{"embeddable":true,"href":"https:\/\/www.lauroikastola.eus\/en\/wp-json\/wp\/v2\/users\/1"}],"replies":[{"embeddable":true,"href":"https:\/\/www.lauroikastola.eus\/en\/wp-json\/wp\/v2\/comments?post=10416"}],"version-history":[{"count":0,"href":"https:\/\/www.lauroikastola.eus\/en\/wp-json\/wp\/v2\/pages\/10416\/revisions"}],"wp:attachment":[{"href":"https:\/\/www.lauroikastola.eus\/en\/wp-json\/wp\/v2\/media?parent=10416"}],"curies":[{"name":"wp","href":"https:\/\/api.w.org\/{rel}","templated":true}]}}