{"id":10497,"date":"2015-03-31T11:13:37","date_gmt":"2015-03-31T09:13:37","guid":{"rendered":"http:\/\/www.lauroikastola.eus\/gurasoen-orientazioa-aurkezpena-2\/"},"modified":"2025-01-24T10:46:48","modified_gmt":"2025-01-24T09:46:48","slug":"gurasoen-orientazioa-aurkezpena","status":"publish","type":"page","link":"https:\/\/www.lauroikastola.eus\/en\/gurasoen-orientazioa-aurkezpena\/","title":{"rendered":"Presentaci\u00f3n del Departamento de Orientaci\u00f3n"},"content":{"rendered":"[vc_row ct_row_stretch=&#8221;stretch_row&#8221; ct_bg_image=&#8221;78174&#8243; ct_bg_color_overlay=&#8221;rgba(0,0,0,0.4)&#8221; ct_bg_position=&#8221;center center&#8221; ct_bg_parallax=&#8221;fixed&#8221;][vc_column]<div class=\"ult-spacer spacer-6a06f9aad10b3\" data-id=\"6a06f9aad10b3\" data-height=\"200\" data-height-mobile=\"200\" data-height-tab=\"200\" data-height-tab-portrait=\"\" data-height-mobile-landscape=\"\" style=\"clear:both;display:block;\"><\/div><div id=\"ultimate-heading-5726a06f9aad11c5\" class=\"uvc-heading ult-adjust-bottom-margin ultimate-heading-5726a06f9aad11c5 uvc-1701 \" data-hspacer=\"line_only\"  data-halign=\"left\" style=\"text-align:left\"><div class=\"uvc-heading-spacer line_only\" style=\"topheight:1px;\"><span class=\"uvc-headings-line\" style=\"border-style:solid;border-bottom-width:1px;border-color:#9e9e9e;width:autopx;\"><\/span><\/div><div class=\"uvc-main-heading ult-responsive\"  data-ultimate-target='.uvc-heading.ultimate-heading-5726a06f9aad11c5 h2'  data-responsive-json-new='{\"font-size\":\"desktop:46px;\",\"line-height\":\"desktop:60px;\"}' ><h2 style=\"font-weight:bold;color:#ffffff;margin-top:10px;margin-bottom:60px;\">Presentaci\u00f3n del Departamento de Orientaci\u00f3n<\/h2><\/div><\/div><div class=\"ult-spacer spacer-6a06f9aad1264\" data-id=\"6a06f9aad1264\" data-height=\"20\" data-height-mobile=\"20\" data-height-tab=\"20\" data-height-tab-portrait=\"\" data-height-mobile-landscape=\"\" style=\"clear:both;display:block;\"><\/div>[\/vc_column][\/vc_row][vc_row ct_row_stretch=&#8221;&#8221; bg_type=&#8221;bg_color&#8221; css=&#8221;.vc_custom_1571135031293{padding-top: 20px !important;}&#8221; bg_color_value=&#8221;#ededed&#8221;][vc_column width=&#8221;1\/4&#8243;]<div class=\"aio-icon-component    style_2\"><a class=\"aio-icon-box-link\" href=\"\/es\/gurasoen-orientazioa-aurkezpena\/\" ><div id=\"Info-box-wrap-1379\" class=\"aio-icon-box top-icon\" style=\"\"  ><div class=\"aio-icon-top\"><div class=\"ult-just-icon-wrapper  \"><div class=\"align-icon\" style=\"text-align:center;\">\n<div class=\"aio-icon circle \"  style=\"color:#ffffff;background:#adadad;font-size:26px;display:inline-block;\">\n\t<i class=\"Defaults-bullseye\"><\/i>\n<\/div><\/div><\/div><\/div><div class=\"aio-icon-header\" ><h6 class=\"aio-icon-title ult-responsive\"  data-ultimate-target='#Info-box-wrap-1379 .aio-icon-title'  data-responsive-json-new='{\"font-size\":\"\",\"line-height\":\"\"}'  style=\"\">Presentaci\u00f3n<\/h6><\/div> <!-- header --><\/div> <!-- aio-icon-box --><\/a><\/div> <!-- aio-icon-component -->[\/vc_column][vc_column width=&#8221;1\/4&#8243;]<div class=\"aio-icon-component    style_2\"><a class=\"aio-icon-box-link\" href=\"\/es\/kiva\/\" ><div id=\"Info-box-wrap-6851\" class=\"aio-icon-box top-icon\" style=\"\"  ><div class=\"aio-icon-top\"><div class=\"ult-just-icon-wrapper  \"><div class=\"align-icon\" style=\"text-align:center;\">\n<div class=\"aio-icon circle \"  style=\"color:#ffffff;background:#fd1311;font-size:26px;display:inline-block;\">\n\t<i class=\"Defaults-slideshare\"><\/i>\n<\/div><\/div><\/div><\/div><div class=\"aio-icon-header\" ><h6 class=\"aio-icon-title ult-responsive\"  data-ultimate-target='#Info-box-wrap-6851 .aio-icon-title'  data-responsive-json-new='{\"font-size\":\"\",\"line-height\":\"\"}'  style=\"\">Plan KiVa \u2013 antibulling<\/h6><\/div> <!-- header --><\/div> <!-- aio-icon-box --><\/a><\/div> <!-- aio-icon-component -->[\/vc_column][vc_column width=&#8221;1\/4&#8243;]<div class=\"aio-icon-component    style_2\"><a class=\"aio-icon-box-link\" href=\"https:\/\/www.lauroikastola.eus\/es\/orientazio-jarduerak\/\" ><div id=\"Info-box-wrap-7136\" class=\"aio-icon-box top-icon\" style=\"\"  ><div class=\"aio-icon-top\"><div class=\"ult-just-icon-wrapper  \"><div class=\"align-icon\" style=\"text-align:center;\">\n<div class=\"aio-icon circle \"  style=\"color:#ffffff;background:#fd1311;font-size:26px;display:inline-block;\">\n\t<i class=\"Defaults-bank institution university\"><\/i>\n<\/div><\/div><\/div><\/div><div class=\"aio-icon-header\" ><h6 class=\"aio-icon-title ult-responsive\"  data-ultimate-target='#Info-box-wrap-7136 .aio-icon-title'  data-responsive-json-new='{\"font-size\":\"\",\"line-height\":\"\"}'  style=\"\">Orientaci\u00f3n en Bachiller<\/h6><\/div> <!-- header --><\/div> <!-- aio-icon-box --><\/a><\/div> <!-- aio-icon-component -->[\/vc_column][vc_column width=&#8221;1\/4&#8243;]<div class=\"aio-icon-component    style_2\"><a class=\"aio-icon-box-link\" href=\"\/es\/etxerako-lanen-plana\/\" ><div id=\"Info-box-wrap-1924\" class=\"aio-icon-box top-icon\" style=\"\"  ><div class=\"aio-icon-top\"><div class=\"ult-just-icon-wrapper  \"><div class=\"align-icon\" style=\"text-align:center;\">\n<div class=\"aio-icon circle \"  style=\"color:#ffffff;background:#fd1311;font-size:26px;display:inline-block;\">\n\t<i class=\"Defaults-home\"><\/i>\n<\/div><\/div><\/div><\/div><div class=\"aio-icon-header\" ><h6 class=\"aio-icon-title ult-responsive\"  data-ultimate-target='#Info-box-wrap-1924 .aio-icon-title'  data-responsive-json-new='{\"font-size\":\"\",\"line-height\":\"\"}'  style=\"\">Trabajo personal en casa<\/h6><\/div> <!-- header --><\/div> <!-- aio-icon-box --><\/a><\/div> <!-- aio-icon-component -->[\/vc_column][\/vc_row][vc_row ct_row_stretch=&#8221;&#8221; bg_type=&#8221;bg_color&#8221; css=&#8221;.vc_custom_1571135009903{margin-bottom: 20px !important;}&#8221; bg_color_value=&#8221;#ededed&#8221;][vc_column width=&#8221;1\/4&#8243;]<div class=\"aio-icon-component    style_2\"><a class=\"aio-icon-box-link\" href=\"\/es\/orientazio-hitzaldiak\/\" ><div id=\"Info-box-wrap-2122\" class=\"aio-icon-box top-icon\" style=\"\"  ><div class=\"aio-icon-top\"><div class=\"ult-just-icon-wrapper  \"><div class=\"align-icon\" style=\"text-align:center;\">\n<div class=\"aio-icon circle \"  style=\"color:#ffffff;background:#fd1311;font-size:26px;display:inline-block;\">\n\t<i class=\"Defaults-wechat weixin\"><\/i>\n<\/div><\/div><\/div><\/div><div class=\"aio-icon-header\" ><h6 class=\"aio-icon-title ult-responsive\"  data-ultimate-target='#Info-box-wrap-2122 .aio-icon-title'  data-responsive-json-new='{\"font-size\":\"\",\"line-height\":\"\"}'  style=\"\">Charlas orientativas<\/h6><\/div> <!-- header --><\/div> <!-- aio-icon-box --><\/a><\/div> <!-- aio-icon-component -->[\/vc_column][vc_column width=&#8221;1\/4&#8243;]<div class=\"aio-icon-component    style_2\"><a class=\"aio-icon-box-link\" href=\"\/es\/artikulu-interesagarriak\/\" ><div id=\"Info-box-wrap-9767\" class=\"aio-icon-box top-icon\" style=\"\"  ><div class=\"aio-icon-top\"><div class=\"ult-just-icon-wrapper  \"><div class=\"align-icon\" style=\"text-align:center;\">\n<div class=\"aio-icon circle \"  style=\"color:#ffffff;background:#fd1311;font-size:26px;display:inline-block;\">\n\t<i class=\"Defaults-thumbs-o-up\"><\/i>\n<\/div><\/div><\/div><\/div><div class=\"aio-icon-header\" ><h6 class=\"aio-icon-title ult-responsive\"  data-ultimate-target='#Info-box-wrap-9767 .aio-icon-title'  data-responsive-json-new='{\"font-size\":\"\",\"line-height\":\"\"}'  style=\"\">Art\u00edculos de inter\u00e9s<\/h6><\/div> <!-- header --><\/div> <!-- aio-icon-box --><\/a><\/div> <!-- aio-icon-component -->[\/vc_column][\/vc_row][vc_row ct_row_stretch=&#8221;&#8221;][vc_column width=&#8221;1\/2&#8243;][vc_column_text]\n<h3>Servicio de Orientaci\u00f3n:<\/h3>\n<p>La acci\u00f3n educativa no es s\u00f3lo un proceso de instrucci\u00f3n, es adem\u00e1s, un proceso de orientaci\u00f3n, entendida como un proceso que complementa la educaci\u00f3n del alumno o alumna.<\/p>\n<p>Desde esta perspectiva, Lauro Ikastola dispone de un equipo de orientaci\u00f3n que ayuda a toda la comunidad educativa de la Ikastola a llevar a cabo una educaci\u00f3n m\u00e1s personalizada e integral del alumno o alumna. El Departamento de Orientaci\u00f3n es un instrumento integrado en la estructura de la Ikastola, cuyo trabajo se fundamenta en el proceso de ense\u00f1anza-aprendizaje.<\/p>\n<p>Las <strong>personas responsables<\/strong> de este servicio son Iratxe Elorriaga y Ane Garbisu en Infantil y Primaria, y Ane Ibarrola y Oihana Basterretxea en ESO-Bachiller. Adem\u00e1s de dos profesoras de apoyo y dos auxiliares.<\/p>\n<p><strong>A qu\u00e9 responde este servicio:<\/strong><\/p>\n<ul class=\"bolas\">\n<li>A la diversidad de los alumnos y alumnas.<\/li>\n<li>Al desarrollo acad\u00e9mico y personal de todos los alumnos y alumnas.<\/li>\n<\/ul>\n<p><strong>C\u00f3mo responde:<\/strong><\/p>\n<ul class=\"bolas\">\n<li>Haciendo un trabajo sistem\u00e1tico mediante todos los agentes que toman parte en el proceso educativo (profesorado, tutores y tutoras, seminarios,\u2026). Dicho trabajo ha de reflejarse en cada alumno o alumna en el aula.<\/li>\n<li>Fundamentado en la \u00e9tica y en los valores \u00e9ticos.<\/li>\n<\/ul>\n<p><strong>Bases:<\/strong><\/p>\n<ul class=\"bolas\">\n<li>Individualidad: atenci\u00f3n a diferentes intereses, capacidades, motivaciones.<\/li>\n<li>Integraci\u00f3n: personal, intelectual, social, afectiva.<\/li>\n<li>Prevenci\u00f3n: antes de que surjan los problemas.<\/li>\n<li>Desarrollo: de todos y cada uno de los alumnos y alumnas.<\/li>\n<\/ul>\n[\/vc_column_text][\/vc_column][vc_column width=&#8221;1\/2&#8243;]<div class=\"ult-spacer spacer-6a06f9aad1c75\" data-id=\"6a06f9aad1c75\" data-height=\"20\" data-height-mobile=\"20\" data-height-tab=\"20\" data-height-tab-portrait=\"\" data-height-mobile-landscape=\"\" style=\"clear:both;display:block;\"><\/div>[vc_single_image image=&#8221;127789&#8243; img_size=&#8221;full&#8221;][\/vc_column][\/vc_row][vc_row ct_row_stretch=&#8221;&#8221;][vc_column]<div class=\"ult-spacer spacer-6a06f9aad1cba\" data-id=\"6a06f9aad1cba\" data-height=\"30\" data-height-mobile=\"30\" data-height-tab=\"30\" data-height-tab-portrait=\"\" data-height-mobile-landscape=\"\" style=\"clear:both;display:block;\"><\/div>[vc_column_text]\n<h3>Objetivos del Plan de Orientaci\u00f3n<\/h3>\n<ul class=\"bolas\">\n<li>Atender a aquellos alumnos o alumnas que tienen dificultades para conseguir los objetivos propuestos y contribuir a que reciban una atenci\u00f3n personalizada en funci\u00f3n de sus necesidades educativas. Orientaci\u00f3n no solo acad\u00e9mica, sino personal y tambi\u00e9n profesional.<\/li>\n<li>Elaborar programas de prevenci\u00f3n y detecci\u00f3n en los primeros cursos de Primaria y Secundaria del alumnado que presente caracter\u00edsticas educativas diferenciales.<\/li>\n<li>Intensificar actuaciones que ayuden a la toma de decisiones. Es un aspecto fundamental a lo largo de la vida y tiene particular relevancia para una adecuada elecci\u00f3n sobre el futuro educativo, formativo y profesional.<\/li>\n<li>Orientar al profesorado.<\/li>\n<li>Responder, en la medida de lo posible, a las demandas que los alumnos, profesores y familias realizan sobre orientaci\u00f3n personal o vocacional del alumnado.<\/li>\n<\/ul>\n[\/vc_column_text]<div class=\"ult-spacer spacer-6a06f9aad1cfe\" data-id=\"6a06f9aad1cfe\" data-height=\"30\" data-height-mobile=\"30\" data-height-tab=\"30\" data-height-tab-portrait=\"\" data-height-mobile-landscape=\"\" style=\"clear:both;display:block;\"><\/div>[\/vc_column][\/vc_row]\n","protected":false},"excerpt":{"rendered":"<p>[vc_row ct_row_stretch=&#8221;stretch_row&#8221; ct_bg_image=&#8221;78174&#8243; ct_bg_color_overlay=&#8221;rgba(0,0,0,0.4)&#8221; ct_bg_position=&#8221;center center&#8221; ct_bg_parallax=&#8221;fixed&#8221;][vc_column][\/vc_column][\/vc_row][vc_row ct_row_stretch=&#8221;&#8221; bg_type=&#8221;bg_color&#8221; css=&#8221;.vc_custom_1571135031293{padding-top: 20px !important;}&#8221; bg_color_value=&#8221;#ededed&#8221;][vc_column width=&#8221;1\/4&#8243;][\/vc_column][vc_column width=&#8221;1\/4&#8243;][\/vc_column][vc_column width=&#8221;1\/4&#8243;][\/vc_column][vc_column width=&#8221;1\/4&#8243;][\/vc_column][\/vc_row][vc_row ct_row_stretch=&#8221;&#8221; bg_type=&#8221;bg_color&#8221; css=&#8221;.vc_custom_1571135009903{margin-bottom: 20px !important;}&#8221; bg_color_value=&#8221;#ededed&#8221;][vc_column width=&#8221;1\/4&#8243;][\/vc_column][vc_column width=&#8221;1\/4&#8243;][\/vc_column][\/vc_row][vc_row ct_row_stretch=&#8221;&#8221;][vc_column width=&#8221;1\/2&#8243;][vc_column_text] Servicio de Orientaci\u00f3n: La acci\u00f3n educativa no es s\u00f3lo un proceso de instrucci\u00f3n, es adem\u00e1s, un proceso de orientaci\u00f3n, entendida como un proceso que complementa la educaci\u00f3n del &#8230;<\/p>\n","protected":false},"author":1,"featured_media":0,"parent":0,"menu_order":0,"comment_status":"closed","ping_status":"open","template":"","meta":{"ngg_post_thumbnail":0,"footnotes":""},"class_list":["post-10497","page","type-page","status-publish","hentry"],"_links":{"self":[{"href":"https:\/\/www.lauroikastola.eus\/en\/wp-json\/wp\/v2\/pages\/10497","targetHints":{"allow":["GET"]}}],"collection":[{"href":"https:\/\/www.lauroikastola.eus\/en\/wp-json\/wp\/v2\/pages"}],"about":[{"href":"https:\/\/www.lauroikastola.eus\/en\/wp-json\/wp\/v2\/types\/page"}],"author":[{"embeddable":true,"href":"https:\/\/www.lauroikastola.eus\/en\/wp-json\/wp\/v2\/users\/1"}],"replies":[{"embeddable":true,"href":"https:\/\/www.lauroikastola.eus\/en\/wp-json\/wp\/v2\/comments?post=10497"}],"version-history":[{"count":0,"href":"https:\/\/www.lauroikastola.eus\/en\/wp-json\/wp\/v2\/pages\/10497\/revisions"}],"wp:attachment":[{"href":"https:\/\/www.lauroikastola.eus\/en\/wp-json\/wp\/v2\/media?parent=10497"}],"curies":[{"name":"wp","href":"https:\/\/api.w.org\/{rel}","templated":true}]}}