{"id":10590,"date":"2015-04-01T12:46:58","date_gmt":"2015-04-01T10:46:58","guid":{"rendered":"http:\/\/www.lauroikastola.eus\/gurasoen-orientazioa-aurkezpena\/ikt-teknologiak\/"},"modified":"2025-06-17T10:58:08","modified_gmt":"2025-06-17T08:58:08","slug":"ikt-teknologiak","status":"publish","type":"page","link":"https:\/\/www.lauroikastola.eus\/en\/ikt-teknologiak\/","title":{"rendered":"TIC-Utilizaci\u00f3n dispositivos"},"content":{"rendered":"[vc_row ct_row_stretch=&#8221;stretch_row&#8221; ct_bg_image=&#8221;78174&#8243; ct_bg_color_overlay=&#8221;rgba(0,0,0,0.4)&#8221; ct_bg_position=&#8221;center center&#8221; ct_bg_parallax=&#8221;fixed&#8221;][vc_column]<div class=\"ult-spacer spacer-6a048690b2d5c\" data-id=\"6a048690b2d5c\" data-height=\"200\" data-height-mobile=\"200\" data-height-tab=\"200\" data-height-tab-portrait=\"\" data-height-mobile-landscape=\"\" style=\"clear:both;display:block;\"><\/div><div id=\"ultimate-heading-39516a048690b2ed8\" class=\"uvc-heading ult-adjust-bottom-margin ultimate-heading-39516a048690b2ed8 uvc-1837 \" data-hspacer=\"line_only\"  data-halign=\"left\" style=\"text-align:left\"><div class=\"uvc-heading-spacer line_only\" style=\"topheight:1px;\"><span class=\"uvc-headings-line\" style=\"border-style:solid;border-bottom-width:1px;border-color:#9e9e9e;width:autopx;\"><\/span><\/div><div class=\"uvc-main-heading ult-responsive\"  data-ultimate-target='.uvc-heading.ultimate-heading-39516a048690b2ed8 h2'  data-responsive-json-new='{\"font-size\":\"desktop:46px;\",\"line-height\":\"desktop:60px;\"}' ><h2 style=\"font-weight:bold;color:#ffffff;margin-top:10px;margin-bottom:60px;\">TIC-Utilizaci\u00f3n dispositivos<\/h2><\/div><\/div><div class=\"ult-spacer spacer-6a048690b2fb3\" data-id=\"6a048690b2fb3\" data-height=\"20\" data-height-mobile=\"20\" data-height-tab=\"20\" data-height-tab-portrait=\"\" data-height-mobile-landscape=\"\" style=\"clear:both;display:block;\"><\/div>[\/vc_column][\/vc_row][vc_row ct_row_stretch=&#8221;&#8221; bg_type=&#8221;bg_color&#8221; css=&#8221;.vc_custom_1571135031293{padding-top: 20px !important;}&#8221; bg_color_value=&#8221;#ededed&#8221;][vc_column width=&#8221;1\/4&#8243;]<div class=\"aio-icon-component    style_2\"><a class=\"aio-icon-box-link\" href=\"\/es\/digitalizazioa\/\" ><div id=\"Info-box-wrap-6979\" class=\"aio-icon-box top-icon\" style=\"\"  ><div class=\"aio-icon-top\"><div class=\"ult-just-icon-wrapper  \"><div class=\"align-icon\" style=\"text-align:center;\">\n<div class=\"aio-icon circle \"  style=\"color:#ffffff;background:#0e48d1;font-size:26px;display:inline-block;\">\n\t<i class=\"Defaults-arrow-left\"><\/i>\n<\/div><\/div><\/div><\/div><div class=\"aio-icon-header\" ><h6 class=\"aio-icon-title ult-responsive\"  data-ultimate-target='#Info-box-wrap-6979 .aio-icon-title'  data-responsive-json-new='{\"font-size\":\"\",\"line-height\":\"\"}'  style=\"\">Presentaci\u00f3n<\/h6><\/div> <!-- header --><\/div> <!-- aio-icon-box --><\/a><\/div> <!-- aio-icon-component -->[\/vc_column][vc_column width=&#8221;1\/4&#8243;][\/vc_column][vc_column width=&#8221;1\/4&#8243;][\/vc_column][vc_column width=&#8221;1\/4&#8243;][\/vc_column][\/vc_row][vc_row ct_row_stretch=&#8221;&#8221;][vc_column]<div class=\"ult-spacer spacer-6a048690b3363\" data-id=\"6a048690b3363\" data-height=\"30\" data-height-mobile=\"30\" data-height-tab=\"30\" data-height-tab-portrait=\"\" data-height-mobile-landscape=\"\" style=\"clear:both;display:block;\"><\/div>[vc_column_text]\n<h2><span style=\"color: #800000;\">Directrices sobre recursos tecnol\u00f3gicos:<\/span><\/h2>\n<p><strong>La Ikastola no se responsabiliza de los objetos de valor que traigan los alumnos y alumnas (mp3, tel\u00e9fonos m\u00f3viles,\u2026).<\/strong><\/p>\n<h3><strong>Educaci\u00f3n Primaria:<\/strong><\/h3>\n<ul class=\"bolas\">\n<li>En Educaci\u00f3n Primaria no se permite que los alumnos y alumnas traigan al centro docente aparatos electr\u00f3nicos como m\u00f3viles, MP3, MP4, consolas o similares, sin el permiso expreso del tutor o tutora.<\/li>\n<li>Los alumnos y alumnas o personas que realicen grabaciones y tomen im\u00e1genes de los diferentes actos y actividades organizados por la Ikastola (celebraciones, excursiones, etc.), son responsables del buen uso de dichas im\u00e1genes.<\/li>\n<\/ul>\n<h3><strong>ESO:<\/strong><\/h3>\n<p>1. EL TEL\u00c9FONO M\u00d3VIL, LOS AURICULARES SIN CABLE Y LOS SMART WATCH NO SE PUEDEN TRAER A LA IKASTOLA. EST\u00c1N PROHIBIDOS.<\/p>\n<p>2. Cuando la familia, por el motivo que sea, considere IMPRESCINDIBLE que el alumno o alumna traiga el tel\u00e9fono a la Ikastola, ser\u00e1 en las siguientes condiciones:<\/p>\n<p style=\"padding-left: 40px;\">2.1. Ikastola recomienda priorizar el uso de dispositivos sin conexi\u00f3n a internet.<br \/>\n2.2. Si se trajera un <em>smartphone<\/em>, se solicita la instalaci\u00f3n de un sistema de control parental que inhabilite el uso del smartphone durante toda la jornada lectiva, incluyendo el tiempo habitual de autob\u00fas y extraescolar.<br \/>\n2.3. Los alumnos y alumnas tendr\u00e1n el tel\u00e9fono apagado y guardado en la mochila con el estuche cerrado.<\/p>\n<p>3. Los padres y madres no se pondr\u00e1n en contacto con sus hijos e hijas por ning\u00fan medio (<em>email<\/em>, llamada telef\u00f3nica, mensaje telef\u00f3nico, redes sociales), si es imprescindible la familia puede avisar al tutor. Del mismo modo, los alumnos y alumnas no pueden ponerse en contacto con la familia por ning\u00fan medio (<em>email<\/em>, llamada telef\u00f3nica, mensaje telef\u00f3nico, redes sociales), si es imprescindible pueden llamar desde la oficina de tutores o coordinadores al domicilio.<\/p>\n<p>4. Cualquier trabajador de la Ikastola que vea a un alumno o alumna con un dispositivo como el mencionado anteriormente:<br \/>\n&#8211; Si el alumno o alumna tuviera en sus manos o utilizara el tel\u00e9fono, se le aplicar\u00e1 una conducta inadecuada y se le retirar\u00e1 el tel\u00e9fono hasta las 15.25 horas de ese d\u00eda.<br \/>\n&#8211; Si en el mismo trimestre el alumno o alumna tuviera o utilizara el tel\u00e9fono por segunda vez, recibir\u00eda una segunda conducta inadecuada y el tel\u00e9fono permanecer\u00e1 guardado en la Ikastola hasta las 15.25 horas del d\u00eda siguiente.<br \/>\n&#8211; En el mismo trimestre, si el alumno o alumna tuviera o utilizara el tel\u00e9fono por tercera vez, recibir\u00eda Conducta Contraria a la Convivencia y el tel\u00e9fono permanecer\u00e1 guardado en la Ikastola durante 5 d\u00edas lectivos, sin contar el fin de semana.<\/p>\n<h3><strong>Bachiller:<\/strong><\/h3>\n<ul class=\"bolas\">\n<li>En Bachiller, los m\u00f3viles deber\u00e1n estar apagados durante las sesiones lectivas.<\/li>\n<li>Se deber\u00e1n mantener apagados o guardados los aparatos particulares de escucha, salvo autorizaci\u00f3n expresa del profesor o profesora.<\/li>\n<li>En los servicios de transporte y lugares comunes de la Ikastola (pasillos, espacios de recreo, etc.), s\u00f3lo se podr\u00e1n utilizar dichos aparatos si se dispone de auriculares, con objeto de no molestar a los dem\u00e1s.<\/li>\n<\/ul>\n[\/vc_column_text]<div class=\"ult-spacer spacer-6a048690b33be\" data-id=\"6a048690b33be\" data-height=\"30\" data-height-mobile=\"30\" data-height-tab=\"30\" data-height-tab-portrait=\"\" data-height-mobile-landscape=\"\" style=\"clear:both;display:block;\"><\/div>[\/vc_column][\/vc_row]\n","protected":false},"excerpt":{"rendered":"<p>[vc_row ct_row_stretch=&#8221;stretch_row&#8221; ct_bg_image=&#8221;78174&#8243; ct_bg_color_overlay=&#8221;rgba(0,0,0,0.4)&#8221; ct_bg_position=&#8221;center center&#8221; ct_bg_parallax=&#8221;fixed&#8221;][vc_column][\/vc_column][\/vc_row][vc_row ct_row_stretch=&#8221;&#8221; bg_type=&#8221;bg_color&#8221; css=&#8221;.vc_custom_1571135031293{padding-top: 20px !important;}&#8221; bg_color_value=&#8221;#ededed&#8221;][vc_column width=&#8221;1\/4&#8243;][\/vc_column][vc_column width=&#8221;1\/4&#8243;][\/vc_column][vc_column width=&#8221;1\/4&#8243;][\/vc_column][vc_column width=&#8221;1\/4&#8243;][\/vc_column][\/vc_row][vc_row ct_row_stretch=&#8221;&#8221;][vc_column][vc_column_text] Directrices sobre recursos tecnol\u00f3gicos: La Ikastola no se responsabiliza de los objetos de valor que traigan los alumnos y alumnas (mp3, tel\u00e9fonos m\u00f3viles,\u2026). Educaci\u00f3n Primaria: En Educaci\u00f3n Primaria no se permite que los alumnos y alumnas traigan &#8230;<\/p>\n","protected":false},"author":1,"featured_media":0,"parent":0,"menu_order":0,"comment_status":"closed","ping_status":"open","template":"","meta":{"ngg_post_thumbnail":0,"footnotes":""},"class_list":["post-10590","page","type-page","status-publish","hentry"],"_links":{"self":[{"href":"https:\/\/www.lauroikastola.eus\/en\/wp-json\/wp\/v2\/pages\/10590","targetHints":{"allow":["GET"]}}],"collection":[{"href":"https:\/\/www.lauroikastola.eus\/en\/wp-json\/wp\/v2\/pages"}],"about":[{"href":"https:\/\/www.lauroikastola.eus\/en\/wp-json\/wp\/v2\/types\/page"}],"author":[{"embeddable":true,"href":"https:\/\/www.lauroikastola.eus\/en\/wp-json\/wp\/v2\/users\/1"}],"replies":[{"embeddable":true,"href":"https:\/\/www.lauroikastola.eus\/en\/wp-json\/wp\/v2\/comments?post=10590"}],"version-history":[{"count":4,"href":"https:\/\/www.lauroikastola.eus\/en\/wp-json\/wp\/v2\/pages\/10590\/revisions"}],"predecessor-version":[{"id":143155,"href":"https:\/\/www.lauroikastola.eus\/en\/wp-json\/wp\/v2\/pages\/10590\/revisions\/143155"}],"wp:attachment":[{"href":"https:\/\/www.lauroikastola.eus\/en\/wp-json\/wp\/v2\/media?parent=10590"}],"curies":[{"name":"wp","href":"https:\/\/api.w.org\/{rel}","templated":true}]}}