{"id":11196,"date":"2015-04-16T12:25:37","date_gmt":"2015-04-16T10:25:37","guid":{"rendered":"http:\/\/www.lauroikastola.eus\/orri-berria-2\/"},"modified":"2018-07-12T16:20:31","modified_gmt":"2018-07-12T14:20:31","slug":"kontseilu-errektorea","status":"publish","type":"page","link":"https:\/\/www.lauroikastola.eus\/en\/kontseilu-errektorea\/","title":{"rendered":"Consejo Rector"},"content":{"rendered":"<p><a href=\"http:\/\/www.lauroikastola.eus\/wp-content\/uploads\/2015\/04\/Kontseilu-Errektorea-2018.jpg\" rel=\"attachment wp-att-51202\"><img loading=\"lazy\" decoding=\"async\" class=\"estilo_fotos aligncenter wp-image-51202 size-large\" src=\"http:\/\/www.lauroikastola.eus\/wp-content\/uploads\/2015\/04\/Kontseilu-Errektorea-2018-1024x683.jpg\" alt=\"\" width=\"1024\" height=\"683\"><\/a><\/p>\n<p>El Consejo Rector es el representante oficial de la entidad titular y es elegido por los socios y socias en la Asamblea de la Cooperativa.<\/p>\n<p>Actualmente est\u00e1 compuesto por los siguientes socios y socias:<\/p>\n<p>Presidenta: Itziar Laskurain.<br \/>\nVicepresidente: Mikel Agirre.<br \/>\nTesorero: Anton Arriola.<br \/>\nSecretaria: Bego\u00f1a de Ibarra.<br \/>\nVocales: Jon Asua, Jon Egia, Alaitz Landaluze, Josu Lauzirika, Isusko Oribe, Natalia Ruiz, Ziortza Sulibarria, I\u00f1igo Zorriketa.<\/p>\n<p>Para ponerte en contacto con el Consejo Rector, puedes escribir a la siguiente direcci\u00f3n electr\u00f3nica: ek@lauro.eus<\/p>\n<p>Los socios y socias de Lauro Ikastola dispon\u00e9is de informaci\u00f3n m\u00e1s detallada sobre el Consejo en el apartado privado de familias.<\/p>\n","protected":false},"excerpt":{"rendered":"<p>El Consejo Rector es el representante oficial de la entidad titular y es elegido por los socios y socias en la Asamblea de la Cooperativa. Actualmente est\u00e1 compuesto por los siguientes socios y socias: Presidenta: Itziar Laskurain. Vicepresidente: Mikel Agirre. Tesorero: Anton Arriola. Secretaria: Bego\u00f1a de Ibarra. Vocales: Jon Asua, Jon Egia, Alaitz Landaluze, Josu &#8230;<\/p>\n","protected":false},"author":1,"featured_media":0,"parent":0,"menu_order":0,"comment_status":"closed","ping_status":"open","template":"","meta":{"ngg_post_thumbnail":0,"footnotes":""},"class_list":["post-11196","page","type-page","status-publish","hentry"],"_links":{"self":[{"href":"https:\/\/www.lauroikastola.eus\/en\/wp-json\/wp\/v2\/pages\/11196","targetHints":{"allow":["GET"]}}],"collection":[{"href":"https:\/\/www.lauroikastola.eus\/en\/wp-json\/wp\/v2\/pages"}],"about":[{"href":"https:\/\/www.lauroikastola.eus\/en\/wp-json\/wp\/v2\/types\/page"}],"author":[{"embeddable":true,"href":"https:\/\/www.lauroikastola.eus\/en\/wp-json\/wp\/v2\/users\/1"}],"replies":[{"embeddable":true,"href":"https:\/\/www.lauroikastola.eus\/en\/wp-json\/wp\/v2\/comments?post=11196"}],"version-history":[{"count":0,"href":"https:\/\/www.lauroikastola.eus\/en\/wp-json\/wp\/v2\/pages\/11196\/revisions"}],"wp:attachment":[{"href":"https:\/\/www.lauroikastola.eus\/en\/wp-json\/wp\/v2\/media?parent=11196"}],"curies":[{"name":"wp","href":"https:\/\/api.w.org\/{rel}","templated":true}]}}