{"id":79003,"date":"2014-12-03T10:35:51","date_gmt":"2014-12-03T10:35:51","guid":{"rendered":"http:\/\/www.lauroikastola.eus\/eskola-kirola-eta-kultur-ekintzak-eta-osagarriak-hezkuntza-helburuak-hobeto-lortzeko\/"},"modified":"2019-11-11T12:14:52","modified_gmt":"2019-11-11T11:14:52","slug":"eskola-kirola-eta-kultur-ekintzak-eta-osagarriak-hezkuntza-helburuak-hobeto-lortzeko","status":"publish","type":"page","link":"https:\/\/www.lauroikastola.eus\/en\/eskola-kirola-eta-kultur-ekintzak-eta-osagarriak-hezkuntza-helburuak-hobeto-lortzeko\/","title":{"rendered":"Kirola eta Kultura hezkuntza helburuak hobeto lortzeko"},"content":{"rendered":"[vc_row ct_row_stretch=&#8221;stretch_row&#8221; ct_bg_image=&#8221;78174&#8243; ct_bg_color_overlay=&#8221;rgba(0,0,0,0.4)&#8221; ct_bg_position=&#8221;center center&#8221; ct_bg_parallax=&#8221;fixed&#8221;][vc_column]<div class=\"ult-spacer spacer-6a06f949b17c0\" data-id=\"6a06f949b17c0\" data-height=\"200\" data-height-mobile=\"200\" data-height-tab=\"200\" data-height-tab-portrait=\"\" data-height-mobile-landscape=\"\" style=\"clear:both;display:block;\"><\/div><div id=\"ultimate-heading-14796a06f949b18be\" class=\"uvc-heading ult-adjust-bottom-margin ultimate-heading-14796a06f949b18be uvc-6594 \" data-hspacer=\"line_only\"  data-halign=\"left\" style=\"text-align:left\"><div class=\"uvc-heading-spacer line_only\" style=\"topheight:1px;\"><span class=\"uvc-headings-line\" style=\"border-style:solid;border-bottom-width:1px;border-color:#9e9e9e;width:autopx;\"><\/span><\/div><div class=\"uvc-main-heading ult-responsive\"  data-ultimate-target='.uvc-heading.ultimate-heading-14796a06f949b18be h2'  data-responsive-json-new='{\"font-size\":\"desktop:46px;\",\"line-height\":\"desktop:60px;\"}' ><h2 style=\"font-weight:bold;color:#ffffff;margin-top:10px;margin-bottom:60px;\">Deporte Escolar, Actividades Culturales, Idiomas y actividades complementarias<\/h2><\/div><\/div><div class=\"ult-spacer spacer-6a06f949b192c\" data-id=\"6a06f949b192c\" data-height=\"20\" data-height-mobile=\"20\" data-height-tab=\"20\" data-height-tab-portrait=\"\" data-height-mobile-landscape=\"\" style=\"clear:both;display:block;\"><\/div>[\/vc_column][\/vc_row][vc_row ct_row_stretch=&#8221;&#8221;][vc_column]<div class=\"ult-spacer spacer-6a06f949b196f\" data-id=\"6a06f949b196f\" data-height=\"30\" data-height-mobile=\"30\" data-height-tab=\"30\" data-height-tab-portrait=\"\" data-height-mobile-landscape=\"\" style=\"clear:both;display:block;\"><\/div>[vc_column_text]El plan de actividades escolares complementarias y el plan de Deporte Escolar, Actividades Culturales e Idiomas completan la oferta de servicios escolares para la educaci\u00f3n integral de los alumnos y alumnas, y el logro de los objetivos educativos de Lauro.<\/p>\n<h3>Plan de Deporte Escolar, Actividades Culturales e Idiomas<\/h3>\n<p>En los programas de Deporte Escolar, Actividades Culturales e Idiomas participan en torno a 900 alumnos y alumnas, a partir de tercero de Primaria, y se desarrollan tras la finalizaci\u00f3n del horario escolar (<a href=\"http:\/\/www.lauroikastola.eus\/en\/eskola-kirola-eta-kultur-ekintzak\/\">ver oferta del curso<\/a>).<\/p>\n<p>Tanto en las actividades organizadas directamente como en las promovidas y contratadas con terceros, Lauro Ikastola trata de <strong>dar respuesta a las solicitudes de participaci\u00f3n de todos los alumnos y alumnas<\/strong> en las actividades ofertadas en cada etapa. Y ning\u00fan interesado\/a es excluido\/a por no estar en la elite de la misma, siempre que cumpla sus normas y pautas establecidas y est\u00e9 comprometido en su desarrollo, dentro de los valores educativos de Lauro.<\/p>\n<h3>Plan de Actividades y Servicios Escolares Complementarios<\/h3>\n<p>Lauro Ikastola dise\u00f1a y ofrece a sus alumnos y alumnas en las cuatro etapas, programas y servicios escolares a\u00f1adidos, para el mejor logro de sus objetivos educativos y de los contenidos principales de su curriculum diferenciado:<\/p>\n<ul class=\"bolas\">\n<li>Aprendizaje y uso del euskara y del ingl\u00e9s.<\/li>\n<li>Talleres de profundizaci\u00f3n en Lenguas, Matem\u00e1ticas y otras \u00e1reas clave. Y programas de aprendizaje de las TIC.<\/li>\n<li>Programas de visitas did\u00e1cticas, de estancias en granja-escuelas y de estancias de verano en el extranjero.<\/li>\n<li>Celebraciones colectivas de efem\u00e9rides se\u00f1aladas de la Ikastola y del entorno, para favorecer su socializaci\u00f3n y dar cauce a su creatividad.<\/li>\n<li>Proyectos significados, como Telelauro, Trabajos de Investigaci\u00f3n, servicios de Biblioteca y TIC para el acceso y el tratamiento de la informaci\u00f3n, etc.<\/li>\n<li>Plataforma para la evaluaci\u00f3n, para mejorar la orientaci\u00f3n de los alumnos en su aprendizaje y favorecer la intervenci\u00f3n de las familias, teniendo en cuenta los objetivos y contenidos actualizados del curriculum.<\/li>\n<li>Otros servicios se\u00f1alados son: orientaci\u00f3n a alumnos y alumnas y a familias, servicio propio de enfermer\u00eda, estancias de verano en el extranjero para aprendizaje del ingl\u00e9s, campus de vacaciones en el Polideportivo Behekosoloa, etc.<\/li>\n<\/ul>\n[\/vc_column_text]<div class=\"ult-spacer spacer-6a06f949b19a2\" data-id=\"6a06f949b19a2\" data-height=\"30\" data-height-mobile=\"30\" data-height-tab=\"30\" data-height-tab-portrait=\"\" data-height-mobile-landscape=\"\" style=\"clear:both;display:block;\"><\/div>[\/vc_column][\/vc_row]\n","protected":false},"excerpt":{"rendered":"<p>[vc_row ct_row_stretch=&#8221;stretch_row&#8221; ct_bg_image=&#8221;78174&#8243; ct_bg_color_overlay=&#8221;rgba(0,0,0,0.4)&#8221; ct_bg_position=&#8221;center center&#8221; ct_bg_parallax=&#8221;fixed&#8221;][vc_column][\/vc_column][\/vc_row][vc_row ct_row_stretch=&#8221;&#8221;][vc_column][vc_column_text]El plan de actividades escolares complementarias y el plan de Deporte Escolar, Actividades Culturales e Idiomas completan la oferta de servicios escolares para la educaci\u00f3n integral de los alumnos y alumnas, y el logro de los objetivos educativos de Lauro. Plan de Deporte Escolar, Actividades Culturales e Idiomas &#8230;<\/p>\n","protected":false},"author":1,"featured_media":0,"parent":0,"menu_order":0,"comment_status":"closed","ping_status":"closed","template":"","meta":{"ngg_post_thumbnail":0,"footnotes":""},"class_list":["post-79003","page","type-page","status-publish","hentry"],"_links":{"self":[{"href":"https:\/\/www.lauroikastola.eus\/en\/wp-json\/wp\/v2\/pages\/79003","targetHints":{"allow":["GET"]}}],"collection":[{"href":"https:\/\/www.lauroikastola.eus\/en\/wp-json\/wp\/v2\/pages"}],"about":[{"href":"https:\/\/www.lauroikastola.eus\/en\/wp-json\/wp\/v2\/types\/page"}],"author":[{"embeddable":true,"href":"https:\/\/www.lauroikastola.eus\/en\/wp-json\/wp\/v2\/users\/1"}],"replies":[{"embeddable":true,"href":"https:\/\/www.lauroikastola.eus\/en\/wp-json\/wp\/v2\/comments?post=79003"}],"version-history":[{"count":0,"href":"https:\/\/www.lauroikastola.eus\/en\/wp-json\/wp\/v2\/pages\/79003\/revisions"}],"wp:attachment":[{"href":"https:\/\/www.lauroikastola.eus\/en\/wp-json\/wp\/v2\/media?parent=79003"}],"curies":[{"name":"wp","href":"https:\/\/api.w.org\/{rel}","templated":true}]}}