{"id":79006,"date":"2014-12-04T10:13:23","date_gmt":"2014-12-04T10:13:23","guid":{"rendered":"http:\/\/www.lauroikastola.eus\/norbanakoarentzat-orientazioa-eta-atentzioa\/"},"modified":"2024-12-11T15:56:01","modified_gmt":"2024-12-11T14:56:01","slug":"norbanakoarentzat-orientazioa-eta-atentzioa","status":"publish","type":"page","link":"https:\/\/www.lauroikastola.eus\/en\/norbanakoarentzat-orientazioa-eta-atentzioa\/","title":{"rendered":"Norbanakoarentzat orientazioa eta atentzioa"},"content":{"rendered":"[vc_row ct_row_stretch=&#8221;stretch_row&#8221; ct_bg_image=&#8221;78174&#8243; ct_bg_color_overlay=&#8221;rgba(0,0,0,0.4)&#8221; ct_bg_position=&#8221;center center&#8221; ct_bg_parallax=&#8221;fixed&#8221;][vc_column]<div class=\"ult-spacer spacer-6a034fba53897\" data-id=\"6a034fba53897\" data-height=\"200\" data-height-mobile=\"200\" data-height-tab=\"200\" data-height-tab-portrait=\"\" data-height-mobile-landscape=\"\" style=\"clear:both;display:block;\"><\/div><div id=\"ultimate-heading-84316a034fba539d3\" class=\"uvc-heading ult-adjust-bottom-margin ultimate-heading-84316a034fba539d3 uvc-1278 \" data-hspacer=\"line_only\"  data-halign=\"left\" style=\"text-align:left\"><div class=\"uvc-heading-spacer line_only\" style=\"topheight:1px;\"><span class=\"uvc-headings-line\" style=\"border-style:solid;border-bottom-width:1px;border-color:#9e9e9e;width:autopx;\"><\/span><\/div><div class=\"uvc-main-heading ult-responsive\"  data-ultimate-target='.uvc-heading.ultimate-heading-84316a034fba539d3 h2'  data-responsive-json-new='{\"font-size\":\"desktop:46px;\",\"line-height\":\"desktop:60px;\"}' ><h2 style=\"font-weight:bold;color:#ffffff;margin-top:10px;margin-bottom:60px;\">Orientaci\u00f3n y atenci\u00f3n personalizada<\/h2><\/div><\/div><div class=\"ult-spacer spacer-6a034fba53a73\" data-id=\"6a034fba53a73\" data-height=\"20\" data-height-mobile=\"20\" data-height-tab=\"20\" data-height-tab-portrait=\"\" data-height-mobile-landscape=\"\" style=\"clear:both;display:block;\"><\/div>[\/vc_column][\/vc_row][vc_row ct_row_stretch=&#8221;&#8221;][vc_column]<div class=\"ult-spacer spacer-6a034fba53ac9\" data-id=\"6a034fba53ac9\" data-height=\"30\" data-height-mobile=\"30\" data-height-tab=\"30\" data-height-tab-portrait=\"\" data-height-mobile-landscape=\"\" style=\"clear:both;display:block;\"><\/div>[vc_column_text]Para que los alumnos y alumnas se hagan protagonistas de sus procesos de aprendizaje, desarrollo personal y socializaci\u00f3n, y favorecer la intervenci\u00f3n de las familias, Lauro Ikastola desarrolla y actualiza sus programas de Orientaci\u00f3n:<\/p>\n<h3>Orientaci\u00f3n a los alumnos y alumnas:<\/h3>\n<ul class=\"bolas\">\n<li>Sesiones semanales en grupo: desarrollo personal, aprendizaje, convivencia y formaci\u00f3n en los valores del Proyecto de Lauro.<\/li>\n<li>Programa de entrevistas personales de los tutores y tutoras con el alumnado de Secundaria.<\/li>\n<li>Seguimiento personalizado de los <em>etxerako lanak<\/em> \u2013 deberes para casa y de recuperaciones.<\/li>\n<\/ul>\n<h3>Orientaci\u00f3n a las familias:<\/h3>\n<ul class=\"bolas\">\n<li>Programa semanal y mensual de entrevistas con tutores y tutoras, y profesorado.<\/li>\n<li>Servicio de atenci\u00f3n telef\u00f3nica directa, en horario preestablecido, entre tutores y familias.<\/li>\n<li>Programa de sesiones informativas, de apartados claves del <em>curriculum<\/em> de Lauro en cada etapa y del proceso evolutivo de los alumnos y alumnas, con formatos para propiciar la participaci\u00f3n de los asistentes.<\/li>\n<li>Plataforma ALEXIA de evaluaci\u00f3n para facilitar la informaci\u00f3n e intervenci\u00f3n de las familias.<\/li>\n<li>Publicaciones peri\u00f3dicas.<\/li>\n<li>Tratamiento a la diversidad: Aulas de Educaci\u00f3n especial, sesiones semanales de \u00e1reas clave en peque\u00f1o grupo; amplia oferta de opciones, acceso a t\u00edtulos.<\/li>\n<\/ul>\n[\/vc_column_text]<div class=\"ult-spacer spacer-6a034fba5472d\" data-id=\"6a034fba5472d\" data-height=\"30\" data-height-mobile=\"30\" data-height-tab=\"30\" data-height-tab-portrait=\"\" data-height-mobile-landscape=\"\" style=\"clear:both;display:block;\"><\/div>[\/vc_column][\/vc_row]\n","protected":false},"excerpt":{"rendered":"<p>[vc_row ct_row_stretch=&#8221;stretch_row&#8221; ct_bg_image=&#8221;78174&#8243; ct_bg_color_overlay=&#8221;rgba(0,0,0,0.4)&#8221; ct_bg_position=&#8221;center center&#8221; ct_bg_parallax=&#8221;fixed&#8221;][vc_column][\/vc_column][\/vc_row][vc_row ct_row_stretch=&#8221;&#8221;][vc_column][vc_column_text]Para que los alumnos y alumnas se hagan protagonistas de sus procesos de aprendizaje, desarrollo personal y socializaci\u00f3n, y favorecer la intervenci\u00f3n de las familias, Lauro Ikastola desarrolla y actualiza sus programas de Orientaci\u00f3n: Orientaci\u00f3n a los alumnos y alumnas: Sesiones semanales en grupo: desarrollo personal, aprendizaje, convivencia &#8230;<\/p>\n","protected":false},"author":1,"featured_media":0,"parent":0,"menu_order":0,"comment_status":"closed","ping_status":"closed","template":"","meta":{"ngg_post_thumbnail":0,"footnotes":""},"class_list":["post-79006","page","type-page","status-publish","hentry"],"_links":{"self":[{"href":"https:\/\/www.lauroikastola.eus\/en\/wp-json\/wp\/v2\/pages\/79006","targetHints":{"allow":["GET"]}}],"collection":[{"href":"https:\/\/www.lauroikastola.eus\/en\/wp-json\/wp\/v2\/pages"}],"about":[{"href":"https:\/\/www.lauroikastola.eus\/en\/wp-json\/wp\/v2\/types\/page"}],"author":[{"embeddable":true,"href":"https:\/\/www.lauroikastola.eus\/en\/wp-json\/wp\/v2\/users\/1"}],"replies":[{"embeddable":true,"href":"https:\/\/www.lauroikastola.eus\/en\/wp-json\/wp\/v2\/comments?post=79006"}],"version-history":[{"count":0,"href":"https:\/\/www.lauroikastola.eus\/en\/wp-json\/wp\/v2\/pages\/79006\/revisions"}],"wp:attachment":[{"href":"https:\/\/www.lauroikastola.eus\/en\/wp-json\/wp\/v2\/media?parent=79006"}],"curies":[{"name":"wp","href":"https:\/\/api.w.org\/{rel}","templated":true}]}}