{"id":79048,"date":"2018-12-19T13:46:00","date_gmt":"2018-12-19T12:46:00","guid":{"rendered":"http:\/\/www.lauroikastola.eus\/egonaldia-chinan\/"},"modified":"2021-10-07T10:15:32","modified_gmt":"2021-10-07T08:15:32","slug":"egonaldia-chinan","status":"publish","type":"page","link":"https:\/\/www.lauroikastola.eus\/en\/egonaldia-chinan\/","title":{"rendered":"Estancia en China"},"content":{"rendered":"[vc_row ct_row_stretch=&#8221;stretch_row&#8221; ct_bg_image=&#8221;96953&#8243; ct_bg_color_overlay=&#8221;rgba(0,0,0,0.4)&#8221; ct_bg_position=&#8221;center center&#8221; ct_bg_parallax=&#8221;fixed&#8221;][vc_column]<div class=\"ult-spacer spacer-6a06d85b3232e\" data-id=\"6a06d85b3232e\" data-height=\"200\" data-height-mobile=\"200\" data-height-tab=\"200\" data-height-tab-portrait=\"\" data-height-mobile-landscape=\"\" style=\"clear:both;display:block;\"><\/div><div id=\"ultimate-heading-83036a06d85b32402\" class=\"uvc-heading ult-adjust-bottom-margin ultimate-heading-83036a06d85b32402 uvc-8143 \" data-hspacer=\"line_only\"  data-halign=\"left\" style=\"text-align:left\"><div class=\"uvc-heading-spacer line_only\" style=\"topheight:1px;\"><span class=\"uvc-headings-line\" style=\"border-style:solid;border-bottom-width:1px;border-color:#9e9e9e;width:autopx;\"><\/span><\/div><div class=\"uvc-main-heading ult-responsive\"  data-ultimate-target='.uvc-heading.ultimate-heading-83036a06d85b32402 h2'  data-responsive-json-new='{\"font-size\":\"desktop:46px;\",\"line-height\":\"desktop:60px;\"}' ><h2 style=\"font-weight:bold;color:#ffffff;margin-top:10px;margin-bottom:60px;\">Estancia en China<\/h2><\/div><\/div><div class=\"ult-spacer spacer-6a06d85b32468\" data-id=\"6a06d85b32468\" data-height=\"20\" data-height-mobile=\"20\" data-height-tab=\"20\" data-height-tab-portrait=\"\" data-height-mobile-landscape=\"\" style=\"clear:both;display:block;\"><\/div>[\/vc_column][\/vc_row][vc_row ct_row_stretch=&#8221;&#8221;][vc_column]<div class=\"ult-spacer spacer-6a06d85b3249d\" data-id=\"6a06d85b3249d\" data-height=\"30\" data-height-mobile=\"30\" data-height-tab=\"30\" data-height-tab-portrait=\"\" data-height-mobile-landscape=\"\" style=\"clear:both;display:block;\"><\/div>[vc_column_text]\n<h3>Subvenci\u00f3n del Gobierno de Jiangsu para visitar China<\/h3>\n<p><img loading=\"lazy\" decoding=\"async\" class=\"estilo_fotos alignright wp-image-61300\" src=\"http:\/\/www.lauroikastola.eus\/wp-content\/uploads\/2018\/09\/IMG_20180911_134917-2-300x216.jpg\" alt=\"All-focus\" width=\"406\" height=\"292\" srcset=\"https:\/\/www.lauroikastola.eus\/wp-content\/uploads\/2018\/09\/IMG_20180911_134917-2-300x216.jpg 300w, https:\/\/www.lauroikastola.eus\/wp-content\/uploads\/2018\/09\/IMG_20180911_134917-2-600x431.jpg 600w, https:\/\/www.lauroikastola.eus\/wp-content\/uploads\/2018\/09\/IMG_20180911_134917-2-768x552.jpg 768w, https:\/\/www.lauroikastola.eus\/wp-content\/uploads\/2018\/09\/IMG_20180911_134917-2-1024x736.jpg 1024w\" sizes=\"auto, (max-width: 406px) 100vw, 406px\" \/><\/p>\n<p>Desde el curso 14\/15, hemos tenido opci\u00f3n de presentarnos a la subvenci\u00f3n que ofrece el Departamento de Educaci\u00f3n del Gobierno de Jiangsu, a trav\u00e9s del \u201cCentro de Estudios Chino Lu-Xun\u201d, colaborador de Lauro Ikastola en la oferta del idioma chino en actividades extraescolares.<\/p>\n<p>Desde entonces, casi 30 alumnos y alumnas de Lauro Ikastola han viajado, en verano o septiembre a China, en un programa amplio y muy diverso, para conocer la cultura y entorno de la provincia de Jiangsu.<\/p>\n<p>Aunque cada a\u00f1o la oferta ha variado, las caracter\u00edsticas generales suelen ser:<\/p>\n<ul>\n<li>Edad: entre 12 y 18 a\u00f1os.<\/li>\n<li>Estancia de 13-15 d\u00edas.<\/li>\n<li>Recorrido: Nanjing, Suzhou, Shanghai,\u2026<\/li>\n<li>La estancia completa est\u00e1 subvencionada por el Gobierno de Jiangsu, excepto el viaje y el visado.<\/li>\n<\/ul>\n[\/vc_column_text]<div class=\"ult-spacer spacer-6a06d85b324da\" data-id=\"6a06d85b324da\" data-height=\"30\" data-height-mobile=\"30\" data-height-tab=\"30\" data-height-tab-portrait=\"\" data-height-mobile-landscape=\"\" style=\"clear:both;display:block;\"><\/div>[\/vc_column][\/vc_row]\n","protected":false},"excerpt":{"rendered":"<p>[vc_row ct_row_stretch=&#8221;stretch_row&#8221; ct_bg_image=&#8221;96953&#8243; ct_bg_color_overlay=&#8221;rgba(0,0,0,0.4)&#8221; ct_bg_position=&#8221;center center&#8221; ct_bg_parallax=&#8221;fixed&#8221;][vc_column][\/vc_column][\/vc_row][vc_row ct_row_stretch=&#8221;&#8221;][vc_column][vc_column_text] Subvenci\u00f3n del Gobierno de Jiangsu para visitar China Desde el curso 14\/15, hemos tenido opci\u00f3n de presentarnos a la subvenci\u00f3n que ofrece el Departamento de Educaci\u00f3n del Gobierno de Jiangsu, a trav\u00e9s del \u201cCentro de Estudios Chino Lu-Xun\u201d, colaborador de Lauro Ikastola en la oferta del idioma &#8230;<\/p>\n","protected":false},"author":1,"featured_media":0,"parent":0,"menu_order":0,"comment_status":"closed","ping_status":"closed","template":"","meta":{"ngg_post_thumbnail":0,"footnotes":""},"class_list":["post-79048","page","type-page","status-publish","hentry"],"_links":{"self":[{"href":"https:\/\/www.lauroikastola.eus\/en\/wp-json\/wp\/v2\/pages\/79048","targetHints":{"allow":["GET"]}}],"collection":[{"href":"https:\/\/www.lauroikastola.eus\/en\/wp-json\/wp\/v2\/pages"}],"about":[{"href":"https:\/\/www.lauroikastola.eus\/en\/wp-json\/wp\/v2\/types\/page"}],"author":[{"embeddable":true,"href":"https:\/\/www.lauroikastola.eus\/en\/wp-json\/wp\/v2\/users\/1"}],"replies":[{"embeddable":true,"href":"https:\/\/www.lauroikastola.eus\/en\/wp-json\/wp\/v2\/comments?post=79048"}],"version-history":[{"count":0,"href":"https:\/\/www.lauroikastola.eus\/en\/wp-json\/wp\/v2\/pages\/79048\/revisions"}],"wp:attachment":[{"href":"https:\/\/www.lauroikastola.eus\/en\/wp-json\/wp\/v2\/media?parent=79048"}],"curies":[{"name":"wp","href":"https:\/\/api.w.org\/{rel}","templated":true}]}}