{"id":79086,"date":"2015-03-25T13:23:07","date_gmt":"2015-03-25T12:23:07","guid":{"rendered":"http:\/\/www.lauroikastola.eus\/behekosoloa\/ikastaroak\/"},"modified":"2025-09-22T13:29:13","modified_gmt":"2025-09-22T11:29:13","slug":"ikastaroak","status":"publish","type":"page","link":"https:\/\/www.lauroikastola.eus\/en\/behekosoloa\/ikastaroak\/","title":{"rendered":"Cursos"},"content":{"rendered":"[vc_row ct_row_stretch=&#8221;stretch_row&#8221; ct_bg_image=&#8221;79155&#8243; ct_bg_color_overlay=&#8221;rgba(0,0,0,0.4)&#8221; ct_bg_position=&#8221;center center&#8221; ct_bg_parallax=&#8221;fixed&#8221;][vc_column]<div class=\"ult-spacer spacer-69e370aa0139b\" data-id=\"69e370aa0139b\" data-height=\"200\" data-height-mobile=\"200\" data-height-tab=\"200\" data-height-tab-portrait=\"\" data-height-mobile-landscape=\"\" style=\"clear:both;display:block;\"><\/div><div id=\"ultimate-heading-960469e370aa01462\" class=\"uvc-heading ult-adjust-bottom-margin ultimate-heading-960469e370aa01462 uvc-6136 \" data-hspacer=\"line_only\"  data-halign=\"left\" style=\"text-align:left\"><div class=\"uvc-heading-spacer line_only\" style=\"topheight:1px;\"><span class=\"uvc-headings-line\" style=\"border-style:solid;border-bottom-width:1px;border-color:#9e9e9e;width:autopx;\"><\/span><\/div><div class=\"uvc-main-heading ult-responsive\"  data-ultimate-target='.uvc-heading.ultimate-heading-960469e370aa01462 h2'  data-responsive-json-new='{\"font-size\":\"desktop:46px;\",\"line-height\":\"desktop:60px;\"}' ><h2 style=\"font-weight:bold;color:#ffffff;margin-top:10px;margin-bottom:60px;\">Cursos<\/h2><\/div><\/div><div class=\"ult-spacer spacer-69e370aa014d6\" data-id=\"69e370aa014d6\" data-height=\"20\" data-height-mobile=\"20\" data-height-tab=\"20\" data-height-tab-portrait=\"\" data-height-mobile-landscape=\"\" style=\"clear:both;display:block;\"><\/div>[\/vc_column][\/vc_row][vc_row ct_row_stretch=&#8221;&#8221; bg_type=&#8221;bg_color&#8221; css=&#8221;.vc_custom_1571135031293{padding-top: 20px !important;}&#8221; bg_color_value=&#8221;#ededed&#8221;][vc_column width=&#8221;1\/6&#8243;]<div class=\"aio-icon-component    style_2\"><a class=\"aio-icon-box-link\" href=\"\/es\/behekosoloa\/\" title=\"Behekosoloko berriak\" ><div id=\"Info-box-wrap-5966\" class=\"aio-icon-box top-icon\" style=\"\"  ><div class=\"aio-icon-top\"><div class=\"ult-just-icon-wrapper  \"><div class=\"align-icon\" style=\"text-align:center;\">\n<div class=\"aio-icon circle \"  style=\"color:#ffffff;background:#fd1311;font-size:26px;display:inline-block;\">\n\t<i class=\"Defaults-newspaper-o\"><\/i>\n<\/div><\/div><\/div><\/div><div class=\"aio-icon-header\" ><h6 class=\"aio-icon-title ult-responsive\"  data-ultimate-target='#Info-box-wrap-5966 .aio-icon-title'  data-responsive-json-new='{\"font-size\":\"\",\"line-height\":\"\"}'  style=\"\">Noticias de Behekosoloa<\/h6><\/div> <!-- header --><\/div> <!-- aio-icon-box --><\/a><\/div> <!-- aio-icon-component -->[\/vc_column][vc_column width=&#8221;1\/6&#8243;]<div class=\"aio-icon-component    style_2\"><a class=\"aio-icon-box-link\" href=\"\/es\/behekosoloa\/kontaktua\/\" title=\"Telefonoak - Ordutegiak\" ><div id=\"Info-box-wrap-8127\" class=\"aio-icon-box top-icon\" style=\"\"  ><div class=\"aio-icon-top\"><div class=\"ult-just-icon-wrapper  \"><div class=\"align-icon\" style=\"text-align:center;\">\n<div class=\"aio-icon circle \"  style=\"color:#ffffff;background:#fd1311;font-size:26px;display:inline-block;\">\n\t<i class=\"Defaults-phone\"><\/i>\n<\/div><\/div><\/div><\/div><div class=\"aio-icon-header\" ><h6 class=\"aio-icon-title ult-responsive\"  data-ultimate-target='#Info-box-wrap-8127 .aio-icon-title'  data-responsive-json-new='{\"font-size\":\"\",\"line-height\":\"\"}'  style=\"\">Tel\u00e9fonos \u2013 horarios<\/h6><\/div> <!-- header --><\/div> <!-- aio-icon-box --><\/a><\/div> <!-- aio-icon-component -->[\/vc_column][vc_column width=&#8221;1\/6&#8243;]<div class=\"aio-icon-component    style_2\"><a class=\"aio-icon-box-link\" href=\"\/es\/behekosoloa\/ikastaroak\/\" title=\"Ikastaroak\" ><div id=\"Info-box-wrap-4431\" class=\"aio-icon-box top-icon\" style=\"\"  ><div class=\"aio-icon-top\"><div class=\"ult-just-icon-wrapper  \"><div class=\"align-icon\" style=\"text-align:center;\">\n<div class=\"aio-icon circle \"  style=\"color:#ffffff;background:#adadad;font-size:26px;display:inline-block;\">\n\t<i class=\"Defaults-th-large\"><\/i>\n<\/div><\/div><\/div><\/div><div class=\"aio-icon-header\" ><h6 class=\"aio-icon-title ult-responsive\"  data-ultimate-target='#Info-box-wrap-4431 .aio-icon-title'  data-responsive-json-new='{\"font-size\":\"\",\"line-height\":\"\"}'  style=\"\">Cursos<\/h6><\/div> <!-- header --><\/div> <!-- aio-icon-box --><\/a><\/div> <!-- aio-icon-component -->[\/vc_column][vc_column width=&#8221;1\/6&#8243;]<div class=\"aio-icon-component    style_2\"><a class=\"aio-icon-box-link\" href=\"\/es\/behekosoloa\/alokairu-eta-sarrerak\/\" title=\"Alokairu eta sarrerak\" ><div id=\"Info-box-wrap-2635\" class=\"aio-icon-box top-icon\" style=\"\"  ><div class=\"aio-icon-top\"><div class=\"ult-just-icon-wrapper  \"><div class=\"align-icon\" style=\"text-align:center;\">\n<div class=\"aio-icon circle \"  style=\"color:#ffffff;background:#fd1311;font-size:26px;display:inline-block;\">\n\t<i class=\"Defaults-ticket\"><\/i>\n<\/div><\/div><\/div><\/div><div class=\"aio-icon-header\" ><h6 class=\"aio-icon-title ult-responsive\"  data-ultimate-target='#Info-box-wrap-2635 .aio-icon-title'  data-responsive-json-new='{\"font-size\":\"\",\"line-height\":\"\"}'  style=\"\">Alquileres y entradas<\/h6><\/div> <!-- header --><\/div> <!-- aio-icon-box --><\/a><\/div> <!-- aio-icon-component -->[\/vc_column][vc_column width=&#8221;1\/6&#8243;]<div class=\"aio-icon-component    style_2\"><a class=\"aio-icon-box-link\" href=\"\/es\/behekosoloa\/igerilekuko-araudia\/\" title=\"Igerilekuko araudia\" ><div id=\"Info-box-wrap-6782\" class=\"aio-icon-box top-icon\" style=\"\"  ><div class=\"aio-icon-top\"><div class=\"ult-just-icon-wrapper  \"><div class=\"align-icon\" style=\"text-align:center;\">\n<div class=\"aio-icon circle \"  style=\"color:#ffffff;background:#fd1311;font-size:26px;display:inline-block;\">\n\t<i class=\"Defaults-list-alt\"><\/i>\n<\/div><\/div><\/div><\/div><div class=\"aio-icon-header\" ><h6 class=\"aio-icon-title ult-responsive\"  data-ultimate-target='#Info-box-wrap-6782 .aio-icon-title'  data-responsive-json-new='{\"font-size\":\"\",\"line-height\":\"\"}'  style=\"\">Reglamento de la piscina<\/h6><\/div> <!-- header --><\/div> <!-- aio-icon-box --><\/a><\/div> <!-- aio-icon-component -->[\/vc_column][\/vc_row][vc_row ct_row_stretch=&#8221;&#8221; bg_type=&#8221;bg_color&#8221; css=&#8221;.vc_custom_1571135009903{margin-bottom: 20px !important;}&#8221; bg_color_value=&#8221;#ededed&#8221;][vc_column width=&#8221;1\/6&#8243;]<div class=\"aio-icon-component    style_2\"><a class=\"aio-icon-box-link\" href=\"\/es\/behekosoloa\/igerileku-bonoa\/\" title=\"Igereleku bonoa\" ><div id=\"Info-box-wrap-3116\" class=\"aio-icon-box top-icon\" style=\"\"  ><div class=\"aio-icon-top\"><div class=\"ult-just-icon-wrapper  \"><div class=\"align-icon\" style=\"text-align:center;\">\n<div class=\"aio-icon circle \"  style=\"color:#ffffff;background:#fd1311;font-size:26px;display:inline-block;\">\n\t<i class=\"Defaults-credit-card\"><\/i>\n<\/div><\/div><\/div><\/div><div class=\"aio-icon-header\" ><h6 class=\"aio-icon-title ult-responsive\"  data-ultimate-target='#Info-box-wrap-3116 .aio-icon-title'  data-responsive-json-new='{\"font-size\":\"\",\"line-height\":\"\"}'  style=\"\">Bono piscina<\/h6><\/div> <!-- header --><\/div> <!-- aio-icon-box --><\/a><\/div> <!-- aio-icon-component -->[\/vc_column][vc_column width=&#8221;1\/6&#8243;]<div class=\"aio-icon-component    style_2\"><a class=\"aio-icon-box-link\" href=\"\/es\/behekosoloa\/opor-kanpusak\/\" title=\"Opor kanpusak\" ><div id=\"Info-box-wrap-8143\" class=\"aio-icon-box top-icon\" style=\"\"  ><div class=\"aio-icon-top\"><div class=\"ult-just-icon-wrapper  \"><div class=\"align-icon\" style=\"text-align:center;\">\n<div class=\"aio-icon circle \"  style=\"color:#ffffff;background:#fd1311;font-size:26px;display:inline-block;\">\n\t<i class=\"Defaults-certificate\"><\/i>\n<\/div><\/div><\/div><\/div><div class=\"aio-icon-header\" ><h6 class=\"aio-icon-title ult-responsive\"  data-ultimate-target='#Info-box-wrap-8143 .aio-icon-title'  data-responsive-json-new='{\"font-size\":\"\",\"line-height\":\"\"}'  style=\"\">Campus de vacaciones<\/h6><\/div> <!-- header --><\/div> <!-- aio-icon-box --><\/a><\/div> <!-- aio-icon-component -->[\/vc_column][vc_column width=&#8221;1\/6&#8243;]<div class=\"aio-icon-component    style_2\"><a class=\"aio-icon-box-link\" href=\"\/es\/behekosoloa\/urtebetetzeak\/\" title=\"Urtebetetzeak\" ><div id=\"Info-box-wrap-1149\" class=\"aio-icon-box top-icon\" style=\"\"  ><div class=\"aio-icon-top\"><div class=\"ult-just-icon-wrapper  \"><div class=\"align-icon\" style=\"text-align:center;\">\n<div class=\"aio-icon circle \"  style=\"color:#ffffff;background:#fd1311;font-size:26px;display:inline-block;\">\n\t<i class=\"Defaults-gift\"><\/i>\n<\/div><\/div><\/div><\/div><div class=\"aio-icon-header\" ><h6 class=\"aio-icon-title ult-responsive\"  data-ultimate-target='#Info-box-wrap-1149 .aio-icon-title'  data-responsive-json-new='{\"font-size\":\"\",\"line-height\":\"\"}'  style=\"\">Cumplea\u00f1os<\/h6><\/div> <!-- header --><\/div> <!-- aio-icon-box --><\/a><\/div> <!-- aio-icon-component -->[\/vc_column][vc_column width=&#8221;3\/6&#8243;][\/vc_column][\/vc_row][vc_row ct_row_stretch=&#8221;&#8221;][vc_column][vc_column_text]\n<h3><span style=\"color: #800000;\"><strong>OFERTA 25-26<\/strong><\/span><\/h3>\n<p>* Nota: para la inscripci\u00f3n en nataci\u00f3n, es necesario tener 3 a\u00f1os cumplidos para el 1 de octubre.[\/vc_column_text]<div class=\"ult-spacer spacer-69e370aa01e8b\" data-id=\"69e370aa01e8b\" data-height=\"20\" data-height-mobile=\"20\" data-height-tab=\"20\" data-height-tab-portrait=\"\" data-height-mobile-landscape=\"\" style=\"clear:both;display:block;\"><\/div>[vc_raw_html]JTNDZGl2JTIwc3R5bGUlM0QlMjJwb3NpdGlvbiUzQXJlbGF0aXZlJTNCcGFkZGluZy10b3AlM0FtYXglMjg2MCUyNSUyQzMyNnB4JTI5JTNCaGVpZ2h0JTNBMCUzQndpZHRoJTNBMTAwJTI1JTIyJTNFJTNDaWZyYW1lJTIwYWxsb3clM0QlMjJjbGlwYm9hcmQtd3JpdGUlMjIlMjBzYW5kYm94JTNEJTIyYWxsb3ctdG9wLW5hdmlnYXRpb24lMjBhbGxvdy10b3AtbmF2aWdhdGlvbi1ieS11c2VyLWFjdGl2YXRpb24lMjBhbGxvdy1kb3dubG9hZHMlMjBhbGxvdy1zY3JpcHRzJTIwYWxsb3ctc2FtZS1vcmlnaW4lMjBhbGxvdy1wb3B1cHMlMjBhbGxvdy1tb2RhbHMlMjBhbGxvdy1wb3B1cHMtdG8tZXNjYXBlLXNhbmRib3glMjBhbGxvdy1mb3JtcyUyMiUyMGFsbG93ZnVsbHNjcmVlbiUzRCUyMnRydWUlMjIlMjBzdHlsZSUzRCUyMnBvc2l0aW9uJTNBYWJzb2x1dGUlM0Jib3JkZXIlM0Fub25lJTNCd2lkdGglM0ExMDAlMjUlM0JoZWlnaHQlM0ExMDAlMjUlM0JsZWZ0JTNBMCUzQnJpZ2h0JTNBMCUzQnRvcCUzQTAlM0Jib3R0b20lM0EwJTNCJTIyJTIwc3JjJTNEJTIyaHR0cHMlM0ElMkYlMkZlLmlzc3V1LmNvbSUyRmVtYmVkLmh0bWwlM0ZiYWNrZ3JvdW5kQ29sb3IlM0QlMjUyMzkwMDAwMCUyNmJhY2tncm91bmRDb2xvckZ1bGxzY3JlZW4lM0QlMjUyMzkwMDAwMCUyNmQlM0RraXJvbGRlZ2lrb196ZXJiaXR6dWFrXzI1LTI2X3NlcnZpY2lvc19wb2xpZGVwb3J0aSUyNnRoZW1lU2Vjb25kYXJ5Q29sb3IlM0QlMjUyMzQ0MDAwMCUyNnUlM0RsYXVyb2lrYXN0b2xhJTIyJTNFJTNDJTJGaWZyYW1lJTNFJTNDJTJGZGl2JTNF[\/vc_raw_html][\/vc_column][\/vc_row][vc_row ct_row_stretch=&#8221;&#8221; css=&#8221;.vc_custom_1571227259691{margin-top: 20px !important;margin-bottom: 20px !important;}&#8221;][vc_column width=&#8221;1\/2&#8243;][vc_column_text]\n<h3><strong><span style=\"color: #800000;\">PROCEDIMIENTO PARA LA INSCRIPCI\u00d3N:<\/span><\/strong><\/h3>\n<p>\u2022 <span style=\"color: #800000;\"><strong>Socios y socias de Lauro:<\/strong><\/span><br \/>\n\u2013 Accede a la <a href=\"https:\/\/web2.alexiaedu.com\/ACWeb\/LogOn.aspx?key=kaSvAqh91I8%3d\">plataforma ALEXIA<\/a> (no en la App).<br \/>\n\u2013 Apartado \u201cExtraescolares\u201d: elige el hijo o hija que desees inscribir.<br \/>\n\u2013 Elige las actividades ofertadas de una en una, y pulsa cada vez el bot\u00f3n \u201cSolicitar\u201d.<\/p>\n<p>\u2022 <span style=\"color: #800000;\"><strong>Personas NO socias de Lauro:<\/strong><\/span><br \/>\n\u2013 Cumplimenta y env\u00eda el impreso a <a href=\"mailto:zerbitzuak@laurofundazioa.eus\">zerbitzuak@laurofundazioa.eus<\/a>[\/vc_column_text][vc_btn title=&#8221;Inscripci\u00f3n para personas no socias de Lauro&#8221; color=&#8221;vista-blue&#8221; align=&#8221;left&#8221; link=&#8221;url:https%3A%2F%2Fwww.lauroikastola.eus%2Fwp-content%2Fuploads%2F2025%2F07%2FIzen-ematea-Hoja-de-inscripcion-25-26.pdf&#8221;]<div class=\"ult-spacer spacer-69e370aa01ec8\" data-id=\"69e370aa01ec8\" data-height=\"5\" data-height-mobile=\"5\" data-height-tab=\"5\" data-height-tab-portrait=\"\" data-height-mobile-landscape=\"\" style=\"clear:both;display:block;\"><\/div>[vc_column_text]Tras este procedimiento finaliza la <strong><span style=\"color: #800000;\">prematr\u00edcula<\/span> <\/strong>y ya no se admitir\u00e1n bajas: las plazas quedan adjudicadas para poder realizar los sorteos y publicar las listas provisionales.[\/vc_column_text]<div class=\"ult-spacer spacer-69e370aa01f0a\" data-id=\"69e370aa01f0a\" data-height=\"20\" data-height-mobile=\"20\" data-height-tab=\"20\" data-height-tab-portrait=\"\" data-height-mobile-landscape=\"\" style=\"clear:both;display:block;\"><\/div>[vc_column_text]\n<h3><strong><span style=\"color: #800000;\">PLAZOS para el curso 25\/26:<\/span><\/strong><\/h3>\n[\/vc_column_text][\/vc_column][vc_column width=&#8221;1\/2&#8243;][vc_message message_box_color=&#8221;danger&#8221;]La inscripci\u00f3n es para todo el curso, y en caso de querer causar baja, se abrir\u00e1 un plazo para ello tras cada trimestre. En caso de darse de baja fuera de los plazos establecidos, no se devolver\u00e1 el recibo.[\/vc_message]<div class=\"ult-spacer spacer-69e370aa01f3b\" data-id=\"69e370aa01f3b\" data-height=\"10\" data-height-mobile=\"10\" data-height-tab=\"10\" data-height-tab-portrait=\"\" data-height-mobile-landscape=\"\" style=\"clear:both;display:block;\"><\/div>[vc_message message_box_color=&#8221;danger&#8221;]\n<p style=\"text-align: left;\">En caso de querer inscribirse en m\u00e1s de un curso, deber\u00e1 ser en actividades y horarios diferentes. En caso contrario, se anular\u00e1n todas las inscripciones.<\/p>\n[\/vc_message]<div class=\"ult-spacer spacer-69e370aa01f6c\" data-id=\"69e370aa01f6c\" data-height=\"10\" data-height-mobile=\"10\" data-height-tab=\"10\" data-height-tab-portrait=\"\" data-height-mobile-landscape=\"\" style=\"clear:both;display:block;\"><\/div>[vc_message message_box_color=&#8221;danger&#8221;]\n<p style=\"text-align: left;\">Una vez finalizado el plazo de inscripci\u00f3n no se admitir\u00e1n bajas.<\/p>\n[\/vc_message][\/vc_column][\/vc_row][vc_row ct_row_stretch=&#8221;&#8221;][vc_column width=&#8221;1\/4&#8243;][vc_column_text]\n<p style=\"text-align: left;\"><strong>Primer trimestre:<\/strong> <strong>29 de septiembre &#8211; 21 de diciembre.<br \/>\n<\/strong><\/p>\n<ul>\n<li style=\"text-align: left;\">Plazo de inscripci\u00f3n: 14 de julio &#8211; 8 de septiembre.<\/li>\n<li style=\"text-align: left;\">Listas provisionales, listas de espera y segundas opciones: 22 de septiembre.<\/li>\n<li style=\"text-align: left;\">Plazo de reclamaci\u00f3n: 23-24 de septiembre.<\/li>\n<li style=\"text-align: left;\">Listas definitivas y plazas libres: 25 de septiembre.<\/li>\n<li style=\"text-align: left;\">Inicio de los cursillos: 29 de septiembre.<\/li>\n<\/ul>\n[\/vc_column_text][\/vc_column][vc_column width=&#8221;1\/4&#8243;][vc_column_text]\n<p style=\"text-align: left;\"><strong>Segundo trimestre:<\/strong> <strong>8 de enero &#8211; 18 de marzo.<br \/>\n<\/strong><\/p>\n<ul>\n<li style=\"text-align: left;\">Plazo para comunicaci\u00f3n de bajas: 1-9 de diciembre.<\/li>\n<li style=\"text-align: left;\">Publicaci\u00f3n de plazas libres: 16 de diciembre.<\/li>\n<li style=\"text-align: left;\">Plazo para solicitud de plazas libres: 17-21 de diciembre.<\/li>\n<li style=\"text-align: left;\">Inicio de los cursillos: 8 de enero.<\/li>\n<\/ul>\n[\/vc_column_text][\/vc_column][vc_column width=&#8221;1\/4&#8243;][vc_column_text]\n<p style=\"text-align: left;\"><strong>Tercer trimestre: 23 de marzo &#8211; 14 de junio.<br \/>\n<\/strong><\/p>\n<ul>\n<li>Plazo para comunicaci\u00f3n de bajas: 1-8 de marzo.<\/li>\n<li>Publicaci\u00f3n de plazas libres: 10 de marzo.<\/li>\n<li>Plazo para solicitud de plazas libres: 11-15 de marzo.<\/li>\n<li>Inicio de los cursillos: 23 de marzo.<\/li>\n<\/ul>\n<p><strong>&nbsp;<\/strong>[\/vc_column_text][\/vc_column][vc_column width=&#8221;1\/4&#8243;][vc_icon icon_fontawesome=&#8221;fas fa-calendar-alt&#8221; color=&#8221;custom&#8221; size=&#8221;xl&#8221; align=&#8221;center&#8221; css_animation=&#8221;fadeIn&#8221; custom_color=&#8221;#1e73be&#8221;][vc_btn title=&#8221;Calendario de cursillos 25\/26&#8243; color=&#8221;primary&#8221; align=&#8221;center&#8221; link=&#8221;url:https%3A%2F%2Fwww.lauroikastola.eus%2Fwp-content%2Fuploads%2F2025%2F06%2FIKASTARO-EGUTEGIA-25-26.pdf&#8221;][\/vc_column][\/vc_row][vc_row ct_row_stretch=&#8221;&#8221; css=&#8221;.vc_custom_1571227271696{margin-top: 20px !important;}&#8221;][vc_column][vc_column_text]\n<h3>&nbsp;<\/h3>\n<h3><strong>Adjudicaci\u00f3n de plazas:<\/strong><\/h3>\n<p>Una vez finalizado el plazo de inscripci\u00f3n, en caso necesario, se realiza un sorteo. Criterio: elecci\u00f3n de una letra por sorteo, a partir de la cual se sigue el orden, teniendo preferencia los socios y socias de Lauro Ikastola.<\/p>\n<p>Se completar\u00e1 una lista de espera que se tendr\u00e1 en cuenta en caso de haber alguna baja. Este procedimiento no se seguir\u00e1 para la adjudicaci\u00f3n del siguiente trimestre (la lista de espera pierde vigencia).<\/p>\n<p>Una vez publicadas las plazas libres, se establecer\u00e1 un per\u00edodo de solicitud mediante email, y ser\u00e1n aceptadas aquellas solicitudes que se reciban a partir de las 9:00 horas del primer d\u00eda del plazo estipulado. La adjudicaci\u00f3n de plaza se har\u00e1 teniendo en cuenta el orden de llegada de las solicitudes y la preferencia de los socios y socias en los dos primeros d\u00edas.<\/p>\n<ul>\n<li><strong>Adjudicaci\u00f3n de plazas en el segundo y tercer trimestre:<\/strong><\/li>\n<\/ul>\n<p style=\"padding-left: 40px;\">Tras un per\u00edodo para la comunicaci\u00f3n de abajas, se publicar\u00e1n las plazas libres, se establecer\u00e1 un per\u00edodo de solicitud mediante email, y ser\u00e1n aceptadas aquellas solicitudes que se reciban a partir de las 9:00 horas del primer d\u00eda del plazo estipulado. La adjudicaci\u00f3n de plaza se har\u00e1 teniendo en cuenta el orden de llegada de las solicitudes y la preferencia de los socios y socias en los dos primeros d\u00edas.<\/p>\n[\/vc_column_text]<div class=\"ult-spacer spacer-69e370aa01f9a\" data-id=\"69e370aa01f9a\" data-height=\"10\" data-height-mobile=\"10\" data-height-tab=\"10\" data-height-tab-portrait=\"\" data-height-mobile-landscape=\"\" style=\"clear:both;display:block;\"><\/div><div class=\"ult-spacer spacer-69e370aa01fc6\" data-id=\"69e370aa01fc6\" data-height=\"30\" data-height-mobile=\"30\" data-height-tab=\"30\" data-height-tab-portrait=\"\" data-height-mobile-landscape=\"\" style=\"clear:both;display:block;\"><\/div>[vc_btn title=&#8221;REGLAMENTO DE PISCINA&#8221; color=&#8221;primary&#8221; size=&#8221;lg&#8221; align=&#8221;center&#8221; link=&#8221;url:https%3A%2F%2Fwww.lauroikastola.eus%2Fwp-content%2Fuploads%2F2025%2F06%2FReglamento-general-piscinas.pdf&#8221;]<div class=\"ult-spacer spacer-69e370aa01ff1\" data-id=\"69e370aa01ff1\" data-height=\"30\" data-height-mobile=\"30\" data-height-tab=\"30\" data-height-tab-portrait=\"\" data-height-mobile-landscape=\"\" style=\"clear:both;display:block;\"><\/div>[\/vc_column][\/vc_row]\n","protected":false},"excerpt":{"rendered":"<p>[vc_row ct_row_stretch=&#8221;stretch_row&#8221; ct_bg_image=&#8221;79155&#8243; ct_bg_color_overlay=&#8221;rgba(0,0,0,0.4)&#8221; ct_bg_position=&#8221;center center&#8221; ct_bg_parallax=&#8221;fixed&#8221;][vc_column][\/vc_column][\/vc_row][vc_row ct_row_stretch=&#8221;&#8221; bg_type=&#8221;bg_color&#8221; css=&#8221;.vc_custom_1571135031293{padding-top: 20px !important;}&#8221; bg_color_value=&#8221;#ededed&#8221;][vc_column width=&#8221;1\/6&#8243;][\/vc_column][vc_column width=&#8221;1\/6&#8243;][\/vc_column][vc_column width=&#8221;1\/6&#8243;][\/vc_column][vc_column width=&#8221;1\/6&#8243;][\/vc_column][vc_column width=&#8221;1\/6&#8243;][\/vc_column][\/vc_row][vc_row ct_row_stretch=&#8221;&#8221; bg_type=&#8221;bg_color&#8221; css=&#8221;.vc_custom_1571135009903{margin-bottom: 20px !important;}&#8221; bg_color_value=&#8221;#ededed&#8221;][vc_column width=&#8221;1\/6&#8243;][\/vc_column][vc_column width=&#8221;1\/6&#8243;][\/vc_column][vc_column width=&#8221;1\/6&#8243;][\/vc_column][vc_column width=&#8221;3\/6&#8243;][\/vc_column][\/vc_row][vc_row ct_row_stretch=&#8221;&#8221;][vc_column][vc_column_text] OFERTA 25-26 * Nota: para la inscripci\u00f3n en nataci\u00f3n, es necesario tener 3 a\u00f1os cumplidos para el 1 de octubre.[\/vc_column_text][vc_raw_html]JTNDZGl2JTIwc3R5bGUlM0QlMjJwb3NpdGlvbiUzQXJlbGF0aXZlJTNCcGFkZGluZy10b3AlM0FtYXglMjg2MCUyNSUyQzMyNnB4JTI5JTNCaGVpZ2h0JTNBMCUzQndpZHRoJTNBMTAwJTI1JTIyJTNFJTNDaWZyYW1lJTIwYWxsb3clM0QlMjJjbGlwYm9hcmQtd3JpdGUlMjIlMjBzYW5kYm94JTNEJTIyYWxsb3ctdG9wLW5hdmlnYXRpb24lMjBhbGxvdy10b3AtbmF2aWdhdGlvbi1ieS11c2VyLWFjdGl2YXRpb24lMjBhbGxvdy1kb3dubG9hZHMlMjBhbGxvdy1zY3JpcHRzJTIwYWxsb3ctc2FtZS1vcmlnaW4lMjBhbGxvdy1wb3B1cHMlMjBhbGxvdy1tb2RhbHMlMjBhbGxvdy1wb3B1cHMtdG8tZXNjYXBlLXNhbmRib3glMjBhbGxvdy1mb3JtcyUyMiUyMGFsbG93ZnVsbHNjcmVlbiUzRCUyMnRydWUlMjIlMjBzdHlsZSUzRCUyMnBvc2l0aW9uJTNBYWJzb2x1dGUlM0Jib3JkZXIlM0Fub25lJTNCd2lkdGglM0ExMDAlMjUlM0JoZWlnaHQlM0ExMDAlMjUlM0JsZWZ0JTNBMCUzQnJpZ2h0JTNBMCUzQnRvcCUzQTAlM0Jib3R0b20lM0EwJTNCJTIyJTIwc3JjJTNEJTIyaHR0cHMlM0ElMkYlMkZlLmlzc3V1LmNvbSUyRmVtYmVkLmh0bWwlM0ZiYWNrZ3JvdW5kQ29sb3IlM0QlMjUyMzkwMDAwMCUyNmJhY2tncm91bmRDb2xvckZ1bGxzY3JlZW4lM0QlMjUyMzkwMDAwMCUyNmQlM0RraXJvbGRlZ2lrb196ZXJiaXR6dWFrXzI1LTI2X3NlcnZpY2lvc19wb2xpZGVwb3J0aSUyNnRoZW1lU2Vjb25kYXJ5Q29sb3IlM0QlMjUyMzQ0MDAwMCUyNnUlM0RsYXVyb2lrYXN0b2xhJTIyJTNFJTNDJTJGaWZyYW1lJTNFJTNDJTJGZGl2JTNF[\/vc_raw_html][\/vc_column][\/vc_row][vc_row ct_row_stretch=&#8221;&#8221; css=&#8221;.vc_custom_1571227259691{margin-top: 20px !important;margin-bottom: 20px !important;}&#8221;][vc_column &#8230;<\/p>\n","protected":false},"author":1,"featured_media":0,"parent":79082,"menu_order":0,"comment_status":"closed","ping_status":"open","template":"","meta":{"ngg_post_thumbnail":0,"footnotes":""},"class_list":["post-79086","page","type-page","status-publish","hentry"],"_links":{"self":[{"href":"https:\/\/www.lauroikastola.eus\/en\/wp-json\/wp\/v2\/pages\/79086","targetHints":{"allow":["GET"]}}],"collection":[{"href":"https:\/\/www.lauroikastola.eus\/en\/wp-json\/wp\/v2\/pages"}],"about":[{"href":"https:\/\/www.lauroikastola.eus\/en\/wp-json\/wp\/v2\/types\/page"}],"author":[{"embeddable":true,"href":"https:\/\/www.lauroikastola.eus\/en\/wp-json\/wp\/v2\/users\/1"}],"replies":[{"embeddable":true,"href":"https:\/\/www.lauroikastola.eus\/en\/wp-json\/wp\/v2\/comments?post=79086"}],"version-history":[{"count":13,"href":"https:\/\/www.lauroikastola.eus\/en\/wp-json\/wp\/v2\/pages\/79086\/revisions"}],"predecessor-version":[{"id":145977,"href":"https:\/\/www.lauroikastola.eus\/en\/wp-json\/wp\/v2\/pages\/79086\/revisions\/145977"}],"up":[{"embeddable":true,"href":"https:\/\/www.lauroikastola.eus\/en\/wp-json\/wp\/v2\/pages\/79082"}],"wp:attachment":[{"href":"https:\/\/www.lauroikastola.eus\/en\/wp-json\/wp\/v2\/media?parent=79086"}],"curies":[{"name":"wp","href":"https:\/\/api.w.org\/{rel}","templated":true}]}}