{"id":79296,"date":"2015-04-13T10:07:03","date_gmt":"2015-04-13T08:07:03","guid":{"rendered":"http:\/\/www.lauroikastola.eus\/giza-konpromisoa\/"},"modified":"2019-11-12T13:48:26","modified_gmt":"2019-11-12T12:48:26","slug":"giza-konpromisoa","status":"publish","type":"page","link":"https:\/\/www.lauroikastola.eus\/en\/giza-konpromisoa\/","title":{"rendered":"Giza-konpromisoa"},"content":{"rendered":"[vc_row ct_row_stretch=&#8221;stretch_row&#8221; ct_bg_image=&#8221;78174&#8243; ct_bg_color_overlay=&#8221;rgba(0,0,0,0.4)&#8221; ct_bg_position=&#8221;center center&#8221; ct_bg_parallax=&#8221;fixed&#8221;][vc_column]<div class=\"ult-spacer spacer-6a0372d1e155d\" data-id=\"6a0372d1e155d\" data-height=\"200\" data-height-mobile=\"200\" data-height-tab=\"200\" data-height-tab-portrait=\"\" data-height-mobile-landscape=\"\" style=\"clear:both;display:block;\"><\/div><div id=\"ultimate-heading-54396a0372d1e16c4\" class=\"uvc-heading ult-adjust-bottom-margin ultimate-heading-54396a0372d1e16c4 uvc-2624 \" data-hspacer=\"line_only\"  data-halign=\"left\" style=\"text-align:left\"><div class=\"uvc-heading-spacer line_only\" style=\"topheight:1px;\"><span class=\"uvc-headings-line\" style=\"border-style:solid;border-bottom-width:1px;border-color:#9e9e9e;width:autopx;\"><\/span><\/div><div class=\"uvc-main-heading ult-responsive\"  data-ultimate-target='.uvc-heading.ultimate-heading-54396a0372d1e16c4 h2'  data-responsive-json-new='{\"font-size\":\"desktop:46px;\",\"line-height\":\"desktop:60px;\"}' ><h2 style=\"font-weight:bold;color:#ffffff;margin-top:10px;margin-bottom:60px;\">Giza-konpromisoa<\/h2><\/div><\/div><div class=\"ult-spacer spacer-6a0372d1e17b4\" data-id=\"6a0372d1e17b4\" data-height=\"20\" data-height-mobile=\"20\" data-height-tab=\"20\" data-height-tab-portrait=\"\" data-height-mobile-landscape=\"\" style=\"clear:both;display:block;\"><\/div>[\/vc_column][\/vc_row][vc_row ct_row_stretch=&#8221;&#8221;][vc_column]<div class=\"ult-spacer spacer-6a0372d1e1821\" data-id=\"6a0372d1e1821\" data-height=\"30\" data-height-mobile=\"30\" data-height-tab=\"30\" data-height-tab-portrait=\"\" data-height-mobile-landscape=\"\" style=\"clear:both;display:block;\"><\/div>[vc_column_text]<strong>El objetivo principal del Plan de Compromiso Social&nbsp;&nbsp;<\/strong>es analizar la problem\u00e1tica social del entorno y participar en el cambio a trav\u00e9s del trabajo en&nbsp;campa\u00f1as solidarias.<\/p>\n<p>Cada curso, se elegir\u00e1n tres campa\u00f1as generales, coincidiendo con d\u00edas declarados internacionales, para que el alumnado participe seg\u00fan las etapas. En ESO y Bachiller, adem\u00e1s, se realizar\u00e1n charlas informativas sobre cada tema.<\/p>\n<p>Las campa\u00f1as habituales&nbsp;son:<\/p>\n<ul class=\"bolas\">\n<li><strong>Recogida de alimentos, <\/strong>primer trimestre: 16 de octubre, coinciden con el D\u00eda Internacional de la Alimentaci\u00f3n. Relacionado con la campa\u00f1a \u201cConsumo responsable\u201d del proyecto Eskola Agenda 21 de Lauro Ikastola.<\/li>\n<li><strong>Recogida de ropa,<\/strong> segundo trimestre: el 20 de febrero, coincidiendo con el D\u00eda Internacional de la Justicia Social. Relacionado con la campa\u00f1a \u201cReciclaje\u201d del proyecto Eskola Agenda 21 de Lauro Ikastola<strong>.<\/strong><\/li>\n<li><strong>Agua y escuela,<\/strong> al finalizar el segundo trimestre, el 22 de marzo, coincidiendo con el D\u00eda Internacional del Agua. colaboraci\u00f3n con UNICEF, campa\u00f1a \u201cGotas para el Niger\u201d. Relacionado con la campa\u00f1a \u201cConsumo responsable\u201d del proyecto Eskola Agenda 21 de Lauro Ikastola.<\/li>\n<\/ul>\n[\/vc_column_text]<div class=\"ult-spacer spacer-6a0372d1e187e\" data-id=\"6a0372d1e187e\" data-height=\"30\" data-height-mobile=\"30\" data-height-tab=\"30\" data-height-tab-portrait=\"\" data-height-mobile-landscape=\"\" style=\"clear:both;display:block;\"><\/div>[vc_row_inner][vc_column_inner width=&#8221;1\/3&#8243;][vc_column_text]<a href=\"http:\/\/www.lauroikastola.eus\/en\/banco-de-alimentos\/\"><img loading=\"lazy\" decoding=\"async\" class=\"aligncenter wp-image-11054 size-full\" src=\"http:\/\/www.lauroikastola.eus\/wp-content\/uploads\/2015\/04\/elikagaien_bankua2.jpg\" alt=\"\" width=\"150\" height=\"93\"><\/a>[\/vc_column_text][vc_column_text]\n<p style=\"text-align: center;\"><strong>Recogida de alimentos<br \/>\n<\/strong><\/p>\n[\/vc_column_text][\/vc_column_inner][vc_column_inner width=&#8221;1\/3&#8243;][vc_column_text]<a href=\"http:\/\/www.lauroikastola.eus\/en\/recogida-de-ropa\/\"><img loading=\"lazy\" decoding=\"async\" class=\"aligncenter wp-image-11055 size-thumbnail\" src=\"http:\/\/www.lauroikastola.eus\/wp-content\/uploads\/2015\/04\/koopera2-150x93.jpg\" alt=\"\" width=\"150\" height=\"93\"><\/a>[\/vc_column_text][vc_column_text]\n<p style=\"text-align: center;\"><strong>Recogida de ropa<br \/>\n<\/strong><\/p>\n[\/vc_column_text][\/vc_column_inner][vc_column_inner width=&#8221;1\/3&#8243;][vc_column_text]<a href=\"http:\/\/www.lauroikastola.eus\/en\/aguaescuela\/\"><img loading=\"lazy\" decoding=\"async\" class=\"aligncenter wp-image-11056 size-full\" src=\"http:\/\/www.lauroikastola.eus\/wp-content\/uploads\/2015\/04\/nigerrerako_tantak2.jpg\" alt=\"\" width=\"150\" height=\"93\"><\/a>[\/vc_column_text][vc_column_text]\n<p style=\"text-align: center;\"><strong>Gotas para Niger<br \/>\n<\/strong><\/p>\n[\/vc_column_text][\/vc_column_inner][\/vc_row_inner]<div class=\"ult-spacer spacer-6a0372d1e18ed\" data-id=\"6a0372d1e18ed\" data-height=\"30\" data-height-mobile=\"30\" data-height-tab=\"30\" data-height-tab-portrait=\"\" data-height-mobile-landscape=\"\" style=\"clear:both;display:block;\"><\/div>[vc_column_text]Adem\u00e1s de estas campa\u00f1as generales, en cada ciclo y\/o etapa, seg\u00fan las caracter\u00edsticas, se llevan a cabo otras acciones como recogida de tapones, recogida de papel, de alumnio, etc.<\/p>\n<p>Objetidos del proyecto, por etapas:<\/p>\n<p><strong>Para el alumnado de Infantil, Primaria y E.S.O.:<\/strong><\/p>\n<ul class=\"bolas\">\n<li>Educar al alumnado en los valores de los derechos humanos.<\/li>\n<li>Reflexionar sobre las diferencias que se dan en la sociedad.<\/li>\n<li>Hacerles ver que cualquier persona se puede encontrar en una situaci\u00f3n de necesidad a lo largo de la vida.<\/li>\n<li>Asumir que debemos ayudar a las personas que se encuentran en necesidad extrema.<\/li>\n<li>Hacerles darse cuenta que lo que a ellos les sobra (ropa, juguetes, comida,\u2026) les puede hacer falta a otros.<\/li>\n<li>Tomar conciencia de que ayudando a otros tambi\u00e9n cuidamos nuestro Planeta.<\/li>\n<\/ul>\n<p><strong>Para el alumnado de Bachiller:<\/strong><\/p>\n<ul class=\"bolas\">\n<li>Darse cuenta de que otra sociedad es posible.<\/li>\n<li>Conocer las necesidades cercanas de la sociedad.<\/li>\n<li>Conocer las posibilidades de participaci\u00f3n en proyectos solidarios e implicaci\u00f3n.<\/li>\n<\/ul>\n<p><strong>Otras colaboraciones:<\/strong>[\/vc_column_text]<div class=\"ult-spacer spacer-6a0372d1e194a\" data-id=\"6a0372d1e194a\" data-height=\"30\" data-height-mobile=\"30\" data-height-tab=\"30\" data-height-tab-portrait=\"\" data-height-mobile-landscape=\"\" style=\"clear:both;display:block;\"><\/div>[vc_row_inner][vc_column_inner width=&#8221;1\/2&#8243;][vc_column_text]<a href=\"http:\/\/www.lauroikastola.eus\/en\/mercado-solidario\/\"><img loading=\"lazy\" decoding=\"async\" class=\"aligncenter wp-image-11052\" src=\"http:\/\/www.lauroikastola.eus\/wp-content\/uploads\/2015\/04\/dscn1841.jpg\" alt=\"\" width=\"169\" height=\"105\"><\/a>[\/vc_column_text][vc_column_text]\n<p style=\"text-align: center;\"><strong>Mercado solidario<\/strong><br \/>\n<strong>(Educaci\u00f3n Primaria)<\/strong><\/p>\n[\/vc_column_text][\/vc_column_inner][vc_column_inner width=&#8221;1\/2&#8243;][vc_column_text]<a href=\"http:\/\/www.lauroikastola.eus\/wp-content\/uploads\/2015\/04\/IMGP2882.jpg\" rel=\"attachment wp-att-36455\"><img loading=\"lazy\" decoding=\"async\" class=\"aligncenter wp-image-36455\" src=\"http:\/\/www.lauroikastola.eus\/wp-content\/uploads\/2015\/04\/IMGP2882-300x225.jpg\" alt=\"IMGP2882\" width=\"141\" height=\"106\"><\/a>[\/vc_column_text][vc_column_text]\n<p style=\"text-align: center;\"><strong>Aunar<\/strong><br \/>\n<strong>Taper solidario<\/strong><\/p>\n[\/vc_column_text][\/vc_column_inner][\/vc_row_inner][\/vc_column][\/vc_row][vc_row ct_row_stretch=&#8221;&#8221;][vc_column]<div class=\"ult-spacer spacer-6a0372d1e199e\" data-id=\"6a0372d1e199e\" data-height=\"30\" data-height-mobile=\"30\" data-height-tab=\"30\" data-height-tab-portrait=\"\" data-height-mobile-landscape=\"\" style=\"clear:both;display:block;\"><\/div>[vc_column_text]<strong>Campa\u00f1as puntuales:<\/strong><\/p>\n<ul class=\"bolas\">\n<li>D\u00eda de las enfermedades ras, 20 de febrero: participar en la campa\u00f1a de la asociaci\u00f3n FEDER.<\/li>\n<li>\u201cMechones solidarios\u201d: informar sobre la campa\u00f1a en Bachiller para recogida de pelo destinado a confeccionar pelucas para personas enfermas de cancer. <a href=\"http:\/\/www.mechonessolidarios.com\/\">VER WEB<\/a>.<\/li>\n<li>Colaboraci\u00f3n con \u201cLibu\u201d, proyecto solidario promovido por Zubietxe: esta librer\u00eda acepta donaciones de libros para su venta. Sus beneficios se reinvierten \u00edntegramente en proyectos sociales realizados en Bizkaia. <a href=\"http:\/\/libu.es\/\">VER WEB DE LIBU.<\/a><\/li>\n<li>La recaudaci\u00f3n de las entradas de las actuaciones de Primaria en Navidad y Carnaval se destina a diferentes ONG, a elecci\u00f3n del alumnado de 6\u00ba curso: S\u00edndrome de Down, Stopa FA, Aspanovas, Familiares de enfermos de Alzheimer, etc.<\/li>\n<li>Exposici\u00f3n de arte con \u201cAmiarte\u201d.<\/li>\n<li>Donaci\u00f3n de ropa a \u201cSED Africa\u201d.<\/li>\n<\/ul>\n[\/vc_column_text]<div class=\"ult-spacer spacer-6a0372d1e19fb\" data-id=\"6a0372d1e19fb\" data-height=\"30\" data-height-mobile=\"30\" data-height-tab=\"30\" data-height-tab-portrait=\"\" data-height-mobile-landscape=\"\" style=\"clear:both;display:block;\"><\/div>[\/vc_column][\/vc_row]\n","protected":false},"excerpt":{"rendered":"<p>[vc_row ct_row_stretch=&#8221;stretch_row&#8221; ct_bg_image=&#8221;78174&#8243; ct_bg_color_overlay=&#8221;rgba(0,0,0,0.4)&#8221; ct_bg_position=&#8221;center center&#8221; ct_bg_parallax=&#8221;fixed&#8221;][vc_column][\/vc_column][\/vc_row][vc_row ct_row_stretch=&#8221;&#8221;][vc_column][vc_column_text]El objetivo principal del Plan de Compromiso Social&nbsp;&nbsp;es analizar la problem\u00e1tica social del entorno y participar en el cambio a trav\u00e9s del trabajo en&nbsp;campa\u00f1as solidarias. Cada curso, se elegir\u00e1n tres campa\u00f1as generales, coincidiendo con d\u00edas declarados internacionales, para que el alumnado participe seg\u00fan las etapas. En ESO y &#8230;<\/p>\n","protected":false},"author":1,"featured_media":0,"parent":0,"menu_order":0,"comment_status":"closed","ping_status":"open","template":"","meta":{"ngg_post_thumbnail":0,"footnotes":""},"class_list":["post-79296","page","type-page","status-publish","hentry"],"_links":{"self":[{"href":"https:\/\/www.lauroikastola.eus\/en\/wp-json\/wp\/v2\/pages\/79296","targetHints":{"allow":["GET"]}}],"collection":[{"href":"https:\/\/www.lauroikastola.eus\/en\/wp-json\/wp\/v2\/pages"}],"about":[{"href":"https:\/\/www.lauroikastola.eus\/en\/wp-json\/wp\/v2\/types\/page"}],"author":[{"embeddable":true,"href":"https:\/\/www.lauroikastola.eus\/en\/wp-json\/wp\/v2\/users\/1"}],"replies":[{"embeddable":true,"href":"https:\/\/www.lauroikastola.eus\/en\/wp-json\/wp\/v2\/comments?post=79296"}],"version-history":[{"count":0,"href":"https:\/\/www.lauroikastola.eus\/en\/wp-json\/wp\/v2\/pages\/79296\/revisions"}],"wp:attachment":[{"href":"https:\/\/www.lauroikastola.eus\/en\/wp-json\/wp\/v2\/media?parent=79296"}],"curies":[{"name":"wp","href":"https:\/\/api.w.org\/{rel}","templated":true}]}}