{"id":79306,"date":"2015-04-13T10:11:08","date_gmt":"2015-04-13T08:11:08","guid":{"rendered":"http:\/\/www.lauroikastola.eus\/elkartasun-merkatua\/"},"modified":"2015-04-13T10:11:08","modified_gmt":"2015-04-13T08:11:08","slug":"elkartasun-merkatua","status":"publish","type":"page","link":"https:\/\/www.lauroikastola.eus\/en\/elkartasun-merkatua\/","title":{"rendered":"Elkartasun merkatua"},"content":{"rendered":"[vc_row ct_row_stretch=&#8221;stretch_row&#8221; ct_bg_image=&#8221;78176&#8243; ct_bg_color_overlay=&#8221;rgba(0,0,0,0.4)&#8221; ct_bg_position=&#8221;center center&#8221; ct_bg_parallax=&#8221;fixed&#8221;][vc_column]<div class=\"ult-spacer spacer-6a03825535fa1\" data-id=\"6a03825535fa1\" data-height=\"200\" data-height-mobile=\"200\" data-height-tab=\"200\" data-height-tab-portrait=\"\" data-height-mobile-landscape=\"\" style=\"clear:both;display:block;\"><\/div><div id=\"ultimate-heading-45246a03825536156\" class=\"uvc-heading ult-adjust-bottom-margin ultimate-heading-45246a03825536156 uvc-4344 \" data-hspacer=\"line_only\"  data-halign=\"left\" style=\"text-align:left\"><div class=\"uvc-heading-spacer line_only\" style=\"topheight:1px;\"><span class=\"uvc-headings-line\" style=\"border-style:solid;border-bottom-width:1px;border-color:#9e9e9e;width:autopx;\"><\/span><\/div><div class=\"uvc-main-heading ult-responsive\"  data-ultimate-target='.uvc-heading.ultimate-heading-45246a03825536156 h2'  data-responsive-json-new='{\"font-size\":\"desktop:46px;\",\"line-height\":\"desktop:60px;\"}' ><h2 style=\"font-weight:bold;color:#ffffff;margin-top:10px;margin-bottom:60px;\">Mercado solidario<\/h2><\/div><\/div><div class=\"ult-spacer spacer-6a03825536254\" data-id=\"6a03825536254\" data-height=\"20\" data-height-mobile=\"20\" data-height-tab=\"20\" data-height-tab-portrait=\"\" data-height-mobile-landscape=\"\" style=\"clear:both;display:block;\"><\/div>[\/vc_column][\/vc_row][vc_row ct_row_stretch=&#8221;&#8221;][vc_column]<div class=\"ult-spacer spacer-6a038255362c3\" data-id=\"6a038255362c3\" data-height=\"30\" data-height-mobile=\"30\" data-height-tab=\"30\" data-height-tab-portrait=\"\" data-height-mobile-landscape=\"\" style=\"clear:both;display:block;\"><\/div>[vc_column_text]<img loading=\"lazy\" decoding=\"async\" class=\"estilo_fotos alignright\" src=\"http:\/\/www.lauroikastola.eus\/wp-content\/uploads\/2015\/04\/image1-300x225.jpg\" alt=\"image1\" width=\"300\" height=\"225\"><\/p>\n<p>En el tercer trimestre, en los cursos de Educaci\u00f3n primaria, participamos&nbsp;en la campa\u00f1a de ayuda para una peque\u00f1a Escuela B\u00e1sica, \u201cPedro Maria Pichardo\u201d, de la aldea Los Tacones (Rep\u00fablica Dominicana).<\/p>\n<p>El objetivo es colaborar a que esta escuela enclavada en un ambiente plenamente rural, donde la escolarizaci\u00f3n es baja y el nivel de abandono alto, pueda desarrollar su actividad dot\u00e1ndola de recursos b\u00e1sicos como libros de lectura y juegos de mesa y financiando su transporte.<\/p>\n<p>Para ello, organizamos un mercado de trueque solidario para y con los alumnos de Primaria. El dinero recaudado servir\u00e1 para enviar el material que recogeremos en pr\u00f3ximas campa\u00f1as.[\/vc_column_text]<div class=\"ult-spacer spacer-6a0382553632e\" data-id=\"6a0382553632e\" data-height=\"30\" data-height-mobile=\"30\" data-height-tab=\"30\" data-height-tab-portrait=\"\" data-height-mobile-landscape=\"\" style=\"clear:both;display:block;\"><\/div>[\/vc_column][\/vc_row]\n","protected":false},"excerpt":{"rendered":"<p>[vc_row ct_row_stretch=&#8221;stretch_row&#8221; ct_bg_image=&#8221;78176&#8243; ct_bg_color_overlay=&#8221;rgba(0,0,0,0.4)&#8221; ct_bg_position=&#8221;center center&#8221; ct_bg_parallax=&#8221;fixed&#8221;][vc_column][\/vc_column][\/vc_row][vc_row ct_row_stretch=&#8221;&#8221;][vc_column][vc_column_text] En el tercer trimestre, en los cursos de Educaci\u00f3n primaria, participamos&nbsp;en la campa\u00f1a de ayuda para una peque\u00f1a Escuela B\u00e1sica, \u201cPedro Maria Pichardo\u201d, de la aldea Los Tacones (Rep\u00fablica Dominicana). El objetivo es colaborar a que esta escuela enclavada en un ambiente plenamente rural, donde la escolarizaci\u00f3n &#8230;<\/p>\n","protected":false},"author":1,"featured_media":0,"parent":0,"menu_order":0,"comment_status":"closed","ping_status":"open","template":"","meta":{"ngg_post_thumbnail":0,"footnotes":""},"class_list":["post-79306","page","type-page","status-publish","hentry"],"_links":{"self":[{"href":"https:\/\/www.lauroikastola.eus\/en\/wp-json\/wp\/v2\/pages\/79306","targetHints":{"allow":["GET"]}}],"collection":[{"href":"https:\/\/www.lauroikastola.eus\/en\/wp-json\/wp\/v2\/pages"}],"about":[{"href":"https:\/\/www.lauroikastola.eus\/en\/wp-json\/wp\/v2\/types\/page"}],"author":[{"embeddable":true,"href":"https:\/\/www.lauroikastola.eus\/en\/wp-json\/wp\/v2\/users\/1"}],"replies":[{"embeddable":true,"href":"https:\/\/www.lauroikastola.eus\/en\/wp-json\/wp\/v2\/comments?post=79306"}],"version-history":[{"count":0,"href":"https:\/\/www.lauroikastola.eus\/en\/wp-json\/wp\/v2\/pages\/79306\/revisions"}],"wp:attachment":[{"href":"https:\/\/www.lauroikastola.eus\/en\/wp-json\/wp\/v2\/media?parent=79306"}],"curies":[{"name":"wp","href":"https:\/\/api.w.org\/{rel}","templated":true}]}}