{"id":9915,"date":"2015-03-25T17:09:47","date_gmt":"2015-03-25T16:09:47","guid":{"rendered":"http:\/\/www.lauroikastola.eus\/hezkuntza-proiektua\/beste-zerbitzuak-aurkezpena\/erizaindegia\/"},"modified":"2024-03-18T10:31:12","modified_gmt":"2024-03-18T09:31:12","slug":"erizaindegia","status":"publish","type":"page","link":"https:\/\/www.lauroikastola.eus\/en\/erizaindegia\/","title":{"rendered":"Servicio de Salud"},"content":{"rendered":"[vc_row ct_row_stretch=&#8221;stretch_row&#8221; ct_bg_image=&#8221;96909&#8243; ct_bg_color_overlay=&#8221;rgba(0,0,0,0.4)&#8221; ct_bg_position=&#8221;center center&#8221; ct_bg_parallax=&#8221;fixed&#8221;][vc_column]<div class=\"ult-spacer spacer-6a034ff67499f\" data-id=\"6a034ff67499f\" data-height=\"200\" data-height-mobile=\"200\" data-height-tab=\"200\" data-height-tab-portrait=\"\" data-height-mobile-landscape=\"\" style=\"clear:both;display:block;\"><\/div><div id=\"ultimate-heading-11956a034ff674adf\" class=\"uvc-heading ult-adjust-bottom-margin ultimate-heading-11956a034ff674adf uvc-5493 \" data-hspacer=\"line_only\"  data-halign=\"left\" style=\"text-align:left\"><div class=\"uvc-heading-spacer line_only\" style=\"topheight:1px;\"><span class=\"uvc-headings-line\" style=\"border-style:solid;border-bottom-width:1px;border-color:#9e9e9e;width:autopx;\"><\/span><\/div><div class=\"uvc-main-heading ult-responsive\"  data-ultimate-target='.uvc-heading.ultimate-heading-11956a034ff674adf h2'  data-responsive-json-new='{\"font-size\":\"desktop:46px;\",\"line-height\":\"desktop:60px;\"}' ><h2 style=\"font-weight:bold;color:#ffffff;margin-top:10px;margin-bottom:60px;\">Servicio de Salud<\/h2><\/div><\/div><div class=\"ult-spacer spacer-6a034ff674ba4\" data-id=\"6a034ff674ba4\" data-height=\"20\" data-height-mobile=\"20\" data-height-tab=\"20\" data-height-tab-portrait=\"\" data-height-mobile-landscape=\"\" style=\"clear:both;display:block;\"><\/div>[\/vc_column][\/vc_row][vc_row ct_row_stretch=&#8221;&#8221;][vc_column width=&#8221;1\/2&#8243;]<div class=\"ult-spacer spacer-6a034ff674c06\" data-id=\"6a034ff674c06\" data-height=\"40\" data-height-mobile=\"40\" data-height-tab=\"40\" data-height-tab-portrait=\"\" data-height-mobile-landscape=\"\" style=\"clear:both;display:block;\"><\/div>[vc_column_text]Disponemos de un <strong>Desfibrilador (DEA) en la entrada de cada edificio (5) y en el campo de f\u00fatbol; <\/strong>y el personal de la Ikastola ha recibido formaci\u00f3n sobre su uso.[\/vc_column_text][\/vc_column][vc_column width=&#8221;1\/2&#8243;]<div class=\"ult-spacer spacer-6a034ff674c5c\" data-id=\"6a034ff674c5c\" data-height=\"30\" data-height-mobile=\"30\" data-height-tab=\"30\" data-height-tab-portrait=\"\" data-height-mobile-landscape=\"\" style=\"clear:both;display:block;\"><\/div>[vc_single_image image=&#8221;119664&#8243;][\/vc_column][\/vc_row][vc_row ct_row_stretch=&#8221;&#8221;][vc_column][vc_row_inner][vc_column_inner width=&#8221;1\/3&#8243;]<div class=\"ult-new-ib ult-ib-effect-style5  ult-ib-resp  \" data-min-width=\"768\" data-max-width=\"900\" style=\"background:#000000;\" data-opacity=\"\" data-hover-opacity=\"\" ><img decoding=\"async\" class=\"ult-new-ib-img\" style=\"\" alt=\"null\" src=\"https:\/\/www.lauroikastola.eus\/wp-content\/uploads\/2019\/10\/asegurua-2.png\"   \/><div id=\"interactive-banner-wrap-7772\" class=\"ult-new-ib-desc\" style=\"background:banner_style;\"><h3 class=\"ult-new-ib-title ult-responsive\"  data-ultimate-target='#interactive-banner-wrap-7772 .ult-new-ib-title'  data-responsive-json-new='{\"font-size\":\"desktop:24px;\",\"line-height\":\"\"}'  style=\"font-weight:bold;color:#000000;\">Seguro escolar<\/h3><\/div><a class=\"ult-new-ib-link\" href=\"\/es\/erizaindegia\/ikasleen-asegurua\/\"  ><\/a><\/div>[\/vc_column_inner][vc_column_inner width=&#8221;1\/3&#8243;]<div class=\"ult-new-ib ult-ib-effect-style5  ult-ib-resp  \" data-min-width=\"768\" data-max-width=\"900\" style=\"background:#000000;\" data-opacity=\"\" data-hover-opacity=\"\" ><img decoding=\"async\" class=\"ult-new-ib-img\" style=\"\" alt=\"null\" src=\"https:\/\/www.lauroikastola.eus\/wp-content\/uploads\/2019\/10\/gomendioak-2.png\"   \/><div id=\"interactive-banner-wrap-8386\" class=\"ult-new-ib-desc\" style=\"background:banner_style;\"><h3 class=\"ult-new-ib-title ult-responsive\"  data-ultimate-target='#interactive-banner-wrap-8386 .ult-new-ib-title'  data-responsive-json-new='{\"font-size\":\"desktop:24px;\",\"line-height\":\"\"}'  style=\"font-weight:bold;color:#000000;\">Recomendaciones (Piojos, piel, ...)<\/h3><\/div><a class=\"ult-new-ib-link\" href=\"\/es\/erizaindegia\/gomendioak\/\"  ><\/a><\/div>[\/vc_column_inner][vc_column_inner width=&#8221;1\/3&#8243;]<div class=\"ult-new-ib ult-ib-effect-style5  ult-ib-resp  \" data-min-width=\"768\" data-max-width=\"900\" style=\"background:#000000;\" data-opacity=\"\" data-hover-opacity=\"\" ><img decoding=\"async\" class=\"ult-new-ib-img\" style=\"\" alt=\"null\" src=\"https:\/\/www.lauroikastola.eus\/wp-content\/uploads\/2019\/10\/txertoak-2.png\"   \/><div id=\"interactive-banner-wrap-4222\" class=\"ult-new-ib-desc\" style=\"background:banner_style;\"><h3 class=\"ult-new-ib-title ult-responsive\"  data-ultimate-target='#interactive-banner-wrap-4222 .ult-new-ib-title'  data-responsive-json-new='{\"font-size\":\"desktop:24px;\",\"line-height\":\"\"}'  style=\"font-weight:bold;color:#000000;\">Vacunaci\u00f3n<\/h3><\/div><a class=\"ult-new-ib-link\" href=\"\/es\/erizaindegia\/txertaketa\/\"  ><\/a><\/div>[\/vc_column_inner][\/vc_row_inner][\/vc_column][\/vc_row][vc_row ct_row_stretch=&#8221;&#8221;][vc_column width=&#8221;1\/2&#8243;]<div class=\"ult-spacer spacer-6a034ff67593d\" data-id=\"6a034ff67593d\" data-height=\"40\" data-height-mobile=\"40\" data-height-tab=\"40\" data-height-tab-portrait=\"\" data-height-mobile-landscape=\"\" style=\"clear:both;display:block;\"><\/div>[vc_column_text]\n<h3>Asistencia sanitaria toda la jornada<\/h3>\n<p>Lauro Ikastola dispone de servicio propio de asistencia sanitaria durante toda la jornada escolar y extraescolar. La responsable a cargo del servicio dispone del <strong>T\u00edtulo Universitario Oficial de Diplomada en Enfermer\u00eda<\/strong> y de <strong>T\u00e9cnico Superior en Diet\u00e9tica<\/strong>.<\/p>\n<p>La Enfermer\u00eda principal est\u00e1 situada en el edifico de Educaci\u00f3n Primaria, y dispone de dos salas para atenci\u00f3n espec\u00edfica en Infantil y en la ESO.<\/p>\n<p>Su funci\u00f3n es:<\/p>\n<ul>\n<li>Prestar <strong>atenci\u00f3n sanitaria<\/strong> primaria y personal al alumnado.<\/li>\n<li>Realizar el <strong>seguimiento<\/strong> y atenci\u00f3n a alumnado con enfermedades cr\u00f3nicas.<\/li>\n<li>Atender en primera instancia las <strong>situaciones graves<\/strong>. En caso de ser necesario, la alumna o alumno es derivado al centro sanitario convenido, previa comunicaci\u00f3n a las familias.<\/li>\n<li>Colaborar en la gesti\u00f3n de los <strong>men\u00fas escolares<\/strong> y realizar la atenci\u00f3n y seguimiento del alumnado con <strong>necesidades alimentarias especiales<\/strong>, siempre bajo prescripci\u00f3n m\u00e9dica y mediante solicitud escrita.<\/li>\n<li>Colaborar en el <strong>\u00e1mbito pedag\u00f3gico<\/strong> con sesiones de formaci\u00f3n al alumnado y\/o personal sobre primeros auxilios, as\u00edcomo sobre alimentaci\u00f3n saludable en la asignatura de \u201cBarelikos\u201d (Huerto-Alimentaci\u00f3n-Salud).<\/li>\n<\/ul>\n[\/vc_column_text][\/vc_column][vc_column width=&#8221;1\/2&#8243;]<div class=\"ult-spacer spacer-6a034ff67599f\" data-id=\"6a034ff67599f\" data-height=\"90\" data-height-mobile=\"90\" data-height-tab=\"90\" data-height-tab-portrait=\"\" data-height-mobile-landscape=\"\" style=\"clear:both;display:block;\"><\/div>[vc_gallery type=&#8221;flexslider_slide&#8221; interval=&#8221;3&#8243; images=&#8221;120103,120100&#8243; img_size=&#8221;medium&#8221;]<div class=\"ult-spacer spacer-6a034ff675a06\" data-id=\"6a034ff675a06\" data-height=\"30\" data-height-mobile=\"30\" data-height-tab=\"30\" data-height-tab-portrait=\"\" data-height-mobile-landscape=\"\" style=\"clear:both;display:block;\"><\/div><div class=\"aio-icon-component    style_1\"><div id=\"Info-box-wrap-8769\" class=\"aio-icon-box default-icon\" style=\"\"  ><div class=\"aio-icon-default\"><div class=\"ult-just-icon-wrapper  \"><div class=\"align-icon\" style=\"text-align:center;\">\n<div class=\"aio-icon none \"  style=\"color:#8bb738;font-size:32px;display:inline-block;\">\n\t<i class=\"Defaults-info-circle\"><\/i>\n<\/div><\/div><\/div><\/div><div class=\"aio-icon-description ult-responsive\"  data-ultimate-target='#Info-box-wrap-8769 .aio-icon-description'  data-responsive-json-new='{\"font-size\":\"\",\"line-height\":\"\"}'  style=\"\"><strong>Este servicio no tiene como objetivo la atenci\u00f3n de enfermedades comunes<\/strong>, m\u00e1s all\u00e1 de alertar a las familias de la situaci\u00f3n en caso de generarse en la propia Ikastola.<\/div> <!-- description --><\/div> <!-- aio-icon-box --><\/div> <!-- aio-icon-component -->[\/vc_column][\/vc_row][vc_row ct_row_stretch=&#8221;&#8221;][vc_column]<div class=\"ult-spacer spacer-6a034ff675ced\" data-id=\"6a034ff675ced\" data-height=\"30\" data-height-mobile=\"30\" data-height-tab=\"30\" data-height-tab-portrait=\"\" data-height-mobile-landscape=\"\" style=\"clear:both;display:block;\"><\/div>[vc_column_text]\n<h2>Administraci\u00f3n de medicamentos<\/h2>\n<p>Siguiendo las indicaciones de las autoridades sanitarias, Lauro Ikastola no administra ning\u00fan f\u00e1rmaco a ning\u00fan alumno o alumna (antibi\u00f3ticos, antit\u00e9rmicos,\u2026) sin la <strong>autorizaci\u00f3n previa y escrita del padre \/ madre<\/strong>, y siempre que sea precisa su administraci\u00f3n durante la estancia en el centro.<\/p>\n<p>En <strong>estados febriles<\/strong>, se debe sopesar la idoneidad de acudir a la Ikastola para asegurar tanto el bienestar del enfermo como impedir el contagio de sus compa\u00f1eros y compa\u00f1eras.<\/p>\n<p>Siempre que sea posible, los medicamentos <strong>antibi\u00f3ticos<\/strong> deben ser administrados en casa, antes y\/o despu\u00e9s de la jornada escolar. Cuando el ni\u00f1o o ni\u00f1a pueda acudir a la Ikastola porque ha pasado el per\u00edodo de contagio o de fiebre, y la administraci\u00f3n del antibi\u00f3tico en jornada escolar sea <strong>imprescindible,<\/strong> se deber\u00e1 seguir el siguiente procedimiento:<\/p>\n<ul>\n<li>El medicamente deber\u00e1 ser enviado a la Ikastola una \u00fanica vez (con dosis para diferentes d\u00edas), y no cada d\u00eda.<\/li>\n<li>Deber\u00e1 estar bien envuelto \/ precintado, de forma que se eviten situaciones de riesgo, ya que ponemos el medicamento en manos de un menor.<\/li>\n<li>Enviad el documento adjunto autorizando al personal de la Ikastola a administrarlo, a la direcci\u00f3n de la Enfermera, <a href=\"mailto:erizaina@lauro.eus\">erizaina@lauro.eus<\/a><\/li>\n<\/ul>\n[\/vc_column_text][vc_cta h2=&#8221;Sendagaia emateko baimena \u2013 Autorizaci\u00f3n medicamentos.&#8221; style=&#8221;flat&#8221; color=&#8221;green&#8221; add_button=&#8221;right&#8221; btn_title=&#8221;Ver&#8221; btn_align=&#8221;right&#8221; btn_i_icon_fontawesome=&#8221;fa fa-file-pdf-o&#8221; btn_add_icon=&#8221;true&#8221; btn_link=&#8221;url:%2Fwp-content%2Fuploads%2F2015%2F03%2FSendagaia-emateko-baimena-Autorizaci%25C3%25B3n-medicamentos.pdf||target:%20_blank|&#8221; css=&#8221;.vc_custom_1573301972230{margin-top: 15px !important;}&#8221;][\/vc_cta]<div class=\"ult-spacer spacer-6a034ff675d46\" data-id=\"6a034ff675d46\" data-height=\"90\" data-height-mobile=\"90\" data-height-tab=\"90\" data-height-tab-portrait=\"\" data-height-mobile-landscape=\"\" style=\"clear:both;display:block;\"><\/div>[\/vc_column][\/vc_row]\n","protected":false},"excerpt":{"rendered":"<p>[vc_row ct_row_stretch=&#8221;stretch_row&#8221; ct_bg_image=&#8221;96909&#8243; ct_bg_color_overlay=&#8221;rgba(0,0,0,0.4)&#8221; ct_bg_position=&#8221;center center&#8221; ct_bg_parallax=&#8221;fixed&#8221;][vc_column][\/vc_column][\/vc_row][vc_row ct_row_stretch=&#8221;&#8221;][vc_column width=&#8221;1\/2&#8243;][vc_column_text]Disponemos de un Desfibrilador (DEA) en la entrada de cada edificio (5) y en el campo de f\u00fatbol; y el personal de la Ikastola ha recibido formaci\u00f3n sobre su uso.[\/vc_column_text][\/vc_column][vc_column width=&#8221;1\/2&#8243;][vc_single_image image=&#8221;119664&#8243;][\/vc_column][\/vc_row][vc_row ct_row_stretch=&#8221;&#8221;][vc_column][vc_row_inner][vc_column_inner width=&#8221;1\/3&#8243;][\/vc_column_inner][vc_column_inner width=&#8221;1\/3&#8243;][\/vc_column_inner][vc_column_inner width=&#8221;1\/3&#8243;][\/vc_column_inner][\/vc_row_inner][\/vc_column][\/vc_row][vc_row ct_row_stretch=&#8221;&#8221;][vc_column width=&#8221;1\/2&#8243;][vc_column_text] Asistencia sanitaria toda la jornada Lauro Ikastola dispone de &#8230;<\/p>\n","protected":false},"author":1,"featured_media":0,"parent":0,"menu_order":0,"comment_status":"closed","ping_status":"open","template":"","meta":{"ngg_post_thumbnail":0,"footnotes":""},"class_list":["post-9915","page","type-page","status-publish","hentry"],"_links":{"self":[{"href":"https:\/\/www.lauroikastola.eus\/en\/wp-json\/wp\/v2\/pages\/9915","targetHints":{"allow":["GET"]}}],"collection":[{"href":"https:\/\/www.lauroikastola.eus\/en\/wp-json\/wp\/v2\/pages"}],"about":[{"href":"https:\/\/www.lauroikastola.eus\/en\/wp-json\/wp\/v2\/types\/page"}],"author":[{"embeddable":true,"href":"https:\/\/www.lauroikastola.eus\/en\/wp-json\/wp\/v2\/users\/1"}],"replies":[{"embeddable":true,"href":"https:\/\/www.lauroikastola.eus\/en\/wp-json\/wp\/v2\/comments?post=9915"}],"version-history":[{"count":0,"href":"https:\/\/www.lauroikastola.eus\/en\/wp-json\/wp\/v2\/pages\/9915\/revisions"}],"wp:attachment":[{"href":"https:\/\/www.lauroikastola.eus\/en\/wp-json\/wp\/v2\/media?parent=9915"}],"curies":[{"name":"wp","href":"https:\/\/api.w.org\/{rel}","templated":true}]}}