{"id":10017,"date":"2015-03-26T16:52:04","date_gmt":"2015-03-26T15:52:04","guid":{"rendered":"http:\/\/www.lauroikastola.eus\/hezkuntza-proiektua\/beste-zerbitzuak-aurkezpena\/udako-egonaldiak\/"},"modified":"2026-01-26T10:48:20","modified_gmt":"2026-01-26T09:48:20","slug":"udako-egonaldiak","status":"publish","type":"page","link":"https:\/\/www.lauroikastola.eus\/es\/udako-egonaldiak\/","title":{"rendered":"Estancias de verano"},"content":{"rendered":"[vc_row ct_row_stretch=\u00bbstretch_row\u00bb ct_bg_image=\u00bb96938&#8243; ct_bg_color_overlay=\u00bbrgba(0,0,0,0.4)\u00bb ct_bg_position=\u00bbcenter center\u00bb ct_bg_parallax=\u00bbfixed\u00bb][vc_column]<div class=\"ult-spacer spacer-6a07d4b86e4f0\" data-id=\"6a07d4b86e4f0\" data-height=\"200\" data-height-mobile=\"200\" data-height-tab=\"200\" data-height-tab-portrait=\"\" data-height-mobile-landscape=\"\" style=\"clear:both;display:block;\"><\/div><div id=\"ultimate-heading-28296a07d4b86e5ad\" class=\"uvc-heading ult-adjust-bottom-margin ultimate-heading-28296a07d4b86e5ad uvc-8101 \" data-hspacer=\"line_only\"  data-halign=\"left\" style=\"text-align:left\"><div class=\"uvc-heading-spacer line_only\" style=\"topheight:1px;\"><span class=\"uvc-headings-line\" style=\"border-style:solid;border-bottom-width:1px;border-color:#9e9e9e;width:autopx;\"><\/span><\/div><div class=\"uvc-main-heading ult-responsive\"  data-ultimate-target='.uvc-heading.ultimate-heading-28296a07d4b86e5ad h2'  data-responsive-json-new='{\"font-size\":\"desktop:46px;\",\"line-height\":\"desktop:60px;\"}' ><h2 style=\"font-weight:bold;color:#ffffff;margin-top:10px;margin-bottom:60px;\">Estancias de verano<\/h2><\/div><\/div><div class=\"ult-spacer spacer-6a07d4b86e613\" data-id=\"6a07d4b86e613\" data-height=\"20\" data-height-mobile=\"20\" data-height-tab=\"20\" data-height-tab-portrait=\"\" data-height-mobile-landscape=\"\" style=\"clear:both;display:block;\"><\/div>[\/vc_column][\/vc_row][vc_row ct_row_stretch=\u00bb\u00bb][vc_column]<div class=\"ult-spacer spacer-6a07d4b86e646\" data-id=\"6a07d4b86e646\" data-height=\"30\" data-height-mobile=\"30\" data-height-tab=\"30\" data-height-tab-portrait=\"\" data-height-mobile-landscape=\"\" style=\"clear:both;display:block;\"><\/div>[vc_row_inner][vc_column_inner width=\u00bb1\/2&#8243;][vc_video link=\u00bbhttps:\/\/www.youtube.com\/embed\/TBVSuG8eR1g\u00bb align=\u00bbright\u00bb][\/vc_column_inner][vc_column_inner width=\u00bb1\/2&#8243;][vc_column_text]Lauro Ikastola ofrece a sus alumnos y alumnas, a partir de 1\u00ba de ESO y hasta Bachiller, programas de verano entre junio y julio para el aprendizaje del <strong>Ingl\u00e9s<\/strong> en Inglaterra, Irlanda y EEUU.<\/p>\n<p>Los programas est\u00e1n avalados por la larga experiencia de a\u00f1os anteriores y por ser los de mayor garant\u00eda para favorecer el aprendizaje de nuestros alumnos y alumnas.<\/p>\n<p>&nbsp;[\/vc_column_text][vc_btn title=\u00bbVerano 2026&#8243; color=\u00bbsuccess\u00bb size=\u00bblg\u00bb css_animation=\u00bbbounceIn\u00bb link=\u00bburl:https%3A%2F%2Fwww.lauroikastola.eus%2Fwp-content%2Fuploads%2F2026%2F01%2F2026-Lauro-Ikastola-EMY-1.pdf\u00bb][\/vc_column_inner][\/vc_row_inner]<div class=\"ult-spacer spacer-6a07d4b86e674\" data-id=\"6a07d4b86e674\" data-height=\"30\" data-height-mobile=\"30\" data-height-tab=\"30\" data-height-tab-portrait=\"\" data-height-mobile-landscape=\"\" style=\"clear:both;display:block;\"><\/div>[\/vc_column][\/vc_row]\n","protected":false},"excerpt":{"rendered":"<p>[vc_row ct_row_stretch=\u00bbstretch_row\u00bb ct_bg_image=\u00bb96938&#8243; ct_bg_color_overlay=\u00bbrgba(0,0,0,0.4)\u00bb ct_bg_position=\u00bbcenter center\u00bb ct_bg_parallax=\u00bbfixed\u00bb][vc_column][\/vc_column][\/vc_row][vc_row ct_row_stretch=\u00bb\u00bb][vc_column][vc_row_inner][vc_column_inner width=\u00bb1\/2&#8243;][vc_video link=\u00bbhttps:\/\/www.youtube.com\/embed\/TBVSuG8eR1g\u00bb align=\u00bbright\u00bb][\/vc_column_inner][vc_column_inner width=\u00bb1\/2&#8243;][vc_column_text]Lauro Ikastola ofrece a sus alumnos y alumnas, a partir de 1\u00ba de ESO y hasta Bachiller, programas de verano entre junio y julio para el aprendizaje del Ingl\u00e9s en Inglaterra, Irlanda y EEUU. Los programas est\u00e1n avalados por la larga experiencia de a\u00f1os &#8230;<\/p>\n","protected":false},"author":1,"featured_media":0,"parent":0,"menu_order":0,"comment_status":"closed","ping_status":"open","template":"","meta":{"ngg_post_thumbnail":0,"footnotes":""},"class_list":["post-10017","page","type-page","status-publish","hentry"],"_links":{"self":[{"href":"https:\/\/www.lauroikastola.eus\/es\/wp-json\/wp\/v2\/pages\/10017","targetHints":{"allow":["GET"]}}],"collection":[{"href":"https:\/\/www.lauroikastola.eus\/es\/wp-json\/wp\/v2\/pages"}],"about":[{"href":"https:\/\/www.lauroikastola.eus\/es\/wp-json\/wp\/v2\/types\/page"}],"author":[{"embeddable":true,"href":"https:\/\/www.lauroikastola.eus\/es\/wp-json\/wp\/v2\/users\/1"}],"replies":[{"embeddable":true,"href":"https:\/\/www.lauroikastola.eus\/es\/wp-json\/wp\/v2\/comments?post=10017"}],"version-history":[{"count":2,"href":"https:\/\/www.lauroikastola.eus\/es\/wp-json\/wp\/v2\/pages\/10017\/revisions"}],"predecessor-version":[{"id":149603,"href":"https:\/\/www.lauroikastola.eus\/es\/wp-json\/wp\/v2\/pages\/10017\/revisions\/149603"}],"wp:attachment":[{"href":"https:\/\/www.lauroikastola.eus\/es\/wp-json\/wp\/v2\/media?parent=10017"}],"curies":[{"name":"wp","href":"https:\/\/api.w.org\/{rel}","templated":true}]}}