{"id":10307,"date":"2015-03-30T12:29:07","date_gmt":"2015-03-30T10:29:07","guid":{"rendered":"http:\/\/www.lauroikastola.eus\/zerbitzuak\/jantokia\/nutrizio-politika\/"},"modified":"2024-12-11T16:22:22","modified_gmt":"2024-12-11T15:22:22","slug":"nutrizio-politika","status":"publish","type":"page","link":"https:\/\/www.lauroikastola.eus\/es\/nutrizio-politika\/","title":{"rendered":"Nutrizio-politika"},"content":{"rendered":"[vc_row ct_row_stretch=\u00bbstretch_row\u00bb ct_bg_image=\u00bb79310&#8243; ct_bg_color_overlay=\u00bbrgba(0,0,0,0.4)\u00bb ct_bg_position=\u00bbcenter center\u00bb ct_bg_parallax=\u00bbfixed\u00bb][vc_column]<div class=\"ult-spacer spacer-6a02d75bd89a1\" data-id=\"6a02d75bd89a1\" data-height=\"200\" data-height-mobile=\"200\" data-height-tab=\"200\" data-height-tab-portrait=\"\" data-height-mobile-landscape=\"\" style=\"clear:both;display:block;\"><\/div><div id=\"ultimate-heading-92586a02d75bd8a88\" class=\"uvc-heading ult-adjust-bottom-margin ultimate-heading-92586a02d75bd8a88 uvc-2025 \" data-hspacer=\"line_only\"  data-halign=\"left\" style=\"text-align:left\"><div class=\"uvc-heading-spacer line_only\" style=\"topheight:1px;\"><span class=\"uvc-headings-line\" style=\"border-style:solid;border-bottom-width:1px;border-color:#9e9e9e;width:autopx;\"><\/span><\/div><div class=\"uvc-main-heading ult-responsive\"  data-ultimate-target='.uvc-heading.ultimate-heading-92586a02d75bd8a88 h2'  data-responsive-json-new='{\"font-size\":\"desktop:46px;\",\"line-height\":\"desktop:60px;\"}' ><h2 style=\"font-weight:bold;color:#ffffff;margin-top:10px;margin-bottom:60px;\">Pol\u00edtica nutricional<\/h2><\/div><\/div><div class=\"ult-spacer spacer-6a02d75bd8b38\" data-id=\"6a02d75bd8b38\" data-height=\"20\" data-height-mobile=\"20\" data-height-tab=\"20\" data-height-tab-portrait=\"\" data-height-mobile-landscape=\"\" style=\"clear:both;display:block;\"><\/div>[\/vc_column][\/vc_row][vc_row ct_row_stretch=\u00bb\u00bb][vc_column width=\u00bb1\/2&#8243;]<div class=\"ult-spacer spacer-6a02d75bd8b90\" data-id=\"6a02d75bd8b90\" data-height=\"30\" data-height-mobile=\"30\" data-height-tab=\"30\" data-height-tab-portrait=\"\" data-height-mobile-landscape=\"\" style=\"clear:both;display:block;\"><\/div>[vc_column_text]Lauro Ikastola est\u00e1 comprometida con la alimentaci\u00f3n saludable y la adquisici\u00f3n de h\u00e1bitos de vida saludable porque pensamos que es algo indispensable en la educaci\u00f3n de nuestros alumnos y alumnas y queremos que aprendan a vivirlo as\u00ed. Por ello sigue las indicaciones de la estrategia NAOS y las recomendaciones del Gobierno Vasco y nutricionistas para mejorar no s\u00f3lo los men\u00fas del comedor, sino todos los servicios que ofrece la Ikastola relacionados con la alimentaci\u00f3n (<em>hamaiketakos<\/em> de los alumnos y alumnas, cumplea\u00f1os organizados por la Ikastola, Campus de los periodos vacacionales,\u2026).<\/p>\n<p>&nbsp;[\/vc_column_text]<div class=\"ult-spacer spacer-6a02d75bd8be2\" data-id=\"6a02d75bd8be2\" data-height=\"30\" data-height-mobile=\"30\" data-height-tab=\"30\" data-height-tab-portrait=\"\" data-height-mobile-landscape=\"\" style=\"clear:both;display:block;\"><\/div>[\/vc_column][vc_column width=\u00bb1\/2&#8243;][vc_single_image image=\u00bb88880&#8243; img_size=\u00bbmedium\u00bb alignment=\u00bbcenter\u00bb][\/vc_column][\/vc_row][vc_row ct_row_stretch=\u00bb\u00bb][vc_column][vc_column_text]Lauro Ikastola est\u00e1 comprometida con la alimentaci\u00f3n saludable y la adquisici\u00f3n de h\u00e1bitos de vida saludable porque pensamos que es algo indispensable en la educaci\u00f3n de nuestros alumnos y alumnas y queremos que aprendan a vivirlo as\u00ed. Por ello sigue las indicaciones de la estrategia NAOS y las recomendaciones del Gobierno Vasco y nutricionistas para mejorar no s\u00f3lo los men\u00fas del comedor, sino todos los servicios que ofrece la ikastola relacionados con la alimentaci\u00f3n (<em>hamaiketakos<\/em> de los alumnos y alumnas, cumplea\u00f1os organizados por la ikastola, Campus de los periodos vacacionales,\u2026).<\/p>\n<p>Hemos implementado la alimentaci\u00f3n saludable en diferentes \u00e1mbitos de la ikastola:<\/p>\n<ul>\n<li>En todos los cursos de Infantil, la Ikastola ofrece <em>hamaiketakos<\/em> compuestos de fruta 3 d\u00edas a la semana, garantizando que coman al menos una o dos piezas de fruta al d\u00eda.<\/li>\n<li>En la etapa de Infantil cultivan el huerto, aprendiendo las verduras y frutas de temporada y anim\u00e1ndoles a consumirlas. En la etapa de Primaria se contin\u00faa con esta actividad a trav\u00e9s del proyecto \u201cBarelikos\u201d (Huerto-Alimentaci\u00f3n-Salud), incluyendo la actividad de cocinar los alimentos recogidos del huerto en la cocina escolar.<\/li>\n<li>En Primaria organizamos talleres de alimentaci\u00f3n saludable, con la persona responsable de salud y los responsables de la empresa especializada.<\/li>\n<li>Se promueven tambi\u00e9n en Primaria los <em>hamaiketakos<\/em> saludables, con programas como \u201cAula verde\u201d que promueve, entre otras acciones, el consumo de fruta.<\/li>\n<li>Est\u00e1 prohibido el consumo de \u201cchuches\u201d tanto en Infantil como en Primaria.<\/li>\n<li>En 6\u00ba de Primaria se recogen las peladuras y restos de las frutas del men\u00fa para crear compost para el huerto.<\/li>\n<li>Colaboramos en campa\u00f1as de recogida de alimentos.<\/li>\n<li>Cada trimestre se eval\u00faa si los alumnos y alumnas han adquiridos las competencias relacionadas al comedor o si han comido adecuadamente, y se informa a las familias.<\/li>\n<\/ul>\n<p>&nbsp;<\/p>\n<p>En el servicio de comedor, los \u00faltimos a\u00f1os se han seguido las recomendaciones en relaci\u00f3n a la alimentaci\u00f3n saludable, y para ello se han hecho adaptaciones en el men\u00fa, aumentando la oferta de prote\u00edna vegetal, disminuyendo la prote\u00edna animal, aumentando tambi\u00e9n la oferta de vegetales crudos y cocinados tanto en los platos principales como en las guarniciones, se garantiza el consumo de prote\u00edna de huevo semanalmente (considerada prote\u00edna de mucha calidad), disminuyendo el consumo de carnes, productos procesados y fritos , aumentando la oferta de pescado azul (incluyendo para ello en el men\u00fa filete de at\u00fan), disminuyendo el consumo de l\u00e1cteos en los postres y aumentando el de fruta.<\/p>\n<p>Atendiendo a las recomendaciones del aumento de consumo de fibra en la dieta, una vez a la semana el men\u00fa incluye pan integral; y una vez al mes, arroz integral como guarnici\u00f3n.<\/p>\n<p>Estas mismas pautas saludables se han tenido en cuenta el los <em>hamaiketakos<\/em> y cumplea\u00f1os, aumentando en estos el consumo de fruta en lugar de galletas. Las galletas que se ofrecen no contienen aceite de palma, atendiendo a las recomendaciones.<\/p>\n<p><strong>La Ikastola cuenta con cocina propia<\/strong> y un equipo de trabajadores cualificados y comprometidos en ofrecer el mejor servicio a nuestros alumnos y alumnas. Contamos con 4 cocineros y cocineras, auxiliares y una profesional del servicio de salud.<\/p>\n<p>Ofrecemos men\u00fas especiales para alumnos y alumnas con alergias e intolerancias. Adem\u00e1s se ofrece un men\u00fa vegetariano a los alumnos y alumnas que muestren un compromiso total con este tipo de alimentaci\u00f3n. El jefe de cocina estudia las caracter\u00edsticas de cada alumno con la responsable de salud y se le ofrece un servicio personal en caso necesario.<\/p>\n<p>Cada mes una empresa externa analiza el servicio del comedor, si se cumplen los par\u00e1metros de higiene y salud, tanto en materias primas, primer y segundos platos, como en las superficies que se utilizan, analizando muestras en el laboratorio.<\/p>\n<p>Intentamos ofrecer productos de Km0 en la medida de lo posible, promoviendo el consumo de productos de temporada.<\/p>\n<p>Intentamos concienciar a nuestro alumnado en la sostenibilidad y la solidaridad, en la reutilizaci\u00f3n de envases para los <em>hamaiketakos<\/em> (abogando por aumentar el consumo de fruta, cereales y frutos secos) y colaborando con asociaciones que trabajan con comedores sociales.<\/p>\n<p>Lauro Ikastola toma parte en el programa de Iniciativas Saludables del Gobierno Vasco, en el cual se definen varios objetivos en torno a la alimentaci\u00f3n saludable para trabajar en ellos e implementarlos a lo largo del a\u00f1o.[\/vc_column_text]<div class=\"ult-spacer spacer-6a02d75bd8c2f\" data-id=\"6a02d75bd8c2f\" data-height=\"30\" data-height-mobile=\"30\" data-height-tab=\"30\" data-height-tab-portrait=\"\" data-height-mobile-landscape=\"\" style=\"clear:both;display:block;\"><\/div>[\/vc_column][\/vc_row]\n","protected":false},"excerpt":{"rendered":"<p>[vc_row ct_row_stretch=\u00bbstretch_row\u00bb ct_bg_image=\u00bb79310&#8243; ct_bg_color_overlay=\u00bbrgba(0,0,0,0.4)\u00bb ct_bg_position=\u00bbcenter center\u00bb ct_bg_parallax=\u00bbfixed\u00bb][vc_column][\/vc_column][\/vc_row][vc_row ct_row_stretch=\u00bb\u00bb][vc_column width=\u00bb1\/2&#8243;][vc_column_text]Lauro Ikastola est\u00e1 comprometida con la alimentaci\u00f3n saludable y la adquisici\u00f3n de h\u00e1bitos de vida saludable porque pensamos que es algo indispensable en la educaci\u00f3n de nuestros alumnos y alumnas y queremos que aprendan a vivirlo as\u00ed. Por ello sigue las indicaciones de la estrategia NAOS y &#8230;<\/p>\n","protected":false},"author":1,"featured_media":0,"parent":0,"menu_order":0,"comment_status":"closed","ping_status":"open","template":"","meta":{"ngg_post_thumbnail":0,"footnotes":""},"class_list":["post-10307","page","type-page","status-publish","hentry"],"_links":{"self":[{"href":"https:\/\/www.lauroikastola.eus\/es\/wp-json\/wp\/v2\/pages\/10307","targetHints":{"allow":["GET"]}}],"collection":[{"href":"https:\/\/www.lauroikastola.eus\/es\/wp-json\/wp\/v2\/pages"}],"about":[{"href":"https:\/\/www.lauroikastola.eus\/es\/wp-json\/wp\/v2\/types\/page"}],"author":[{"embeddable":true,"href":"https:\/\/www.lauroikastola.eus\/es\/wp-json\/wp\/v2\/users\/1"}],"replies":[{"embeddable":true,"href":"https:\/\/www.lauroikastola.eus\/es\/wp-json\/wp\/v2\/comments?post=10307"}],"version-history":[{"count":0,"href":"https:\/\/www.lauroikastola.eus\/es\/wp-json\/wp\/v2\/pages\/10307\/revisions"}],"wp:attachment":[{"href":"https:\/\/www.lauroikastola.eus\/es\/wp-json\/wp\/v2\/media?parent=10307"}],"curies":[{"name":"wp","href":"https:\/\/api.w.org\/{rel}","templated":true}]}}