{"id":10521,"date":"2015-03-31T12:17:33","date_gmt":"2015-03-31T10:17:33","guid":{"rendered":"http:\/\/www.lauroikastola.eus\/gurasoen-orientazioa-aurkezpena\/etxerako-lanen-plana\/"},"modified":"2024-12-11T13:47:45","modified_gmt":"2024-12-11T12:47:45","slug":"etxerako-lanen-plana","status":"publish","type":"page","link":"https:\/\/www.lauroikastola.eus\/es\/etxerako-lanen-plana\/","title":{"rendered":"Plan de trabajo personal en casa"},"content":{"rendered":"[vc_row ct_row_stretch=\u00bbstretch_row\u00bb ct_bg_image=\u00bb78174&#8243; ct_bg_color_overlay=\u00bbrgba(0,0,0,0.4)\u00bb ct_bg_position=\u00bbcenter center\u00bb ct_bg_parallax=\u00bbfixed\u00bb][vc_column]<div class=\"ult-spacer spacer-6a070a101efb6\" data-id=\"6a070a101efb6\" data-height=\"200\" data-height-mobile=\"200\" data-height-tab=\"200\" data-height-tab-portrait=\"\" data-height-mobile-landscape=\"\" style=\"clear:both;display:block;\"><\/div><div id=\"ultimate-heading-48886a070a101f0d9\" class=\"uvc-heading ult-adjust-bottom-margin ultimate-heading-48886a070a101f0d9 uvc-5869 \" data-hspacer=\"line_only\"  data-halign=\"left\" style=\"text-align:left\"><div class=\"uvc-heading-spacer line_only\" style=\"topheight:1px;\"><span class=\"uvc-headings-line\" style=\"border-style:solid;border-bottom-width:1px;border-color:#9e9e9e;width:autopx;\"><\/span><\/div><div class=\"uvc-main-heading ult-responsive\"  data-ultimate-target='.uvc-heading.ultimate-heading-48886a070a101f0d9 h2'  data-responsive-json-new='{\"font-size\":\"desktop:46px;\",\"line-height\":\"desktop:60px;\"}' ><h2 style=\"font-weight:bold;color:#ffffff;margin-top:10px;margin-bottom:60px;\">Trabajo personal en casa<\/h2><\/div><\/div><div class=\"ult-spacer spacer-6a070a101f16c\" data-id=\"6a070a101f16c\" data-height=\"20\" data-height-mobile=\"20\" data-height-tab=\"20\" data-height-tab-portrait=\"\" data-height-mobile-landscape=\"\" style=\"clear:both;display:block;\"><\/div>[\/vc_column][\/vc_row][vc_row ct_row_stretch=\u00bb\u00bb bg_type=\u00bbbg_color\u00bb css=\u00bb.vc_custom_1571135031293{padding-top: 20px !important;}\u00bb bg_color_value=\u00bb#ededed\u00bb][vc_column width=\u00bb1\/4&#8243;]<div class=\"aio-icon-component    style_2\"><a class=\"aio-icon-box-link\" href=\"\/es\/gurasoen-orientazioa-aurkezpena\/\" ><div id=\"Info-box-wrap-9401\" class=\"aio-icon-box top-icon\" style=\"\"  ><div class=\"aio-icon-top\"><div class=\"ult-just-icon-wrapper  \"><div class=\"align-icon\" style=\"text-align:center;\">\n<div class=\"aio-icon circle \"  style=\"color:#ffffff;background:#fd1311;font-size:26px;display:inline-block;\">\n\t<i class=\"Defaults-bullseye\"><\/i>\n<\/div><\/div><\/div><\/div><div class=\"aio-icon-header\" ><h6 class=\"aio-icon-title ult-responsive\"  data-ultimate-target='#Info-box-wrap-9401 .aio-icon-title'  data-responsive-json-new='{\"font-size\":\"\",\"line-height\":\"\"}'  style=\"\">Presentaci\u00f3n<\/h6><\/div> <!-- header --><\/div> <!-- aio-icon-box --><\/a><\/div> <!-- aio-icon-component -->[\/vc_column][vc_column width=\u00bb1\/4&#8243;]<div class=\"aio-icon-component    style_2\"><a class=\"aio-icon-box-link\" href=\"\/es\/kiva\/\" ><div id=\"Info-box-wrap-3366\" class=\"aio-icon-box top-icon\" style=\"\"  ><div class=\"aio-icon-top\"><div class=\"ult-just-icon-wrapper  \"><div class=\"align-icon\" style=\"text-align:center;\">\n<div class=\"aio-icon circle \"  style=\"color:#ffffff;background:#fd1311;font-size:26px;display:inline-block;\">\n\t<i class=\"Defaults-slideshare\"><\/i>\n<\/div><\/div><\/div><\/div><div class=\"aio-icon-header\" ><h6 class=\"aio-icon-title ult-responsive\"  data-ultimate-target='#Info-box-wrap-3366 .aio-icon-title'  data-responsive-json-new='{\"font-size\":\"\",\"line-height\":\"\"}'  style=\"\">Plan KiVa \u2013 antibulling<\/h6><\/div> <!-- header --><\/div> <!-- aio-icon-box --><\/a><\/div> <!-- aio-icon-component -->[\/vc_column][vc_column width=\u00bb1\/4&#8243;]<div class=\"aio-icon-component    style_2\"><a class=\"aio-icon-box-link\" href=\"\/es\/use\/\" ><div id=\"Info-box-wrap-9780\" class=\"aio-icon-box top-icon\" style=\"\"  ><div class=\"aio-icon-top\"><div class=\"ult-just-icon-wrapper  \"><div class=\"align-icon\" style=\"text-align:center;\">\n<div class=\"aio-icon circle \"  style=\"color:#ffffff;background:#fd1311;font-size:26px;display:inline-block;\">\n\t<i class=\"Defaults-bank institution university\"><\/i>\n<\/div><\/div><\/div><\/div><div class=\"aio-icon-header\" ><h6 class=\"aio-icon-title ult-responsive\"  data-ultimate-target='#Info-box-wrap-9780 .aio-icon-title'  data-responsive-json-new='{\"font-size\":\"\",\"line-height\":\"\"}'  style=\"\">Orientaci\u00f3n en Batxiler<\/h6><\/div> <!-- header --><\/div> <!-- aio-icon-box --><\/a><\/div> <!-- aio-icon-component -->[\/vc_column][vc_column width=\u00bb1\/4&#8243;]<div class=\"aio-icon-component    style_2\"><a class=\"aio-icon-box-link\" href=\"\/es\/etxerako-lanen-plana\/\" ><div id=\"Info-box-wrap-9518\" class=\"aio-icon-box top-icon\" style=\"\"  ><div class=\"aio-icon-top\"><div class=\"ult-just-icon-wrapper  \"><div class=\"align-icon\" style=\"text-align:center;\">\n<div class=\"aio-icon circle \"  style=\"color:#ffffff;background:#adadad;font-size:26px;display:inline-block;\">\n\t<i class=\"Defaults-home\"><\/i>\n<\/div><\/div><\/div><\/div><div class=\"aio-icon-header\" ><h6 class=\"aio-icon-title ult-responsive\"  data-ultimate-target='#Info-box-wrap-9518 .aio-icon-title'  data-responsive-json-new='{\"font-size\":\"\",\"line-height\":\"\"}'  style=\"\">Trabajo personal en casa<\/h6><\/div> <!-- header --><\/div> <!-- aio-icon-box --><\/a><\/div> <!-- aio-icon-component -->[\/vc_column][\/vc_row][vc_row ct_row_stretch=\u00bb\u00bb bg_type=\u00bbbg_color\u00bb css=\u00bb.vc_custom_1571135009903{margin-bottom: 20px !important;}\u00bb bg_color_value=\u00bb#ededed\u00bb][vc_column width=\u00bb1\/4&#8243;]<div class=\"aio-icon-component    style_2\"><a class=\"aio-icon-box-link\" href=\"\/es\/orientazio-hitzaldiak\/\" ><div id=\"Info-box-wrap-2360\" class=\"aio-icon-box top-icon\" style=\"\"  ><div class=\"aio-icon-top\"><div class=\"ult-just-icon-wrapper  \"><div class=\"align-icon\" style=\"text-align:center;\">\n<div class=\"aio-icon circle \"  style=\"color:#ffffff;background:#fd1311;font-size:26px;display:inline-block;\">\n\t<i class=\"Defaults-wechat weixin\"><\/i>\n<\/div><\/div><\/div><\/div><div class=\"aio-icon-header\" ><h6 class=\"aio-icon-title ult-responsive\"  data-ultimate-target='#Info-box-wrap-2360 .aio-icon-title'  data-responsive-json-new='{\"font-size\":\"\",\"line-height\":\"\"}'  style=\"\">Charlas orientativas<\/h6><\/div> <!-- header --><\/div> <!-- aio-icon-box --><\/a><\/div> <!-- aio-icon-component -->[\/vc_column][vc_column width=\u00bb1\/4&#8243;]<div class=\"aio-icon-component    style_2\"><a class=\"aio-icon-box-link\" href=\"\/es\/artikulu-interesagarriak\/\" ><div id=\"Info-box-wrap-6632\" class=\"aio-icon-box top-icon\" style=\"\"  ><div class=\"aio-icon-top\"><div class=\"ult-just-icon-wrapper  \"><div class=\"align-icon\" style=\"text-align:center;\">\n<div class=\"aio-icon circle \"  style=\"color:#ffffff;background:#fd1311;font-size:26px;display:inline-block;\">\n\t<i class=\"Defaults-thumbs-o-up\"><\/i>\n<\/div><\/div><\/div><\/div><div class=\"aio-icon-header\" ><h6 class=\"aio-icon-title ult-responsive\"  data-ultimate-target='#Info-box-wrap-6632 .aio-icon-title'  data-responsive-json-new='{\"font-size\":\"\",\"line-height\":\"\"}'  style=\"\">Art\u00edculos de inter\u00e9s<\/h6><\/div> <!-- header --><\/div> <!-- aio-icon-box --><\/a><\/div> <!-- aio-icon-component -->[\/vc_column][\/vc_row][vc_row ct_row_stretch=\u00bb\u00bb][vc_column][vc_tta_tabs][vc_tta_section title=\u00bbEducaci\u00f3n Infantil y Primaria\u00bb tab_id=\u00bb1571914038365-1ce554bb-aefe\u00bb][vc_column_text]\n<h3>Objetivos<\/h3>\n<p>Adquirir h\u00e1bitos de trabajo personal y t\u00e9cnicas de estudio.<\/p>\n<h3>Directrices<\/h3>\n<p><strong>Durante el curso<\/strong><\/p>\n<ul class=\"bolas\">\n<li>Primer ciclo: 20 minutos al d\u00eda, aproximadamente.<\/li>\n<li>Segundo ciclo: dos trabajos por d\u00eda, de unos 20&nbsp; minutos cada uno, aproximadamente (total: 50 minutos).<\/li>\n<li>Tercer ciclo: dos trabajos por d\u00eda, de unos 25 minutos cada uno, aproximadamente (total: 50 minutos).<\/li>\n<\/ul>\n<p>Estos trabajos se valorar\u00e1n al d\u00eda siguiente, en clase.<\/p>\n<p><strong>Vacaciones de Navidad<\/strong><\/p>\n<ul class=\"bolas\">\n<li>Primer ciclo: trabajo para 10 d\u00edas, a 20 minutos por cada d\u00eda, aproximadamente.<\/li>\n<li>Segundo ciclo: trabajo para 10 d\u00edas, a 20 minutos por d\u00eda, aproximadamente, y la lectura de un libro en euskara y cumplimentaci\u00f3n de una ficha preparada por el profesor\/a.<\/li>\n<li>Tercer ciclo: trabajo para 10 d\u00edas, a 25 minutos por d\u00eda, aproximadamente, y lectura de un libro en euskara y cumplimentaci\u00f3n de una ficha preparada por el profesor\/a.<br \/>\nIngl\u00e9s: sesiones de 15 minutos&nbsp; diarios para desarrollar los ejercicios grabados en el caset de esta mater\u00eda.<\/li>\n<\/ul>\n<p>Estos trabajos ser\u00e1n recogidos y valorados despu\u00e9s de vacaciones.<\/p>\n<p><strong>Vacaciones de Semana Santa<\/strong><br \/>\nLo mismo que en las de&nbsp; navidad, pero en el segundo y tercer ciclo deber\u00e1n leer un libro de castellano en vez de euskera.<\/p>\n<p><strong>Vacaciones de verano<br \/>\n<\/strong>Se publica en las sites de cada nivel. Estos trabajos ser\u00e1n recogidos y valorados despu\u00e9s de vacaciones.<\/p>\n<h3>Notas<\/h3>\n<ul class=\"bolas\">\n<li>Los alumnos y alumnas deben disponer de un espacio asignado y debidamente ambientado que propicie la realizaci\u00f3n del trabajo personal, con la supervisi\u00f3n de las familias.<\/li>\n<li>As\u00ed mismo, conviene que dispongan de un horario regular diario de trabajo personal, y a lo largo de la semana para deberes, y que sea cumplido.<\/li>\n<li>No est\u00e1n incluidos en este ordenamiento general de trabajo de casa, las labores de finalizaci\u00f3n de tareas no acabadas en clase, o la de aquellos alumnos y alumnas que puntualmente presenten una necesidad especial.<\/li>\n<\/ul>\n[\/vc_column_text][\/vc_tta_section][vc_tta_section title=\u00bbEducaci\u00f3n Secundaria\u00bb tab_id=\u00bb1571914038409-8513d052-8358&#8243;][vc_column_text]<strong>EL ESPACIO Y EL ENTORNO SON IMPORTANTES<\/strong><\/p>\n<ol>\n<li>Es importante trabajar siempre en el mismo espacio.<\/li>\n<li>El lugar de trabajo debe cumplir las siguientes condiciones:\n<ol>\n<li>Que propicie la concentraci\u00f3n. Deben evitarse espacios de paso de gente y ruido (TV-radio).<\/li>\n<li>Es importante que la habitaci\u00f3n y la mesa est\u00e9n ordenadas: s\u00f3lo tiene que haber material de estudio sobre la mesa.<\/li>\n<li>Tiene que haber luz suficiente, a poder ser, natural.<\/li>\n<\/ol>\n<\/li>\n<li>Lo mejor es disponer de una mesa de estudio propia.<\/li>\n<\/ol>\n<p><strong>\u00bfCU\u00c1L ES EL MEJOR MOMENTO?<\/strong><\/p>\n<ol>\n<li>Siempre a la misma hora, para adquirir el h\u00e1bito.<\/li>\n<li>Todos los d\u00edas, por la tarde, tras la jornada escolar.<\/li>\n<li>No son buenos momentos las horas posteriores a la comida y\/o tras una actividad deportiva prolongada y de gran esfuerzo.<\/li>\n<\/ol>\n<p><strong>\u00bfC\u00d3MO ORGANIZAR EL TRABAJO DIARIO?<\/strong><\/p>\n<p>Es necesario repartir el esfuerzo seg\u00fan las tareas que se deban realizar:<\/p>\n<ul>\n<li>complejidad de las asignaturas;<\/li>\n<li>tipo de ejercicios y el cansancio que generan;<\/li>\n<li>los descansos y los cambios de asignaturas necesarios.<\/li>\n<\/ul>\n<p>Planificaci\u00f3n:<\/p>\n<ol>\n<li>Empezar con una asignatura f\u00e1cil o apetecible.<\/li>\n<li><strong>Descanso corto: <\/strong>cinco minutos.<\/li>\n<li>La asignatura m\u00e1s dif\u00edcil o m\u00e1s complicada.<\/li>\n<li><strong>Descanso m\u00e1s largo: <\/strong>quince minutos.<\/li>\n<li>Terminar con los ejercicios m\u00e1s f\u00e1ciles: repaso de alguna asignatura, repasar los temas que se ver\u00e1n al d\u00eda siguiente, lectura, etc.<\/li>\n<\/ol>\n<p>Es importante no levantarse cada 10 minutos (a por la goma, la merienda, visitas a los hermanos, etc.).[\/vc_column_text][\/vc_tta_section][vc_tta_section title=\u00bbBachilleres\u00bb tab_id=\u00bb1571914040901-9eca55ef-90da\u00bb][vc_column_text]<strong>Las tareas para casa tienen un triple enfoque en esta etapa:<\/strong><\/p>\n<ul class=\"bolas\">\n<li>Desarrollar ejercicios pr\u00e1cticos de cada asignatura, complementarios, a los realizados en clase.<\/li>\n<li>Adquirir conceptos mediante res\u00famenes, esquemas, mapas conceptuales y tareas de memorizaci\u00f3n.<\/li>\n<li>Desarrollar trabajos de iniciativa personal y de investigaci\u00f3n (en relaci\u00f3n con el proyecto de \u201cIkerketa lana\u201d).<\/li>\n<li>Los profesores y profesoras hacen el seguimiento de la tareas encomendadas y del trabajo personal y lo tienen en cuenta en la evaluaci\u00f3n continua de los alumnos y alumnas, seg\u00fan las pautas previamente establecidas en cada materia.<\/li>\n<li>El alumno o alumna debe desarrollar la capacidad de estudiar habitualmente dos horas diarias.<\/li>\n<li>Los alumnos y alumnas deben disponer de un espacio asignado que, con las debidas condiciones de aislamiento, luz y ambientaci\u00f3n, propicie la realizaci\u00f3n del trabajo personal.<\/li>\n<li>Es necesario, igualmente, que organicen su tiempo de estudio personal con un programa que incluya las sesiones diarias y semanales en un sistema realizable.<\/li>\n<\/ul>\n[\/vc_column_text][\/vc_tta_section][\/vc_tta_tabs][\/vc_column][\/vc_row]\n","protected":false},"excerpt":{"rendered":"<p>[vc_row ct_row_stretch=\u00bbstretch_row\u00bb ct_bg_image=\u00bb78174&#8243; ct_bg_color_overlay=\u00bbrgba(0,0,0,0.4)\u00bb ct_bg_position=\u00bbcenter center\u00bb ct_bg_parallax=\u00bbfixed\u00bb][vc_column][\/vc_column][\/vc_row][vc_row ct_row_stretch=\u00bb\u00bb bg_type=\u00bbbg_color\u00bb css=\u00bb.vc_custom_1571135031293{padding-top: 20px !important;}\u00bb bg_color_value=\u00bb#ededed\u00bb][vc_column width=\u00bb1\/4&#8243;][\/vc_column][vc_column width=\u00bb1\/4&#8243;][\/vc_column][vc_column width=\u00bb1\/4&#8243;][\/vc_column][vc_column width=\u00bb1\/4&#8243;][\/vc_column][\/vc_row][vc_row ct_row_stretch=\u00bb\u00bb bg_type=\u00bbbg_color\u00bb css=\u00bb.vc_custom_1571135009903{margin-bottom: 20px !important;}\u00bb bg_color_value=\u00bb#ededed\u00bb][vc_column width=\u00bb1\/4&#8243;][\/vc_column][vc_column width=\u00bb1\/4&#8243;][\/vc_column][\/vc_row][vc_row ct_row_stretch=\u00bb\u00bb][vc_column][vc_tta_tabs][vc_tta_section title=\u00bbEducaci\u00f3n Infantil y Primaria\u00bb tab_id=\u00bb1571914038365-1ce554bb-aefe\u00bb][vc_column_text] Objetivos Adquirir h\u00e1bitos de trabajo personal y t\u00e9cnicas de estudio. Directrices Durante el curso Primer ciclo: 20 minutos al d\u00eda, aproximadamente. Segundo ciclo: dos &#8230;<\/p>\n","protected":false},"author":1,"featured_media":0,"parent":0,"menu_order":0,"comment_status":"closed","ping_status":"open","template":"","meta":{"ngg_post_thumbnail":0,"footnotes":""},"class_list":["post-10521","page","type-page","status-publish","hentry"],"_links":{"self":[{"href":"https:\/\/www.lauroikastola.eus\/es\/wp-json\/wp\/v2\/pages\/10521","targetHints":{"allow":["GET"]}}],"collection":[{"href":"https:\/\/www.lauroikastola.eus\/es\/wp-json\/wp\/v2\/pages"}],"about":[{"href":"https:\/\/www.lauroikastola.eus\/es\/wp-json\/wp\/v2\/types\/page"}],"author":[{"embeddable":true,"href":"https:\/\/www.lauroikastola.eus\/es\/wp-json\/wp\/v2\/users\/1"}],"replies":[{"embeddable":true,"href":"https:\/\/www.lauroikastola.eus\/es\/wp-json\/wp\/v2\/comments?post=10521"}],"version-history":[{"count":1,"href":"https:\/\/www.lauroikastola.eus\/es\/wp-json\/wp\/v2\/pages\/10521\/revisions"}],"predecessor-version":[{"id":140250,"href":"https:\/\/www.lauroikastola.eus\/es\/wp-json\/wp\/v2\/pages\/10521\/revisions\/140250"}],"wp:attachment":[{"href":"https:\/\/www.lauroikastola.eus\/es\/wp-json\/wp\/v2\/media?parent=10521"}],"curies":[{"name":"wp","href":"https:\/\/api.w.org\/{rel}","templated":true}]}}