{"id":107809,"date":"2022-06-13T10:52:07","date_gmt":"2022-06-13T08:52:07","guid":{"rendered":"https:\/\/www.lauroikastola.eus\/ikastolako-denda\/"},"modified":"2025-09-29T09:34:21","modified_gmt":"2025-09-29T07:34:21","slug":"ikastolako-denda","status":"publish","type":"page","link":"https:\/\/www.lauroikastola.eus\/es\/ikastolako-denda\/","title":{"rendered":"Tienda de Lauro Ikastola"},"content":{"rendered":"[vc_row ct_row_stretch=\u00bb\u00bb][vc_column]<div class=\"ult-spacer spacer-6a02d9588be9e\" data-id=\"6a02d9588be9e\" data-height=\"30\" data-height-mobile=\"30\" data-height-tab=\"30\" data-height-tab-portrait=\"\" data-height-mobile-landscape=\"\" style=\"clear:both;display:block;\"><\/div>[\/vc_column][\/vc_row][vc_row ct_row_stretch=\u00bb\u00bb][vc_column width=\u00bb1\/2&#8243;][vc_column_text]\n<h3><strong><span style=\"color: #800000;\">ROPA PARA EDUCACI\u00d3N F\u00cdSICA Y MATERIALES DE LA IKASTOLA<\/span><br \/>\n<\/strong><\/h3>\n<p>Ropa escolar deportiva (ch\u00e1ndal):<\/p>\n<ul>\n<li><strong>Infantil<\/strong>: es obligatorio los d\u00edas de Motricidad y Nataci\u00f3n.<\/li>\n<li><strong>Primaria y ESO:<\/strong> es obligatorio los d\u00edas de Educaci\u00f3n F\u00edsica.<\/li>\n<li><strong>Bachiller<\/strong>: no es obligatorio su uso, pero quien lo desee puede adquirirla.<\/li>\n<\/ul>\n<p><span style=\"color: #800000;\"><strong>\u00bfC\u00f3mo comprar la ropa para Educaci\u00f3n F\u00edsica de la Ikastola?<\/strong><\/span><\/p>\n<p>La compra debe realizarse <em>on-line<\/em>. Al final encontrar\u00e1s el enlace a la tienda.[\/vc_column_text][vc_message message_box_style=\u00bbsolid-icon\u00bb message_box_color=\u00bbgreen\u00bb icon_fontawesome=\u00bbfas fa-exclamation-triangle\u00bb css=\u00bb.vc_custom_1655709789735{margin-top: 30px !important;}\u00bb]Lee atentamente las instrucciones, por favor[\/vc_message][vc_column_text]Los pedidos se gestionan por etapas. Por lo tanto, si tus hijos e hijas se encuentran en etapas diferentes, deber\u00e1s realizar un pedido por etapa. Si se encuentran en la misma etapa, podr\u00e1s unificar el pedido en dicha etapa y la entrega se realizar\u00e1 a uno de ellos.<\/p>\n<p>Cuando selecciones los productos deber\u00e1s indicar la etapa de reparto.<\/p>\n<p>El pago se realizar\u00e1 con tarjeta bancaria, en la aplicaci\u00f3n de tienda on-line.<\/p>\n<p><span style=\"color: #800000;\"><strong>\u00bfC\u00f3mo me entregan el pedido?<\/strong><\/span><\/p>\n<ul>\n<li><strong>Infantil&nbsp; y Primaria<\/strong>: cuando el pedido est\u00e9 preparado, recibir\u00e9is un mensaje y se lo entregaremos al alumno o alumna.<\/li>\n<li><strong>ESO y Bachiller<\/strong>: cuando el pedido est\u00e9 preparado recibir\u00e9is un mensaje para que le indiqu\u00e9is que acuda a recogerlo a donde en bedel, durante el recreo. Cuando le sea entregado, recibir\u00e9is otro correo de confirmaci\u00f3n.<\/li>\n<\/ul>\n<p><span style=\"color: #800000;\"><strong>\u00bfC\u00f3mo devuelvo o cambio una prenda?<\/strong><\/span><\/p>\n<ul>\n<li><strong>Infantil y Primaria<\/strong>: el alumno o alumna traer\u00e1 la prenda a la Ikastola con una nota del padre-madre indicando lo que haya que hacer, y se lo indicar\u00e1 al tutor o tutora.<\/li>\n<li><strong>ESO<\/strong>: durante los recreos, en la sala del bedel responsable del reparto. INICIO DE CURSO: primero se entregar\u00e1n todos los pedidos y se comenzar\u00e1 a realizar los cambios en octubre, cuando lo indique el responsable, durante los recreos.<\/li>\n<\/ul>\n[\/vc_column_text]<div class=\"ult-spacer spacer-6a02d9588bf3a\" data-id=\"6a02d9588bf3a\" data-height=\"40\" data-height-mobile=\"40\" data-height-tab=\"40\" data-height-tab-portrait=\"\" data-height-mobile-landscape=\"\" style=\"clear:both;display:block;\"><\/div>[vc_btn title=\u00bbTienda\u00bb style=\u00bbflat\u00bb color=\u00bbsuccess\u00bb size=\u00bblg\u00bb align=\u00bbcenter\u00bb i_icon_fontawesome=\u00bbfas fa-shopping-cart\u00bb button_block=\u00bbtrue\u00bb add_icon=\u00bbtrue\u00bb link=\u00bburl:https%3A%2F%2Fwww.lauroikastola.eus%2Fes%2Fdenda\u00bb][\/vc_column][vc_column width=\u00bb1\/2&#8243;][vc_single_image image=\u00bb108007&#8243; img_size=\u00bblarge\u00bb alignment=\u00bbcenter\u00bb][\/vc_column][\/vc_row][vc_row ct_row_stretch=\u00bb\u00bb][vc_column]<div class=\"ult-spacer spacer-6a02d9588bf82\" data-id=\"6a02d9588bf82\" data-height=\"30\" data-height-mobile=\"30\" data-height-tab=\"30\" data-height-tab-portrait=\"\" data-height-mobile-landscape=\"\" style=\"clear:both;display:block;\"><\/div>[\/vc_column][\/vc_row]\n","protected":false},"excerpt":{"rendered":"<p>[vc_row ct_row_stretch=\u00bb\u00bb][vc_column][\/vc_column][\/vc_row][vc_row ct_row_stretch=\u00bb\u00bb][vc_column width=\u00bb1\/2&#8243;][vc_column_text] ROPA PARA EDUCACI\u00d3N F\u00cdSICA Y MATERIALES DE LA IKASTOLA Ropa escolar deportiva (ch\u00e1ndal): Infantil: es obligatorio los d\u00edas de Motricidad y Nataci\u00f3n. Primaria y ESO: es obligatorio los d\u00edas de Educaci\u00f3n F\u00edsica. Bachiller: no es obligatorio su uso, pero quien lo desee puede adquirirla. \u00bfC\u00f3mo comprar la ropa para Educaci\u00f3n F\u00edsica &#8230;<\/p>\n","protected":false},"author":1,"featured_media":0,"parent":0,"menu_order":0,"comment_status":"closed","ping_status":"closed","template":"","meta":{"ngg_post_thumbnail":0,"footnotes":""},"class_list":["post-107809","page","type-page","status-publish","hentry"],"_links":{"self":[{"href":"https:\/\/www.lauroikastola.eus\/es\/wp-json\/wp\/v2\/pages\/107809","targetHints":{"allow":["GET"]}}],"collection":[{"href":"https:\/\/www.lauroikastola.eus\/es\/wp-json\/wp\/v2\/pages"}],"about":[{"href":"https:\/\/www.lauroikastola.eus\/es\/wp-json\/wp\/v2\/types\/page"}],"author":[{"embeddable":true,"href":"https:\/\/www.lauroikastola.eus\/es\/wp-json\/wp\/v2\/users\/1"}],"replies":[{"embeddable":true,"href":"https:\/\/www.lauroikastola.eus\/es\/wp-json\/wp\/v2\/comments?post=107809"}],"version-history":[{"count":4,"href":"https:\/\/www.lauroikastola.eus\/es\/wp-json\/wp\/v2\/pages\/107809\/revisions"}],"predecessor-version":[{"id":146207,"href":"https:\/\/www.lauroikastola.eus\/es\/wp-json\/wp\/v2\/pages\/107809\/revisions\/146207"}],"wp:attachment":[{"href":"https:\/\/www.lauroikastola.eus\/es\/wp-json\/wp\/v2\/media?parent=107809"}],"curies":[{"name":"wp","href":"https:\/\/api.w.org\/{rel}","templated":true}]}}