{"id":10825,"date":"2015-04-07T12:49:37","date_gmt":"2015-04-07T10:49:37","guid":{"rendered":"http:\/\/www.lauroikastola.eus\/euskeraz-aurkezpena-2\/"},"modified":"2021-10-06T13:49:04","modified_gmt":"2021-10-06T11:49:04","slug":"euskeraz-aurkezpena","status":"publish","type":"page","link":"https:\/\/www.lauroikastola.eus\/es\/euskeraz-aurkezpena\/","title":{"rendered":"Euskaraldia"},"content":{"rendered":"[vc_row ct_row_stretch=\u00bbstretch_row\u00bb ct_bg_image=\u00bb78632&#8243; ct_bg_color_overlay=\u00bbrgba(0,0,0,0.4)\u00bb ct_bg_position=\u00bbcenter center\u00bb ct_bg_parallax=\u00bbfixed\u00bb][vc_column]<div class=\"ult-spacer spacer-6a04b9de67e49\" data-id=\"6a04b9de67e49\" data-height=\"200\" data-height-mobile=\"200\" data-height-tab=\"200\" data-height-tab-portrait=\"\" data-height-mobile-landscape=\"\" style=\"clear:both;display:block;\"><\/div><div id=\"ultimate-heading-48206a04b9de67f96\" class=\"uvc-heading ult-adjust-bottom-margin ultimate-heading-48206a04b9de67f96 uvc-2853 \" data-hspacer=\"line_only\"  data-halign=\"left\" style=\"text-align:left\"><div class=\"uvc-heading-spacer line_only\" style=\"topheight:1px;\"><span class=\"uvc-headings-line\" style=\"border-style:solid;border-bottom-width:1px;border-color:#9e9e9e;width:autopx;\"><\/span><\/div><div class=\"uvc-main-heading ult-responsive\"  data-ultimate-target='.uvc-heading.ultimate-heading-48206a04b9de67f96 h2'  data-responsive-json-new='{\"font-size\":\"desktop:46px;\",\"line-height\":\"desktop:60px;\"}' ><h2 style=\"font-weight:bold;color:#ffffff;margin-top:10px;margin-bottom:60px;\">Euskaraldia<\/h2><\/div><\/div><div class=\"ult-spacer spacer-6a04b9de68066\" data-id=\"6a04b9de68066\" data-height=\"20\" data-height-mobile=\"20\" data-height-tab=\"20\" data-height-tab-portrait=\"\" data-height-mobile-landscape=\"\" style=\"clear:both;display:block;\"><\/div>[\/vc_column][\/vc_row][vc_row ct_row_stretch=\u00bb\u00bb bg_type=\u00bbbg_color\u00bb css=\u00bb.vc_custom_1570706220848{margin-bottom: 20px !important;padding-top: 20px !important;}\u00bb bg_color_value=\u00bb#ededed\u00bb][vc_column width=\u00bb1\/5&#8243;]<div class=\"aio-icon-component    style_2\"><a class=\"aio-icon-box-link\" href=\"\/es\/euskeraz-aurkezpena\/\" title=\"Euskaraldia\" ><div id=\"Info-box-wrap-2386\" class=\"aio-icon-box top-icon\" style=\"\"  ><div class=\"aio-icon-top\"><div class=\"ult-just-icon-wrapper  \"><div class=\"align-icon\" style=\"text-align:center;\">\n<div class=\"aio-icon circle \"  style=\"color:#ffffff;background:#adadad;font-size:26px;display:inline-block;\">\n\t<i class=\"Defaults-stack-overflow\"><\/i>\n<\/div><\/div><\/div><\/div><div class=\"aio-icon-header\" ><h6 class=\"aio-icon-title ult-responsive\"  data-ultimate-target='#Info-box-wrap-2386 .aio-icon-title'  data-responsive-json-new='{\"font-size\":\"\",\"line-height\":\"\"}'  style=\"\">Euskaraldia<\/h6><\/div> <!-- header --><\/div> <!-- aio-icon-box --><\/a><\/div> <!-- aio-icon-component -->[\/vc_column][vc_column width=\u00bb1\/5&#8243;]<div class=\"aio-icon-component    style_2\"><a class=\"aio-icon-box-link\" href=\"\/es\/ahobizibelarriprest\/\" title=\"Ahobizi\/belarriprest\" ><div id=\"Info-box-wrap-5116\" class=\"aio-icon-box top-icon\" style=\"\"  ><div class=\"aio-icon-top\"><div class=\"ult-just-icon-wrapper  \"><div class=\"align-icon\" style=\"text-align:center;\">\n<div class=\"aio-icon circle \"  style=\"color:#ffffff;background:#fd1311;font-size:26px;display:inline-block;\">\n\t<i class=\"Defaults-bullhorn\"><\/i>\n<\/div><\/div><\/div><\/div><div class=\"aio-icon-header\" ><h6 class=\"aio-icon-title ult-responsive\"  data-ultimate-target='#Info-box-wrap-5116 .aio-icon-title'  data-responsive-json-new='{\"font-size\":\"\",\"line-height\":\"\"}'  style=\"\">Ahobizi\/belarriprest<\/h6><\/div> <!-- header --><\/div> <!-- aio-icon-box --><\/a><\/div> <!-- aio-icon-component -->[\/vc_column][vc_column width=\u00bb1\/5&#8243;]<div class=\"aio-icon-component    style_2\"><a class=\"aio-icon-box-link\" href=\"\/es\/lauroko-logoa\/\" title=\"Lauroko logoa\" ><div id=\"Info-box-wrap-2344\" class=\"aio-icon-box top-icon\" style=\"\"  ><div class=\"aio-icon-top\"><div class=\"ult-just-icon-wrapper  \"><div class=\"align-icon\" style=\"text-align:center;\">\n<div class=\"aio-icon circle \"  style=\"color:#ffffff;background:#fd1311;font-size:26px;display:inline-block;\">\n\t<i class=\"Defaults-image photo picture-o\"><\/i>\n<\/div><\/div><\/div><\/div><div class=\"aio-icon-header\" ><h6 class=\"aio-icon-title ult-responsive\"  data-ultimate-target='#Info-box-wrap-2344 .aio-icon-title'  data-responsive-json-new='{\"font-size\":\"\",\"line-height\":\"\"}'  style=\"\">Logos de Lauro<\/h6><\/div> <!-- header --><\/div> <!-- aio-icon-box --><\/a><\/div> <!-- aio-icon-component -->[\/vc_column][vc_column width=\u00bb1\/5&#8243;]<div class=\"aio-icon-component    style_2\"><a class=\"aio-icon-box-link\" href=\"\/es\/gurasoen-hamaikakoa\/\" title=\"Gurasoen hamaikakoa\" ><div id=\"Info-box-wrap-7096\" class=\"aio-icon-box top-icon\" style=\"\"  ><div class=\"aio-icon-top\"><div class=\"ult-just-icon-wrapper  \"><div class=\"align-icon\" style=\"text-align:center;\">\n<div class=\"aio-icon circle \"  style=\"color:#ffffff;background:#fd1311;font-size:26px;display:inline-block;\">\n\t<i class=\"Defaults-file-text-o\"><\/i>\n<\/div><\/div><\/div><\/div><div class=\"aio-icon-header\" ><h6 class=\"aio-icon-title ult-responsive\"  data-ultimate-target='#Info-box-wrap-7096 .aio-icon-title'  data-responsive-json-new='{\"font-size\":\"\",\"line-height\":\"\"}'  style=\"\">Padres y madres \u2013 Hamaikakoa<\/h6><\/div> <!-- header --><\/div> <!-- aio-icon-box --><\/a><\/div> <!-- aio-icon-component -->[\/vc_column][vc_column width=\u00bb1\/5&#8243;]<div class=\"aio-icon-component    style_2\"><a class=\"aio-icon-box-link\" href=\"\/es\/ikasleen-hamaikakoa\/\" title=\"Ikasleen hamaikakoa\" ><div id=\"Info-box-wrap-3542\" class=\"aio-icon-box top-icon\" style=\"\"  ><div class=\"aio-icon-top\"><div class=\"ult-just-icon-wrapper  \"><div class=\"align-icon\" style=\"text-align:center;\">\n<div class=\"aio-icon circle \"  style=\"color:#ffffff;background:#fd1311;font-size:26px;display:inline-block;\">\n\t<i class=\"Defaults-leanpub\"><\/i>\n<\/div><\/div><\/div><\/div><div class=\"aio-icon-header\" ><h6 class=\"aio-icon-title ult-responsive\"  data-ultimate-target='#Info-box-wrap-3542 .aio-icon-title'  data-responsive-json-new='{\"font-size\":\"\",\"line-height\":\"\"}'  style=\"\">Hamaikako de alumnos y alumnas<\/h6><\/div> <!-- header --><\/div> <!-- aio-icon-box --><\/a><\/div> <!-- aio-icon-component -->[\/vc_column][\/vc_row][vc_row ct_row_stretch=\u00bb\u00bb][vc_column]<div class=\"ult-spacer spacer-6a04b9de68a05\" data-id=\"6a04b9de68a05\" data-height=\"30\" data-height-mobile=\"30\" data-height-tab=\"30\" data-height-tab-portrait=\"\" data-height-mobile-landscape=\"\" style=\"clear:both;display:block;\"><\/div>[vc_cta h2=\u00bbInscripci\u00f3n e informaci\u00f3n\u00bb style=\u00bbflat\u00bb color=\u00bbgreen\u00bb el_width=\u00bbxs\u00bb add_button=\u00bbright\u00bb btn_title=\u00bbVer\u00bb btn_i_align=\u00bbright\u00bb btn_i_icon_fontawesome=\u00bbfa fa-link\u00bb btn_add_icon=\u00bbtrue\u00bb btn_link=\u00bburl:https%3A%2F%2Fizenematea.euskaraldia.eus%2Flauroikastola%2F||target:%20_blank|\u00bb][\/vc_cta][vc_column_text]<img loading=\"lazy\" decoding=\"async\" class=\"alignleft wp-image-61349\" src=\"http:\/\/www.lauroikastola.eus\/wp-content\/uploads\/2018\/09\/lauro-euskaraldia-2018-LOGO-1024x529.png\" alt=\"lauro euskaraldia 2018 LOGO\" width=\"500\" height=\"258\" srcset=\"https:\/\/www.lauroikastola.eus\/wp-content\/uploads\/2018\/09\/lauro-euskaraldia-2018-LOGO-1024x529.png 1024w, https:\/\/www.lauroikastola.eus\/wp-content\/uploads\/2018\/09\/lauro-euskaraldia-2018-LOGO-600x310.png 600w, https:\/\/www.lauroikastola.eus\/wp-content\/uploads\/2018\/09\/lauro-euskaraldia-2018-LOGO-300x155.png 300w, https:\/\/www.lauroikastola.eus\/wp-content\/uploads\/2018\/09\/lauro-euskaraldia-2018-LOGO-768x397.png 768w\" sizes=\"auto, (max-width: 500px) 100vw, 500px\" \/><\/p>\n<p><strong>11 d\u00edas en euskera, del 23 de noviembre al 3 de diciembre de 2018<\/strong><\/p>\n<p>\u00bfQu\u00e9 te parece si durante 11 d\u00edas intentamos cambiar nuestros h\u00e1bitos ling\u00fc\u00edsticos y probamos a relacionarnos en euskera?<\/p>\n<p>Esta es la propuesta: del 23 de noviembre al 3 de diciembre de 2018, de manera coordinada en toda Euskal Herria, probemos a relacionarnos en euskera entre todas las personas que hablamos o entendemos el idioma.<\/p>\n<p><strong>\u00bfC\u00f3mo lo haremos?<\/strong><\/p>\n<p>Durante 11 d\u00edas, quienes sepan euskera se relacionar\u00e1n en euskera con aquellas personas que lo entiendan, y cuando se dirijan a personas que no conocen, su primera palabra tambi\u00e9n ser\u00e1 en euskera.<\/p>\n<p>En el caso de aquellas personas que lo entienden, pedir\u00e1n a las y los vascoparlantes que les hablen en euskera.<\/p>\n<p><strong>\u00bfQu\u00e9 queremos conseguir?<\/strong><\/p>\n<ul>\n<li>Queremos transformar las inercias ling\u00fc\u00edsticas en las que caemos en nuestro d\u00eda a d\u00eda y probar que es posible comunicarnos en euskera en m\u00e1s situaciones de las que imaginamos.<\/li>\n<li>Nos proponemos demostrar que en Euskal Herria m\u00e1s gente de la que parece entiende euskera, haciendo ver que podemos utilizar m\u00e1s nuestra lengua.<\/li>\n<li>Si bien es cierto que modificar los h\u00e1bitos ling\u00fc\u00edsticos depende de un ejercicio individual motivado por una elecci\u00f3n puramente personal, pretendemos generar un entorno c\u00f3modo donde poder realizar el cambio de una manera colectiva, apoy\u00e1ndonos mutuamente.<\/li>\n<li>Buscamos propiciar nuevos contextos y situaciones que sean agradables y ofrezcan una mayor protecci\u00f3n a la hora de comunicarnos en euskera.<strong><br \/>\n<\/strong><\/li>\n<\/ul>\n<p><strong>\u00bfD\u00f3nde vamos a hacerlo?<\/strong><\/p>\n<p>Proponemos que cada cual lo haga en su entorno m\u00e1s cercano. Es decir, queremos que lo pongas en pr\u00e1ctica en tus relaciones habituales: con la familia y amigos, en el trabajo, en la escuela, en los comercios\u2026<\/p>\n<p>Para conseguirlo nos organizaremos por municipios, o incluso a nivel de empresas, centros escolares, asociaciones o entidades de todo tipo. T\u00fa solo tendr\u00e1s que inscribirte en el lugar que elijas y, a partir de ah\u00ed, participar en este ejercicio con las personas de tu entorno.<\/p>\n<p><strong>\u00bfC\u00f3mo inscribirse?<\/strong><\/p>\n<p>Para inscribirse bastar\u00e1 con cumplir dos requisitos:<\/p>\n<ul>\n<li>Ser mayor de 16 a\u00f1os.<\/li>\n<li>Ser capaz de hablar o entender euskera.<\/li>\n<\/ul>\n<p><strong>INSCRIPCI\u00d3N PARA PADRES Y MADRES DE LAURO IKASTOLA<\/strong><\/p>\n<p>Si cumples los requisitos, solo te quedar\u00e1 decidir si quieres ser <strong>Ahobizi<\/strong> o <strong>Belarriprest<\/strong>:<\/p>\n<ul class=\"bolas\">\n<li><strong>Ahobizi:&nbsp;<\/strong>Hablar\u00e9 en euskera con las personas que lo entienden, aunque ellas me contesten en castellano. Y al dirigirme a personas que no conozco, al menos mi primera palabra ser\u00e1 siempre en euskera.<\/li>\n<li><strong>Belarriprest:&nbsp;<\/strong>H\u00e1blame en euskera, que yo te entiendo. Independientemente de que te conteste en euskera o en castellano, quiero que me hables en euskera.<\/li>\n<\/ul>\n<p>Del 23 de noviembre al 3 de diciembre de 2018 llevaremos una chapa que nos identificar\u00e1 como Ahobizi o Belarriprest, \u00a1y a probar el cambio de h\u00e1bitos!<\/p>\n<p><iframe loading=\"lazy\" src=\"https:\/\/www.youtube.com\/embed\/ihBRhNdhlwk\" allowfullscreen=\"allowfullscreen\" width=\"560\" height=\"315\" frameborder=\"0\"><\/iframe>[\/vc_column_text]<div class=\"ult-spacer spacer-6a04b9de68a6a\" data-id=\"6a04b9de68a6a\" data-height=\"30\" data-height-mobile=\"30\" data-height-tab=\"30\" data-height-tab-portrait=\"\" data-height-mobile-landscape=\"\" style=\"clear:both;display:block;\"><\/div>[\/vc_column][\/vc_row]\n","protected":false},"excerpt":{"rendered":"<p>[vc_row ct_row_stretch=\u00bbstretch_row\u00bb ct_bg_image=\u00bb78632&#8243; ct_bg_color_overlay=\u00bbrgba(0,0,0,0.4)\u00bb ct_bg_position=\u00bbcenter center\u00bb ct_bg_parallax=\u00bbfixed\u00bb][vc_column][\/vc_column][\/vc_row][vc_row ct_row_stretch=\u00bb\u00bb bg_type=\u00bbbg_color\u00bb css=\u00bb.vc_custom_1570706220848{margin-bottom: 20px !important;padding-top: 20px !important;}\u00bb bg_color_value=\u00bb#ededed\u00bb][vc_column width=\u00bb1\/5&#8243;][\/vc_column][vc_column width=\u00bb1\/5&#8243;][\/vc_column][vc_column width=\u00bb1\/5&#8243;][\/vc_column][vc_column width=\u00bb1\/5&#8243;][\/vc_column][vc_column width=\u00bb1\/5&#8243;][\/vc_column][\/vc_row][vc_row ct_row_stretch=\u00bb\u00bb][vc_column][vc_cta h2=\u00bbInscripci\u00f3n e informaci\u00f3n\u00bb style=\u00bbflat\u00bb color=\u00bbgreen\u00bb el_width=\u00bbxs\u00bb add_button=\u00bbright\u00bb btn_title=\u00bbVer\u00bb btn_i_align=\u00bbright\u00bb btn_i_icon_fontawesome=\u00bbfa fa-link\u00bb btn_add_icon=\u00bbtrue\u00bb btn_link=\u00bburl:https%3A%2F%2Fizenematea.euskaraldia.eus%2Flauroikastola%2F||target:%20_blank|\u00bb][\/vc_cta][vc_column_text] 11 d\u00edas en euskera, del 23 de noviembre al 3 de diciembre de 2018 \u00bfQu\u00e9 te parece si durante 11 d\u00edas &#8230;<\/p>\n","protected":false},"author":1,"featured_media":0,"parent":0,"menu_order":0,"comment_status":"closed","ping_status":"open","template":"","meta":{"ngg_post_thumbnail":0,"footnotes":""},"class_list":["post-10825","page","type-page","status-publish","hentry"],"_links":{"self":[{"href":"https:\/\/www.lauroikastola.eus\/es\/wp-json\/wp\/v2\/pages\/10825","targetHints":{"allow":["GET"]}}],"collection":[{"href":"https:\/\/www.lauroikastola.eus\/es\/wp-json\/wp\/v2\/pages"}],"about":[{"href":"https:\/\/www.lauroikastola.eus\/es\/wp-json\/wp\/v2\/types\/page"}],"author":[{"embeddable":true,"href":"https:\/\/www.lauroikastola.eus\/es\/wp-json\/wp\/v2\/users\/1"}],"replies":[{"embeddable":true,"href":"https:\/\/www.lauroikastola.eus\/es\/wp-json\/wp\/v2\/comments?post=10825"}],"version-history":[{"count":0,"href":"https:\/\/www.lauroikastola.eus\/es\/wp-json\/wp\/v2\/pages\/10825\/revisions"}],"wp:attachment":[{"href":"https:\/\/www.lauroikastola.eus\/es\/wp-json\/wp\/v2\/media?parent=10825"}],"curies":[{"name":"wp","href":"https:\/\/api.w.org\/{rel}","templated":true}]}}