{"id":11089,"date":"2015-04-13T10:07:54","date_gmt":"2015-04-13T08:07:54","guid":{"rendered":"http:\/\/www.lauroikastola.eus\/?page_id=11089"},"modified":"2019-11-09T16:13:12","modified_gmt":"2019-11-09T15:13:12","slug":"elikagaien-bilketa","status":"publish","type":"page","link":"https:\/\/www.lauroikastola.eus\/es\/elikagaien-bilketa\/","title":{"rendered":"Elikagaien bilketa"},"content":{"rendered":"[vc_row ct_row_stretch=\u00bbstretch_row\u00bb ct_bg_image=\u00bb78176&#8243; ct_bg_color_overlay=\u00bbrgba(0,0,0,0.4)\u00bb ct_bg_position=\u00bbcenter center\u00bb ct_bg_parallax=\u00bbfixed\u00bb][vc_column]<div class=\"ult-spacer spacer-6a037295e7de0\" data-id=\"6a037295e7de0\" data-height=\"200\" data-height-mobile=\"200\" data-height-tab=\"200\" data-height-tab-portrait=\"\" data-height-mobile-landscape=\"\" style=\"clear:both;display:block;\"><\/div><div id=\"ultimate-heading-41246a037295e7f03\" class=\"uvc-heading ult-adjust-bottom-margin ultimate-heading-41246a037295e7f03 uvc-2186 \" data-hspacer=\"line_only\"  data-halign=\"left\" style=\"text-align:left\"><div class=\"uvc-heading-spacer line_only\" style=\"topheight:1px;\"><span class=\"uvc-headings-line\" style=\"border-style:solid;border-bottom-width:1px;border-color:#9e9e9e;width:autopx;\"><\/span><\/div><div class=\"uvc-main-heading ult-responsive\"  data-ultimate-target='.uvc-heading.ultimate-heading-41246a037295e7f03 h2'  data-responsive-json-new='{\"font-size\":\"desktop:46px;\",\"line-height\":\"desktop:60px;\"}' ><h2 style=\"font-weight:bold;color:#ffffff;margin-top:10px;margin-bottom:60px;\">Banco de alimentos<\/h2><\/div><\/div><div class=\"ult-spacer spacer-6a037295e7fba\" data-id=\"6a037295e7fba\" data-height=\"20\" data-height-mobile=\"20\" data-height-tab=\"20\" data-height-tab-portrait=\"\" data-height-mobile-landscape=\"\" style=\"clear:both;display:block;\"><\/div>[\/vc_column][\/vc_row][vc_row ct_row_stretch=\u00bb\u00bb][vc_column]<div class=\"ult-spacer spacer-6a037295e800f\" data-id=\"6a037295e800f\" data-height=\"30\" data-height-mobile=\"30\" data-height-tab=\"30\" data-height-tab-portrait=\"\" data-height-mobile-landscape=\"\" style=\"clear:both;display:block;\"><\/div>[vc_column_text]\n<h3>Recogida para el banco de alimentos de bizkaia<\/h3>\n<p><strong>Contra el hambre, el despilfarro de alimentos y por la solidaridad<\/strong><\/p>\n<p>La responsabilidad ante la escasez de recursos y la extensi\u00f3n de la cultura de la cooperaci\u00f3n y solidaridad con las personas m\u00e1s necesitadas para la mejor integraci\u00f3n social, forman parte de nuestro proyecto educativo. Por esta raz\u00f3n, y a lo largo del curso, desarrollamos actividades en relaci\u00f3n al compromiso social.<\/p>\n<p>En este trimestre colaboramos en la recogida de alimentos que entregaremos al \u201cBANCO DE ALIMENTOS DE BIZKAIA\u201d, entidad que se encargar\u00e1 de su distribuci\u00f3n en Bizkaia, entre un sector de la poblaci\u00f3n que se encuentra en el umbral de la pobreza.[\/vc_column_text]<div class=\"ult-spacer spacer-6a037295e8059\" data-id=\"6a037295e8059\" data-height=\"30\" data-height-mobile=\"30\" data-height-tab=\"30\" data-height-tab-portrait=\"\" data-height-mobile-landscape=\"\" style=\"clear:both;display:block;\"><\/div>[\/vc_column][\/vc_row]\n","protected":false},"excerpt":{"rendered":"<p>[vc_row ct_row_stretch=\u00bbstretch_row\u00bb ct_bg_image=\u00bb78176&#8243; ct_bg_color_overlay=\u00bbrgba(0,0,0,0.4)\u00bb ct_bg_position=\u00bbcenter center\u00bb ct_bg_parallax=\u00bbfixed\u00bb][vc_column][\/vc_column][\/vc_row][vc_row ct_row_stretch=\u00bb\u00bb][vc_column][vc_column_text] Recogida para el banco de alimentos de bizkaia Contra el hambre, el despilfarro de alimentos y por la solidaridad La responsabilidad ante la escasez de recursos y la extensi\u00f3n de la cultura de la cooperaci\u00f3n y solidaridad con las personas m\u00e1s necesitadas para la mejor integraci\u00f3n social, &#8230;<\/p>\n","protected":false},"author":1,"featured_media":0,"parent":0,"menu_order":0,"comment_status":"closed","ping_status":"open","template":"","meta":{"ngg_post_thumbnail":0,"footnotes":""},"class_list":["post-11089","page","type-page","status-publish","hentry"],"_links":{"self":[{"href":"https:\/\/www.lauroikastola.eus\/es\/wp-json\/wp\/v2\/pages\/11089","targetHints":{"allow":["GET"]}}],"collection":[{"href":"https:\/\/www.lauroikastola.eus\/es\/wp-json\/wp\/v2\/pages"}],"about":[{"href":"https:\/\/www.lauroikastola.eus\/es\/wp-json\/wp\/v2\/types\/page"}],"author":[{"embeddable":true,"href":"https:\/\/www.lauroikastola.eus\/es\/wp-json\/wp\/v2\/users\/1"}],"replies":[{"embeddable":true,"href":"https:\/\/www.lauroikastola.eus\/es\/wp-json\/wp\/v2\/comments?post=11089"}],"version-history":[{"count":0,"href":"https:\/\/www.lauroikastola.eus\/es\/wp-json\/wp\/v2\/pages\/11089\/revisions"}],"wp:attachment":[{"href":"https:\/\/www.lauroikastola.eus\/es\/wp-json\/wp\/v2\/media?parent=11089"}],"curies":[{"name":"wp","href":"https:\/\/api.w.org\/{rel}","templated":true}]}}