{"id":11093,"date":"2015-04-13T10:10:17","date_gmt":"2015-04-13T08:10:17","guid":{"rendered":"http:\/\/www.lauroikastola.eus\/?page_id=11093"},"modified":"2019-11-09T16:05:47","modified_gmt":"2019-11-09T15:05:47","slug":"uraeskola","status":"publish","type":"page","link":"https:\/\/www.lauroikastola.eus\/es\/uraeskola\/","title":{"rendered":"Ura+eskola"},"content":{"rendered":"[vc_row ct_row_stretch=\u00bbstretch_row\u00bb ct_bg_image=\u00bb78176&#8243; ct_bg_color_overlay=\u00bbrgba(0,0,0,0.4)\u00bb ct_bg_position=\u00bbcenter center\u00bb ct_bg_parallax=\u00bbfixed\u00bb][vc_column]<div class=\"ult-spacer spacer-6a0372d27c202\" data-id=\"6a0372d27c202\" data-height=\"200\" data-height-mobile=\"200\" data-height-tab=\"200\" data-height-tab-portrait=\"\" data-height-mobile-landscape=\"\" style=\"clear:both;display:block;\"><\/div><div id=\"ultimate-heading-63516a0372d27c2f2\" class=\"uvc-heading ult-adjust-bottom-margin ultimate-heading-63516a0372d27c2f2 uvc-6055 \" data-hspacer=\"line_only\"  data-halign=\"left\" style=\"text-align:left\"><div class=\"uvc-heading-spacer line_only\" style=\"topheight:1px;\"><span class=\"uvc-headings-line\" style=\"border-style:solid;border-bottom-width:1px;border-color:#9e9e9e;width:autopx;\"><\/span><\/div><div class=\"uvc-main-heading ult-responsive\"  data-ultimate-target='.uvc-heading.ultimate-heading-63516a0372d27c2f2 h2'  data-responsive-json-new='{\"font-size\":\"desktop:46px;\",\"line-height\":\"desktop:60px;\"}' ><h2 style=\"font-weight:bold;color:#ffffff;margin-top:10px;margin-bottom:60px;\">Agua+Escuela<\/h2><\/div><\/div><div class=\"ult-spacer spacer-6a0372d27c379\" data-id=\"6a0372d27c379\" data-height=\"20\" data-height-mobile=\"20\" data-height-tab=\"20\" data-height-tab-portrait=\"\" data-height-mobile-landscape=\"\" style=\"clear:both;display:block;\"><\/div>[\/vc_column][\/vc_row][vc_row ct_row_stretch=\u00bb\u00bb][vc_column]<div class=\"ult-spacer spacer-6a0372d27c3b2\" data-id=\"6a0372d27c3b2\" data-height=\"30\" data-height-mobile=\"30\" data-height-tab=\"30\" data-height-tab-portrait=\"\" data-height-mobile-landscape=\"\" style=\"clear:both;display:block;\"><\/div>[vc_column_text]<strong>Colaboramos en la campa\u00f1a de UNICEF \u201cGotas para Niger\u201d<br \/>\nCoincidiendo con el D\u00eda Mundial del Agua, el 22 de marzo<\/strong><\/p>\n<h3>El agua nos lleva a la escuela<\/h3>\n<p>El trabajo en equipo para una mejor integraci\u00f3n social y la extensi\u00f3n de la cultura de ayuda al m\u00e1s necesitado, son aspectos recogidos en nuestro Proyecto Educativo. Por ello,&nbsp;participamos en la campa\u00f1a de <strong>UNICEF \u201cV Carrera Gotas para el N\u00edger\u201d<\/strong>.<\/p>\n<p>Su objetivo es lograr que los ni\u00f1os y ni\u00f1as m\u00e1s necesitados permanezcan en la escuela durante m\u00e1s a\u00f1os y logren un mejor nivel acad\u00e9mico si disponen del agua y saneamientos necesarios; sobre todo en el caso de las ni\u00f1as.<\/p>\n<p>Pretendemos aunar dos aspectos: la ayuda econ\u00f3mica, ya que para participar cada alumno\/a deber\u00e1 aportar un 1 \u20ac; y el esfuerzo f\u00edsico, aunque solo sea simb\u00f3lico.<\/p>\n<p>Durante este d\u00eda, organizamos actividades deportivas durante una hora en cada curso: carrera de sacos, sokatira, etc.[\/vc_column_text]<div class=\"ult-spacer spacer-6a0372d27c3e5\" data-id=\"6a0372d27c3e5\" data-height=\"30\" data-height-mobile=\"30\" data-height-tab=\"30\" data-height-tab-portrait=\"\" data-height-mobile-landscape=\"\" style=\"clear:both;display:block;\"><\/div>[\/vc_column][\/vc_row]\n","protected":false},"excerpt":{"rendered":"<p>[vc_row ct_row_stretch=\u00bbstretch_row\u00bb ct_bg_image=\u00bb78176&#8243; ct_bg_color_overlay=\u00bbrgba(0,0,0,0.4)\u00bb ct_bg_position=\u00bbcenter center\u00bb ct_bg_parallax=\u00bbfixed\u00bb][vc_column][\/vc_column][\/vc_row][vc_row ct_row_stretch=\u00bb\u00bb][vc_column][vc_column_text]Colaboramos en la campa\u00f1a de UNICEF \u201cGotas para Niger\u201d Coincidiendo con el D\u00eda Mundial del Agua, el 22 de marzo El agua nos lleva a la escuela El trabajo en equipo para una mejor integraci\u00f3n social y la extensi\u00f3n de la cultura de ayuda al m\u00e1s necesitado, son &#8230;<\/p>\n","protected":false},"author":1,"featured_media":0,"parent":0,"menu_order":0,"comment_status":"closed","ping_status":"open","template":"","meta":{"ngg_post_thumbnail":0,"footnotes":""},"class_list":["post-11093","page","type-page","status-publish","hentry"],"_links":{"self":[{"href":"https:\/\/www.lauroikastola.eus\/es\/wp-json\/wp\/v2\/pages\/11093","targetHints":{"allow":["GET"]}}],"collection":[{"href":"https:\/\/www.lauroikastola.eus\/es\/wp-json\/wp\/v2\/pages"}],"about":[{"href":"https:\/\/www.lauroikastola.eus\/es\/wp-json\/wp\/v2\/types\/page"}],"author":[{"embeddable":true,"href":"https:\/\/www.lauroikastola.eus\/es\/wp-json\/wp\/v2\/users\/1"}],"replies":[{"embeddable":true,"href":"https:\/\/www.lauroikastola.eus\/es\/wp-json\/wp\/v2\/comments?post=11093"}],"version-history":[{"count":0,"href":"https:\/\/www.lauroikastola.eus\/es\/wp-json\/wp\/v2\/pages\/11093\/revisions"}],"wp:attachment":[{"href":"https:\/\/www.lauroikastola.eus\/es\/wp-json\/wp\/v2\/media?parent=11093"}],"curies":[{"name":"wp","href":"https:\/\/api.w.org\/{rel}","templated":true}]}}