{"id":111432,"date":"2022-09-19T16:22:39","date_gmt":"2022-09-19T14:22:39","guid":{"rendered":"https:\/\/www.lauroikastola.eus\/?page_id=111432"},"modified":"2025-12-03T12:20:25","modified_gmt":"2025-12-03T11:20:25","slug":"lauro-fundazioaren-denda","status":"publish","type":"page","link":"https:\/\/www.lauroikastola.eus\/es\/lauro-fundazioaren-denda\/","title":{"rendered":"Tienda de Lauro Fundazioa &#8211; Behekosoloa"},"content":{"rendered":"[vc_row ct_row_stretch=\u00bbstretch_row\u00bb ct_bg_image=\u00bb111381&#8243; ct_bg_color_overlay=\u00bbrgba(0,0,0,0.4)\u00bb ct_bg_position=\u00bbcenter center\u00bb ct_bg_parallax=\u00bbfixed\u00bb][vc_column]<div class=\"ult-spacer spacer-6a02d94b0b58c\" data-id=\"6a02d94b0b58c\" data-height=\"200\" data-height-mobile=\"200\" data-height-tab=\"200\" data-height-tab-portrait=\"\" data-height-mobile-landscape=\"\" style=\"clear:both;display:block;\"><\/div><div id=\"ultimate-heading-40726a02d94b0b67f\" class=\"uvc-heading ult-adjust-bottom-margin ultimate-heading-40726a02d94b0b67f uvc-4508 \" data-hspacer=\"line_only\"  data-halign=\"left\" style=\"text-align:left\"><div class=\"uvc-heading-spacer line_only\" style=\"topheight:1px;\"><span class=\"uvc-headings-line\" style=\"border-style:solid;border-bottom-width:1px;border-color:#9e9e9e;width:autopx;\"><\/span><\/div><div class=\"uvc-main-heading ult-responsive\"  data-ultimate-target='.uvc-heading.ultimate-heading-40726a02d94b0b67f h2'  data-responsive-json-new='{\"font-size\":\"desktop:46px;\",\"line-height\":\"desktop:60px;\"}' ><h2 style=\"font-weight:bold;color:#ffffff;margin-top:10px;margin-bottom:60px;\">Tienda de Lauro Fundazioa - Deporte Escolar<\/h2><\/div><\/div><div class=\"ult-spacer spacer-6a02d94b0b707\" data-id=\"6a02d94b0b707\" data-height=\"20\" data-height-mobile=\"20\" data-height-tab=\"20\" data-height-tab-portrait=\"\" data-height-mobile-landscape=\"\" style=\"clear:both;display:block;\"><\/div>[\/vc_column][\/vc_row][vc_row ct_row_stretch=\u00bb\u00bb][vc_column width=\u00bb1\/2&#8243;]<div class=\"ult-spacer spacer-6a02d94b0b751\" data-id=\"6a02d94b0b751\" data-height=\"30\" data-height-mobile=\"30\" data-height-tab=\"30\" data-height-tab-portrait=\"\" data-height-mobile-landscape=\"\" style=\"clear:both;display:block;\"><\/div>[vc_column_text]\n<h3><span style=\"color: #3366ff;\">EQUIPACIONES OFICIALES PARA LA COMPETICI\u00d3N<\/span><\/h3>\n<ul>\n<li><span class=\"OYPEnA text-decoration-none text-strikethrough-none\">La ropa indicada a continuaci\u00f3n es la definida por Lauro Ikastola como EQUIPACI\u00d3N OFICIAL para cada deporte, imprescindible para la competici\u00f3n.&nbsp;<\/span><\/li>\n<li><span class=\"OYPEnA text-decoration-none text-strikethrough-none\">Obligatorio para todos los deportes, lo estipulado en cada caso.<\/span><\/li>\n<li><span class=\"OYPEnA text-decoration-none text-strikethrough-none\">Adem\u00e1s de la equipaci\u00f3n oficial obligatoria, disponemos de otros materiales opcionales para todo el equipo: mochilas, chubasqueros, cortavientos, etc.<\/span><\/li>\n<\/ul>\n<p>Esta equipaci\u00f3n se adquirir\u00e1 en la tienda on-line de Behekosoloa.[\/vc_column_text][vc_message message_box_color=\u00bbsky\u00bb icon_fontawesome=\u00bbfas fa-exclamation-triangle\u00bb]Leed las instrucciones, por favor[\/vc_message][vc_column_text]\n<h3><span style=\"color: #3366ff;\">PROCEDIMIENTO PARA ADQUIRIR LA ROPA<\/span><strong><br \/>\n<\/strong><\/h3>\n<ul>\n<li><strong><span class=\"JsGRdQ\" style=\"color: #3366ff;\">Federados<\/span><\/strong><span class=\"JsGRdQ\"><strong><span style=\"color: #3366ff;\">:<\/span><\/strong> tras realizar el pedido <\/span><span class=\"JsGRdQ\">online <\/span><span class=\"JsGRdQ\">se les repartir\u00e1 la equipaci\u00f3n en un d\u00eda de entrenamiento.<\/span><\/li>\n<li><strong><span class=\"JsGRdQ\" style=\"color: #3366ff;\">3\u00ba de Primaria<\/span><\/strong><span class=\"JsGRdQ\"><strong><span style=\"color: #3366ff;\">:<\/span><\/strong> tras realizar el pedido <\/span><span class=\"JsGRdQ\">online,<\/span><span class=\"JsGRdQ\"> al inicio de los entrenos, el entrenador consensuar\u00e1 los dorsales con los jugadores\/as. Cuando el pedido est\u00e9 listo, la conserje lo entregar\u00e1 en un entrenamiento.<\/span><\/li>\n<li><strong><span class=\"JsGRdQ\" style=\"color: #3366ff;\">4\u00ba, 5\u00ba y 6\u00ba de Primaria<\/span><\/strong><span class=\"JsGRdQ\"><strong><span style=\"color: #3366ff;\">:<\/span> <\/strong>si necesitan nuevo equipaje seguir\u00e1n el mismo proceso que los anteriores. Si solo tiene que hacer un cambio de n\u00famero, el entrenador har\u00e1 una lista y la conserje las entregas.<\/span><\/li>\n<li><strong><span class=\"JsGRdQ\" style=\"color: #3366ff;\">1\u00ba y 2\u00ba de ESO:<\/span><\/strong><span class=\"JsGRdQ\"> Se seguir\u00e1 el mismo procedimiento que con los anteriores.<\/span><\/li>\n<\/ul>\n<h3>Existir\u00e1 un plazo m\u00e1ximo de 30 d\u00edas desde la entrega para cambios y devoluciones. Tras ese plazo, todos las compras son definitivas.<\/h3>\n[\/vc_column_text]<div class=\"ult-spacer spacer-6a02d94b0b791\" data-id=\"6a02d94b0b791\" data-height=\"30\" data-height-mobile=\"30\" data-height-tab=\"30\" data-height-tab-portrait=\"\" data-height-mobile-landscape=\"\" style=\"clear:both;display:block;\"><\/div>[\/vc_column][vc_column width=\u00bb1\/2&#8243;]<div class=\"ult-spacer spacer-6a02d94b0b7cf\" data-id=\"6a02d94b0b7cf\" data-height=\"95\" data-height-mobile=\"95\" data-height-tab=\"95\" data-height-tab-portrait=\"\" data-height-mobile-landscape=\"\" style=\"clear:both;display:block;\"><\/div>[vc_column_text]\n<div style=\"position: relative; padding-top: max(60%,326px); height: 0; width: 100%;\"><iframe style=\"position: absolute; border: none; width: 100%; height: 100%; left: 0; right: 0; top: 0; bottom: 0;\" src=\"https:\/\/e.issuu.com\/embed.html?backgroundColor=%23a83434&amp;d=kirole_ekipazioak_24-25_equipaciones_deportivas&amp;u=lauroikastola\" sandbox=\"allow-top-navigation allow-top-navigation-by-user-activation allow-downloads allow-scripts allow-same-origin allow-popups allow-modals allow-popups-to-escape-sandbox allow-forms\" allowfullscreen=\"allowfullscreen\"><\/iframe><\/div>\n[\/vc_column_text]<div class=\"ult-spacer spacer-6a02d94b0b809\" data-id=\"6a02d94b0b809\" data-height=\"30\" data-height-mobile=\"30\" data-height-tab=\"30\" data-height-tab-portrait=\"\" data-height-mobile-landscape=\"\" style=\"clear:both;display:block;\"><\/div><div class=\"ult-spacer spacer-6a02d94b0b843\" data-id=\"6a02d94b0b843\" data-height=\"30\" data-height-mobile=\"30\" data-height-tab=\"30\" data-height-tab-portrait=\"\" data-height-mobile-landscape=\"\" style=\"clear:both;display:block;\"><\/div><div class=\"ult-spacer spacer-6a02d94b0b87e\" data-id=\"6a02d94b0b87e\" data-height=\"30\" data-height-mobile=\"30\" data-height-tab=\"30\" data-height-tab-portrait=\"\" data-height-mobile-landscape=\"\" style=\"clear:both;display:block;\"><\/div>[vc_btn title=\u00bbTIENDA DE LAURO &#8211; DEPORTE ESCOLAR\u00bb color=\u00bbsky\u00bb size=\u00bblg\u00bb align=\u00bbcenter\u00bb link=\u00bburl:https%3A%2F%2Fdenda.laurofundazioa.eus\u00bb][\/vc_column][\/vc_row][vc_row ct_row_stretch=\u00bb\u00bb][vc_column][\/vc_column][\/vc_row]\n","protected":false},"excerpt":{"rendered":"<p>[vc_row ct_row_stretch=\u00bbstretch_row\u00bb ct_bg_image=\u00bb111381&#8243; ct_bg_color_overlay=\u00bbrgba(0,0,0,0.4)\u00bb ct_bg_position=\u00bbcenter center\u00bb ct_bg_parallax=\u00bbfixed\u00bb][vc_column][\/vc_column][\/vc_row][vc_row ct_row_stretch=\u00bb\u00bb][vc_column width=\u00bb1\/2&#8243;][vc_column_text] EQUIPACIONES OFICIALES PARA LA COMPETICI\u00d3N La ropa indicada a continuaci\u00f3n es la definida por Lauro Ikastola como EQUIPACI\u00d3N OFICIAL para cada deporte, imprescindible para la competici\u00f3n.&nbsp; Obligatorio para todos los deportes, lo estipulado en cada caso. Adem\u00e1s de la equipaci\u00f3n oficial obligatoria, disponemos de otros materiales &#8230;<\/p>\n","protected":false},"author":1,"featured_media":0,"parent":0,"menu_order":0,"comment_status":"closed","ping_status":"closed","template":"","meta":{"ngg_post_thumbnail":0,"footnotes":""},"class_list":["post-111432","page","type-page","status-publish","hentry"],"_links":{"self":[{"href":"https:\/\/www.lauroikastola.eus\/es\/wp-json\/wp\/v2\/pages\/111432","targetHints":{"allow":["GET"]}}],"collection":[{"href":"https:\/\/www.lauroikastola.eus\/es\/wp-json\/wp\/v2\/pages"}],"about":[{"href":"https:\/\/www.lauroikastola.eus\/es\/wp-json\/wp\/v2\/types\/page"}],"author":[{"embeddable":true,"href":"https:\/\/www.lauroikastola.eus\/es\/wp-json\/wp\/v2\/users\/1"}],"replies":[{"embeddable":true,"href":"https:\/\/www.lauroikastola.eus\/es\/wp-json\/wp\/v2\/comments?post=111432"}],"version-history":[{"count":13,"href":"https:\/\/www.lauroikastola.eus\/es\/wp-json\/wp\/v2\/pages\/111432\/revisions"}],"predecessor-version":[{"id":148284,"href":"https:\/\/www.lauroikastola.eus\/es\/wp-json\/wp\/v2\/pages\/111432\/revisions\/148284"}],"wp:attachment":[{"href":"https:\/\/www.lauroikastola.eus\/es\/wp-json\/wp\/v2\/media?parent=111432"}],"curies":[{"name":"wp","href":"https:\/\/api.w.org\/{rel}","templated":true}]}}