{"id":124761,"date":"2023-11-10T14:57:18","date_gmt":"2023-11-10T13:57:18","guid":{"rendered":"https:\/\/www.lauroikastola.eus\/matrikulan-interesatuak\/"},"modified":"2024-06-04T17:09:53","modified_gmt":"2024-06-04T15:09:53","slug":"matrikulan-interesatuak","status":"publish","type":"page","link":"https:\/\/www.lauroikastola.eus\/es\/matrikulan-interesatuak\/","title":{"rendered":"Matr\u00edcula"},"content":{"rendered":"[vc_row ct_row_stretch=\u00bbstretch_row\u00bb ct_bg_image=\u00bb124729&#8243; ct_bg_color_overlay=\u00bbrgba(0,0,0,0.4)\u00bb ct_bg_position=\u00bbcenter center\u00bb ct_bg_parallax=\u00bbfixed\u00bb][vc_column]<div class=\"ult-spacer spacer-6a032184c93aa\" data-id=\"6a032184c93aa\" data-height=\"200\" data-height-mobile=\"200\" data-height-tab=\"200\" data-height-tab-portrait=\"\" data-height-mobile-landscape=\"\" style=\"clear:both;display:block;\"><\/div><div id=\"ultimate-heading-17326a032184c94f7\" class=\"uvc-heading ult-adjust-bottom-margin ultimate-heading-17326a032184c94f7 uvc-8063 \" data-hspacer=\"line_only\"  data-halign=\"left\" style=\"text-align:left\"><div class=\"uvc-heading-spacer line_only\" style=\"topheight:1px;\"><span class=\"uvc-headings-line\" style=\"border-style:solid;border-bottom-width:1px;border-color:#9e9e9e;width:autopx;\"><\/span><\/div><div class=\"uvc-main-heading ult-responsive\"  data-ultimate-target='.uvc-heading.ultimate-heading-17326a032184c94f7 h2'  data-responsive-json-new='{\"font-size\":\"desktop:46px;\",\"line-height\":\"desktop:60px;\"}' ><h2 style=\"font-weight:bold;color:#ffffff;margin-top:10px;margin-bottom:60px;\">Informaci\u00f3n de matr\u00edcula<\/h2><\/div><\/div><div class=\"ult-spacer spacer-6a032184c959d\" data-id=\"6a032184c959d\" data-height=\"20\" data-height-mobile=\"20\" data-height-tab=\"20\" data-height-tab-portrait=\"\" data-height-mobile-landscape=\"\" style=\"clear:both;display:block;\"><\/div>[\/vc_column][\/vc_row][vc_row ct_row_stretch=\u00bb\u00bb][vc_column width=\u00bb2\/3&#8243;]<div class=\"ult-spacer spacer-6a032184c95ec\" data-id=\"6a032184c95ec\" data-height=\"40\" data-height-mobile=\"40\" data-height-tab=\"40\" data-height-tab-portrait=\"\" data-height-mobile-landscape=\"\" style=\"clear:both;display:block;\"><\/div>[vc_column_text]&nbsp;<\/p>\n<p style=\"text-align: center;\"><strong>Recogemos los datos de las familias interesadas<\/strong> en escolarizar a sus hijos e hijas en Lauro Ikastola durante todo el a\u00f1o, y para cualquier nivel educativo.<\/p>\n<p style=\"text-align: center;\">Las familias que ya ten\u00e9is hijos o hijas escolarizadas en Lauro, deber\u00e9is seguir otro procedimiento, del que se os informar\u00e1 en cada momento.<\/p>\n<p>&nbsp;[\/vc_column_text]<div class=\"ult-spacer spacer-6a032184c9639\" data-id=\"6a032184c9639\" data-height=\"40\" data-height-mobile=\"40\" data-height-tab=\"40\" data-height-tab-portrait=\"\" data-height-mobile-landscape=\"\" style=\"clear:both;display:block;\"><\/div>[\/vc_column][vc_column width=\u00bb1\/3&#8243;]<div class=\"ult-spacer spacer-6a032184c9689\" data-id=\"6a032184c9689\" data-height=\"40\" data-height-mobile=\"40\" data-height-tab=\"40\" data-height-tab-portrait=\"\" data-height-mobile-landscape=\"\" style=\"clear:both;display:block;\"><\/div>[vc_single_image image=\u00bb127723&#8243; img_size=\u00bbfull\u00bb alignment=\u00bbcenter\u00bb style=\u00bbvc_box_rounded\u00bb]<div class=\"ult-spacer spacer-6a032184c96d4\" data-id=\"6a032184c96d4\" data-height=\"40\" data-height-mobile=\"40\" data-height-tab=\"40\" data-height-tab-portrait=\"\" data-height-mobile-landscape=\"\" style=\"clear:both;display:block;\"><\/div>[\/vc_column][\/vc_row][vc_row ct_row_stretch=\u00bb\u00bb][vc_column width=\u00bb1\/3&#8243;]<a href=\"https:\/\/www.lauroikastola.eus\/es\/matrikula\/\"  class=\"ult_price_action_button\" style=\"\"><div class=\"ult_pricing_table_wrap ult_info_table ult_design_4  ult-cs-red  \">\n\t\t\t\t\t<div class=\"ult_pricing_table \" style=\" \"><div id=\"Info-table-wrap-8381\" class=\"ult_pricing_heading\">\n\t\t\t\t\t\t\t<h3 class=\"ult-responsive\"  data-ultimate-target='#Info-table-wrap-8381 h3'  data-responsive-json-new='{\"font-size\":\"\",\"line-height\":\"\"}'  style=\"font-weight:normal;color:#dd3333;\">Infantil - Primaria<\/h3><\/div><!--ult_pricing_heading--><div id=\"info_table_features_wrap-1530\"  data-ultimate-target='#info_table_features_wrap-1530.ult_price_features'  data-responsive-json-new='{\"font-size\":\"\",\"line-height\":\"\"}'  class=\"ult-responsive ult_price_features\" style=\"font-weight:normal;\">\n\t\t\t\t\t\t\t\n\t\t\t\t\t\t<\/div><!--ult_price_features--><div class=\"ult_clr\"><\/div>\n\t\t\t<\/div><!--pricing_table-->\n\t\t<\/div><!--pricing_table_wrap--><\/a>[\/vc_column][vc_column width=\u00bb1\/3&#8243;]<a href=\"https:\/\/www.lauroikastola.eus\/es\/matricula-eso-y-bachiller\/\"  class=\"ult_price_action_button\" style=\"\"><div class=\"ult_pricing_table_wrap ult_info_table ult_design_4  ult-cs-red  \">\n\t\t\t\t\t<div class=\"ult_pricing_table \" style=\" \"><div id=\"Info-table-wrap-8500\" class=\"ult_pricing_heading\">\n\t\t\t\t\t\t\t<h3 class=\"ult-responsive\"  data-ultimate-target='#Info-table-wrap-8500 h3'  data-responsive-json-new='{\"font-size\":\"\",\"line-height\":\"\"}'  style=\"font-weight:normal;color:#dd3333;\">ESO y Bachiller<\/h3><\/div><!--ult_pricing_heading--><div id=\"info_table_features_wrap-9604\"  data-ultimate-target='#info_table_features_wrap-9604.ult_price_features'  data-responsive-json-new='{\"font-size\":\"\",\"line-height\":\"\"}'  class=\"ult-responsive ult_price_features\" style=\"font-weight:normal;\">\n\t\t\t\t\t\t\t\n\t\t\t\t\t\t<\/div><!--ult_price_features--><div class=\"ult_clr\"><\/div>\n\t\t\t<\/div><!--pricing_table-->\n\t\t<\/div><!--pricing_table_wrap--><\/a>[\/vc_column][vc_column width=\u00bb1\/3&#8243;]<a href=\"https:\/\/www.lauroikastola.eus\/es\/matricula-oficial\/\"  class=\"ult_price_action_button\" style=\"\"><div class=\"ult_pricing_table_wrap ult_info_table ult_design_4  ult-cs-red  \">\n\t\t\t\t\t<div class=\"ult_pricing_table \" style=\" \"><div id=\"Info-table-wrap-2603\" class=\"ult_pricing_heading\">\n\t\t\t\t\t\t\t<h3 class=\"ult-responsive\"  data-ultimate-target='#Info-table-wrap-2603 h3'  data-responsive-json-new='{\"font-size\":\"\",\"line-height\":\"\"}'  style=\"font-weight:normal;color:#dd3333;\">Matr\u00edcula oficial<\/h3><\/div><!--ult_pricing_heading--><div id=\"info_table_features_wrap-9288\"  data-ultimate-target='#info_table_features_wrap-9288.ult_price_features'  data-responsive-json-new='{\"font-size\":\"\",\"line-height\":\"\"}'  class=\"ult-responsive ult_price_features\" style=\"font-weight:normal;\">\n\t\t\t\t\t\t\t\n\t\t\t\t\t\t<\/div><!--ult_price_features--><div class=\"ult_clr\"><\/div>\n\t\t\t<\/div><!--pricing_table-->\n\t\t<\/div><!--pricing_table_wrap--><\/a>[\/vc_column][\/vc_row]\n","protected":false},"excerpt":{"rendered":"<p>[vc_row ct_row_stretch=\u00bbstretch_row\u00bb ct_bg_image=\u00bb124729&#8243; ct_bg_color_overlay=\u00bbrgba(0,0,0,0.4)\u00bb ct_bg_position=\u00bbcenter center\u00bb ct_bg_parallax=\u00bbfixed\u00bb][vc_column][\/vc_column][\/vc_row][vc_row ct_row_stretch=\u00bb\u00bb][vc_column width=\u00bb2\/3&#8243;][vc_column_text]&nbsp; Recogemos los datos de las familias interesadas en escolarizar a sus hijos e hijas en Lauro Ikastola durante todo el a\u00f1o, y para cualquier nivel educativo. Las familias que ya ten\u00e9is hijos o hijas escolarizadas en Lauro, deber\u00e9is seguir otro procedimiento, del que se os informar\u00e1 &#8230;<\/p>\n","protected":false},"author":1,"featured_media":0,"parent":0,"menu_order":0,"comment_status":"closed","ping_status":"closed","template":"","meta":{"ngg_post_thumbnail":0,"footnotes":""},"class_list":["post-124761","page","type-page","status-publish","hentry"],"_links":{"self":[{"href":"https:\/\/www.lauroikastola.eus\/es\/wp-json\/wp\/v2\/pages\/124761","targetHints":{"allow":["GET"]}}],"collection":[{"href":"https:\/\/www.lauroikastola.eus\/es\/wp-json\/wp\/v2\/pages"}],"about":[{"href":"https:\/\/www.lauroikastola.eus\/es\/wp-json\/wp\/v2\/types\/page"}],"author":[{"embeddable":true,"href":"https:\/\/www.lauroikastola.eus\/es\/wp-json\/wp\/v2\/users\/1"}],"replies":[{"embeddable":true,"href":"https:\/\/www.lauroikastola.eus\/es\/wp-json\/wp\/v2\/comments?post=124761"}],"version-history":[{"count":0,"href":"https:\/\/www.lauroikastola.eus\/es\/wp-json\/wp\/v2\/pages\/124761\/revisions"}],"wp:attachment":[{"href":"https:\/\/www.lauroikastola.eus\/es\/wp-json\/wp\/v2\/media?parent=124761"}],"curies":[{"name":"wp","href":"https:\/\/api.w.org\/{rel}","templated":true}]}}