{"id":2148,"date":"2014-12-02T10:38:45","date_gmt":"2014-12-02T10:38:45","guid":{"rendered":"http:\/\/www.lauroikastola.eus\/aurkezpena-2\/"},"modified":"2025-06-05T11:49:51","modified_gmt":"2025-06-05T09:49:51","slug":"lauro-ikastola","status":"publish","type":"page","link":"https:\/\/www.lauroikastola.eus\/es\/lauro-ikastola\/","title":{"rendered":"Presentaci\u00f3n"},"content":{"rendered":"[vc_row ct_row_stretch=\u00bbstretch_row\u00bb ct_bg_image=\u00bb121098&#8243; ct_bg_color_overlay=\u00bbrgba(0,0,0,0.4)\u00bb ct_bg_position=\u00bbcenter center\u00bb ct_bg_parallax=\u00bbfixed\u00bb][vc_column]<div class=\"ult-spacer spacer-6a02d91220325\" data-id=\"6a02d91220325\" data-height=\"200\" data-height-mobile=\"200\" data-height-tab=\"200\" data-height-tab-portrait=\"\" data-height-mobile-landscape=\"\" style=\"clear:both;display:block;\"><\/div><div id=\"ultimate-heading-7996a02d91220458\" class=\"uvc-heading ult-adjust-bottom-margin ultimate-heading-7996a02d91220458 uvc-5501 \" data-hspacer=\"line_only\"  data-halign=\"left\" style=\"text-align:left\"><div class=\"uvc-heading-spacer line_only\" style=\"topheight:1px;\"><span class=\"uvc-headings-line\" style=\"border-style:solid;border-bottom-width:1px;border-color:#9e9e9e;width:autopx;\"><\/span><\/div><div class=\"uvc-main-heading ult-responsive\"  data-ultimate-target='.uvc-heading.ultimate-heading-7996a02d91220458 h2'  data-responsive-json-new='{\"font-size\":\"desktop:46px;\",\"line-height\":\"desktop:60px;\"}' ><h2 style=\"font-weight:bold;color:#ffffff;margin-top:10px;margin-bottom:60px;\">Presentaci\u00f3n<\/h2><\/div><\/div><div class=\"ult-spacer spacer-6a02d9122050c\" data-id=\"6a02d9122050c\" data-height=\"20\" data-height-mobile=\"20\" data-height-tab=\"20\" data-height-tab-portrait=\"\" data-height-mobile-landscape=\"\" style=\"clear:both;display:block;\"><\/div>[\/vc_column][\/vc_row][vc_row ct_row_stretch=\u00bb\u00bb][vc_column]<div class=\"ult-spacer spacer-6a02d9122056a\" data-id=\"6a02d9122056a\" data-height=\"30\" data-height-mobile=\"30\" data-height-tab=\"30\" data-height-tab-portrait=\"\" data-height-mobile-landscape=\"\" style=\"clear:both;display:block;\"><\/div>[\/vc_column][\/vc_row][vc_row ct_row_stretch=\u00bb\u00bb][vc_column width=\u00bb1\/2&#8243;][vc_single_image image=\u00bb142370&#8243; img_size=\u00bbfull\u00bb][\/vc_column][vc_column width=\u00bb1\/2&#8243;][vc_column_text]\n<h3><span style=\"color: #800000;\">Lauro Ikastola Sociedad Cooperativa<\/span><\/h3>\n<p>Es una Ikastola \u2013 escuela vasca, promovida por las familias que, siguiendo una trayectoria iniciada en 1957, se asociaron en 1970 \u201cpara resolver cooperativamente la educaci\u00f3n de los hijos e hijas de los asociados\/as, descart\u00e1ndose toda idea de lucro y prohibi\u00e9ndose el retorno de repartos cooperativos\u201d. Actualmente la componen en torno a 1.300 familias.<\/p>\n<p>La Asamblea de socios decidi\u00f3 en 1988 mantenerse como <strong>ikastola privada concertada<\/strong>, ante la oferta de integrarse en la red p\u00fablica.<\/p>\n<p>Lauro escolariza a cerca de <strong>2.000 alumnos y alumnas<\/strong> de las <strong>cuatro etapas<\/strong> previas a la Universidad: Educaci\u00f3n Infantil, Educaci\u00f3n Primaria, Educaci\u00f3n Secundaria Obligatoria y Bachilleres.<\/p>\n<p>La <strong>plantilla<\/strong> de Lauro Ikastola se compone de unas 150 personas, entre profesorado y personal no docente. Dispone de <strong>servicio<\/strong> de cocina y comedor en sus propias instalaciones, y de transporte y limpieza contratados.[\/vc_column_text][\/vc_column][\/vc_row][vc_row ct_row_stretch=\u00bb\u00bb][vc_column width=\u00bb1\/2&#8243;]<div class=\"ult-spacer spacer-6a02d912205da\" data-id=\"6a02d912205da\" data-height=\"30\" data-height-mobile=\"30\" data-height-tab=\"30\" data-height-tab-portrait=\"\" data-height-mobile-landscape=\"\" style=\"clear:both;display:block;\"><\/div>[vc_column_text]\n<h3><span style=\"color: #800000;\">Infraestructura<\/span><\/h3>\n<p>Su infraestructura educativa est\u00e1 ordenada en <strong>cuatro edificios, uno por etapa educativa, y un gimnasio-polideportivo<\/strong>, dise\u00f1ados para dar soporte flexible y polivalente a las necesidades y objetivos educativos de cada etapa y al mejor desempe\u00f1o profesional. Cada uno de ellos est\u00e1 organizado y equipado para propiciar el aprendizaje activo y significativo de los alumnos y su adecuada convivencia, de acuerdo con el Proyecto Educativo y Curricular diferenciado de Lauro.<\/p>\n<p>El <a href=\"https:\/\/www.lauroikastola.eus\/es\/behekosoloa\/\"><strong>polideportivo Behekosoloa<\/strong><\/a>, fuera del horario y calendario escolar, est\u00e1 abierto a usuarios externos.<\/p>\n<h3><span style=\"color: #800000;\">Ubicaci\u00f3n<\/span><\/h3>\n<p>Barrio Lauroeta \u2013 Lauros, de Loiu, en la desviaci\u00f3n del kil\u00f3metro 12,7 de la carretera BI-3709 (Larrakoetxe-Boteola), Loiu \u2013 Mungia.<br \/>\n<strong>Direcci\u00f3n:<\/strong> Goitiko-Antsobiaga, 2. 48180 Loiu.<\/p>\n<h4>Servicio de transporte p\u00fablico Bizkaibus Bilbao \u2013 Loiu (A2153): <a href=\"https:\/\/web.bizkaia.eus\/es\/web\/bizkaibus\/detalle-de-linea?linea=A2153&amp;nombreLinea=BILBAO%20-%20Txorierri%20-%20LARRABETZU&amp;numRuta=001\">VER AQU\u00cd<\/a><\/h4>\n[\/vc_column_text]<div class=\"ult-spacer spacer-6a02d9122062b\" data-id=\"6a02d9122062b\" data-height=\"30\" data-height-mobile=\"30\" data-height-tab=\"30\" data-height-tab-portrait=\"\" data-height-mobile-landscape=\"\" style=\"clear:both;display:block;\"><\/div>[\/vc_column][vc_column width=\u00bb1\/2&#8243;]<div class=\"ult-spacer spacer-6a02d91220673\" data-id=\"6a02d91220673\" data-height=\"50\" data-height-mobile=\"50\" data-height-tab=\"50\" data-height-tab-portrait=\"\" data-height-mobile-landscape=\"\" style=\"clear:both;display:block;\"><\/div><div class=\"ult-spacer spacer-6a02d912206b9\" data-id=\"6a02d912206b9\" data-height=\"50\" data-height-mobile=\"50\" data-height-tab=\"50\" data-height-tab-portrait=\"\" data-height-mobile-landscape=\"\" style=\"clear:both;display:block;\"><\/div>[vc_gmaps link=\u00bb#E-8_JTNDaWZyYW1lJTIwc3JjJTNEJTIyaHR0cHMlM0ElMkYlMkZ3d3cuZ29vZ2xlLmNvbSUyRm1hcHMlMkZlbWJlZCUzRnBiJTNEJTIxMW0xOCUyMTFtMTIlMjExbTMlMjExZDI5MDIuMzU1MDU3MjgzMzIzMyUyMTJkLTIuOTE1MDM3NDIzNDU4NDA0NyUyMTNkNDMuMzI3NzU4NzczNDE4MSUyMTJtMyUyMTFmMCUyMTJmMCUyMTNmMCUyMTNtMiUyMTFpMTAyNCUyMTJpNzY4JTIxNGYxMy4xJTIxM20zJTIxMW0yJTIxMXMweGQ0ZTQ1MWMyMTA0MTZiYiUyNTNBMHg3MjJjZmY5ZTgwNjk1NDU3JTIxMnNMYXVybyUyNTIwSWthc3RvbGElMjUyQyUyNTIwS29vcC5FLiUyMTVlMCUyMTNtMiUyMTFzZXMlMjEyc2VzJTIxNHYxNzE4ODc3MTgzNTU4JTIxNW0yJTIxMXNlcyUyMTJzZXMlMjIlMjB3aWR0aCUzRCUyMjYwMCUyMiUyMGhlaWdodCUzRCUyMjQ1MCUyMiUyMHN0eWxlJTNEJTIyYm9yZGVyJTNBMCUzQiUyMiUyMGFsbG93ZnVsbHNjcmVlbiUzRCUyMiUyMiUyMGxvYWRpbmclM0QlMjJsYXp5JTIyJTIwcmVmZXJyZXJwb2xpY3klM0QlMjJuby1yZWZlcnJlci13aGVuLWRvd25ncmFkZSUyMiUzRSUzQyUyRmlmcmFtZSUzRQ==\u00bb size=\u00bb200&#8243;][\/vc_column][\/vc_row][vc_row ct_row_stretch=\u00bb\u00bb][vc_column][vc_column_text]\n<h3><span style=\"color: #800000;\">Transparencia<\/span><\/h3>\n[\/vc_column_text]<div class=\"ult-spacer spacer-6a02d91220700\" data-id=\"6a02d91220700\" data-height=\"30\" data-height-mobile=\"30\" data-height-tab=\"30\" data-height-tab-portrait=\"\" data-height-mobile-landscape=\"\" style=\"clear:both;display:block;\"><\/div>[vc_btn title=\u00bbC\u00f3digo \u00e9tico\u00bb color=\u00bbsuccess\u00bb link=\u00bburl:https%3A%2F%2Fwww.lauroikastola.eus%2Fwp-content%2Fuploads%2F2024%2F06%2FKODE-ETIKOA_2024.06.21-EUSKERAZ-ETA-ERDERAZ.pdf\u00bb][vc_column_text]De acuerdo con la Ley 2\/2023 de protecci\u00f3n a las personas que suministran informaci\u00f3n sobre infracciones y lucha contra la corrupci\u00f3n, y siguiendo el procedimiento COMPLIANCE, ponemos a disposici\u00f3n el siguiente canal: <a href=\"https:\/\/www.lauroikastola.eus\/es\/salaketa-kanala\/\">ACCEDER<\/a>.[\/vc_column_text]<div class=\"ult-spacer spacer-6a02d91220744\" data-id=\"6a02d91220744\" data-height=\"30\" data-height-mobile=\"30\" data-height-tab=\"30\" data-height-tab-portrait=\"\" data-height-mobile-landscape=\"\" style=\"clear:both;display:block;\"><\/div>[\/vc_column][\/vc_row]\n","protected":false},"excerpt":{"rendered":"<p>[vc_row ct_row_stretch=\u00bbstretch_row\u00bb ct_bg_image=\u00bb121098&#8243; ct_bg_color_overlay=\u00bbrgba(0,0,0,0.4)\u00bb ct_bg_position=\u00bbcenter center\u00bb ct_bg_parallax=\u00bbfixed\u00bb][vc_column][\/vc_column][\/vc_row][vc_row ct_row_stretch=\u00bb\u00bb][vc_column][\/vc_column][\/vc_row][vc_row ct_row_stretch=\u00bb\u00bb][vc_column width=\u00bb1\/2&#8243;][vc_single_image image=\u00bb142370&#8243; img_size=\u00bbfull\u00bb][\/vc_column][vc_column width=\u00bb1\/2&#8243;][vc_column_text] Lauro Ikastola Sociedad Cooperativa Es una Ikastola \u2013 escuela vasca, promovida por las familias que, siguiendo una trayectoria iniciada en 1957, se asociaron en 1970 \u201cpara resolver cooperativamente la educaci\u00f3n de los hijos e hijas de los asociados\/as, descart\u00e1ndose toda idea de &#8230;<\/p>\n","protected":false},"author":1,"featured_media":0,"parent":0,"menu_order":0,"comment_status":"closed","ping_status":"closed","template":"","meta":{"ngg_post_thumbnail":0,"footnotes":""},"class_list":["post-2148","page","type-page","status-publish","hentry"],"_links":{"self":[{"href":"https:\/\/www.lauroikastola.eus\/es\/wp-json\/wp\/v2\/pages\/2148","targetHints":{"allow":["GET"]}}],"collection":[{"href":"https:\/\/www.lauroikastola.eus\/es\/wp-json\/wp\/v2\/pages"}],"about":[{"href":"https:\/\/www.lauroikastola.eus\/es\/wp-json\/wp\/v2\/types\/page"}],"author":[{"embeddable":true,"href":"https:\/\/www.lauroikastola.eus\/es\/wp-json\/wp\/v2\/users\/1"}],"replies":[{"embeddable":true,"href":"https:\/\/www.lauroikastola.eus\/es\/wp-json\/wp\/v2\/comments?post=2148"}],"version-history":[{"count":4,"href":"https:\/\/www.lauroikastola.eus\/es\/wp-json\/wp\/v2\/pages\/2148\/revisions"}],"predecessor-version":[{"id":142376,"href":"https:\/\/www.lauroikastola.eus\/es\/wp-json\/wp\/v2\/pages\/2148\/revisions\/142376"}],"wp:attachment":[{"href":"https:\/\/www.lauroikastola.eus\/es\/wp-json\/wp\/v2\/media?parent=2148"}],"curies":[{"name":"wp","href":"https:\/\/api.w.org\/{rel}","templated":true}]}}