{"id":2168,"date":"2014-12-10T13:07:48","date_gmt":"2014-12-10T13:07:48","guid":{"rendered":"http:\/\/www.lauroikastola.eus\/matrikula-2\/"},"modified":"2025-11-06T12:07:38","modified_gmt":"2025-11-06T11:07:38","slug":"matrikula","status":"publish","type":"page","link":"https:\/\/www.lauroikastola.eus\/es\/matrikula\/","title":{"rendered":"Matr\u00edcula Infantil y Primaria"},"content":{"rendered":"[vc_row ct_row_stretch=\u00bbstretch_row\u00bb ct_bg_image=\u00bb87687&#8243; ct_bg_color_overlay=\u00bbrgba(0,0,0,0.4)\u00bb ct_bg_position=\u00bbcenter center\u00bb ct_bg_parallax=\u00bbfixed\u00bb][vc_column]<div class=\"ult-spacer spacer-6a03301bafa64\" data-id=\"6a03301bafa64\" data-height=\"200\" data-height-mobile=\"200\" data-height-tab=\"200\" data-height-tab-portrait=\"\" data-height-mobile-landscape=\"\" style=\"clear:both;display:block;\"><\/div><div id=\"ultimate-heading-90306a03301bafbaf\" class=\"uvc-heading ult-adjust-bottom-margin ultimate-heading-90306a03301bafbaf uvc-9242 \" data-hspacer=\"line_only\"  data-halign=\"left\" style=\"text-align:left\"><div class=\"uvc-heading-spacer line_only\" style=\"topheight:1px;\"><span class=\"uvc-headings-line\" style=\"border-style:solid;border-bottom-width:1px;border-color:#9e9e9e;width:autopx;\"><\/span><\/div><div class=\"uvc-main-heading ult-responsive\"  data-ultimate-target='.uvc-heading.ultimate-heading-90306a03301bafbaf h2'  data-responsive-json-new='{\"font-size\":\"desktop:46px;\",\"line-height\":\"desktop:60px;\"}' ><h2 style=\"font-weight:bold;color:#ffffff;margin-top:10px;margin-bottom:60px;\">Matr\u00edcula Infantil y Primaria<\/h2><\/div><\/div><div class=\"ult-spacer spacer-6a03301bafc4b\" data-id=\"6a03301bafc4b\" data-height=\"20\" data-height-mobile=\"20\" data-height-tab=\"20\" data-height-tab-portrait=\"\" data-height-mobile-landscape=\"\" style=\"clear:both;display:block;\"><\/div>[\/vc_column][\/vc_row][vc_row ct_row_stretch=\u00bb\u00bb][vc_column]<div class=\"ult-spacer spacer-6a03301bafc9f\" data-id=\"6a03301bafc9f\" data-height=\"30\" data-height-mobile=\"30\" data-height-tab=\"30\" data-height-tab-portrait=\"\" data-height-mobile-landscape=\"\" style=\"clear:both;display:block;\"><\/div>[vc_custom_heading text=\u00bbProcedimiento general\u00bb font_container=\u00bbtag:h4|font_size:25|text_align:left|color:%23a01414&#8243; google_fonts=\u00bbfont_family:Andika%3Aregular|font_style:400%20regular%3A400%3Anormal\u00bb]<div class=\"ult-spacer spacer-6a03301bafcf1\" data-id=\"6a03301bafcf1\" data-height=\"30\" data-height-mobile=\"30\" data-height-tab=\"30\" data-height-tab-portrait=\"\" data-height-mobile-landscape=\"\" style=\"clear:both;display:block;\"><\/div>[vc_column_text]\n<p style=\"text-align: left;\"><strong>Recogemos los datos de las familias interesadas<\/strong> en escolarizar a sus hijos e hijas en Lauro Ikastola durante todo el a\u00f1o, y para cualquier nivel educativo. Las familias que ya ten\u00e9is hijos o hijas escolarizadas en Lauro, deber\u00e9is seguir otro procedimiento, del que se os informar\u00e1 en cada momento.<\/p>\n<p>Para nuevas matr\u00edculas, pod\u00e9is poneros en contacto de las siguientes maneras:<\/p>\n<ul class=\"bolas\">\n<li>Tel\u00e9fono: 94 453 80 07, extensi\u00f3n 212.<\/li>\n<li>E-mail: <a href=\"mailto:rodriguezr@lauro.eus\">rodriguezr@lauro.eus<\/a><\/li>\n<\/ul>\n<p style=\"text-align: left;\">En caso de enviar un mail, indicadnos los siguientes datos, y nos pondremos en contacto: a\u00f1o de nacimiento del ni\u00f1o o ni\u00f1a, municipio de residencia, tel\u00e9fonos de contacto.<\/p>\n<p>De cara a la matr\u00edcula de 3 a\u00f1os, os recomendamos que contact\u00e9is con la Ikastola el a\u00f1o en que cumple un a\u00f1o, para poder responder a vuestro inter\u00e9s dentro de los procedimientos de visitas e informaci\u00f3n.[\/vc_column_text]<div class=\"ult-spacer spacer-6a03301bafd38\" data-id=\"6a03301bafd38\" data-height=\"30\" data-height-mobile=\"30\" data-height-tab=\"30\" data-height-tab-portrait=\"\" data-height-mobile-landscape=\"\" style=\"clear:both;display:block;\"><\/div>[\/vc_column][\/vc_row][vc_row ct_row_stretch=\u00bb\u00bb][vc_column][vc_column_text]\n<h3>\u00bfQuieres conocer nuestro proyecto en Educaci\u00f3n Infantil? Ponte en contacto.<\/h3>\n<div style=\"position: relative; padding-top: max(60%,326px); height: 0; width: 100%;\"><iframe style=\"position: absolute; border: none; width: 100%; height: 100%; left: 0; right: 0; top: 0; bottom: 0;\" src=\"https:\/\/e.issuu.com\/embed.html?d=ate_irekiak_2025&amp;u=lauroikastola\" sandbox=\"allow-top-navigation allow-top-navigation-by-user-activation allow-downloads allow-scripts allow-same-origin allow-popups allow-modals allow-popups-to-escape-sandbox allow-forms\" allowfullscreen=\"allowfullscreen\"><\/iframe><\/div>\n[\/vc_column_text]<div class=\"ult-spacer spacer-6a03301bafd81\" data-id=\"6a03301bafd81\" data-height=\"30\" data-height-mobile=\"30\" data-height-tab=\"30\" data-height-tab-portrait=\"\" data-height-mobile-landscape=\"\" style=\"clear:both;display:block;\"><\/div>[\/vc_column][\/vc_row]\n","protected":false},"excerpt":{"rendered":"<p>[vc_row ct_row_stretch=\u00bbstretch_row\u00bb ct_bg_image=\u00bb87687&#8243; ct_bg_color_overlay=\u00bbrgba(0,0,0,0.4)\u00bb ct_bg_position=\u00bbcenter center\u00bb ct_bg_parallax=\u00bbfixed\u00bb][vc_column][\/vc_column][\/vc_row][vc_row ct_row_stretch=\u00bb\u00bb][vc_column][vc_custom_heading text=\u00bbProcedimiento general\u00bb font_container=\u00bbtag:h4|font_size:25|text_align:left|color:%23a01414&#8243; google_fonts=\u00bbfont_family:Andika%3Aregular|font_style:400%20regular%3A400%3Anormal\u00bb][vc_column_text] Recogemos los datos de las familias interesadas en escolarizar a sus hijos e hijas en Lauro Ikastola durante todo el a\u00f1o, y para cualquier nivel educativo. Las familias que ya ten\u00e9is hijos o hijas escolarizadas en Lauro, deber\u00e9is seguir otro procedimiento, del que &#8230;<\/p>\n","protected":false},"author":1,"featured_media":0,"parent":0,"menu_order":0,"comment_status":"closed","ping_status":"closed","template":"","meta":{"ngg_post_thumbnail":0,"footnotes":""},"class_list":["post-2168","page","type-page","status-publish","hentry"],"_links":{"self":[{"href":"https:\/\/www.lauroikastola.eus\/es\/wp-json\/wp\/v2\/pages\/2168","targetHints":{"allow":["GET"]}}],"collection":[{"href":"https:\/\/www.lauroikastola.eus\/es\/wp-json\/wp\/v2\/pages"}],"about":[{"href":"https:\/\/www.lauroikastola.eus\/es\/wp-json\/wp\/v2\/types\/page"}],"author":[{"embeddable":true,"href":"https:\/\/www.lauroikastola.eus\/es\/wp-json\/wp\/v2\/users\/1"}],"replies":[{"embeddable":true,"href":"https:\/\/www.lauroikastola.eus\/es\/wp-json\/wp\/v2\/comments?post=2168"}],"version-history":[{"count":2,"href":"https:\/\/www.lauroikastola.eus\/es\/wp-json\/wp\/v2\/pages\/2168\/revisions"}],"predecessor-version":[{"id":147537,"href":"https:\/\/www.lauroikastola.eus\/es\/wp-json\/wp\/v2\/pages\/2168\/revisions\/147537"}],"wp:attachment":[{"href":"https:\/\/www.lauroikastola.eus\/es\/wp-json\/wp\/v2\/media?parent=2168"}],"curies":[{"name":"wp","href":"https:\/\/api.w.org\/{rel}","templated":true}]}}