{"id":2289,"date":"2014-12-02T10:53:45","date_gmt":"2014-12-02T10:53:45","guid":{"rendered":"http:\/\/www.lauroikastola.eus\/aurkezpena\/espanol-estrategia\/"},"modified":"2026-02-27T16:57:21","modified_gmt":"2026-02-27T15:57:21","slug":"xedea-baloreak-ikuspegia","status":"publish","type":"page","link":"https:\/\/www.lauroikastola.eus\/es\/xedea-baloreak-ikuspegia\/","title":{"rendered":"Misi\u00f3n, Visi\u00f3n, Valores"},"content":{"rendered":"[vc_row ct_row_stretch=\u00bbstretch_row\u00bb ct_bg_image=\u00bb121098&#8243; ct_bg_color_overlay=\u00bbrgba(0,0,0,0.4)\u00bb ct_bg_position=\u00bbcenter center\u00bb ct_bg_parallax=\u00bbfixed\u00bb][vc_column]<div class=\"ult-spacer spacer-6a02d9122001e\" data-id=\"6a02d9122001e\" data-height=\"200\" data-height-mobile=\"200\" data-height-tab=\"200\" data-height-tab-portrait=\"\" data-height-mobile-landscape=\"\" style=\"clear:both;display:block;\"><\/div><div id=\"ultimate-heading-47626a02d91220100\" class=\"uvc-heading ult-adjust-bottom-margin ultimate-heading-47626a02d91220100 uvc-1455 \" data-hspacer=\"line_only\"  data-halign=\"left\" style=\"text-align:left\"><div class=\"uvc-heading-spacer line_only\" style=\"topheight:1px;\"><span class=\"uvc-headings-line\" style=\"border-style:solid;border-bottom-width:1px;border-color:#9e9e9e;width:autopx;\"><\/span><\/div><div class=\"uvc-main-heading ult-responsive\"  data-ultimate-target='.uvc-heading.ultimate-heading-47626a02d91220100 h2'  data-responsive-json-new='{\"font-size\":\"desktop:46px;\",\"line-height\":\"desktop:60px;\"}' ><h2 style=\"font-weight:bold;color:#ffffff;margin-top:10px;margin-bottom:60px;\">Misi\u00f3n, Visi\u00f3n, Valores<\/h2><\/div><\/div><div class=\"ult-spacer spacer-6a02d91220171\" data-id=\"6a02d91220171\" data-height=\"20\" data-height-mobile=\"20\" data-height-tab=\"20\" data-height-tab-portrait=\"\" data-height-mobile-landscape=\"\" style=\"clear:both;display:block;\"><\/div>[\/vc_column][\/vc_row][vc_row ct_row_stretch=\u00bb\u00bb][vc_column width=\u00bb1\/2&#8243;]<div class=\"ult-spacer spacer-6a02d912201d6\" data-id=\"6a02d912201d6\" data-height=\"30\" data-height-mobile=\"30\" data-height-tab=\"30\" data-height-tab-portrait=\"\" data-height-mobile-landscape=\"\" style=\"clear:both;display:block;\"><\/div>[vc_column_text]\n<h3>Lauro Ikastola, S. COOP., es una cooperativa de familias de ense\u00f1anza en euskara, que tiene como finalidad la formaci\u00f3n integral y el desarrollo personal de sus hijos e hijas.<\/h3>\n<ul class=\"bolas\">\n<li>Basada en la tradici\u00f3n y cultura vascas, promueve que los alumnos y alumnas aprendan, mejoren y utilicen el euskara en su vida diaria.<\/li>\n<li>Su educaci\u00f3n, que tiene como eje a las personas, est\u00e1 basada en los derechos humanos y los valores c\u00edvicos de una sociedad democr\u00e1tica para formar personas libres, responsables, competentes, tolerantes y solidarias que est\u00e9n dispuestas a contribuir a la mejora de su entorno y del mundo.<\/li>\n<li>Este proyecto euskaldun, pluriling\u00fce, diversificado e innovador, en el que participan las familias, se caracteriza por el seguimiento personalizado, su amplio curr\u00edculo y el tratamiento a la diversidad para ayudar al alumno a adquirir las competencias de cara a los retos actuales y futuros de su vida.<\/li>\n<\/ul>\n[\/vc_column_text][\/vc_column][vc_column width=\u00bb1\/2&#8243;]<div class=\"ult-spacer spacer-6a02d9122020b\" data-id=\"6a02d9122020b\" data-height=\"30\" data-height-mobile=\"30\" data-height-tab=\"30\" data-height-tab-portrait=\"\" data-height-mobile-landscape=\"\" style=\"clear:both;display:block;\"><\/div>[vc_single_image image=\u00bb134454&#8243; img_size=\u00bbfull\u00bb][\/vc_column][\/vc_row][vc_column][\/vc_column][vc_row ct_row_stretch=\u00bb\u00bb][vc_column]<div class=\"ult-spacer spacer-6a02d9122023b\" data-id=\"6a02d9122023b\" data-height=\"30\" data-height-mobile=\"30\" data-height-tab=\"30\" data-height-tab-portrait=\"\" data-height-mobile-landscape=\"\" style=\"clear:both;display:block;\"><\/div>[vc_column_text]\n<h3>Visi\u00f3n: \u201cIzan zirelako gara, garelako izango dira.\u201d<\/h3>\n<ul class=\"bolas\">\n<li>La cooperaci\u00f3n y el trabajo en equipo son nuestro horizonte. Con el impulso de padres, madres, profesorado y alumnos y alumnas obtenemos lo mejor de cada uno.<\/li>\n<li>El saber nos hace libres. El alumnado est\u00e1 preparado para tomar decisiones libremente, con una base s\u00f3lida en valores y actitudes, y hacia la felicidad.<\/li>\n<li>Vivimos en euskara. Respiramos, so\u00f1amos y disfrutamos con el euskara.<\/li>\n<\/ul>\n<h3>Valores: Car\u00e1cter e identidad propios, a trav\u00e9s del desarrollo de un modelo educativo, de gesti\u00f3n y cultura propios.<\/h3>\n<ul class=\"bolas\">\n<li>Educaci\u00f3n basada en la tradici\u00f3n y cultura vasca.<\/li>\n<li>Car\u00e1cter pluralista, integrador y no discriminador.<\/li>\n<li>Promover que los alumnos y alumnas sean protagonistas activos de sus procesos de aprendizaje y socializaci\u00f3n.<\/li>\n<li>Educaci\u00f3n basada en el respeto al individuo y a los derechos humanos, cuidando la preparaci\u00f3n moral y \u00e9tica del alumnado.<\/li>\n<li>Comprometido con la sociedad, respondiendo de la mejor manera a las necesidades educacionales del entorno, colaborando en la sostenibilidad y la mejora del sistema educativo.<\/li>\n<li>Innovador, tanto en los servicios que ofrece como en la gesti\u00f3n.<\/li>\n<li>Colaboraci\u00f3n y participaci\u00f3n de toda la comunidad escolar (alumnado, familias y personal) en la gesti\u00f3n de la organizaci\u00f3n y los procesos educativos: corresponsabilidad.<\/li>\n<li>Compuesto por un equipo profesional cualificado y comprometido, a trav\u00e9s de la continua actualizaci\u00f3n de las competencias.<\/li>\n<li>Car\u00e1cter cooperativo.<\/li>\n<\/ul>\n[\/vc_column_text]<div class=\"ult-spacer spacer-6a02d91220265\" data-id=\"6a02d91220265\" data-height=\"30\" data-height-mobile=\"30\" data-height-tab=\"30\" data-height-tab-portrait=\"\" data-height-mobile-landscape=\"\" style=\"clear:both;display:block;\"><\/div>[\/vc_column][\/vc_row]\n","protected":false},"excerpt":{"rendered":"<p>[vc_row ct_row_stretch=\u00bbstretch_row\u00bb ct_bg_image=\u00bb121098&#8243; ct_bg_color_overlay=\u00bbrgba(0,0,0,0.4)\u00bb ct_bg_position=\u00bbcenter center\u00bb ct_bg_parallax=\u00bbfixed\u00bb][vc_column][\/vc_column][\/vc_row][vc_row ct_row_stretch=\u00bb\u00bb][vc_column width=\u00bb1\/2&#8243;][vc_column_text] Lauro Ikastola, S. COOP., es una cooperativa de familias de ense\u00f1anza en euskara, que tiene como finalidad la formaci\u00f3n integral y el desarrollo personal de sus hijos e hijas. Basada en la tradici\u00f3n y cultura vascas, promueve que los alumnos y alumnas aprendan, mejoren y utilicen &#8230;<\/p>\n","protected":false},"author":1,"featured_media":0,"parent":0,"menu_order":0,"comment_status":"closed","ping_status":"closed","template":"","meta":{"ngg_post_thumbnail":0,"footnotes":""},"class_list":["post-2289","page","type-page","status-publish","hentry"],"_links":{"self":[{"href":"https:\/\/www.lauroikastola.eus\/es\/wp-json\/wp\/v2\/pages\/2289","targetHints":{"allow":["GET"]}}],"collection":[{"href":"https:\/\/www.lauroikastola.eus\/es\/wp-json\/wp\/v2\/pages"}],"about":[{"href":"https:\/\/www.lauroikastola.eus\/es\/wp-json\/wp\/v2\/types\/page"}],"author":[{"embeddable":true,"href":"https:\/\/www.lauroikastola.eus\/es\/wp-json\/wp\/v2\/users\/1"}],"replies":[{"embeddable":true,"href":"https:\/\/www.lauroikastola.eus\/es\/wp-json\/wp\/v2\/comments?post=2289"}],"version-history":[{"count":4,"href":"https:\/\/www.lauroikastola.eus\/es\/wp-json\/wp\/v2\/pages\/2289\/revisions"}],"predecessor-version":[{"id":150042,"href":"https:\/\/www.lauroikastola.eus\/es\/wp-json\/wp\/v2\/pages\/2289\/revisions\/150042"}],"wp:attachment":[{"href":"https:\/\/www.lauroikastola.eus\/es\/wp-json\/wp\/v2\/media?parent=2289"}],"curies":[{"name":"wp","href":"https:\/\/api.w.org\/{rel}","templated":true}]}}