{"id":2307,"date":"2014-12-02T14:08:45","date_gmt":"2014-12-02T14:08:45","guid":{"rendered":"http:\/\/www.lauroikastola.eus\/aurkezpena\/ohiko-galderak\/"},"modified":"2019-11-08T11:36:09","modified_gmt":"2019-11-08T10:36:09","slug":"ohiko-galderak","status":"publish","type":"page","link":"https:\/\/www.lauroikastola.eus\/es\/ohiko-galderak\/","title":{"rendered":"Ohiko galderak"},"content":{"rendered":"[vc_row ct_row_stretch=\u00bbstretch_row\u00bb ct_bg_image=\u00bb75114&#8243; ct_bg_color_overlay=\u00bbrgba(0,0,0,0.4)\u00bb ct_bg_position=\u00bbcenter center\u00bb ct_bg_parallax=\u00bbfixed\u00bb][vc_column]<div class=\"ult-spacer spacer-6a0459d5625c0\" data-id=\"6a0459d5625c0\" data-height=\"200\" data-height-mobile=\"200\" data-height-tab=\"200\" data-height-tab-portrait=\"\" data-height-mobile-landscape=\"\" style=\"clear:both;display:block;\"><\/div><div id=\"ultimate-heading-42196a0459d56275a\" class=\"uvc-heading ult-adjust-bottom-margin ultimate-heading-42196a0459d56275a uvc-1280 \" data-hspacer=\"line_only\"  data-halign=\"left\" style=\"text-align:left\"><div class=\"uvc-heading-spacer line_only\" style=\"topheight:1px;\"><span class=\"uvc-headings-line\" style=\"border-style:solid;border-bottom-width:1px;border-color:#9e9e9e;width:autopx;\"><\/span><\/div><div class=\"uvc-main-heading ult-responsive\"  data-ultimate-target='.uvc-heading.ultimate-heading-42196a0459d56275a h2'  data-responsive-json-new='{\"font-size\":\"desktop:46px;\",\"line-height\":\"desktop:60px;\"}' ><h2 style=\"font-weight:bold;color:#ffffff;margin-top:10px;margin-bottom:60px;\">Preguntas frecuentes<\/h2><\/div><\/div><div class=\"ult-spacer spacer-6a0459d562871\" data-id=\"6a0459d562871\" data-height=\"20\" data-height-mobile=\"20\" data-height-tab=\"20\" data-height-tab-portrait=\"\" data-height-mobile-landscape=\"\" style=\"clear:both;display:block;\"><\/div>[\/vc_column][\/vc_row][vc_row ct_row_stretch=\u00bb\u00bb][vc_column]<div class=\"ult-spacer spacer-6a0459d5628e2\" data-id=\"6a0459d5628e2\" data-height=\"30\" data-height-mobile=\"30\" data-height-tab=\"30\" data-height-tab-portrait=\"\" data-height-mobile-landscape=\"\" style=\"clear:both;display:block;\"><\/div>[vc_toggle title=\u00bb\u00bfQu\u00e9 apartados tiene la WEB?\u00bb style=\u00bbsimple\u00bb color=\u00bbjuicy_pink\u00bb size=\u00bblg\u00bb]La p\u00e1gina web tiene un apartado p\u00fablico: noticias en la p\u00e1gina principal e informaciones generales en la parte superior.<\/p>\n<p>Las familias, y los alumnos y alumnas disponen de la parte privada, a la que se accede mediante un usuario y contrase\u00f1a. Estas mismas claves son necesarias para acceder a la plataforma Alexia.[\/vc_toggle][vc_toggle title=\u00bb\u00bfC\u00f3mo funciona el usuario?\u00bb style=\u00bbsimple\u00bb color=\u00bbjuicy_pink\u00bb size=\u00bblg\u00bb]Cada padre y cada madre de Lauro Ikastola dispone de su usuario y los datos personales que ve son los propios. El usuario de padre o madre puede consultar los datos referentes a todos los hijos\/as escolarizados en Lauro.<\/p>\n<p>Cada alumno y alumna tiene tambi\u00e9n su usuario propio a partir de la ESO, que se les facilita en la Ikastola durante los per\u00edodos de prematr\u00edcula en mayo.<\/p>\n<p>Cada alumno y alumna s\u00f3lo puede consultar los datos referentes a si mismo\/a.[\/vc_toggle][vc_toggle title=\u00bb\u00bfQu\u00e9 debe hacer mi hijo o hija si ha perdido alguna prenda o material en la Ikastola?\u00bb style=\u00bbsimple\u00bb color=\u00bbjuicy_pink\u00bb size=\u00bblg\u00bb]Si es de Primaria, y est\u00e1 identificado con nombre y apellidos, se devolver\u00e1 a su due\u00f1o o due\u00f1a. Si no, se llevar\u00e1 al espacio \u201cArropa galduak\u201d y deber\u00e1 recogerlo all\u00ed.<\/p>\n<p>Si es un alumno o alumna de ESO o Bachiller, deber\u00e1 preguntar a los bedeles.[\/vc_toggle][vc_toggle title=\u00bb\u00bfQu\u00e9 debe hacer mi hijo o hija si ha perdido alguna prenda o material en el bus?\u00bb style=\u00bbsimple\u00bb color=\u00bbjuicy_pink\u00bb size=\u00bblg\u00bb]En caso de haber sido en un bus, deber\u00e1 preguntar al cuidador\/a o conductor\/a.[\/vc_toggle][vc_toggle title=\u00bb\u00bfQu\u00e9 hago para enviar a la Ikastola un cambio de datos personales, una sugerencia o una reclamaci\u00f3n?\u00bb style=\u00bbsimple\u00bb color=\u00bbjuicy_pink\u00bb size=\u00bblg\u00bb]Env\u00edad un correo a Secretar\u00eda General: <a href=\"mailto:zuzend_idazkaritza@lauro.eus\">zuzend_idazkaritza@lauro.eus<\/a>[\/vc_toggle][\/vc_column][\/vc_row][vc_row ct_row_stretch=\u00bb\u00bb][vc_column]<div class=\"ult-spacer spacer-6a0459d56292c\" data-id=\"6a0459d56292c\" data-height=\"30\" data-height-mobile=\"30\" data-height-tab=\"30\" data-height-tab-portrait=\"\" data-height-mobile-landscape=\"\" style=\"clear:both;display:block;\"><\/div>[\/vc_column][\/vc_row][vc_column][\/vc_column]\n","protected":false},"excerpt":{"rendered":"<p>[vc_row ct_row_stretch=\u00bbstretch_row\u00bb ct_bg_image=\u00bb75114&#8243; ct_bg_color_overlay=\u00bbrgba(0,0,0,0.4)\u00bb ct_bg_position=\u00bbcenter center\u00bb ct_bg_parallax=\u00bbfixed\u00bb][vc_column][\/vc_column][\/vc_row][vc_row ct_row_stretch=\u00bb\u00bb][vc_column][vc_toggle title=\u00bb\u00bfQu\u00e9 apartados tiene la WEB?\u00bb style=\u00bbsimple\u00bb color=\u00bbjuicy_pink\u00bb size=\u00bblg\u00bb]La p\u00e1gina web tiene un apartado p\u00fablico: noticias en la p\u00e1gina principal e informaciones generales en la parte superior. Las familias, y los alumnos y alumnas disponen de la parte privada, a la que se accede mediante un usuario y &#8230;<\/p>\n","protected":false},"author":1,"featured_media":0,"parent":0,"menu_order":0,"comment_status":"closed","ping_status":"open","template":"","meta":{"ngg_post_thumbnail":0,"footnotes":""},"class_list":["post-2307","page","type-page","status-publish","hentry"],"_links":{"self":[{"href":"https:\/\/www.lauroikastola.eus\/es\/wp-json\/wp\/v2\/pages\/2307","targetHints":{"allow":["GET"]}}],"collection":[{"href":"https:\/\/www.lauroikastola.eus\/es\/wp-json\/wp\/v2\/pages"}],"about":[{"href":"https:\/\/www.lauroikastola.eus\/es\/wp-json\/wp\/v2\/types\/page"}],"author":[{"embeddable":true,"href":"https:\/\/www.lauroikastola.eus\/es\/wp-json\/wp\/v2\/users\/1"}],"replies":[{"embeddable":true,"href":"https:\/\/www.lauroikastola.eus\/es\/wp-json\/wp\/v2\/comments?post=2307"}],"version-history":[{"count":0,"href":"https:\/\/www.lauroikastola.eus\/es\/wp-json\/wp\/v2\/pages\/2307\/revisions"}],"wp:attachment":[{"href":"https:\/\/www.lauroikastola.eus\/es\/wp-json\/wp\/v2\/media?parent=2307"}],"curies":[{"name":"wp","href":"https:\/\/api.w.org\/{rel}","templated":true}]}}