{"id":2336,"date":"2014-12-04T10:47:10","date_gmt":"2014-12-04T10:47:10","guid":{"rendered":"http:\/\/www.lauroikastola.eus\/zerbitzuak\/jantokia\/"},"modified":"2022-10-10T11:28:29","modified_gmt":"2022-10-10T09:28:29","slug":"jantokia","status":"publish","type":"page","link":"https:\/\/www.lauroikastola.eus\/es\/jantokia\/","title":{"rendered":"Comedor &#8211; Cocina"},"content":{"rendered":"[vc_row ct_row_stretch=\u00bbstretch_row\u00bb ct_bg_image=\u00bb79310&#8243; ct_bg_color_overlay=\u00bbrgba(0,0,0,0.4)\u00bb ct_bg_position=\u00bbcenter center\u00bb ct_bg_parallax=\u00bbfixed\u00bb][vc_column]<div class=\"ult-spacer spacer-6a02ce345da5c\" data-id=\"6a02ce345da5c\" data-height=\"200\" data-height-mobile=\"200\" data-height-tab=\"200\" data-height-tab-portrait=\"\" data-height-mobile-landscape=\"\" style=\"clear:both;display:block;\"><\/div><div id=\"ultimate-heading-33776a02ce345dba1\" class=\"uvc-heading ult-adjust-bottom-margin ultimate-heading-33776a02ce345dba1 uvc-1770 \" data-hspacer=\"line_only\"  data-halign=\"left\" style=\"text-align:left\"><div class=\"uvc-heading-spacer line_only\" style=\"topheight:1px;\"><span class=\"uvc-headings-line\" style=\"border-style:solid;border-bottom-width:1px;border-color:#9e9e9e;width:autopx;\"><\/span><\/div><div class=\"uvc-main-heading ult-responsive\"  data-ultimate-target='.uvc-heading.ultimate-heading-33776a02ce345dba1 h2'  data-responsive-json-new='{\"font-size\":\"desktop:46px;\",\"line-height\":\"desktop:60px;\"}' ><h2 style=\"font-weight:bold;color:#ffffff;margin-top:10px;margin-bottom:60px;\">Comedor - Cocina<\/h2><\/div><\/div><div class=\"ult-spacer spacer-6a02ce345dc59\" data-id=\"6a02ce345dc59\" data-height=\"20\" data-height-mobile=\"20\" data-height-tab=\"20\" data-height-tab-portrait=\"\" data-height-mobile-landscape=\"\" style=\"clear:both;display:block;\"><\/div>[\/vc_column][\/vc_row][vc_row ct_row_stretch=\u00bb\u00bb][vc_column]<div class=\"ult-spacer spacer-6a02ce345dc98\" data-id=\"6a02ce345dc98\" data-height=\"30\" data-height-mobile=\"30\" data-height-tab=\"30\" data-height-tab-portrait=\"\" data-height-mobile-landscape=\"\" style=\"clear:both;display:block;\"><\/div>[\/vc_column][\/vc_row][vc_row ct_row_stretch=\u00bb\u00bb][vc_column width=\u00bb1\/2&#8243;]<div class=\"ult-spacer spacer-6a02ce345dcdd\" data-id=\"6a02ce345dcdd\" data-height=\"10\" data-height-mobile=\"10\" data-height-tab=\"10\" data-height-tab-portrait=\"\" data-height-mobile-landscape=\"\" style=\"clear:both;display:block;\"><\/div>[vc_column_text]\n<h3><span style=\"color: #800000;\">Disponemos de cocineros y cocina propia donde se elaboran los men\u00fas definidos por los responsables de la Ikastola, bajo la supervisi\u00f3n de nutricionistas expertos.<\/span><\/h3>\n<h3><span style=\"color: #333333;\">Objetivo general<\/span><\/h3>\n<p>El comedor es tambi\u00e9n un espacio educativo y este servicio se encuentra integrado en el curr\u00edculo educativo de Lauro Ikastola.<\/p>\n<h3>Objetivos espec\u00edficos<\/h3>\n<ul class=\"bolas\">\n<li>Sensibilizaci\u00f3n sobre la necesidad de una alimentaci\u00f3n sana para una vida saludable.<\/li>\n<li>Tomar conciencia de que los alimentos son necesarios para todas las personas y que son<br \/>\nescasos.<\/li>\n<li>Adquirir y practicar los debidos h\u00e1bitos de higiene en la mesa y las debidas normas sociales.<\/li>\n<li>Adquirir actitudes positivas hacia las tareas dom\u00e9sticas, participando tambi\u00e9n en labores puntuales y espec\u00edficas del servicio de comedor.<\/li>\n<li>Favorecer su toma de conciencia como ciudadano del mundo, consciente de los l\u00edmites<br \/>\ny los riesgos a que puede someterlo.<\/li>\n<li>Tomar conciencia de que no se deben producir residuos innecesarios.<\/li>\n<\/ul>\n<h3>Normas generales<\/h3>\n<ul class=\"bolas\">\n<li>El servicio de comedor se contrata por curso completo y s\u00f3lo es opcional en Bachiller.<\/li>\n<li>Cada alumno\/a cuidar\u00e1 y ser\u00e1 responsable del debido uso y buen estado de los cubiertos, mesa, asiento y \u00e1rea que utiliza.<\/li>\n<li>Todos los alimentos, incluidos los postres, se consumir\u00e1n en la mesa y no se sacar\u00e1n del comedor.<\/li>\n<li>El alumno\/a seguir\u00e1 las indicaciones de las personas responsables del comedor y se dirigir\u00e1 a ellas con las debidas formas de respeto.<\/li>\n<li>Con el fin de no interferir los buenos h\u00e1bitos alimentarios de vuestros hijos\/as, es importante que evit\u00e9is proporcionarles dulces o similares durante la jornada escolar.<\/li>\n<\/ul>\n[\/vc_column_text]<div class=\"ult-spacer spacer-6a02ce345dd2e\" data-id=\"6a02ce345dd2e\" data-height=\"30\" data-height-mobile=\"30\" data-height-tab=\"30\" data-height-tab-portrait=\"\" data-height-mobile-landscape=\"\" style=\"clear:both;display:block;\"><\/div>[\/vc_column][vc_column width=\u00bb1\/2&#8243;][vc_cta h2=\u00bbMen\u00fas del curso\u00bb style=\u00bbflat\u00bb color=\u00bbgreen\u00bb add_button=\u00bbright\u00bb btn_title=\u00bbVer\u00bb btn_align=\u00bbright\u00bb btn_i_icon_fontawesome=\u00bbfa fa-link\u00bb btn_add_icon=\u00bbtrue\u00bb css=\u00bb.vc_custom_1665394079966{margin-top: 20px !important;}\u00bb btn_link=\u00bburl:%2Fes%2Fmenuak|||\u00bb][\/vc_cta][vc_single_image image=\u00bb112203&#8243; img_size=\u00bbfull\u00bb alignment=\u00bbcenter\u00bb style=\u00bbvc_box_rounded\u00bb][\/vc_column][\/vc_row]\n","protected":false},"excerpt":{"rendered":"<p>[vc_row ct_row_stretch=\u00bbstretch_row\u00bb ct_bg_image=\u00bb79310&#8243; ct_bg_color_overlay=\u00bbrgba(0,0,0,0.4)\u00bb ct_bg_position=\u00bbcenter center\u00bb ct_bg_parallax=\u00bbfixed\u00bb][vc_column][\/vc_column][\/vc_row][vc_row ct_row_stretch=\u00bb\u00bb][vc_column][\/vc_column][\/vc_row][vc_row ct_row_stretch=\u00bb\u00bb][vc_column width=\u00bb1\/2&#8243;][vc_column_text] Disponemos de cocineros y cocina propia donde se elaboran los men\u00fas definidos por los responsables de la Ikastola, bajo la supervisi\u00f3n de nutricionistas expertos. Objetivo general El comedor es tambi\u00e9n un espacio educativo y este servicio se encuentra integrado en el curr\u00edculo educativo de Lauro &#8230;<\/p>\n","protected":false},"author":1,"featured_media":0,"parent":0,"menu_order":0,"comment_status":"closed","ping_status":"closed","template":"","meta":{"ngg_post_thumbnail":0,"footnotes":""},"class_list":["post-2336","page","type-page","status-publish","hentry"],"_links":{"self":[{"href":"https:\/\/www.lauroikastola.eus\/es\/wp-json\/wp\/v2\/pages\/2336","targetHints":{"allow":["GET"]}}],"collection":[{"href":"https:\/\/www.lauroikastola.eus\/es\/wp-json\/wp\/v2\/pages"}],"about":[{"href":"https:\/\/www.lauroikastola.eus\/es\/wp-json\/wp\/v2\/types\/page"}],"author":[{"embeddable":true,"href":"https:\/\/www.lauroikastola.eus\/es\/wp-json\/wp\/v2\/users\/1"}],"replies":[{"embeddable":true,"href":"https:\/\/www.lauroikastola.eus\/es\/wp-json\/wp\/v2\/comments?post=2336"}],"version-history":[{"count":0,"href":"https:\/\/www.lauroikastola.eus\/es\/wp-json\/wp\/v2\/pages\/2336\/revisions"}],"wp:attachment":[{"href":"https:\/\/www.lauroikastola.eus\/es\/wp-json\/wp\/v2\/media?parent=2336"}],"curies":[{"name":"wp","href":"https:\/\/api.w.org\/{rel}","templated":true}]}}