{"id":2341,"date":"2014-12-09T14:37:51","date_gmt":"2014-12-09T14:37:51","guid":{"rendered":"http:\/\/www.lauroikastola.eus\/zerbitzuak\/garraioa\/"},"modified":"2024-06-04T16:25:54","modified_gmt":"2024-06-04T14:25:54","slug":"garraioa","status":"publish","type":"page","link":"https:\/\/www.lauroikastola.eus\/es\/garraioa\/","title":{"rendered":"Garraioa"},"content":{"rendered":"[vc_row ct_row_stretch=\u00bbstretch_row\u00bb ct_bg_image=\u00bb78689&#8243; ct_bg_color_overlay=\u00bbrgba(0,0,0,0.4)\u00bb ct_bg_position=\u00bbcenter center\u00bb ct_bg_parallax=\u00bbfixed\u00bb][vc_column]<div class=\"ult-spacer spacer-6a02d91a7c8a2\" data-id=\"6a02d91a7c8a2\" data-height=\"200\" data-height-mobile=\"200\" data-height-tab=\"200\" data-height-tab-portrait=\"\" data-height-mobile-landscape=\"\" style=\"clear:both;display:block;\"><\/div><div id=\"ultimate-heading-43976a02d91a7c9b9\" class=\"uvc-heading ult-adjust-bottom-margin ultimate-heading-43976a02d91a7c9b9 uvc-990 \" data-hspacer=\"line_only\"  data-halign=\"left\" style=\"text-align:left\"><div class=\"uvc-heading-spacer line_only\" style=\"topheight:1px;\"><span class=\"uvc-headings-line\" style=\"border-style:solid;border-bottom-width:1px;border-color:#9e9e9e;width:autopx;\"><\/span><\/div><div class=\"uvc-main-heading ult-responsive\"  data-ultimate-target='.uvc-heading.ultimate-heading-43976a02d91a7c9b9 h2'  data-responsive-json-new='{\"font-size\":\"desktop:46px;\",\"line-height\":\"desktop:60px;\"}' ><h2 style=\"font-weight:bold;color:#ffffff;margin-top:10px;margin-bottom:60px;\">Transporte<\/h2><\/div><\/div><div class=\"ult-spacer spacer-6a02d91a7ca2c\" data-id=\"6a02d91a7ca2c\" data-height=\"20\" data-height-mobile=\"20\" data-height-tab=\"20\" data-height-tab-portrait=\"\" data-height-mobile-landscape=\"\" style=\"clear:both;display:block;\"><\/div>[\/vc_column][\/vc_row][vc_row ct_row_stretch=\u00bb\u00bb][vc_column]<div class=\"ult-spacer spacer-6a02d91a7ca68\" data-id=\"6a02d91a7ca68\" data-height=\"30\" data-height-mobile=\"30\" data-height-tab=\"30\" data-height-tab-portrait=\"\" data-height-mobile-landscape=\"\" style=\"clear:both;display:block;\"><\/div>[vc_column_text]\n<h2>Reglamento para un adecuado servicio de transporte<\/h2>\n<p>&nbsp;<\/p>\n<h3>Infantil y Primaria<\/h3>\n<ul class=\"bolas\">\n<li>El servicio de transporte se contrata por curso completo y contempla la entrada a las 9:15 y salida a las 16:30, excepto los d\u00edas que el alumno\/a participe en Deporte Escolar o Actividades Culturales.<\/li>\n<li>Los cambios puntuales en el servicio se permitir\u00e1n, por causa justificada y aceptada por los responsables del servicio, siempre que haya plaza garantizada en el bus solicitado, excepto para el alumnado de Educaci\u00f3n Infantil, por razones de seguridad. Dicho servicio se a\u00f1adir\u00e1 al servicio habitual ya contratado y se cobrar\u00e1 mediante recibo.<\/li>\n<li>Cada alumno y alumna utilizar\u00e1 exclusivamente el n\u00famero de bus y de asiento que expresamente le ha sido asignado al inicio del curso. Permanecer\u00e1 sentado mientras el bus est\u00e9 en marcha.<\/li>\n<li>El alumnado deber\u00e1 abrocharse el cintur\u00f3n de seguridad. El alumnado de Primaria que no lo haga deber\u00e1 asumir la multa de tr\u00e1fico, en su caso.<\/li>\n<li>El alumnado respetar\u00e1 y utilizar\u00e1 adecuadamente las pertenencias del bus y responder\u00e1 del uso correcto y buen estado de su asiento, aunque no lo haya utilizado. En caso de encontrar alg\u00fan desperfecto deber\u00e1 hacerlo saber cuanto antes a la cuidadora o al responsable de Lauro m\u00e1s pr\u00f3ximo.<\/li>\n<li>Se tratar\u00e1 con respecto al responsable, a los compa\u00f1eros y al conductor, y no se dirigir\u00e1 a \u00e9ste mientras est\u00e9 conduciendo. Se seguir\u00e1n las pautas de comportamiento que les indiquen los responsables del servicio, no estando permitida ninguna actitud que vulnere las normas de convivencia.<\/li>\n<li>Durante el trayecto, se comportar\u00e1 con correcci\u00f3n guardando las debidas normas sociales. No est\u00e1 permitido comer y beber en el autob\u00fas.<\/li>\n<li>A la llegada a la Ikastola y a la salida, deber\u00e1n dirigirse a sus destinos con prontitud, respetando siempre las indicaciones y orientaciones de las personas responsables del servicio.<\/li>\n<li>En caso de utilizar coches privados para la llegada o salida de la Ikastola, no obstaculizar el tr\u00e1fico y aparcamiento de buses, y respetad las indicaciones de los responsables de transporte.<\/li>\n<\/ul>\n<h3>ESO y Bachiller<\/h3>\n<ul class=\"bolas\">\n<li>El servicio de transporte se contrata por curso completo y contempla la entrada a las 8:00 y salida a las 15:30 (y 2\u00ba de Bachiller a las 14:30 los viernes), excepto los d\u00edas que el alumno\/a participe en Deporte Escolar, Actividades Culturales o Idiomas.<\/li>\n<li>Los cambios puntuales en el servicio se permitir\u00e1n, por causa justificada y aceptada por los responsables del servicio, siempre que haya plaza garantizada en el bus solicitado, excepto para el alumnado de Educaci\u00f3n Infantil, por razones de seguridad. Dicho servicio se a\u00f1adir\u00e1 al servicio habitual ya contratado y se cobrar\u00e1 mediante recibo. El alumnado de la ESO deber\u00e1 dirigirse al director.<\/li>\n<li>Cada alumno utilizar\u00e1 exclusivamente el n\u00famero de bus y de asiento que expresamente le ha sido asignado al inicio del curso. Permanecer\u00e1 sentado mientras el bus est\u00e9 en marcha.<\/li>\n<li>El alumnado deber\u00e1 abrocharse el cintur\u00f3n de seguridad. En caso de no llevarlo, deber\u00e1n hacerse cargo de la posible multa de tr\u00e1fico.<\/li>\n<li>El alumnado respetar\u00e1 y utilizar\u00e1 adecuadamente las pertenencias del bus y responder\u00e1 del uso correcto y buen estado de su asiento, aunque no lo haya utilizado. En caso de encontrar alg\u00fan desperfecto deber\u00e1 hacerlo saber cuanto antes a la cuidadora o al responsable de Lauro m\u00e1s pr\u00f3ximo.<\/li>\n<li>Se tratar\u00e1 con respecto al responsable, a los compa\u00f1eros y al conductor, y no se dirigir\u00e1 a \u00e9ste mientras est\u00e9 conduciendo. Se seguir\u00e1n las pautas de comportamiento que les indiquen los responsables del servicio, no estando permitida ninguna actitud que vulnere las normas de convivencia.<\/li>\n<li>Durante el trayecto, se comportar\u00e1 con correcci\u00f3n guardando las debidas normas sociales. No est\u00e1 permitido comer y beber en el autob\u00fas.<\/li>\n<li>El alumnado de Secundaria no podr\u00e1 utilizar el iPad o tel\u00e9fono m\u00f3vil cuando est\u00e9 en el servicio de buses de Infantil-Primaria.<\/li>\n<li>A la llegada a la Ikastola y a la salida, deber\u00e1n dirigirse a sus destinos con prontitud, respetando siempre las indicaciones y orientaciones de las personas responsables del servicio.<\/li>\n<li>En caso de utilizar coches privados para la llegada o salida de la Ikastola, no obstaculizar el tr\u00e1fico y aparcamiento de buses, y respetad las indicaciones de los responsables de transporte.<\/li>\n<li>En caso de problema de tr\u00e1fico y con el objetivo de garantizar la seguridad en la posterior salida de Infantil y Primar\u00eda, las paradas de un recorrido de Secundaria podr\u00e1n concentrarse en un punto, teniendo en cuenta que el alumnado de Secundaria tiene la edad suficiente para llegar al domicilio por sus propios medios.<\/li>\n<\/ul>\n[\/vc_column_text]<div class=\"ult-spacer spacer-6a02d91a7ca9a\" data-id=\"6a02d91a7ca9a\" data-height=\"30\" data-height-mobile=\"30\" data-height-tab=\"30\" data-height-tab-portrait=\"\" data-height-mobile-landscape=\"\" style=\"clear:both;display:block;\"><\/div>[vc_column_text]<strong>Contacto de este servicio:<\/strong><\/p>\n<p><a href=\"mailto:zerbitzuak@lauro.eus\">zerbitzuak@lauro.eus<\/a>[\/vc_column_text]<div class=\"ult-spacer spacer-6a02d91a7cacb\" data-id=\"6a02d91a7cacb\" data-height=\"30\" data-height-mobile=\"30\" data-height-tab=\"30\" data-height-tab-portrait=\"\" data-height-mobile-landscape=\"\" style=\"clear:both;display:block;\"><\/div>[\/vc_column][\/vc_row]\n","protected":false},"excerpt":{"rendered":"<p>[vc_row ct_row_stretch=\u00bbstretch_row\u00bb ct_bg_image=\u00bb78689&#8243; ct_bg_color_overlay=\u00bbrgba(0,0,0,0.4)\u00bb ct_bg_position=\u00bbcenter center\u00bb ct_bg_parallax=\u00bbfixed\u00bb][vc_column][\/vc_column][\/vc_row][vc_row ct_row_stretch=\u00bb\u00bb][vc_column][vc_column_text] Reglamento para un adecuado servicio de transporte &nbsp; Infantil y Primaria El servicio de transporte se contrata por curso completo y contempla la entrada a las 9:15 y salida a las 16:30, excepto los d\u00edas que el alumno\/a participe en Deporte Escolar o Actividades Culturales. Los cambios &#8230;<\/p>\n","protected":false},"author":1,"featured_media":0,"parent":0,"menu_order":0,"comment_status":"closed","ping_status":"closed","template":"","meta":{"ngg_post_thumbnail":0,"footnotes":""},"class_list":["post-2341","page","type-page","status-publish","hentry"],"_links":{"self":[{"href":"https:\/\/www.lauroikastola.eus\/es\/wp-json\/wp\/v2\/pages\/2341","targetHints":{"allow":["GET"]}}],"collection":[{"href":"https:\/\/www.lauroikastola.eus\/es\/wp-json\/wp\/v2\/pages"}],"about":[{"href":"https:\/\/www.lauroikastola.eus\/es\/wp-json\/wp\/v2\/types\/page"}],"author":[{"embeddable":true,"href":"https:\/\/www.lauroikastola.eus\/es\/wp-json\/wp\/v2\/users\/1"}],"replies":[{"embeddable":true,"href":"https:\/\/www.lauroikastola.eus\/es\/wp-json\/wp\/v2\/comments?post=2341"}],"version-history":[{"count":0,"href":"https:\/\/www.lauroikastola.eus\/es\/wp-json\/wp\/v2\/pages\/2341\/revisions"}],"wp:attachment":[{"href":"https:\/\/www.lauroikastola.eus\/es\/wp-json\/wp\/v2\/media?parent=2341"}],"curies":[{"name":"wp","href":"https:\/\/api.w.org\/{rel}","templated":true}]}}