{"id":2360,"date":"2014-12-03T09:58:53","date_gmt":"2014-12-03T09:58:53","guid":{"rendered":"http:\/\/www.lauroikastola.eus\/hezkuntza-proiektua\/espanol-formacion-integral-como-personas-responsables-y-competentes\/"},"modified":"2023-06-19T11:37:37","modified_gmt":"2023-06-19T09:37:37","slug":"prestakuntza-integrala-pertsona-erantzule-eta-konpetenteak-bezala","status":"publish","type":"page","link":"https:\/\/www.lauroikastola.eus\/es\/prestakuntza-integrala-pertsona-erantzule-eta-konpetenteak-bezala\/","title":{"rendered":"Prestakuntza integrala pertsona erantzule eta konpetenteak bezala"},"content":{"rendered":"[vc_row ct_row_stretch=\u00bbstretch_row\u00bb ct_bg_image=\u00bb78174&#8243; ct_bg_color_overlay=\u00bbrgba(0,0,0,0.4)\u00bb ct_bg_position=\u00bbcenter center\u00bb ct_bg_parallax=\u00bbfixed\u00bb][vc_column]<div class=\"ult-spacer spacer-6a0372bf8560b\" data-id=\"6a0372bf8560b\" data-height=\"200\" data-height-mobile=\"200\" data-height-tab=\"200\" data-height-tab-portrait=\"\" data-height-mobile-landscape=\"\" style=\"clear:both;display:block;\"><\/div><div id=\"ultimate-heading-5186a0372bf857d0\" class=\"uvc-heading ult-adjust-bottom-margin ultimate-heading-5186a0372bf857d0 uvc-1788 \" data-hspacer=\"line_only\"  data-halign=\"left\" style=\"text-align:left\"><div class=\"uvc-heading-spacer line_only\" style=\"topheight:1px;\"><span class=\"uvc-headings-line\" style=\"border-style:solid;border-bottom-width:1px;border-color:#9e9e9e;width:autopx;\"><\/span><\/div><div class=\"uvc-main-heading ult-responsive\"  data-ultimate-target='.uvc-heading.ultimate-heading-5186a0372bf857d0 h2'  data-responsive-json-new='{\"font-size\":\"desktop:46px;\",\"line-height\":\"desktop:60px;\"}' ><h2 style=\"font-weight:bold;color:#ffffff;margin-top:10px;margin-bottom:60px;\">Formaci\u00f3n integral como personas responsables y competentes<\/h2><\/div><\/div><div class=\"ult-spacer spacer-6a0372bf8588e\" data-id=\"6a0372bf8588e\" data-height=\"20\" data-height-mobile=\"20\" data-height-tab=\"20\" data-height-tab-portrait=\"\" data-height-mobile-landscape=\"\" style=\"clear:both;display:block;\"><\/div>[\/vc_column][\/vc_row][vc_row ct_row_stretch=\u00bb\u00bb][vc_column]<div class=\"ult-spacer spacer-6a0372bf858f1\" data-id=\"6a0372bf858f1\" data-height=\"30\" data-height-mobile=\"30\" data-height-tab=\"30\" data-height-tab-portrait=\"\" data-height-mobile-landscape=\"\" style=\"clear:both;display:block;\"><\/div>[vc_column_text]\n<h3>EL SABER NOS HAR\u00c1 LIBRES<\/h3>\n<p>La formaci\u00f3n integral es el objeto de los planes docentes de Lauro Ikastola, de sus actividades complementarias y del Plan de Deporte Escolar, Actividades Culturales e Idiomas.<\/p>\n<p>Est\u00e1 inspirada en la tradici\u00f3n y cultura vascas y en el respeto a los derechos humanos individuales y colectivos.<\/p>\n<p>Los<strong> alumnos y alumnas son los protagonistas<\/strong> principales de su propio aprendizaje y desarrollo personal, de acuerdo con el principio de:[\/vc_column_text]<div class=\"ult-spacer spacer-6a0372bf8594c\" data-id=\"6a0372bf8594c\" data-height=\"20\" data-height-mobile=\"20\" data-height-tab=\"20\" data-height-tab-portrait=\"\" data-height-mobile-landscape=\"\" style=\"clear:both;display:block;\"><\/div>[vc_message message_box_style=\u00bbsolid\u00bb message_box_color=\u00bbwhite\u00bb icon_fontawesome=\u00bbfa fa-quote-left\u00bb]<em>\u201cEz irakatsi neu bakarrik egiteko gai naizenean. Lagun nazazu ikasten zure laguntzaz egin dezakedanean\u201d \/ \u201cNo me ense\u00f1es cuando puedo aprender s\u00f3lo. Ay\u00fadame a aprender cuando puedo hacerlo con tu ayuda\u201d<\/em>[\/vc_message][vc_column_text]Respetados y acompa\u00f1ados en su desarrollo, y atendidos en su diversidad, asumen responsabilidades crecientes de acuerdo con su edad y capacidad, avanzando en el aprender a:<\/p>\n<ul class=\"bolas\">\n<li>Aprender, interiorizando los m\u00e9todos de desarrollo del conocimiento e interes\u00e1ndose por el saber.<\/li>\n<li>Ser activas y desarrollar la iniciativa y creatividad.<\/li>\n<li>Comunicar: acceder y tratar la informaci\u00f3n en los diferentes soportes y usarla en los diversos contextos, en los tres idiomas vehiculares del curriculum de Lauro.<\/li>\n<li>Conocerse y desarrollarse como personas responsables y con criterio propio.<\/li>\n<li>Aprender a vivir y a convivir en la diversidad intercultural, en el respeto a la diversidad de ideas y creencias, y a participar de los recursos desde el desarrollo sostenible.<\/li>\n<li>Cooperar y trabajar en equipo, en coherencia con el car\u00e1cter cooperativo de la instituci\u00f3n.<\/li>\n<\/ul>\n<p>Es decir, aprender a aprender, a saber hacer y a saber ser, con el lema:[\/vc_column_text]<div class=\"ult-spacer spacer-6a0372bf859ad\" data-id=\"6a0372bf859ad\" data-height=\"20\" data-height-mobile=\"20\" data-height-tab=\"20\" data-height-tab-portrait=\"\" data-height-mobile-landscape=\"\" style=\"clear:both;display:block;\"><\/div>[vc_message message_box_style=\u00bbsolid\u00bb message_box_color=\u00bbwhite\u00bb icon_fontawesome=\u00bb\u00bb]\n<h3><strong><em>\u201cGure jakintza, gure askatasuna\u201d \/ \u201cEl saber nos hace libres\u201d<\/em><\/strong><\/h3>\n[\/vc_message]<div class=\"ult-spacer spacer-6a0372bf859fe\" data-id=\"6a0372bf859fe\" data-height=\"30\" data-height-mobile=\"30\" data-height-tab=\"30\" data-height-tab-portrait=\"\" data-height-mobile-landscape=\"\" style=\"clear:both;display:block;\"><\/div>[\/vc_column][\/vc_row]\n","protected":false},"excerpt":{"rendered":"<p>[vc_row ct_row_stretch=\u00bbstretch_row\u00bb ct_bg_image=\u00bb78174&#8243; ct_bg_color_overlay=\u00bbrgba(0,0,0,0.4)\u00bb ct_bg_position=\u00bbcenter center\u00bb ct_bg_parallax=\u00bbfixed\u00bb][vc_column][\/vc_column][\/vc_row][vc_row ct_row_stretch=\u00bb\u00bb][vc_column][vc_column_text] EL SABER NOS HAR\u00c1 LIBRES La formaci\u00f3n integral es el objeto de los planes docentes de Lauro Ikastola, de sus actividades complementarias y del Plan de Deporte Escolar, Actividades Culturales e Idiomas. Est\u00e1 inspirada en la tradici\u00f3n y cultura vascas y en el respeto a los derechos &#8230;<\/p>\n","protected":false},"author":1,"featured_media":0,"parent":0,"menu_order":0,"comment_status":"closed","ping_status":"closed","template":"","meta":{"ngg_post_thumbnail":0,"footnotes":""},"class_list":["post-2360","page","type-page","status-publish","hentry"],"_links":{"self":[{"href":"https:\/\/www.lauroikastola.eus\/es\/wp-json\/wp\/v2\/pages\/2360","targetHints":{"allow":["GET"]}}],"collection":[{"href":"https:\/\/www.lauroikastola.eus\/es\/wp-json\/wp\/v2\/pages"}],"about":[{"href":"https:\/\/www.lauroikastola.eus\/es\/wp-json\/wp\/v2\/types\/page"}],"author":[{"embeddable":true,"href":"https:\/\/www.lauroikastola.eus\/es\/wp-json\/wp\/v2\/users\/1"}],"replies":[{"embeddable":true,"href":"https:\/\/www.lauroikastola.eus\/es\/wp-json\/wp\/v2\/comments?post=2360"}],"version-history":[{"count":0,"href":"https:\/\/www.lauroikastola.eus\/es\/wp-json\/wp\/v2\/pages\/2360\/revisions"}],"wp:attachment":[{"href":"https:\/\/www.lauroikastola.eus\/es\/wp-json\/wp\/v2\/media?parent=2360"}],"curies":[{"name":"wp","href":"https:\/\/api.w.org\/{rel}","templated":true}]}}