{"id":24922,"date":"2016-04-14T15:13:29","date_gmt":"2016-04-14T13:13:29","guid":{"rendered":"http:\/\/www.lauroikastola.eus\/es\/?page_id=24922"},"modified":"2026-03-31T15:10:41","modified_gmt":"2026-03-31T13:10:41","slug":"quejas-y-sugerencias","status":"publish","type":"page","link":"https:\/\/www.lauroikastola.eus\/es\/quejas-y-sugerencias\/","title":{"rendered":"Quejas y sugerencias"},"content":{"rendered":"[vc_row ct_row_stretch=\u00bbstretch_row\u00bb ct_bg_image=\u00bb75114&#8243; ct_bg_color_overlay=\u00bbrgba(0,0,0,0.4)\u00bb ct_bg_position=\u00bbcenter center\u00bb ct_bg_parallax=\u00bbfixed\u00bb][vc_column]<div class=\"ult-spacer spacer-6a02d920137c0\" data-id=\"6a02d920137c0\" data-height=\"200\" data-height-mobile=\"200\" data-height-tab=\"200\" data-height-tab-portrait=\"\" data-height-mobile-landscape=\"\" style=\"clear:both;display:block;\"><\/div><div id=\"ultimate-heading-13646a02d9201389c\" class=\"uvc-heading ult-adjust-bottom-margin ultimate-heading-13646a02d9201389c uvc-3464 \" data-hspacer=\"line_only\"  data-halign=\"left\" style=\"text-align:left\"><div class=\"uvc-heading-spacer line_only\" style=\"topheight:1px;\"><span class=\"uvc-headings-line\" style=\"border-style:solid;border-bottom-width:1px;border-color:#9e9e9e;width:autopx;\"><\/span><\/div><div class=\"uvc-main-heading ult-responsive\"  data-ultimate-target='.uvc-heading.ultimate-heading-13646a02d9201389c h2'  data-responsive-json-new='{\"font-size\":\"desktop:46px;\",\"line-height\":\"desktop:60px;\"}' ><h2 style=\"font-weight:bold;color:#ffffff;margin-top:10px;margin-bottom:60px;\">Sugerencias, quejas y agradecimientos<\/h2><\/div><\/div><div class=\"ult-spacer spacer-6a02d9201390b\" data-id=\"6a02d9201390b\" data-height=\"20\" data-height-mobile=\"20\" data-height-tab=\"20\" data-height-tab-portrait=\"\" data-height-mobile-landscape=\"\" style=\"clear:both;display:block;\"><\/div>[\/vc_column][\/vc_row][vc_row ct_row_stretch=\u00bb\u00bb][vc_column]<div class=\"ult-spacer spacer-6a02d92013963\" data-id=\"6a02d92013963\" data-height=\"20\" data-height-mobile=\"20\" data-height-tab=\"20\" data-height-tab-portrait=\"\" data-height-mobile-landscape=\"\" style=\"clear:both;display:block;\"><\/div>[vc_column_text]A trav\u00e9s de este espacio, los alumnos y alumnas, familias y colaboradores de la Ikastola nos pod\u00e9is hacer llegar vuestras sugerencias, quejas y agradecimientos, ya que consederamos que esta v\u00eda es siempre v\u00e1lida para mejorar. Tu escrito llegar\u00e1 a Secretar\u00eda General y ser\u00e1 dirigida al o la responsable correspondiente. Cuando hayamos recabado la informaci\u00f3n necesaria y preparado la respuesta, te la haremos llegar.<\/p>\n<p>Gracias por tu colaboraci\u00f3n.<\/p>\n\n<div class=\"wpcf7 no-js\" id=\"wpcf7-f25045-o1\" lang=\"es-ES\" dir=\"ltr\" data-wpcf7-id=\"25045\">\n<div class=\"screen-reader-response\"><p role=\"status\" aria-live=\"polite\" aria-atomic=\"true\"><\/p> <ul><\/ul><\/div>\n<form action=\"\/es\/wp-json\/wp\/v2\/pages\/24922#wpcf7-f25045-o1\" method=\"post\" class=\"wpcf7-form init\" aria-label=\"Formulario de contacto\" novalidate=\"novalidate\" data-status=\"init\">\n<div style=\"display: none;\">\n<input type=\"hidden\" name=\"_wpcf7\" value=\"25045\" \/>\n<input type=\"hidden\" name=\"_wpcf7_version\" value=\"6.0.6\" \/>\n<input type=\"hidden\" name=\"_wpcf7_locale\" value=\"es_ES\" \/>\n<input type=\"hidden\" name=\"_wpcf7_unit_tag\" value=\"wpcf7-f25045-o1\" \/>\n<input type=\"hidden\" name=\"_wpcf7_container_post\" value=\"0\" \/>\n<input type=\"hidden\" name=\"_wpcf7_posted_data_hash\" value=\"\" \/>\n<\/div>\n<p><strong>Nombre y apellidos (obligatorio)<\/strong>\n<\/p>\n<p><span class=\"wpcf7-form-control-wrap\" data-name=\"your-name\"><input size=\"40\" maxlength=\"400\" class=\"wpcf7-form-control wpcf7-text wpcf7-validates-as-required\" aria-required=\"true\" aria-invalid=\"false\" value=\"\" type=\"text\" name=\"your-name\" \/><\/span>\n<\/p>\n<p><strong>Correo electr\u00f3nico (obligatorio)<\/strong>\n<\/p>\n<p><span class=\"wpcf7-form-control-wrap\" data-name=\"your-email\"><input size=\"40\" maxlength=\"400\" class=\"wpcf7-form-control wpcf7-email wpcf7-validates-as-required wpcf7-text wpcf7-validates-as-email\" aria-required=\"true\" aria-invalid=\"false\" value=\"\" type=\"email\" name=\"your-email\" \/><\/span>\n<\/p>\n<p><strong>Tel\u00e9fono<\/strong>\n<\/p>\n<p><span class=\"wpcf7-form-control-wrap\" data-name=\"telefonoa\"><input size=\"40\" maxlength=\"400\" class=\"wpcf7-form-control wpcf7-text\" aria-invalid=\"false\" value=\"\" type=\"text\" name=\"telefonoa\" \/><\/span>\n<\/p>\n<p><strong>Mensaje<\/strong>\n<\/p>\n<p><span class=\"wpcf7-form-control-wrap\" data-name=\"your-message\"><textarea cols=\"40\" rows=\"10\" maxlength=\"2000\" class=\"wpcf7-form-control wpcf7-textarea\" aria-invalid=\"false\" name=\"your-message\"><\/textarea><\/span>\n<\/p>\n<p><strong>Introduzca el siguiente c\u00f3digo:<\/strong><input type=\"hidden\" name=\"_wpcf7_captcha_challenge_captcha-170\" value=\"1428316536\" \/><img loading=\"lazy\" decoding=\"async\" class=\"wpcf7-form-control wpcf7-captchac wpcf7-captcha-captcha-170\" width=\"84\" height=\"28\" alt=\"captcha\" src=\"https:\/\/www.lauroikastola.eus\/wp-content\/uploads\/wpcf7_captcha\/1428316536.png\" \/><br \/>\n<span class=\"wpcf7-form-control-wrap\" data-name=\"captcha-170\"><input size=\"4\" maxlength=\"4\" class=\"wpcf7-form-control wpcf7-captchar\" autocomplete=\"off\" aria-invalid=\"false\" value=\"\" type=\"text\" name=\"captcha-170\" \/><\/span>\n<\/p>\n<p><input class=\"wpcf7-form-control wpcf7-submit has-spinner\" type=\"submit\" value=\"Enviar\" \/>\n<\/p><div class=\"wpcf7-response-output\" aria-hidden=\"true\"><\/div>\n<\/form>\n<\/div>\n\n<p><strong>Responsable del tratamiento<\/strong>: LAURO IKASTOLA, Koop.E.<br \/>\n<strong>Finalidad: <\/strong>gesti\u00f3n de sugerencias, quejas y solicitudes de informaci\u00f3n.<br \/>\n<strong>Legitimaci\u00f3n<\/strong>: la satisfacci\u00f3n de intereses leg\u00edtimos perseguidos por el responsable del tratamiento en lo que respecta al tratamiento de los datos de las personas de contacto.<br \/>\n<strong>Destinatarios<\/strong>: los datos no se ceder\u00e1n a terceros, salvo obligaci\u00f3n legal.<br \/>\n<strong>Derechos<\/strong>: puede acceder, rectificar y suprimir los datos, as\u00ed como ejercer otros derechos y consultar informaci\u00f3n adicional de protecci\u00f3n de datos en la pol\u00edtica de privacidad.<\/p>\n<div class=\"jumbotron-text\">\n<div class=\"row\">\n<div class=\"col-md-12 col-xs-12\">Los datos personales facilitados ser\u00e1n tratados por LAURO IKASTOLA como responsable del tratamiento para llevar a cabo la gesti\u00f3n de la agenda de contactos y\/o de las quejas o sugerencias recibidas. En cuanto a sus datos personales, tiene derecho a confirmar el tratamiento de sus datos personales dirigi\u00e9ndose a <a href=\"mailto:zuzend_idazkaritza@lauro.eus\">zuzend_idazkaritza@lauro.eus<\/a>, as\u00ed como a solicitar la rectificaci\u00f3n de los datos inexactos. Adem\u00e1s, puede solicitar la supresi\u00f3n de estos datos, entre otros, en aquellos casos en los que ya no sean necesarios para el cumplimiento de la finalidad para la que fueron recogidos. La informaci\u00f3n adicional sobre esto aparece en la Pol\u00edtica de Privacidad de la p\u00e1gina web.<\/div>\n<div>&nbsp;<\/div>\n<div class=\"col-md-12 col-xs-12\">He le\u00eddo y acepto la <u><a href=\"https:\/\/www.lauroikastola.eus\/es\/pribatutasun-politika\/\">pol\u00edtica de privacidad<\/a>.<\/u><\/div>\n<\/div>\n<\/div>\n<p><em>&nbsp;<\/em>[\/vc_column_text]<div class=\"ult-spacer spacer-6a02d920174ed\" data-id=\"6a02d920174ed\" data-height=\"20\" data-height-mobile=\"20\" data-height-tab=\"20\" data-height-tab-portrait=\"\" data-height-mobile-landscape=\"\" style=\"clear:both;display:block;\"><\/div>[\/vc_column][\/vc_row]\n","protected":false},"excerpt":{"rendered":"<p>[vc_row ct_row_stretch=\u00bbstretch_row\u00bb ct_bg_image=\u00bb75114&#8243; ct_bg_color_overlay=\u00bbrgba(0,0,0,0.4)\u00bb ct_bg_position=\u00bbcenter center\u00bb ct_bg_parallax=\u00bbfixed\u00bb][vc_column][\/vc_column][\/vc_row][vc_row ct_row_stretch=\u00bb\u00bb][vc_column][vc_column_text]A trav\u00e9s de este espacio, los alumnos y alumnas, familias y colaboradores de la Ikastola nos pod\u00e9is hacer llegar vuestras sugerencias, quejas y agradecimientos, ya que consederamos que esta v\u00eda es siempre v\u00e1lida para mejorar. Tu escrito llegar\u00e1 a Secretar\u00eda General y ser\u00e1 dirigida al o la responsable &#8230;<\/p>\n","protected":false},"author":1,"featured_media":0,"parent":0,"menu_order":0,"comment_status":"closed","ping_status":"closed","template":"","meta":{"ngg_post_thumbnail":0,"footnotes":""},"class_list":["post-24922","page","type-page","status-publish","hentry"],"_links":{"self":[{"href":"https:\/\/www.lauroikastola.eus\/es\/wp-json\/wp\/v2\/pages\/24922","targetHints":{"allow":["GET"]}}],"collection":[{"href":"https:\/\/www.lauroikastola.eus\/es\/wp-json\/wp\/v2\/pages"}],"about":[{"href":"https:\/\/www.lauroikastola.eus\/es\/wp-json\/wp\/v2\/types\/page"}],"author":[{"embeddable":true,"href":"https:\/\/www.lauroikastola.eus\/es\/wp-json\/wp\/v2\/users\/1"}],"replies":[{"embeddable":true,"href":"https:\/\/www.lauroikastola.eus\/es\/wp-json\/wp\/v2\/comments?post=24922"}],"version-history":[{"count":1,"href":"https:\/\/www.lauroikastola.eus\/es\/wp-json\/wp\/v2\/pages\/24922\/revisions"}],"predecessor-version":[{"id":150786,"href":"https:\/\/www.lauroikastola.eus\/es\/wp-json\/wp\/v2\/pages\/24922\/revisions\/150786"}],"wp:attachment":[{"href":"https:\/\/www.lauroikastola.eus\/es\/wp-json\/wp\/v2\/media?parent=24922"}],"curies":[{"name":"wp","href":"https:\/\/api.w.org\/{rel}","templated":true}]}}