{"id":2871,"date":"2015-02-10T12:26:34","date_gmt":"2015-02-10T11:26:34","guid":{"rendered":"http:\/\/www.lauroikastola.eus\/?page_id=2871"},"modified":"2023-06-29T10:01:20","modified_gmt":"2023-06-29T08:01:20","slug":"40-anos-en-lauro","status":"publish","type":"page","link":"https:\/\/www.lauroikastola.eus\/es\/40-anos-en-lauro\/","title":{"rendered":"40 a\u00f1os en Lauro"},"content":{"rendered":"[vc_row ct_row_stretch=\u00bbstretch_row\u00bb ct_bg_image=\u00bb121098&#8243; ct_bg_color_overlay=\u00bbrgba(0,0,0,0.4)\u00bb ct_bg_position=\u00bbcenter center\u00bb ct_bg_parallax=\u00bbfixed\u00bb][vc_column]<div class=\"ult-spacer spacer-6a03821c2a62d\" data-id=\"6a03821c2a62d\" data-height=\"200\" data-height-mobile=\"200\" data-height-tab=\"200\" data-height-tab-portrait=\"\" data-height-mobile-landscape=\"\" style=\"clear:both;display:block;\"><\/div><div id=\"ultimate-heading-70196a03821c2a722\" class=\"uvc-heading ult-adjust-bottom-margin ultimate-heading-70196a03821c2a722 uvc-839 \" data-hspacer=\"line_only\"  data-halign=\"left\" style=\"text-align:left\"><div class=\"uvc-heading-spacer line_only\" style=\"topheight:1px;\"><span class=\"uvc-headings-line\" style=\"border-style:solid;border-bottom-width:1px;border-color:#9e9e9e;width:autopx;\"><\/span><\/div><div class=\"uvc-main-heading ult-responsive\"  data-ultimate-target='.uvc-heading.ultimate-heading-70196a03821c2a722 h2'  data-responsive-json-new='{\"font-size\":\"desktop:46px;\",\"line-height\":\"desktop:60px;\"}' ><h2 style=\"font-weight:bold;color:#ffffff;margin-top:10px;margin-bottom:60px;\">40 a\u00f1os en Lauro<\/h2><\/div><\/div><div class=\"ult-spacer spacer-6a03821c2a794\" data-id=\"6a03821c2a794\" data-height=\"20\" data-height-mobile=\"20\" data-height-tab=\"20\" data-height-tab-portrait=\"\" data-height-mobile-landscape=\"\" style=\"clear:both;display:block;\"><\/div>[\/vc_column][\/vc_row][vc_row ct_row_stretch=\u00bb\u00bb][vc_column]<div class=\"ult-spacer spacer-6a03821c2a7d0\" data-id=\"6a03821c2a7d0\" data-height=\"30\" data-height-mobile=\"30\" data-height-tab=\"30\" data-height-tab-portrait=\"\" data-height-mobile-landscape=\"\" style=\"clear:both;display:block;\"><\/div>[vc_row_inner][vc_column_inner width=\u00bb2\/3&#8243;][vc_column_text]<img loading=\"lazy\" decoding=\"async\" class=\" wp-image-2610 alignleft\" src=\"http:\/\/www.lauroikastola.eus\/wp-content\/uploads\/2014\/12\/40Lauro.gif\" alt=\"40Lauro\" width=\"157\" height=\"228\"><\/p>\n<p>En el curso 2013\/2014 se cumplieron 40 a\u00f1os desde que la Ikastola se traslad\u00f3 de Bilbao a Lauro. Este cambio supuso la creaci\u00f3n de la Cooperativa, la construcci\u00f3n del primer edificio (el actual de Primaria) y el impulso de un nuevo proyecto.<\/p>\n<p>En conmemoraci\u00f3n de este traslado y para realizar un peque\u00f1o homenaje a todas aquellas primeras familias impulsoras, se realiz\u00f3 una <strong>marcha desde Bilbao a Lauro, el 22 de septiembre de 2013<\/strong>, coincidiendo, adem\u00e1s, con el D\u00eda Europeo sin coche.<\/p>\n<p>La marcha se pudo realizar de dos maneras:<\/p>\n<ul class=\"bolas\">\n<li><strong>Desde la Plaza Euskadi en Bilbao: salida a las 9:30<\/strong>, pasando por Artxanda, Loiu y finalizando en la Ikastola. Tiempo estimado: 2 horas 30 minutos.<\/li>\n<li><strong>Desde el Ayuntamiento de Loiu, a las 11:15<\/strong> aproximadamente: especialmente pensada para familias con ni\u00f1os (edad orientativa, menores de 5 a\u00f1os). Tiempo estimado: 30 minutos.<\/li>\n<\/ul>\n<p>A la llegada a la Ikastola, se realiz\u00f3 un sentido acto de homenaje a las familias que constituyeron el primer grupo de socios cooperativistas con la izada de la ikurri\u00f1a y descubrimiento de una placa conmemorativa.[\/vc_column_text][\/vc_column_inner][vc_column_inner width=\u00bb1\/3&#8243;][vc_single_image image=\u00bb121520&#8243; img_size=\u00bbfull\u00bb][\/vc_column_inner][\/vc_row_inner]<div class=\"ult-spacer spacer-6a03821c2a807\" data-id=\"6a03821c2a807\" data-height=\"30\" data-height-mobile=\"30\" data-height-tab=\"30\" data-height-tab-portrait=\"\" data-height-mobile-landscape=\"\" style=\"clear:both;display:block;\"><\/div>[vc_column_text]\nngg_shortcode_0_placeholder[\/vc_column_text][\/vc_column][\/vc_row][vc_column][\/vc_column]\n","protected":false},"excerpt":{"rendered":"<p>[vc_row ct_row_stretch=\u00bbstretch_row\u00bb ct_bg_image=\u00bb121098&#8243; ct_bg_color_overlay=\u00bbrgba(0,0,0,0.4)\u00bb ct_bg_position=\u00bbcenter center\u00bb ct_bg_parallax=\u00bbfixed\u00bb][vc_column][\/vc_column][\/vc_row][vc_row ct_row_stretch=\u00bb\u00bb][vc_column][vc_row_inner][vc_column_inner width=\u00bb2\/3&#8243;][vc_column_text] En el curso 2013\/2014 se cumplieron 40 a\u00f1os desde que la Ikastola se traslad\u00f3 de Bilbao a Lauro. Este cambio supuso la creaci\u00f3n de la Cooperativa, la construcci\u00f3n del primer edificio (el actual de Primaria) y el impulso de un nuevo proyecto. En conmemoraci\u00f3n de este &#8230;<\/p>\n","protected":false},"author":1,"featured_media":0,"parent":0,"menu_order":0,"comment_status":"closed","ping_status":"closed","template":"","meta":{"ngg_post_thumbnail":0,"footnotes":""},"class_list":["post-2871","page","type-page","status-publish","hentry"],"_links":{"self":[{"href":"https:\/\/www.lauroikastola.eus\/es\/wp-json\/wp\/v2\/pages\/2871","targetHints":{"allow":["GET"]}}],"collection":[{"href":"https:\/\/www.lauroikastola.eus\/es\/wp-json\/wp\/v2\/pages"}],"about":[{"href":"https:\/\/www.lauroikastola.eus\/es\/wp-json\/wp\/v2\/types\/page"}],"author":[{"embeddable":true,"href":"https:\/\/www.lauroikastola.eus\/es\/wp-json\/wp\/v2\/users\/1"}],"replies":[{"embeddable":true,"href":"https:\/\/www.lauroikastola.eus\/es\/wp-json\/wp\/v2\/comments?post=2871"}],"version-history":[{"count":0,"href":"https:\/\/www.lauroikastola.eus\/es\/wp-json\/wp\/v2\/pages\/2871\/revisions"}],"wp:attachment":[{"href":"https:\/\/www.lauroikastola.eus\/es\/wp-json\/wp\/v2\/media?parent=2871"}],"curies":[{"name":"wp","href":"https:\/\/api.w.org\/{rel}","templated":true}]}}