{"id":34449,"date":"2017-01-10T14:01:39","date_gmt":"2017-01-10T13:01:39","guid":{"rendered":"http:\/\/www.lauroikastola.eus\/es\/kiva\/"},"modified":"2024-12-11T15:47:24","modified_gmt":"2024-12-11T14:47:24","slug":"kiva","status":"publish","type":"page","link":"https:\/\/www.lauroikastola.eus\/es\/kiva\/","title":{"rendered":"Plan KiVa &#8211; Antibulling"},"content":{"rendered":"[vc_row ct_row_stretch=\u00bbstretch_row\u00bb ct_bg_image=\u00bb78174&#8243; ct_bg_color_overlay=\u00bbrgba(0,0,0,0.4)\u00bb ct_bg_position=\u00bbcenter center\u00bb ct_bg_parallax=\u00bbfixed\u00bb][vc_column]<div class=\"ult-spacer spacer-6a07077227ecd\" data-id=\"6a07077227ecd\" data-height=\"200\" data-height-mobile=\"200\" data-height-tab=\"200\" data-height-tab-portrait=\"\" data-height-mobile-landscape=\"\" style=\"clear:both;display:block;\"><\/div><div id=\"ultimate-heading-61516a07077227fa6\" class=\"uvc-heading ult-adjust-bottom-margin ultimate-heading-61516a07077227fa6 uvc-9025 \" data-hspacer=\"line_only\"  data-halign=\"left\" style=\"text-align:left\"><div class=\"uvc-heading-spacer line_only\" style=\"topheight:1px;\"><span class=\"uvc-headings-line\" style=\"border-style:solid;border-bottom-width:1px;border-color:#9e9e9e;width:autopx;\"><\/span><\/div><div class=\"uvc-main-heading ult-responsive\"  data-ultimate-target='.uvc-heading.ultimate-heading-61516a07077227fa6 h2'  data-responsive-json-new='{\"font-size\":\"desktop:46px;\",\"line-height\":\"desktop:60px;\"}' ><h2 style=\"font-weight:bold;color:#ffffff;margin-top:10px;margin-bottom:60px;\">Plan KiVa - antibulling<\/h2><\/div><\/div><div class=\"ult-spacer spacer-6a0707722801c\" data-id=\"6a0707722801c\" data-height=\"20\" data-height-mobile=\"20\" data-height-tab=\"20\" data-height-tab-portrait=\"\" data-height-mobile-landscape=\"\" style=\"clear:both;display:block;\"><\/div>[\/vc_column][\/vc_row][vc_row ct_row_stretch=\u00bb\u00bb bg_type=\u00bbbg_color\u00bb css=\u00bb.vc_custom_1571135031293{padding-top: 20px !important;}\u00bb bg_color_value=\u00bb#ededed\u00bb][vc_column width=\u00bb1\/4&#8243;]<div class=\"aio-icon-component    style_2\"><a class=\"aio-icon-box-link\" href=\"\/es\/gurasoen-orientazioa-aurkezpena\/\" ><div id=\"Info-box-wrap-9830\" class=\"aio-icon-box top-icon\" style=\"\"  ><div class=\"aio-icon-top\"><div class=\"ult-just-icon-wrapper  \"><div class=\"align-icon\" style=\"text-align:center;\">\n<div class=\"aio-icon circle \"  style=\"color:#ffffff;background:#fd1311;font-size:26px;display:inline-block;\">\n\t<i class=\"Defaults-bullseye\"><\/i>\n<\/div><\/div><\/div><\/div><div class=\"aio-icon-header\" ><h6 class=\"aio-icon-title ult-responsive\"  data-ultimate-target='#Info-box-wrap-9830 .aio-icon-title'  data-responsive-json-new='{\"font-size\":\"\",\"line-height\":\"\"}'  style=\"\">Presentaci\u00f3n<\/h6><\/div> <!-- header --><\/div> <!-- aio-icon-box --><\/a><\/div> <!-- aio-icon-component -->[\/vc_column][vc_column width=\u00bb1\/4&#8243;]<div class=\"aio-icon-component    style_2\"><a class=\"aio-icon-box-link\" href=\"\/es\/kiva\/\" ><div id=\"Info-box-wrap-2717\" class=\"aio-icon-box top-icon\" style=\"\"  ><div class=\"aio-icon-top\"><div class=\"ult-just-icon-wrapper  \"><div class=\"align-icon\" style=\"text-align:center;\">\n<div class=\"aio-icon circle \"  style=\"color:#ffffff;background:#adadad;font-size:26px;display:inline-block;\">\n\t<i class=\"Defaults-slideshare\"><\/i>\n<\/div><\/div><\/div><\/div><div class=\"aio-icon-header\" ><h6 class=\"aio-icon-title ult-responsive\"  data-ultimate-target='#Info-box-wrap-2717 .aio-icon-title'  data-responsive-json-new='{\"font-size\":\"\",\"line-height\":\"\"}'  style=\"\">Plan KiVa \u2013 antibulling<\/h6><\/div> <!-- header --><\/div> <!-- aio-icon-box --><\/a><\/div> <!-- aio-icon-component -->[\/vc_column][vc_column width=\u00bb1\/4&#8243;]<div class=\"aio-icon-component    style_2\"><a class=\"aio-icon-box-link\" href=\"\/es\/orientazio-jarduerak\/\" ><div id=\"Info-box-wrap-2531\" class=\"aio-icon-box top-icon\" style=\"\"  ><div class=\"aio-icon-top\"><div class=\"ult-just-icon-wrapper  \"><div class=\"align-icon\" style=\"text-align:center;\">\n<div class=\"aio-icon circle \"  style=\"color:#ffffff;background:#fd1311;font-size:26px;display:inline-block;\">\n\t<i class=\"Defaults-bank institution university\"><\/i>\n<\/div><\/div><\/div><\/div><div class=\"aio-icon-header\" ><h6 class=\"aio-icon-title ult-responsive\"  data-ultimate-target='#Info-box-wrap-2531 .aio-icon-title'  data-responsive-json-new='{\"font-size\":\"\",\"line-height\":\"\"}'  style=\"\">Orientaci\u00f3n en Bachiller<\/h6><\/div> <!-- header --><\/div> <!-- aio-icon-box --><\/a><\/div> <!-- aio-icon-component -->[\/vc_column][vc_column width=\u00bb1\/4&#8243;]<div class=\"aio-icon-component    style_2\"><a class=\"aio-icon-box-link\" href=\"\/es\/etxerako-lanen-plana\/\" ><div id=\"Info-box-wrap-2008\" class=\"aio-icon-box top-icon\" style=\"\"  ><div class=\"aio-icon-top\"><div class=\"ult-just-icon-wrapper  \"><div class=\"align-icon\" style=\"text-align:center;\">\n<div class=\"aio-icon circle \"  style=\"color:#ffffff;background:#fd1311;font-size:26px;display:inline-block;\">\n\t<i class=\"Defaults-home\"><\/i>\n<\/div><\/div><\/div><\/div><div class=\"aio-icon-header\" ><h6 class=\"aio-icon-title ult-responsive\"  data-ultimate-target='#Info-box-wrap-2008 .aio-icon-title'  data-responsive-json-new='{\"font-size\":\"\",\"line-height\":\"\"}'  style=\"\">Trabajo personal en casa<\/h6><\/div> <!-- header --><\/div> <!-- aio-icon-box --><\/a><\/div> <!-- aio-icon-component -->[\/vc_column][\/vc_row][vc_row ct_row_stretch=\u00bb\u00bb bg_type=\u00bbbg_color\u00bb css=\u00bb.vc_custom_1571135009903{margin-bottom: 20px !important;}\u00bb bg_color_value=\u00bb#ededed\u00bb][vc_column width=\u00bb1\/4&#8243;]<div class=\"aio-icon-component    style_2\"><a class=\"aio-icon-box-link\" href=\"\/es\/orientazio-hitzaldiak\/\" ><div id=\"Info-box-wrap-6687\" class=\"aio-icon-box top-icon\" style=\"\"  ><div class=\"aio-icon-top\"><div class=\"ult-just-icon-wrapper  \"><div class=\"align-icon\" style=\"text-align:center;\">\n<div class=\"aio-icon circle \"  style=\"color:#ffffff;background:#fd1311;font-size:26px;display:inline-block;\">\n\t<i class=\"Defaults-wechat weixin\"><\/i>\n<\/div><\/div><\/div><\/div><div class=\"aio-icon-header\" ><h6 class=\"aio-icon-title ult-responsive\"  data-ultimate-target='#Info-box-wrap-6687 .aio-icon-title'  data-responsive-json-new='{\"font-size\":\"\",\"line-height\":\"\"}'  style=\"\">Charlas orientativas<\/h6><\/div> <!-- header --><\/div> <!-- aio-icon-box --><\/a><\/div> <!-- aio-icon-component -->[\/vc_column][vc_column width=\u00bb1\/4&#8243;]<div class=\"aio-icon-component    style_2\"><a class=\"aio-icon-box-link\" href=\"\/es\/artikulu-interesagarriak\/\" ><div id=\"Info-box-wrap-1050\" class=\"aio-icon-box top-icon\" style=\"\"  ><div class=\"aio-icon-top\"><div class=\"ult-just-icon-wrapper  \"><div class=\"align-icon\" style=\"text-align:center;\">\n<div class=\"aio-icon circle \"  style=\"color:#ffffff;background:#fd1311;font-size:26px;display:inline-block;\">\n\t<i class=\"Defaults-thumbs-o-up\"><\/i>\n<\/div><\/div><\/div><\/div><div class=\"aio-icon-header\" ><h6 class=\"aio-icon-title ult-responsive\"  data-ultimate-target='#Info-box-wrap-1050 .aio-icon-title'  data-responsive-json-new='{\"font-size\":\"\",\"line-height\":\"\"}'  style=\"\">Art\u00edculos de inter\u00e9s<\/h6><\/div> <!-- header --><\/div> <!-- aio-icon-box --><\/a><\/div> <!-- aio-icon-component -->[\/vc_column][\/vc_row][vc_row ct_row_stretch=\u00bb\u00bb][vc_column width=\u00bb2\/3&#8243;]<div class=\"ult-spacer spacer-6a0707722875d\" data-id=\"6a0707722875d\" data-height=\"30\" data-height-mobile=\"30\" data-height-tab=\"30\" data-height-tab-portrait=\"\" data-height-mobile-landscape=\"\" style=\"clear:both;display:block;\"><\/div>[vc_column_text]\n<h3>Plan de convivencia: Programa KiVa<\/h3>\n<p>En el curso escolar 2012-13, y cumpliendo con la normativa educativa, Lauro dise\u00f1\u00f3 un <strong>PLAN DE CONVIVENCIA GENERAL<\/strong>, que incluye a su vez el Plan de Coeducaci\u00f3n e Igualdad de G\u00e9nero, a partir del cual se definieron los planes de convivencia para las 4 etapas educativas en funci\u00f3n de sus especificidades y se constituyeron los OBSERVATORIOS DE CONVIVENCIA para las mismas.<\/p>\n<p>A partir de enero de 2017, adem\u00e1s, incorporamos en Primaria el programa <strong>KiVa<\/strong>, <strong>contra el acoso<\/strong> o <strong>anti acoso<\/strong>. El programa KiVa es un modelo financiado por el Ministerio de Educaci\u00f3n de Finlandia y desarrollado por la Universidad de Turku para reducir el acoso escolar, implantado en casi todas las escuelas primarias finlandesas. <strong>KiVa ha demostrado que reduce el acoso escolar y aumenta el bienestar en las escuelas<\/strong>.<\/p>\n<p>Os incluimos la presentaci\u00f3n sobre el programa que se realiz\u00f3 en Educaci\u00f3n Primaria.[\/vc_column_text]<div class=\"ult-spacer spacer-6a07077228798\" data-id=\"6a07077228798\" data-height=\"20\" data-height-mobile=\"20\" data-height-tab=\"20\" data-height-tab-portrait=\"\" data-height-mobile-landscape=\"\" style=\"clear:both;display:block;\"><\/div>[vc_cta h2=\u00bbResumen del contenido presentado a los padres y madres en la Ikastola\u00bb style=\u00bbflat\u00bb color=\u00bbgreen\u00bb add_button=\u00bbright\u00bb btn_title=\u00bbVer\u00bb btn_align=\u00bbright\u00bb btn_i_icon_fontawesome=\u00bbfa fa-file-pdf-o\u00bb btn_add_icon=\u00bbtrue\u00bb btn_link=\u00bburl:%2Fwp-content%2Fuploads%2F2017%2F01%2FKIVA-presentaci%C3%B3n-a-padres-y-madres_cast.pdf|||\u00bb][\/vc_cta][vc_column_text]A partir del curso 17\/18 comenz\u00f3 su implantaci\u00f3n en la ESO.[\/vc_column_text]<div class=\"ult-spacer spacer-6a070772287d8\" data-id=\"6a070772287d8\" data-height=\"20\" data-height-mobile=\"20\" data-height-tab=\"20\" data-height-tab-portrait=\"\" data-height-mobile-landscape=\"\" style=\"clear:both;display:block;\"><\/div>[vc_cta h2=\u00bbLa Gu\u00eda para padres y madres de KiVa est\u00e1 disponible en la web de KiVa\u00bb style=\u00bbflat\u00bb color=\u00bbgreen\u00bb add_button=\u00bbright\u00bb btn_title=\u00bbVer\u00bb btn_align=\u00bbright\u00bb btn_i_icon_fontawesome=\u00bbfa fa-link\u00bb btn_add_icon=\u00bbtrue\u00bb btn_link=\u00bburl:http%3A%2F%2Fwww.kivaprogram.net%2Fbasque||target:%20_blank|\u00bb][\/vc_cta]<div class=\"ult-spacer spacer-6a07077228803\" data-id=\"6a07077228803\" data-height=\"30\" data-height-mobile=\"30\" data-height-tab=\"30\" data-height-tab-portrait=\"\" data-height-mobile-landscape=\"\" style=\"clear:both;display:block;\"><\/div>[\/vc_column][vc_column width=\u00bb1\/3&#8243;]<div class=\"ult-spacer spacer-6a07077228837\" data-id=\"6a07077228837\" data-height=\"30\" data-height-mobile=\"30\" data-height-tab=\"30\" data-height-tab-portrait=\"\" data-height-mobile-landscape=\"\" style=\"clear:both;display:block;\"><\/div>[vc_column_text]<img loading=\"lazy\" decoding=\"async\" class=\"alignnone wp-image-76984 size-full\" src=\"http:\/\/www.lauroikastola.eus\/wp-content\/uploads\/2019\/10\/kiva-1.png\" alt=\"\" width=\"813\" height=\"787\" srcset=\"https:\/\/www.lauroikastola.eus\/wp-content\/uploads\/2019\/10\/kiva-1.png 813w, https:\/\/www.lauroikastola.eus\/wp-content\/uploads\/2019\/10\/kiva-1-600x581.png 600w, https:\/\/www.lauroikastola.eus\/wp-content\/uploads\/2019\/10\/kiva-1-300x290.png 300w, https:\/\/www.lauroikastola.eus\/wp-content\/uploads\/2019\/10\/kiva-1-768x743.png 768w\" sizes=\"auto, (max-width: 813px) 100vw, 813px\" \/>[\/vc_column_text][\/vc_column][\/vc_row]\n","protected":false},"excerpt":{"rendered":"<p>[vc_row ct_row_stretch=\u00bbstretch_row\u00bb ct_bg_image=\u00bb78174&#8243; ct_bg_color_overlay=\u00bbrgba(0,0,0,0.4)\u00bb ct_bg_position=\u00bbcenter center\u00bb ct_bg_parallax=\u00bbfixed\u00bb][vc_column][\/vc_column][\/vc_row][vc_row ct_row_stretch=\u00bb\u00bb bg_type=\u00bbbg_color\u00bb css=\u00bb.vc_custom_1571135031293{padding-top: 20px !important;}\u00bb bg_color_value=\u00bb#ededed\u00bb][vc_column width=\u00bb1\/4&#8243;][\/vc_column][vc_column width=\u00bb1\/4&#8243;][\/vc_column][vc_column width=\u00bb1\/4&#8243;][\/vc_column][vc_column width=\u00bb1\/4&#8243;][\/vc_column][\/vc_row][vc_row ct_row_stretch=\u00bb\u00bb bg_type=\u00bbbg_color\u00bb css=\u00bb.vc_custom_1571135009903{margin-bottom: 20px !important;}\u00bb bg_color_value=\u00bb#ededed\u00bb][vc_column width=\u00bb1\/4&#8243;][\/vc_column][vc_column width=\u00bb1\/4&#8243;][\/vc_column][\/vc_row][vc_row ct_row_stretch=\u00bb\u00bb][vc_column width=\u00bb2\/3&#8243;][vc_column_text] Plan de convivencia: Programa KiVa En el curso escolar 2012-13, y cumpliendo con la normativa educativa, Lauro dise\u00f1\u00f3 un PLAN DE CONVIVENCIA GENERAL, que incluye a su vez &#8230;<\/p>\n","protected":false},"author":1,"featured_media":0,"parent":0,"menu_order":0,"comment_status":"closed","ping_status":"closed","template":"","meta":{"ngg_post_thumbnail":0,"footnotes":""},"class_list":["post-34449","page","type-page","status-publish","hentry"],"_links":{"self":[{"href":"https:\/\/www.lauroikastola.eus\/es\/wp-json\/wp\/v2\/pages\/34449","targetHints":{"allow":["GET"]}}],"collection":[{"href":"https:\/\/www.lauroikastola.eus\/es\/wp-json\/wp\/v2\/pages"}],"about":[{"href":"https:\/\/www.lauroikastola.eus\/es\/wp-json\/wp\/v2\/types\/page"}],"author":[{"embeddable":true,"href":"https:\/\/www.lauroikastola.eus\/es\/wp-json\/wp\/v2\/users\/1"}],"replies":[{"embeddable":true,"href":"https:\/\/www.lauroikastola.eus\/es\/wp-json\/wp\/v2\/comments?post=34449"}],"version-history":[{"count":0,"href":"https:\/\/www.lauroikastola.eus\/es\/wp-json\/wp\/v2\/pages\/34449\/revisions"}],"wp:attachment":[{"href":"https:\/\/www.lauroikastola.eus\/es\/wp-json\/wp\/v2\/media?parent=34449"}],"curies":[{"name":"wp","href":"https:\/\/api.w.org\/{rel}","templated":true}]}}