{"id":41439,"date":"2017-06-01T10:02:07","date_gmt":"2017-06-01T08:02:07","guid":{"rendered":"http:\/\/www.lauroikastola.eus\/es\/50-urteurrena\/"},"modified":"2023-06-29T10:12:06","modified_gmt":"2023-06-29T08:12:06","slug":"50-urteurrena","status":"publish","type":"page","link":"https:\/\/www.lauroikastola.eus\/es\/50-urteurrena\/","title":{"rendered":"50. urteurrena"},"content":{"rendered":"[vc_row ct_row_stretch=\u00bbstretch_row\u00bb ct_bg_image=\u00bb121098&#8243; ct_bg_color_overlay=\u00bbrgba(0,0,0,0.4)\u00bb ct_bg_position=\u00bbcenter center\u00bb ct_bg_parallax=\u00bbfixed\u00bb][vc_column]<div class=\"ult-spacer spacer-6a02d774dbfad\" data-id=\"6a02d774dbfad\" data-height=\"200\" data-height-mobile=\"200\" data-height-tab=\"200\" data-height-tab-portrait=\"\" data-height-mobile-landscape=\"\" style=\"clear:both;display:block;\"><\/div><div id=\"ultimate-heading-57216a02d774dc090\" class=\"uvc-heading ult-adjust-bottom-margin ultimate-heading-57216a02d774dc090 uvc-4094 \" data-hspacer=\"line_only\"  data-halign=\"left\" style=\"text-align:left\"><div class=\"uvc-heading-spacer line_only\" style=\"topheight:1px;\"><span class=\"uvc-headings-line\" style=\"border-style:solid;border-bottom-width:1px;border-color:#9e9e9e;width:autopx;\"><\/span><\/div><div class=\"uvc-main-heading ult-responsive\"  data-ultimate-target='.uvc-heading.ultimate-heading-57216a02d774dc090 h2'  data-responsive-json-new='{\"font-size\":\"desktop:46px;\",\"line-height\":\"desktop:60px;\"}' ><h2 style=\"font-weight:bold;color:#ffffff;margin-top:10px;margin-bottom:60px;\">50\u00ba aniversario<\/h2><\/div><\/div><div class=\"ult-spacer spacer-6a02d774dc0fc\" data-id=\"6a02d774dc0fc\" data-height=\"20\" data-height-mobile=\"20\" data-height-tab=\"20\" data-height-tab-portrait=\"\" data-height-mobile-landscape=\"\" style=\"clear:both;display:block;\"><\/div>[\/vc_column][\/vc_row][vc_row ct_row_stretch=\u00bb\u00bb][vc_column]<div class=\"ult-spacer spacer-6a02d774dc134\" data-id=\"6a02d774dc134\" data-height=\"30\" data-height-mobile=\"30\" data-height-tab=\"30\" data-height-tab-portrait=\"\" data-height-mobile-landscape=\"\" style=\"clear:both;display:block;\"><\/div>[\/vc_column][\/vc_row][vc_row ct_row_stretch=\u00bb\u00bb][vc_column][vc_column_text]\n<h3>Actividades en relaci\u00f3n al 50\u00ba Aniversario de Lauro Ikastola, primera ikastola en Euskal Herria en obtener permiso para ense\u00f1ar en euskera <a class=\"crane-lightbox\" href=\"https:\/\/www.lauroikastola.eus\/wp-content\/uploads\/2018\/11\/50_urteurrena_lauro.png\"><img loading=\"lazy\" decoding=\"async\" class=\"size-full wp-image-121528 alignright\" src=\"https:\/\/www.lauroikastola.eus\/wp-content\/uploads\/2018\/11\/50_urteurrena_lauro.png\" alt=\"\" width=\"157\" height=\"180\"><\/a><\/h3>\n<p>Durante el a\u00f1o 2016 celebramos el 50\u00ba aniversario de Lauro Ikastola, ya que se cumpl\u00edan 50 a\u00f1os del establecimiento y legalizaci\u00f3n de la ikastola <strong>Resurreci\u00f3n M\u00aa de Azkue<\/strong>, precursora de Lauro, en la calle Elkano de Bilbao.<\/p>\n<p>El movimiento de Ikastolas de Bizkaia comenz\u00f3 en Bilbao, en 1957, en unas aulas de la catequesis de la iglesia de San Nicol\u00e1s, por iniciativa de Xabier Pe\u00f1a y Julita Berrojalbiz, con catorce alumnos y alumnas y una andere\u00f1o, M\u00aa Angeles Garai. Tambi\u00e9n fue \u00e9sta la primera semilla del proyecto que se convertir\u00eda en Lauro Ikastola.<\/p>\n<p>Tras la clausura por parte de la Inspecci\u00f3n de este primer intento de crear una ikastola, se trasladaron al convento de los franciscanos de Iralabarri, de donde, tras dos cursos, tambi\u00e9n fueron expulsados en noviembre de 1959. Pero las familias, con Julita a la cabeza, no cejaron en su empe\u00f1o, y en 1960 comenz\u00f3 el per\u00edodo de escolarizaci\u00f3n <em>etxerik-etxe<\/em> (\u201cde casa en casa\u201d): las clases se impart\u00edan en los domicilios de valerosas familias comprometidas con la ense\u00f1anza en euskara.<\/p>\n<p>El fin de este per\u00edodo itinerante fue impuesto por la legalidad, ya que en 1965 se aprob\u00f3 la nueva ley de educaci\u00f3n por la cual los ni\u00f1os y ni\u00f1as deb\u00edan tener la Cartilla de Escolaridad para acceder al Bachiller. Fue entonces cuando Julita Berrojalbiz y su equipo deciden que deben tomar el camino hacia la legalizaci\u00f3n.<\/p>\n<p>Tere Rotaetxe, segundo pilar de este movimiento, les alquila su piso de la calle Elkano, 6, donde se establece <strong>Resurrecci\u00f3n M\u00aa de Azkue<\/strong> en 1966. Su siguiente paso consiste en obtener el respaldo de las instituciones que les permita solicitar la legalizaci\u00f3n. Julita, a trav\u00e9s de Alfonso Irigoien, acude a Euskaltzaindia, que en su reuni\u00f3n de enero de 1966 decide apoyar y seguir de cerca este proyecto de Ikastola. Gracias a este respaldo y una carta de apoyo de la Diputaci\u00f3n Foral de Bizkaia, se env\u00eda al Ministerio de Madrid la solicitud oficial. La <strong>ikastola Azkue se inaugura en junio de 1966<\/strong> y la legalizaci\u00f3n definitiva llega en 1968: fue la primera ikastola en Euskal Herria en obtener permiso para ense\u00f1ar en euskera y castellano.<\/p>\n<p><strong>Actividades de toda \u00edndole<\/strong><\/p>\n<p>El Consejo Rector, a trav\u00e9s de una Comisi\u00f3n espec\u00edfica, y la Direcci\u00f3n, plantearon un programa diverso de actividades que se desarrollar\u00eda a lo largo de todo el a\u00f1o 2016.<\/p>\n<ul class=\"bolas\">\n<li>Febrero: celebraci\u00f3n del pleno de Euskaltzaindia en la Ikastola.<\/li>\n<li>Marzo: en Semanan Santa, torneos deportivos en la Ikastola, con asistencia de equipos externos.<\/li>\n<li>Abril: inauguraci\u00f3n de la exposici\u00f3n sobre la trayectoria de la Ikastola.<\/li>\n<li>Abril: comida para exalumnos y exalumnas de la Ikastola en el comedor principal de Lauro.<\/li>\n<li>Abril: d\u00edas especiales en la Ikastola para trabajar con todo el alumnado los proyectos dirigidos a conocer la trayectoria de la Ikastola.<\/li>\n<li>Mayo: subida al Pagasarri.<\/li>\n<li>Mayo: visita de las fundadoras a la Ikastolara.<\/li>\n<li>Junio: visita del Lehendakari I\u00f1igo Urkullu a la Ikastola.<\/li>\n<li>3 de diciembre, D\u00eda del Euskera: \u00faltimo acto en el Palacio Euskalduna.<\/li>\n<\/ul>\n[\/vc_column_text][vc_row_inner][vc_column_inner][vc_column_text]\nngg_shortcode_0_placeholder[\/vc_column_text][\/vc_column_inner][\/vc_row_inner]<div class=\"ult-spacer spacer-6a02d774dc1b5\" data-id=\"6a02d774dc1b5\" data-height=\"30\" data-height-mobile=\"30\" data-height-tab=\"30\" data-height-tab-portrait=\"\" data-height-mobile-landscape=\"\" style=\"clear:both;display:block;\"><\/div>[\/vc_column][\/vc_row][vc_column][\/vc_column]\n","protected":false},"excerpt":{"rendered":"<p>[vc_row ct_row_stretch=\u00bbstretch_row\u00bb ct_bg_image=\u00bb121098&#8243; ct_bg_color_overlay=\u00bbrgba(0,0,0,0.4)\u00bb ct_bg_position=\u00bbcenter center\u00bb ct_bg_parallax=\u00bbfixed\u00bb][vc_column][\/vc_column][\/vc_row][vc_row ct_row_stretch=\u00bb\u00bb][vc_column][\/vc_column][\/vc_row][vc_row ct_row_stretch=\u00bb\u00bb][vc_column][vc_column_text] Actividades en relaci\u00f3n al 50\u00ba Aniversario de Lauro Ikastola, primera ikastola en Euskal Herria en obtener permiso para ense\u00f1ar en euskera Durante el a\u00f1o 2016 celebramos el 50\u00ba aniversario de Lauro Ikastola, ya que se cumpl\u00edan 50 a\u00f1os del establecimiento y legalizaci\u00f3n de la ikastola Resurreci\u00f3n &#8230;<\/p>\n","protected":false},"author":1,"featured_media":0,"parent":0,"menu_order":0,"comment_status":"closed","ping_status":"closed","template":"","meta":{"ngg_post_thumbnail":0,"footnotes":""},"class_list":["post-41439","page","type-page","status-publish","hentry"],"_links":{"self":[{"href":"https:\/\/www.lauroikastola.eus\/es\/wp-json\/wp\/v2\/pages\/41439","targetHints":{"allow":["GET"]}}],"collection":[{"href":"https:\/\/www.lauroikastola.eus\/es\/wp-json\/wp\/v2\/pages"}],"about":[{"href":"https:\/\/www.lauroikastola.eus\/es\/wp-json\/wp\/v2\/types\/page"}],"author":[{"embeddable":true,"href":"https:\/\/www.lauroikastola.eus\/es\/wp-json\/wp\/v2\/users\/1"}],"replies":[{"embeddable":true,"href":"https:\/\/www.lauroikastola.eus\/es\/wp-json\/wp\/v2\/comments?post=41439"}],"version-history":[{"count":0,"href":"https:\/\/www.lauroikastola.eus\/es\/wp-json\/wp\/v2\/pages\/41439\/revisions"}],"wp:attachment":[{"href":"https:\/\/www.lauroikastola.eus\/es\/wp-json\/wp\/v2\/media?parent=41439"}],"curies":[{"name":"wp","href":"https:\/\/api.w.org\/{rel}","templated":true}]}}