{"id":50294,"date":"2018-02-21T17:25:51","date_gmt":"2018-02-21T16:25:51","guid":{"rendered":"http:\/\/www.lauroikastola.eus\/es\/eskola-kirola-eta-kultur-ekintzak\/osasun-plana\/"},"modified":"2024-07-04T12:37:22","modified_gmt":"2024-07-04T10:37:22","slug":"osasun-plana","status":"publish","type":"page","link":"https:\/\/www.lauroikastola.eus\/es\/osasun-plana\/","title":{"rendered":"Seguro"},"content":{"rendered":"[vc_row ct_row_stretch=\u00bbstretch_row\u00bb ct_bg_image=\u00bb78174&#8243; ct_bg_color_overlay=\u00bbrgba(0,0,0,0.4)\u00bb ct_bg_position=\u00bbcenter center\u00bb ct_bg_parallax=\u00bbfixed\u00bb][vc_column]<div class=\"ult-spacer spacer-69f3f3dbead7f\" data-id=\"69f3f3dbead7f\" data-height=\"200\" data-height-mobile=\"200\" data-height-tab=\"200\" data-height-tab-portrait=\"\" data-height-mobile-landscape=\"\" style=\"clear:both;display:block;\"><\/div><div id=\"ultimate-heading-240969f3f3dbeaea7\" class=\"uvc-heading ult-adjust-bottom-margin ultimate-heading-240969f3f3dbeaea7 uvc-6556 \" data-hspacer=\"line_only\"  data-halign=\"left\" style=\"text-align:left\"><div class=\"uvc-heading-spacer line_only\" style=\"topheight:1px;\"><span class=\"uvc-headings-line\" style=\"border-style:solid;border-bottom-width:1px;border-color:#9e9e9e;width:autopx;\"><\/span><\/div><div class=\"uvc-main-heading ult-responsive\"  data-ultimate-target='.uvc-heading.ultimate-heading-240969f3f3dbeaea7 h2'  data-responsive-json-new='{\"font-size\":\"desktop:46px;\",\"line-height\":\"desktop:60px;\"}' ><h2 style=\"font-weight:bold;color:#ffffff;margin-top:10px;margin-bottom:60px;\">Plan de salud<\/h2><\/div><\/div><div class=\"ult-spacer spacer-69f3f3dbeaf50\" data-id=\"69f3f3dbeaf50\" data-height=\"20\" data-height-mobile=\"20\" data-height-tab=\"20\" data-height-tab-portrait=\"\" data-height-mobile-landscape=\"\" style=\"clear:both;display:block;\"><\/div>[\/vc_column][\/vc_row][vc_row ct_row_stretch=\u00bb\u00bb bg_type=\u00bbbg_color\u00bb css=\u00bb.vc_custom_1570706220848{margin-bottom: 20px !important;padding-top: 20px !important;}\u00bb bg_color_value=\u00bb#ededed\u00bb][vc_column width=\u00bb1\/6&#8243;]<div class=\"aio-icon-component    style_2\"><a class=\"aio-icon-box-link\" href=\"\/es\/eskola-kirola-eta-kultur-ekintzak\/\" title=\"Eskola kirola, Kultur ekintzak eta Hizkuntzak\" ><div id=\"Info-box-wrap-3045\" class=\"aio-icon-box top-icon\" style=\"\"  ><div class=\"aio-icon-top\"><div class=\"ult-just-icon-wrapper  \"><div class=\"align-icon\" style=\"text-align:center;\">\n<div class=\"aio-icon circle \"  style=\"color:#ffffff;background:#fd1311;font-size:26px;display:inline-block;\">\n\t<i class=\"Defaults-futbol-o soccer-ball-o\"><\/i>\n<\/div><\/div><\/div><\/div><div class=\"aio-icon-header\" ><h6 class=\"aio-icon-title ult-responsive\"  data-ultimate-target='#Info-box-wrap-3045 .aio-icon-title'  data-responsive-json-new='{\"font-size\":\"\",\"line-height\":\"\"}'  style=\"\">Deporte escolar y actividades culturales<\/h6><\/div> <!-- header --><\/div> <!-- aio-icon-box --><\/a><\/div> <!-- aio-icon-component -->[\/vc_column][vc_column width=\u00bb1\/6&#8243;]<div class=\"aio-icon-component    style_2\"><a class=\"aio-icon-box-link\" href=\"\/es\/altak-bajak-ririzpideak-eta-arauak\/\" title=\"Irizpideak, arauak, arropa, altak\/bajak\" ><div id=\"Info-box-wrap-9085\" class=\"aio-icon-box top-icon\" style=\"\"  ><div class=\"aio-icon-top\"><div class=\"ult-just-icon-wrapper  \"><div class=\"align-icon\" style=\"text-align:center;\">\n<div class=\"aio-icon circle \"  style=\"color:#ffffff;background:#fd1311;font-size:26px;display:inline-block;\">\n\t<i class=\"Defaults-sort unsorted\"><\/i>\n<\/div><\/div><\/div><\/div><div class=\"aio-icon-header\" ><h6 class=\"aio-icon-title ult-responsive\"  data-ultimate-target='#Info-box-wrap-9085 .aio-icon-title'  data-responsive-json-new='{\"font-size\":\"\",\"line-height\":\"\"}'  style=\"\">Criterios, normas, equipaci\u00f3n, altas\/bajas<\/h6><\/div> <!-- header --><\/div> <!-- aio-icon-box --><\/a><\/div> <!-- aio-icon-component -->[\/vc_column][vc_column width=\u00bb1\/6&#8243;]<div class=\"aio-icon-component    style_2\"><a class=\"aio-icon-box-link\" href=\"\/es\/lauroko-lehiaketak\/\" title=\"Lauroko lehiaketak\" ><div id=\"Info-box-wrap-6476\" class=\"aio-icon-box top-icon\" style=\"\"  ><div class=\"aio-icon-top\"><div class=\"ult-just-icon-wrapper  \"><div class=\"align-icon\" style=\"text-align:center;\">\n<div class=\"aio-icon circle \"  style=\"color:#ffffff;background:#fd1311;font-size:26px;display:inline-block;\">\n\t<i class=\"Defaults-trophy\"><\/i>\n<\/div><\/div><\/div><\/div><div class=\"aio-icon-header\" ><h6 class=\"aio-icon-title ult-responsive\"  data-ultimate-target='#Info-box-wrap-6476 .aio-icon-title'  data-responsive-json-new='{\"font-size\":\"\",\"line-height\":\"\"}'  style=\"\">Competiciones deportivas<\/h6><\/div> <!-- header --><\/div> <!-- aio-icon-box --><\/a><\/div> <!-- aio-icon-component -->[\/vc_column][vc_column width=\u00bb1\/6&#8243;]<div class=\"aio-icon-component    style_2\"><a class=\"aio-icon-box-link\" href=\"\/es\/actividades-culturales\/\" title=\"Kultur ekintzak\" ><div id=\"Info-box-wrap-4263\" class=\"aio-icon-box top-icon\" style=\"\"  ><div class=\"aio-icon-top\"><div class=\"ult-just-icon-wrapper  \"><div class=\"align-icon\" style=\"text-align:center;\">\n<div class=\"aio-icon circle \"  style=\"color:#ffffff;background:#fd1311;font-size:26px;display:inline-block;\">\n\t<i class=\"Defaults-github-alt\"><\/i>\n<\/div><\/div><\/div><\/div><div class=\"aio-icon-header\" ><h6 class=\"aio-icon-title ult-responsive\"  data-ultimate-target='#Info-box-wrap-4263 .aio-icon-title'  data-responsive-json-new='{\"font-size\":\"\",\"line-height\":\"\"}'  style=\"\">Actividades culturales<\/h6><\/div> <!-- header --><\/div> <!-- aio-icon-box --><\/a><\/div> <!-- aio-icon-component -->[\/vc_column][vc_column width=\u00bb1\/6&#8243;]<div class=\"aio-icon-component    style_2\"><a class=\"aio-icon-box-link\" href=\"\/es\/osasun-plana\/\" title=\"Osasun Plana\" ><div id=\"Info-box-wrap-1708\" class=\"aio-icon-box top-icon\" style=\"\"  ><div class=\"aio-icon-top\"><div class=\"ult-just-icon-wrapper  \"><div class=\"align-icon\" style=\"text-align:center;\">\n<div class=\"aio-icon circle \"  style=\"color:#ffffff;background:#adadad;font-size:26px;display:inline-block;\">\n\t<i class=\"Defaults-stethoscope\"><\/i>\n<\/div><\/div><\/div><\/div><div class=\"aio-icon-header\" ><h6 class=\"aio-icon-title ult-responsive\"  data-ultimate-target='#Info-box-wrap-1708 .aio-icon-title'  data-responsive-json-new='{\"font-size\":\"\",\"line-height\":\"\"}'  style=\"\">Seguro<\/h6><\/div> <!-- header --><\/div> <!-- aio-icon-box --><\/a><\/div> <!-- aio-icon-component -->[\/vc_column][vc_column width=\u00bb1\/6&#8243;]<div class=\"aio-icon-component    style_2\"><a class=\"aio-icon-box-link\" href=\"\/es\/kirola-esteka-interesgarriak\/\" ><div id=\"Info-box-wrap-9690\" class=\"aio-icon-box top-icon\" style=\"\"  ><div class=\"aio-icon-top\"><div class=\"ult-just-icon-wrapper  \"><div class=\"align-icon\" style=\"text-align:center;\">\n<div class=\"aio-icon circle \"  style=\"color:#ffffff;background:#fd1311;font-size:26px;display:inline-block;\">\n\t<i class=\"Defaults-chain link\"><\/i>\n<\/div><\/div><\/div><\/div><div class=\"aio-icon-header\" ><h6 class=\"aio-icon-title ult-responsive\"  data-ultimate-target='#Info-box-wrap-9690 .aio-icon-title'  data-responsive-json-new='{\"font-size\":\"\",\"line-height\":\"\"}'  style=\"\">Links de inter\u00e9s<\/h6><\/div> <!-- header --><\/div> <!-- aio-icon-box --><\/a><\/div> <!-- aio-icon-component -->[\/vc_column][\/vc_row][vc_row ct_row_stretch=\u00bb\u00bb][vc_column]<div class=\"ult-spacer spacer-69f3f3dbeb916\" data-id=\"69f3f3dbeb916\" data-height=\"20\" data-height-mobile=\"20\" data-height-tab=\"20\" data-height-tab-portrait=\"\" data-height-mobile-landscape=\"\" style=\"clear:both;display:block;\"><\/div>[vc_column_text]\n<h3><strong>Qu\u00e9 hacer en caso de lesi\u00f3n\/accidente durante un partido o entrenamiento<br \/>\n<\/strong><\/h3>\n<p><strong>En caso de ser en horario escolar,<\/strong> se acudir\u00e1 a la Enfermer\u00eda de la Ikastola para que le indique qu\u00e9 hacer y a d\u00f3nde acudir.<\/p>\n<p><strong>Fuera del horario escolar<\/strong> (entrenamientos especiales, competiciones, torneos\u2026):<\/p>\n<h4><strong>Equipos Federados:<\/strong><\/h4>\n<ul>\n<li style=\"list-style-type: none;\">\n<ul>\n<li><strong><u>F\u00fatbol<\/u><\/strong>: Regional, Juvenil y Cadetes (a partir de 3\u00ba de la ESO): el jugador o jugadora acudir\u00e1 al centro de salud de la Virgen Blanca, a poder ser con la ficha de jugador, que dispone el entrenador. Deber\u00e1 informar sobre el incidente al responsable de Behekosoloa y al coordinador de f\u00fatbol (<a href=\"mailto:futbola@lauroikastola.eus\">futbola@lauroikastola.eus<\/a>) y estos le har\u00e1n llegar el parte para que lo cumplimente. Tambi\u00e9n podr\u00e1 cumplimentarlo el coordinador, on-line. Durante la temporada acudir\u00e1n a la Virgen Blanca (del 4 de septiembre al 30 de junio); y fuera de temporada, a la Cl\u00ednica Zorrozaurre (del 1 de julio al 3 de septiembre).<\/li>\n<li><strong><u>Baloncesto<\/u><\/strong>: Senior, Juveniles y Cadetes (a partir de 3\u00ba de la ESO): acudir\u00e1n siempre a un centro de Osakidetza. Deber\u00e1 presentar la ficha de jugadora (podr\u00e1 pedir al entrenador la imagen de la ficha on-line). La primera atenci\u00f3n ser\u00e1 SIEMPRE en Osakidetza. La atenci\u00f3n posterior, pruebas, rehabilitaci\u00f3n o tr\u00e1mites, podr\u00e1n ser en otros centros, seg\u00fan indicaci\u00f3n del coordinador de Baloncesto.<\/li>\n<li><strong><u>Waterpolo<\/u><\/strong>: Senior, Juvenil, Cadete e Infantil (a partir de 1\u00ba de la ESO): deber\u00e1n pedir al coordinador (<a href=\"mailto:multikirola@lauroikastola.eus\">multikirola@lauroikastola.eus<\/a>) o entrenadores el parte de lesiones, talonario y documentaci\u00f3n que se deba rellenar. Posteriormente se elegir\u00e1 uno de los centros de atenci\u00f3n de la lista que le indiquen para acudir con la ficha y el parte de lesiones.<\/li>\n<\/ul>\n<\/li>\n<\/ul>\n<h4><strong>Equipos escolares:<\/strong><\/h4>\n<p>En cualquier lesi\u00f3n o incidencia deben acudir a un centro de Osakidetza. Deber\u00e1n explicar que se ha tratado de una lesi\u00f3n producida durante en Deporte Escolar para ser atendidos.<\/p>\n<h4><strong>Nota sobre seguros privados:<\/strong><\/h4>\n<p>Siempre existe la posibilidad de acudir al seguro privado, PERO se debe tener en cuenta que en caso de comenzar los tr\u00e1mites o atenci\u00f3n m\u00e9dica por este procedimiento se est\u00e1 renunciando al procedimiento ofrecido por la Diputaci\u00f3n Foral.[\/vc_column_text]<div class=\"ult-spacer spacer-69f3f3dbeb955\" data-id=\"69f3f3dbeb955\" data-height=\"30\" data-height-mobile=\"30\" data-height-tab=\"30\" data-height-tab-portrait=\"\" data-height-mobile-landscape=\"\" style=\"clear:both;display:block;\"><\/div>[\/vc_column][\/vc_row]\n","protected":false},"excerpt":{"rendered":"<p>[vc_row ct_row_stretch=\u00bbstretch_row\u00bb ct_bg_image=\u00bb78174&#8243; ct_bg_color_overlay=\u00bbrgba(0,0,0,0.4)\u00bb ct_bg_position=\u00bbcenter center\u00bb ct_bg_parallax=\u00bbfixed\u00bb][vc_column][\/vc_column][\/vc_row][vc_row ct_row_stretch=\u00bb\u00bb bg_type=\u00bbbg_color\u00bb css=\u00bb.vc_custom_1570706220848{margin-bottom: 20px !important;padding-top: 20px !important;}\u00bb bg_color_value=\u00bb#ededed\u00bb][vc_column width=\u00bb1\/6&#8243;][\/vc_column][vc_column width=\u00bb1\/6&#8243;][\/vc_column][vc_column width=\u00bb1\/6&#8243;][\/vc_column][vc_column width=\u00bb1\/6&#8243;][\/vc_column][vc_column width=\u00bb1\/6&#8243;][\/vc_column][vc_column width=\u00bb1\/6&#8243;][\/vc_column][\/vc_row][vc_row ct_row_stretch=\u00bb\u00bb][vc_column][vc_column_text] Qu\u00e9 hacer en caso de lesi\u00f3n\/accidente durante un partido o entrenamiento En caso de ser en horario escolar, se acudir\u00e1 a la Enfermer\u00eda de la Ikastola para que le indique qu\u00e9 hacer y &#8230;<\/p>\n","protected":false},"author":1,"featured_media":0,"parent":0,"menu_order":0,"comment_status":"closed","ping_status":"closed","template":"","meta":{"ngg_post_thumbnail":0,"footnotes":""},"class_list":["post-50294","page","type-page","status-publish","hentry"],"_links":{"self":[{"href":"https:\/\/www.lauroikastola.eus\/es\/wp-json\/wp\/v2\/pages\/50294","targetHints":{"allow":["GET"]}}],"collection":[{"href":"https:\/\/www.lauroikastola.eus\/es\/wp-json\/wp\/v2\/pages"}],"about":[{"href":"https:\/\/www.lauroikastola.eus\/es\/wp-json\/wp\/v2\/types\/page"}],"author":[{"embeddable":true,"href":"https:\/\/www.lauroikastola.eus\/es\/wp-json\/wp\/v2\/users\/1"}],"replies":[{"embeddable":true,"href":"https:\/\/www.lauroikastola.eus\/es\/wp-json\/wp\/v2\/comments?post=50294"}],"version-history":[{"count":0,"href":"https:\/\/www.lauroikastola.eus\/es\/wp-json\/wp\/v2\/pages\/50294\/revisions"}],"wp:attachment":[{"href":"https:\/\/www.lauroikastola.eus\/es\/wp-json\/wp\/v2\/media?parent=50294"}],"curies":[{"name":"wp","href":"https:\/\/api.w.org\/{rel}","templated":true}]}}