{"id":51042,"date":"2018-02-27T12:36:03","date_gmt":"2018-02-27T11:36:03","guid":{"rendered":"http:\/\/www.lauroikastola.eus\/es\/?page_id=51042"},"modified":"2025-10-21T12:14:22","modified_gmt":"2025-10-21T10:14:22","slug":"dual-batxiler-titulazio-bikoitza","status":"publish","type":"page","link":"https:\/\/www.lauroikastola.eus\/es\/dual-batxiler-titulazio-bikoitza\/","title":{"rendered":"DUAL &#8211; Doble titulaci\u00f3n de Bachiller"},"content":{"rendered":"[vc_row ct_row_stretch=\u00bbstretch_row\u00bb ct_bg_image=\u00bb96915&#8243; ct_bg_color_overlay=\u00bbrgba(0,0,0,0.4)\u00bb ct_bg_position=\u00bbcenter center\u00bb ct_bg_parallax=\u00bbfixed\u00bb][vc_column]<div class=\"ult-spacer spacer-6a02d9f1ece02\" data-id=\"6a02d9f1ece02\" data-height=\"200\" data-height-mobile=\"200\" data-height-tab=\"200\" data-height-tab-portrait=\"\" data-height-mobile-landscape=\"\" style=\"clear:both;display:block;\"><\/div><div id=\"ultimate-heading-70466a02d9f1ecee0\" class=\"uvc-heading ult-adjust-bottom-margin ultimate-heading-70466a02d9f1ecee0 uvc-7332 \" data-hspacer=\"line_only\"  data-halign=\"left\" style=\"text-align:left\"><div class=\"uvc-heading-spacer line_only\" style=\"topheight:1px;\"><span class=\"uvc-headings-line\" style=\"border-style:solid;border-bottom-width:1px;border-color:#9e9e9e;width:autopx;\"><\/span><\/div><div class=\"uvc-main-heading ult-responsive\"  data-ultimate-target='.uvc-heading.ultimate-heading-70466a02d9f1ecee0 h2'  data-responsive-json-new='{\"font-size\":\"desktop:46px;\",\"line-height\":\"desktop:60px;\"}' ><h2 style=\"font-weight:bold;color:#ffffff;margin-top:10px;margin-bottom:60px;\">DUAL \u2013 Doble titulaci\u00f3n de Bachiller<\/h2><\/div><\/div><div class=\"ult-spacer spacer-6a02d9f1ecf61\" data-id=\"6a02d9f1ecf61\" data-height=\"20\" data-height-mobile=\"20\" data-height-tab=\"20\" data-height-tab-portrait=\"\" data-height-mobile-landscape=\"\" style=\"clear:both;display:block;\"><\/div>[\/vc_column][\/vc_row][vc_row ct_row_stretch=\u00bb\u00bb][vc_column width=\u00bb1\/2&#8243;]<div class=\"ult-spacer spacer-6a02d9f1ecfa2\" data-id=\"6a02d9f1ecfa2\" data-height=\"30\" data-height-mobile=\"30\" data-height-tab=\"30\" data-height-tab-portrait=\"\" data-height-mobile-landscape=\"\" style=\"clear:both;display:block;\"><\/div>[vc_column_text]\n<h3>DUAL \u2013 Doble titulaci\u00f3n de Bachiller<\/h3>\n<p><strong>Plan de internacionalizaci\u00f3n: Propuesta complementaria para el aprendizaje del ingl\u00e9s<\/strong><\/p>\n<p>Dentro del plan de Internacionalizaci\u00f3n de Lauro Ikastola,<strong> desde el a\u00f1o 2015 <\/strong>ofrecemos la opci\u00f3n de cursar el Bachillerato Dual en ESO y Bachiller. Este programa ofrece al alumnado la posibilidad de obtener la <strong>titulaci\u00f3n del Bachillerato Americano<\/strong>, simult\u00e1neamente a la obtenci\u00f3n del t\u00edtulo de Bachiller local, cursando on-line y en ingl\u00e9s, y en el domicilio de cada alumno o alumna, una serie de cr\u00e9ditos (6 asignaturas) en un Instituto Americano.<\/p>\n<p>Este programa se puede comenzar en 2\u00ba de ESO, y cursarlo durante cuatro a\u00f1os, para evitar una carga excesiva de trabajo en los cursos de Bachillerato; pero tambi\u00e9n existe la posibilidad de comenzar en 3\u00ba \u00f3 4\u00ba de ESO, o en 1\u00ba de Bachiller.<\/p>\n<p>El programa cuenta con un <strong>campus virtual<\/strong> y con un tutor americano con el que se puede contactar en cualquier momento. La funci\u00f3n principal de Lauro es la coordinaci\u00f3n con la academia y el tutor americano y el seguimiento del alumnado participante.<\/p>\n<p>En el curso 15\/16 finalizaron y obtuvieron el t\u00edtulo los primeros alumnos y alumnas, y cada curso lo obtienen nuevas promociones. Con los \u00faltimos titulados y tituladas en 2025, <strong>ya son 88<\/strong> los y las estudiantes que han obtenido el t\u00edtulo de Bachiller de <em>High School<\/em> en Lauro Ikastola.[\/vc_column_text]<div class=\"ult-spacer spacer-6a02d9f1ecfd4\" data-id=\"6a02d9f1ecfd4\" data-height=\"30\" data-height-mobile=\"30\" data-height-tab=\"30\" data-height-tab-portrait=\"\" data-height-mobile-landscape=\"\" style=\"clear:both;display:block;\"><\/div>[vc_column_text]Los <strong>beneficios que este programa aporta a los alumnos y alumnas<\/strong>, adem\u00e1s de la obtenci\u00f3n del t\u00edtulo de High School en EEUU, son los siguientes:<\/p>\n<ul class=\"bolas\">\n<li>&nbsp;&nbsp;&nbsp; Desarrollo de la competencia en lengua inglesa: asignaturas cursadas en ingl\u00e9s.<\/li>\n<li>&nbsp;&nbsp;&nbsp; Desarrollo de la competencia digital: uso de las nuevas tecnolog\u00edas.<\/li>\n<li>&nbsp;&nbsp;&nbsp; Desarrollo de la competencia de aprender a aprender y de autonom\u00eda personal: aprendizaje aut\u00f3nomo.<\/li>\n<\/ul>\n<p>La entidad responsable de este programa es&nbsp;<a href=\"https:\/\/www.academica.school\/\" target=\"_blank\" rel=\"noopener noreferrer\">Academica International Studies<\/a>.[\/vc_column_text][\/vc_column][vc_column width=\u00bb1\/2&#8243;]<div class=\"ult-spacer spacer-6a02d9f1ed004\" data-id=\"6a02d9f1ed004\" data-height=\"80\" data-height-mobile=\"80\" data-height-tab=\"80\" data-height-tab-portrait=\"\" data-height-mobile-landscape=\"\" style=\"clear:both;display:block;\"><\/div>[vc_single_image image=\u00bb96915&#8243; img_size=\u00bbfull\u00bb alignment=\u00bbcenter\u00bb style=\u00bbvc_box_rounded\u00bb][vc_cta h2=\u00bbPresentaci\u00f3n DUAL\u00bb style=\u00bbflat\u00bb color=\u00bbgreen\u00bb add_button=\u00bbright\u00bb btn_title=\u00bbDetalles del programa\u00bb btn_align=\u00bbright\u00bb btn_i_icon_fontawesome=\u00bbfar fa-file-pdf\u00bb btn_add_icon=\u00bbtrue\u00bb btn_link=\u00bburl:https%3A%2F%2Fwww.lauroikastola.eus%2Fwp-content%2Fuploads%2F2024%2F06%2FPresentacion-ACADEMICA_CAST.pdf\u00bb css=\u00bb.vc_custom_1748330754046{margin-top: 15px !important;}\u00bb][\/vc_cta][vc_column_text]<iframe loading=\"lazy\" src=\"https:\/\/www.youtube.com\/embed\/WaHfn4OT4sM\" width=\"640\" height=\"360\" frameborder=\"0\" allowfullscreen=\"allowfullscreen\"><\/iframe>[\/vc_column_text][\/vc_column][\/vc_row]\n","protected":false},"excerpt":{"rendered":"<p>[vc_row ct_row_stretch=\u00bbstretch_row\u00bb ct_bg_image=\u00bb96915&#8243; ct_bg_color_overlay=\u00bbrgba(0,0,0,0.4)\u00bb ct_bg_position=\u00bbcenter center\u00bb ct_bg_parallax=\u00bbfixed\u00bb][vc_column][\/vc_column][\/vc_row][vc_row ct_row_stretch=\u00bb\u00bb][vc_column width=\u00bb1\/2&#8243;][vc_column_text] DUAL \u2013 Doble titulaci\u00f3n de Bachiller Plan de internacionalizaci\u00f3n: Propuesta complementaria para el aprendizaje del ingl\u00e9s Dentro del plan de Internacionalizaci\u00f3n de Lauro Ikastola, desde el a\u00f1o 2015 ofrecemos la opci\u00f3n de cursar el Bachillerato Dual en ESO y Bachiller. Este programa ofrece al alumnado la &#8230;<\/p>\n","protected":false},"author":1,"featured_media":0,"parent":0,"menu_order":0,"comment_status":"closed","ping_status":"closed","template":"","meta":{"ngg_post_thumbnail":0,"footnotes":""},"class_list":["post-51042","page","type-page","status-publish","hentry"],"_links":{"self":[{"href":"https:\/\/www.lauroikastola.eus\/es\/wp-json\/wp\/v2\/pages\/51042","targetHints":{"allow":["GET"]}}],"collection":[{"href":"https:\/\/www.lauroikastola.eus\/es\/wp-json\/wp\/v2\/pages"}],"about":[{"href":"https:\/\/www.lauroikastola.eus\/es\/wp-json\/wp\/v2\/types\/page"}],"author":[{"embeddable":true,"href":"https:\/\/www.lauroikastola.eus\/es\/wp-json\/wp\/v2\/users\/1"}],"replies":[{"embeddable":true,"href":"https:\/\/www.lauroikastola.eus\/es\/wp-json\/wp\/v2\/comments?post=51042"}],"version-history":[{"count":2,"href":"https:\/\/www.lauroikastola.eus\/es\/wp-json\/wp\/v2\/pages\/51042\/revisions"}],"predecessor-version":[{"id":147149,"href":"https:\/\/www.lauroikastola.eus\/es\/wp-json\/wp\/v2\/pages\/51042\/revisions\/147149"}],"wp:attachment":[{"href":"https:\/\/www.lauroikastola.eus\/es\/wp-json\/wp\/v2\/media?parent=51042"}],"curies":[{"name":"wp","href":"https:\/\/api.w.org\/{rel}","templated":true}]}}