{"id":54508,"date":"2018-05-18T16:24:43","date_gmt":"2018-05-18T14:24:43","guid":{"rendered":"http:\/\/www.lauroikastola.eus\/es\/eskola-kirola-eta-kultur-ekintzak\/kultur-ekintzak\/"},"modified":"2024-12-11T16:02:26","modified_gmt":"2024-12-11T15:02:26","slug":"actividades-culturales","status":"publish","type":"page","link":"https:\/\/www.lauroikastola.eus\/es\/actividades-culturales\/","title":{"rendered":"Actividades culturales"},"content":{"rendered":"[vc_row ct_row_stretch=\u00bbstretch_row\u00bb ct_bg_image=\u00bb78174&#8243; ct_bg_color_overlay=\u00bbrgba(0,0,0,0.4)\u00bb ct_bg_position=\u00bbcenter center\u00bb ct_bg_parallax=\u00bbfixed\u00bb][vc_column]<div class=\"ult-spacer spacer-69f3f3ad2b4ab\" data-id=\"69f3f3ad2b4ab\" data-height=\"200\" data-height-mobile=\"200\" data-height-tab=\"200\" data-height-tab-portrait=\"\" data-height-mobile-landscape=\"\" style=\"clear:both;display:block;\"><\/div><div id=\"ultimate-heading-695269f3f3ad2b5e3\" class=\"uvc-heading ult-adjust-bottom-margin ultimate-heading-695269f3f3ad2b5e3 uvc-7986 \" data-hspacer=\"line_only\"  data-halign=\"left\" style=\"text-align:left\"><div class=\"uvc-heading-spacer line_only\" style=\"topheight:1px;\"><span class=\"uvc-headings-line\" style=\"border-style:solid;border-bottom-width:1px;border-color:#9e9e9e;width:autopx;\"><\/span><\/div><div class=\"uvc-main-heading ult-responsive\"  data-ultimate-target='.uvc-heading.ultimate-heading-695269f3f3ad2b5e3 h2'  data-responsive-json-new='{\"font-size\":\"desktop:46px;\",\"line-height\":\"desktop:60px;\"}' ><h2 style=\"font-weight:bold;color:#ffffff;margin-top:10px;margin-bottom:60px;\">Actividades culturales<\/h2><\/div><\/div><div class=\"ult-spacer spacer-69f3f3ad2b689\" data-id=\"69f3f3ad2b689\" data-height=\"20\" data-height-mobile=\"20\" data-height-tab=\"20\" data-height-tab-portrait=\"\" data-height-mobile-landscape=\"\" style=\"clear:both;display:block;\"><\/div>[\/vc_column][\/vc_row][vc_row ct_row_stretch=\u00bb\u00bb bg_type=\u00bbbg_color\u00bb css=\u00bb.vc_custom_1570706220848{margin-bottom: 20px !important;padding-top: 20px !important;}\u00bb bg_color_value=\u00bb#ededed\u00bb][vc_column width=\u00bb1\/6&#8243;]<div class=\"aio-icon-component    style_2\"><a class=\"aio-icon-box-link\" href=\"\/es\/eskola-kirola-eta-kultur-ekintzak\/\" title=\"Eskola kirola, Kultur ekintzak eta Hizkuntzak\" ><div id=\"Info-box-wrap-5115\" class=\"aio-icon-box top-icon\" style=\"\"  ><div class=\"aio-icon-top\"><div class=\"ult-just-icon-wrapper  \"><div class=\"align-icon\" style=\"text-align:center;\">\n<div class=\"aio-icon circle \"  style=\"color:#ffffff;background:#fd1311;font-size:26px;display:inline-block;\">\n\t<i class=\"Defaults-futbol-o soccer-ball-o\"><\/i>\n<\/div><\/div><\/div><\/div><div class=\"aio-icon-header\" ><h6 class=\"aio-icon-title ult-responsive\"  data-ultimate-target='#Info-box-wrap-5115 .aio-icon-title'  data-responsive-json-new='{\"font-size\":\"\",\"line-height\":\"\"}'  style=\"\">Deporte escolar y actividades culturales<\/h6><\/div> <!-- header --><\/div> <!-- aio-icon-box --><\/a><\/div> <!-- aio-icon-component -->[\/vc_column][vc_column width=\u00bb1\/6&#8243;]<div class=\"aio-icon-component    style_2\"><a class=\"aio-icon-box-link\" href=\"\/es\/altak-bajak-ririzpideak-eta-arauak\/\" title=\"Irizpideak, arauak, arropa, altak\/bajak\" ><div id=\"Info-box-wrap-5962\" class=\"aio-icon-box top-icon\" style=\"\"  ><div class=\"aio-icon-top\"><div class=\"ult-just-icon-wrapper  \"><div class=\"align-icon\" style=\"text-align:center;\">\n<div class=\"aio-icon circle \"  style=\"color:#ffffff;background:#fd1311;font-size:26px;display:inline-block;\">\n\t<i class=\"Defaults-sort unsorted\"><\/i>\n<\/div><\/div><\/div><\/div><div class=\"aio-icon-header\" ><h6 class=\"aio-icon-title ult-responsive\"  data-ultimate-target='#Info-box-wrap-5962 .aio-icon-title'  data-responsive-json-new='{\"font-size\":\"\",\"line-height\":\"\"}'  style=\"\">Criterios, normas, equipaci\u00f3n, altas\/bajas<\/h6><\/div> <!-- header --><\/div> <!-- aio-icon-box --><\/a><\/div> <!-- aio-icon-component -->[\/vc_column][vc_column width=\u00bb1\/6&#8243;]<div class=\"aio-icon-component    style_2\"><a class=\"aio-icon-box-link\" href=\"\/es\/lauroko-lehiaketak\/\" title=\"Lauroko lehiaketak\" ><div id=\"Info-box-wrap-5326\" class=\"aio-icon-box top-icon\" style=\"\"  ><div class=\"aio-icon-top\"><div class=\"ult-just-icon-wrapper  \"><div class=\"align-icon\" style=\"text-align:center;\">\n<div class=\"aio-icon circle \"  style=\"color:#ffffff;background:#fd1311;font-size:26px;display:inline-block;\">\n\t<i class=\"Defaults-trophy\"><\/i>\n<\/div><\/div><\/div><\/div><div class=\"aio-icon-header\" ><h6 class=\"aio-icon-title ult-responsive\"  data-ultimate-target='#Info-box-wrap-5326 .aio-icon-title'  data-responsive-json-new='{\"font-size\":\"\",\"line-height\":\"\"}'  style=\"\">Competiciones deportivas<\/h6><\/div> <!-- header --><\/div> <!-- aio-icon-box --><\/a><\/div> <!-- aio-icon-component -->[\/vc_column][vc_column width=\u00bb1\/6&#8243;]<div class=\"aio-icon-component    style_2\"><a class=\"aio-icon-box-link\" href=\"https:\/\/www.lauroikastola.eus\/es\/actividades-culturales\/\" title=\"Kultur ekintzak\" ><div id=\"Info-box-wrap-2928\" class=\"aio-icon-box top-icon\" style=\"\"  ><div class=\"aio-icon-top\"><div class=\"ult-just-icon-wrapper  \"><div class=\"align-icon\" style=\"text-align:center;\">\n<div class=\"aio-icon circle \"  style=\"color:#ffffff;background:#adadad;font-size:26px;display:inline-block;\">\n\t<i class=\"Defaults-github-alt\"><\/i>\n<\/div><\/div><\/div><\/div><div class=\"aio-icon-header\" ><h6 class=\"aio-icon-title ult-responsive\"  data-ultimate-target='#Info-box-wrap-2928 .aio-icon-title'  data-responsive-json-new='{\"font-size\":\"\",\"line-height\":\"\"}'  style=\"\">Actividades culturales<\/h6><\/div> <!-- header --><\/div> <!-- aio-icon-box --><\/a><\/div> <!-- aio-icon-component -->[\/vc_column][vc_column width=\u00bb1\/6&#8243;]<div class=\"aio-icon-component    style_2\"><a class=\"aio-icon-box-link\" href=\"\/es\/osasun-plana\/\" title=\"Osasun Plana\" ><div id=\"Info-box-wrap-6848\" class=\"aio-icon-box top-icon\" style=\"\"  ><div class=\"aio-icon-top\"><div class=\"ult-just-icon-wrapper  \"><div class=\"align-icon\" style=\"text-align:center;\">\n<div class=\"aio-icon circle \"  style=\"color:#ffffff;background:#fd1311;font-size:26px;display:inline-block;\">\n\t<i class=\"Defaults-stethoscope\"><\/i>\n<\/div><\/div><\/div><\/div><div class=\"aio-icon-header\" ><h6 class=\"aio-icon-title ult-responsive\"  data-ultimate-target='#Info-box-wrap-6848 .aio-icon-title'  data-responsive-json-new='{\"font-size\":\"\",\"line-height\":\"\"}'  style=\"\">Seguro<\/h6><\/div> <!-- header --><\/div> <!-- aio-icon-box --><\/a><\/div> <!-- aio-icon-component -->[\/vc_column][vc_column width=\u00bb1\/6&#8243;]<div class=\"aio-icon-component    style_2\"><a class=\"aio-icon-box-link\" href=\"\/es\/kirola-esteka-interesgarriak\/\" ><div id=\"Info-box-wrap-5611\" class=\"aio-icon-box top-icon\" style=\"\"  ><div class=\"aio-icon-top\"><div class=\"ult-just-icon-wrapper  \"><div class=\"align-icon\" style=\"text-align:center;\">\n<div class=\"aio-icon circle \"  style=\"color:#ffffff;background:#fd1311;font-size:26px;display:inline-block;\">\n\t<i class=\"Defaults-chain link\"><\/i>\n<\/div><\/div><\/div><\/div><div class=\"aio-icon-header\" ><h6 class=\"aio-icon-title ult-responsive\"  data-ultimate-target='#Info-box-wrap-5611 .aio-icon-title'  data-responsive-json-new='{\"font-size\":\"\",\"line-height\":\"\"}'  style=\"\">Links de inter\u00e9s<\/h6><\/div> <!-- header --><\/div> <!-- aio-icon-box --><\/a><\/div> <!-- aio-icon-component -->[\/vc_column][\/vc_row][vc_row ct_row_stretch=\u00bb\u00bb][vc_column width=\u00bb1\/2&#8243;]<div class=\"ult-spacer spacer-69f3f3ad2be9a\" data-id=\"69f3f3ad2be9a\" data-height=\"30\" data-height-mobile=\"30\" data-height-tab=\"30\" data-height-tab-portrait=\"\" data-height-mobile-landscape=\"\" style=\"clear:both;display:block;\"><\/div>[vc_column_text]\n<h3><span style=\"color: #800000;\">Actuaciones del coro<\/span><\/h3>\n[\/vc_column_text][vc_images_carousel images=\u00bb128244,128264,128261,136754,136761&#8243; img_size=\u00bbfull\u00bb]<div class=\"ult-spacer spacer-69f3f3ad2beec\" data-id=\"69f3f3ad2beec\" data-height=\"30\" data-height-mobile=\"30\" data-height-tab=\"30\" data-height-tab-portrait=\"\" data-height-mobile-landscape=\"\" style=\"clear:both;display:block;\"><\/div>[\/vc_column][vc_column width=\u00bb1\/2&#8243;]<div class=\"ult-spacer spacer-69f3f3ad2bf31\" data-id=\"69f3f3ad2bf31\" data-height=\"30\" data-height-mobile=\"30\" data-height-tab=\"30\" data-height-tab-portrait=\"\" data-height-mobile-landscape=\"\" style=\"clear:both;display:block;\"><\/div>[vc_column_text]\n<h3><span style=\"color: #800000;\">Trikitixa y pandero<br \/>\n<\/span><\/h3>\n[\/vc_column_text][vc_images_carousel images=\u00bb128250,128256,128253&#8243; img_size=\u00bbfull\u00bb]<div class=\"ult-spacer spacer-69f3f3ad2bf7a\" data-id=\"69f3f3ad2bf7a\" data-height=\"30\" data-height-mobile=\"30\" data-height-tab=\"30\" data-height-tab-portrait=\"\" data-height-mobile-landscape=\"\" style=\"clear:both;display:block;\"><\/div>[\/vc_column][\/vc_row][vc_row ct_row_stretch=\u00bb\u00bb][vc_column width=\u00bb1\/2&#8243;]<div class=\"ult-spacer spacer-69f3f3ad2bfda\" data-id=\"69f3f3ad2bfda\" data-height=\"30\" data-height-mobile=\"30\" data-height-tab=\"30\" data-height-tab-portrait=\"\" data-height-mobile-landscape=\"\" style=\"clear:both;display:block;\"><\/div>[vc_column_text]\n<h3><span style=\"color: #800000;\">Euskal Dantzak<br \/>\n<\/span><\/h3>\n[\/vc_column_text][vc_images_carousel images=\u00bb128277,128274,128271,134694,134691,134697&#8243; img_size=\u00bbfull\u00bb]<div class=\"ult-spacer spacer-69f3f3ad2c025\" data-id=\"69f3f3ad2c025\" data-height=\"30\" data-height-mobile=\"30\" data-height-tab=\"30\" data-height-tab-portrait=\"\" data-height-mobile-landscape=\"\" style=\"clear:both;display:block;\"><\/div>[\/vc_column][vc_column width=\u00bb1\/2&#8243;]<div class=\"ult-spacer spacer-69f3f3ad2c071\" data-id=\"69f3f3ad2c071\" data-height=\"30\" data-height-mobile=\"30\" data-height-tab=\"30\" data-height-tab-portrait=\"\" data-height-mobile-landscape=\"\" style=\"clear:both;display:block;\"><\/div>[vc_column_text]\n<h3><span style=\"color: #800000;\">Formulauro: dise\u00f1o, construcci\u00f3n y competici\u00f3n con coches el\u00e9ctricos<br \/>\n<\/span><\/h3>\n[\/vc_column_text][vc_images_carousel images=\u00bb119858,118970,118967,117338&#8243; img_size=\u00bbfull\u00bb]<div class=\"ult-spacer spacer-69f3f3ad2c0bf\" data-id=\"69f3f3ad2c0bf\" data-height=\"30\" data-height-mobile=\"30\" data-height-tab=\"30\" data-height-tab-portrait=\"\" data-height-mobile-landscape=\"\" style=\"clear:both;display:block;\"><\/div>[\/vc_column][\/vc_row][vc_row ct_row_stretch=\u00bb\u00bb][vc_column][vc_column_text]\n<h3><span style=\"color: #800000;\">Taller de Cocina: recetas recogidas el curso 19-20<\/span><\/h3>\n<p><iframe style=\"border: none; width: 100%; height: 493px;\" src=\"\/\/e.issuu.com\/embed.html?backgroundColor=%23918de1&amp;d=errezeta_liburua_bigarren_hiruhilekoa_1920&amp;u=lauroikastola\" allowfullscreen=\"allowfullscreen\"><\/iframe><\/p>\n<p><iframe style=\"border: none; width: 100%; height: 326px;\" src=\"\/\/e.issuu.com\/embed.html?backgroundColor=%23d3042c&amp;d=errezeta_liburua_lehen_hiruhilekoa_1920&amp;hideIssuuLogo=true&amp;u=lauroikastola\" allowfullscreen=\"allowfullscreen\"><\/iframe>[\/vc_column_text]<div class=\"ult-spacer spacer-69f3f3ad2c10b\" data-id=\"69f3f3ad2c10b\" data-height=\"30\" data-height-mobile=\"30\" data-height-tab=\"30\" data-height-tab-portrait=\"\" data-height-mobile-landscape=\"\" style=\"clear:both;display:block;\"><\/div>[\/vc_column][\/vc_row]\n","protected":false},"excerpt":{"rendered":"<p>[vc_row ct_row_stretch=\u00bbstretch_row\u00bb ct_bg_image=\u00bb78174&#8243; ct_bg_color_overlay=\u00bbrgba(0,0,0,0.4)\u00bb ct_bg_position=\u00bbcenter center\u00bb ct_bg_parallax=\u00bbfixed\u00bb][vc_column][\/vc_column][\/vc_row][vc_row ct_row_stretch=\u00bb\u00bb bg_type=\u00bbbg_color\u00bb css=\u00bb.vc_custom_1570706220848{margin-bottom: 20px !important;padding-top: 20px !important;}\u00bb bg_color_value=\u00bb#ededed\u00bb][vc_column width=\u00bb1\/6&#8243;][\/vc_column][vc_column width=\u00bb1\/6&#8243;][\/vc_column][vc_column width=\u00bb1\/6&#8243;][\/vc_column][vc_column width=\u00bb1\/6&#8243;][\/vc_column][vc_column width=\u00bb1\/6&#8243;][\/vc_column][vc_column width=\u00bb1\/6&#8243;][\/vc_column][\/vc_row][vc_row ct_row_stretch=\u00bb\u00bb][vc_column width=\u00bb1\/2&#8243;][vc_column_text] Actuaciones del coro [\/vc_column_text][vc_images_carousel images=\u00bb128244,128264,128261,136754,136761&#8243; img_size=\u00bbfull\u00bb][\/vc_column][vc_column width=\u00bb1\/2&#8243;][vc_column_text] Trikitixa y pandero [\/vc_column_text][vc_images_carousel images=\u00bb128250,128256,128253&#8243; img_size=\u00bbfull\u00bb][\/vc_column][\/vc_row][vc_row ct_row_stretch=\u00bb\u00bb][vc_column width=\u00bb1\/2&#8243;][vc_column_text] Euskal Dantzak [\/vc_column_text][vc_images_carousel images=\u00bb128277,128274,128271,134694,134691,134697&#8243; img_size=\u00bbfull\u00bb][\/vc_column][vc_column width=\u00bb1\/2&#8243;][vc_column_text] Formulauro: dise\u00f1o, construcci\u00f3n y competici\u00f3n con coches el\u00e9ctricos [\/vc_column_text][vc_images_carousel images=\u00bb119858,118970,118967,117338&#8243; img_size=\u00bbfull\u00bb][\/vc_column][\/vc_row][vc_row &#8230;<\/p>\n","protected":false},"author":1,"featured_media":0,"parent":0,"menu_order":0,"comment_status":"closed","ping_status":"closed","template":"","meta":{"ngg_post_thumbnail":0,"footnotes":""},"class_list":["post-54508","page","type-page","status-publish","hentry"],"_links":{"self":[{"href":"https:\/\/www.lauroikastola.eus\/es\/wp-json\/wp\/v2\/pages\/54508","targetHints":{"allow":["GET"]}}],"collection":[{"href":"https:\/\/www.lauroikastola.eus\/es\/wp-json\/wp\/v2\/pages"}],"about":[{"href":"https:\/\/www.lauroikastola.eus\/es\/wp-json\/wp\/v2\/types\/page"}],"author":[{"embeddable":true,"href":"https:\/\/www.lauroikastola.eus\/es\/wp-json\/wp\/v2\/users\/1"}],"replies":[{"embeddable":true,"href":"https:\/\/www.lauroikastola.eus\/es\/wp-json\/wp\/v2\/comments?post=54508"}],"version-history":[{"count":0,"href":"https:\/\/www.lauroikastola.eus\/es\/wp-json\/wp\/v2\/pages\/54508\/revisions"}],"wp:attachment":[{"href":"https:\/\/www.lauroikastola.eus\/es\/wp-json\/wp\/v2\/media?parent=54508"}],"curies":[{"name":"wp","href":"https:\/\/api.w.org\/{rel}","templated":true}]}}