{"id":59357,"date":"2018-06-28T09:43:37","date_gmt":"2018-06-28T07:43:37","guid":{"rendered":"http:\/\/www.lauroikastola.eus\/es\/gurasoen-orientazioa-aurkezpena\/lanbide-orientazioa\/orientazio-aurkezpenak\/"},"modified":"2024-12-11T13:13:27","modified_gmt":"2024-12-11T12:13:27","slug":"orientazio-jarduerak","status":"publish","type":"page","link":"https:\/\/www.lauroikastola.eus\/es\/orientazio-jarduerak\/","title":{"rendered":"Orientaci\u00f3n en Bachiller"},"content":{"rendered":"[vc_row ct_row_stretch=\u00bbstretch_row\u00bb ct_bg_image=\u00bb78174&#8243; ct_bg_color_overlay=\u00bbrgba(0,0,0,0.4)\u00bb ct_bg_position=\u00bbcenter center\u00bb ct_bg_parallax=\u00bbfixed\u00bb][vc_column]<div class=\"ult-spacer spacer-6a04eba6c9a83\" data-id=\"6a04eba6c9a83\" data-height=\"200\" data-height-mobile=\"200\" data-height-tab=\"200\" data-height-tab-portrait=\"\" data-height-mobile-landscape=\"\" style=\"clear:both;display:block;\"><\/div><div id=\"ultimate-heading-31636a04eba6c9bbe\" class=\"uvc-heading ult-adjust-bottom-margin ultimate-heading-31636a04eba6c9bbe uvc-4228 \" data-hspacer=\"line_only\"  data-halign=\"left\" style=\"text-align:left\"><div class=\"uvc-heading-spacer line_only\" style=\"topheight:1px;\"><span class=\"uvc-headings-line\" style=\"border-style:solid;border-bottom-width:1px;border-color:#9e9e9e;width:autopx;\"><\/span><\/div><div class=\"uvc-main-heading ult-responsive\"  data-ultimate-target='.uvc-heading.ultimate-heading-31636a04eba6c9bbe h2'  data-responsive-json-new='{\"font-size\":\"desktop:46px;\",\"line-height\":\"desktop:60px;\"}' ><h2 style=\"font-weight:bold;color:#ffffff;margin-top:10px;margin-bottom:60px;\">Orientaci\u00f3n en Bachiller<\/h2><\/div><\/div><div class=\"ult-spacer spacer-6a04eba6c9c68\" data-id=\"6a04eba6c9c68\" data-height=\"20\" data-height-mobile=\"20\" data-height-tab=\"20\" data-height-tab-portrait=\"\" data-height-mobile-landscape=\"\" style=\"clear:both;display:block;\"><\/div>[\/vc_column][\/vc_row][vc_row ct_row_stretch=\u00bb\u00bb bg_type=\u00bbbg_color\u00bb css=\u00bb.vc_custom_1571135031293{padding-top: 20px !important;}\u00bb bg_color_value=\u00bb#ededed\u00bb][vc_column width=\u00bb1\/6&#8243;]<div class=\"aio-icon-component    style_2\"><a class=\"aio-icon-box-link\" href=\"\/es\/gurasoen-orientazioa-aurkezpena\/\" ><div id=\"Info-box-wrap-4270\" class=\"aio-icon-box top-icon\" style=\"\"  ><div class=\"aio-icon-top\"><div class=\"ult-just-icon-wrapper  \"><div class=\"align-icon\" style=\"text-align:center;\">\n<div class=\"aio-icon circle \"  style=\"color:#ffffff;background:#1e73be;font-size:26px;display:inline-block;\">\n\t<i class=\"Defaults-arrow-left\"><\/i>\n<\/div><\/div><\/div><\/div><div class=\"aio-icon-header\" ><h6 class=\"aio-icon-title ult-responsive\"  data-ultimate-target='#Info-box-wrap-4270 .aio-icon-title'  data-responsive-json-new='{\"font-size\":\"\",\"line-height\":\"\"}'  style=\"\">Volver<\/h6><\/div> <!-- header --><\/div> <!-- aio-icon-box --><\/a><\/div> <!-- aio-icon-component -->[\/vc_column][vc_column width=\u00bb1\/6&#8243;]<div class=\"aio-icon-component    style_2\"><a class=\"aio-icon-box-link\" href=\"https:\/\/www.lauroikastola.eus\/es\/orientazio-jarduerak\/\" ><div id=\"Info-box-wrap-1959\" class=\"aio-icon-box top-icon\" style=\"\"  ><div class=\"aio-icon-top\"><div class=\"ult-just-icon-wrapper  \"><div class=\"align-icon\" style=\"text-align:center;\">\n<div class=\"aio-icon circle \"  style=\"color:#ffffff;background:#adadad;font-size:26px;display:inline-block;\">\n\t<i class=\"Defaults-child\"><\/i>\n<\/div><\/div><\/div><\/div><div class=\"aio-icon-header\" ><h6 class=\"aio-icon-title ult-responsive\"  data-ultimate-target='#Info-box-wrap-1959 .aio-icon-title'  data-responsive-json-new='{\"font-size\":\"\",\"line-height\":\"\"}'  style=\"\">Orientaci\u00f3n en la Ikastola<\/h6><\/div> <!-- header --><\/div> <!-- aio-icon-box --><\/a><\/div> <!-- aio-icon-component -->[\/vc_column][vc_column width=\u00bb1\/6&#8243;]<div class=\"aio-icon-component    style_2\"><a class=\"aio-icon-box-link\" href=\"\/es\/use\/\" ><div id=\"Info-box-wrap-8322\" class=\"aio-icon-box top-icon\" style=\"\"  ><div class=\"aio-icon-top\"><div class=\"ult-just-icon-wrapper  \"><div class=\"align-icon\" style=\"text-align:center;\">\n<div class=\"aio-icon circle \"  style=\"color:#ffffff;background:#fd1311;font-size:26px;display:inline-block;\">\n\t<i class=\"Defaults-check\"><\/i>\n<\/div><\/div><\/div><\/div><div class=\"aio-icon-header\" ><h6 class=\"aio-icon-title ult-responsive\"  data-ultimate-target='#Info-box-wrap-8322 .aio-icon-title'  data-responsive-json-new='{\"font-size\":\"\",\"line-height\":\"\"}'  style=\"\">\u00bfQu\u00e9 tengo que saber sobre la EvAU?<\/h6><\/div> <!-- header --><\/div> <!-- aio-icon-box --><\/a><\/div> <!-- aio-icon-component -->[\/vc_column][vc_column width=\u00bb1\/6&#8243;][\/vc_column][vc_column width=\u00bb1\/6&#8243;][\/vc_column][\/vc_row][vc_row ct_row_stretch=\u00bb\u00bb][vc_column][vc_video link=\u00bbhttps:\/\/youtu.be\/zEBYl31FmzM\u00bb][\/vc_column][\/vc_row][vc_row ct_row_stretch=\u00bb\u00bb][vc_column width=\u00bb1\/2&#8243;]<div class=\"ult-spacer spacer-6a04eba6ca1f6\" data-id=\"6a04eba6ca1f6\" data-height=\"60\" data-height-mobile=\"60\" data-height-tab=\"60\" data-height-tab-portrait=\"\" data-height-mobile-landscape=\"\" style=\"clear:both;display:block;\"><\/div><div id=\"ultimate-heading-47456a04eba6ca285\" class=\"uvc-heading ult-adjust-bottom-margin ultimate-heading-47456a04eba6ca285 uvc-5462 \" data-hspacer=\"line_only\"  data-halign=\"left\" style=\"text-align:left\"><div class=\"uvc-main-heading ult-responsive\"  data-ultimate-target='.uvc-heading.ultimate-heading-47456a04eba6ca285 h1'  data-responsive-json-new='{\"font-size\":\"\",\"line-height\":\"\"}' ><h1 style=\"font-weight:bold;color:#910000;\">Plataforma Orienta<\/h1><\/div><div class=\"uvc-heading-spacer line_only\" style=\"topheight:2px;\"><span class=\"uvc-headings-line\" style=\"border-style:solid;border-bottom-width:2px;border-color:#ccc;width:autopx;\"><\/span><\/div><\/div><div class=\"ult-spacer spacer-6a04eba6ca2fd\" data-id=\"6a04eba6ca2fd\" data-height=\"30\" data-height-mobile=\"30\" data-height-tab=\"30\" data-height-tab-portrait=\"\" data-height-mobile-landscape=\"\" style=\"clear:both;display:block;\"><\/div>[vc_column_text]\n<div id=\"output_text_dummy\" class=\"form-div minimal p-0 flex-grow-1 h-20rm\">\n<div>\n<p class=\"cvGsUA direction-ltr align-start para-style-body\"><span class=\"OYPEnA font-feature-liga-off font-feature-clig-off font-feature-calt-off text-decoration-none text-strikethrough-none\">El programa Orienta es una herramienta interesante y sencilla de utilizar que nos puede ayudar a tomar decisiones acad\u00e9micas y profesionales. Encontrar\u00e1s cuestionarios e informaci\u00f3n de grados a nivel nacional. Tambi\u00e9n encontrar\u00e9is informaci\u00f3n de los Grados Medios de Grado y Grado Superior existentes en cada Comunidad Aut\u00f3noma. Tambi\u00e9n ofrece perfiles de acceso para cada grado e informaci\u00f3n sobre salidas profesionales.<\/span><\/p>\n<p><a href=\"https:\/\/www.elorienta.com\/movil\/?yafxb=73918\">ACCESO PARA LAURO IKASTOLA<\/a><\/p>\n<\/div>\n<\/div>\n[\/vc_column_text]<div class=\"ult-spacer spacer-6a04eba6ca357\" data-id=\"6a04eba6ca357\" data-height=\"30\" data-height-mobile=\"30\" data-height-tab=\"30\" data-height-tab-portrait=\"\" data-height-mobile-landscape=\"\" style=\"clear:both;display:block;\"><\/div>[\/vc_column][vc_column width=\u00bb1\/2&#8243;]<div class=\"ult-spacer spacer-6a04eba6ca3ad\" data-id=\"6a04eba6ca3ad\" data-height=\"60\" data-height-mobile=\"60\" data-height-tab=\"60\" data-height-tab-portrait=\"\" data-height-mobile-landscape=\"\" style=\"clear:both;display:block;\"><\/div>[vc_single_image image=\u00bb134630&#8243; img_size=\u00bbfull\u00bb][\/vc_column][\/vc_row][vc_row ct_row_stretch=\u00bb\u00bb][vc_column width=\u00bb1\/2&#8243;]<div class=\"ult-spacer spacer-6a04eba6ca3fa\" data-id=\"6a04eba6ca3fa\" data-height=\"60\" data-height-mobile=\"60\" data-height-tab=\"60\" data-height-tab-portrait=\"\" data-height-mobile-landscape=\"\" style=\"clear:both;display:block;\"><\/div><div id=\"ultimate-heading-92326a04eba6ca470\" class=\"uvc-heading ult-adjust-bottom-margin ultimate-heading-92326a04eba6ca470 uvc-3435 \" data-hspacer=\"line_only\"  data-halign=\"left\" style=\"text-align:left\"><div class=\"uvc-main-heading ult-responsive\"  data-ultimate-target='.uvc-heading.ultimate-heading-92326a04eba6ca470 h1'  data-responsive-json-new='{\"font-size\":\"\",\"line-height\":\"\"}' ><h1 style=\"font-weight:bold;color:#910000;\">Experiencias y recomendaciones de exalumnos y exalumnas<\/h1><\/div><div class=\"uvc-heading-spacer line_only\" style=\"topheight:2px;\"><span class=\"uvc-headings-line\" style=\"border-style:solid;border-bottom-width:2px;border-color:#ccc;width:autopx;\"><\/span><\/div><\/div><div class=\"ult-spacer spacer-6a04eba6ca4e1\" data-id=\"6a04eba6ca4e1\" data-height=\"30\" data-height-mobile=\"30\" data-height-tab=\"30\" data-height-tab-portrait=\"\" data-height-mobile-landscape=\"\" style=\"clear:both;display:block;\"><\/div>[vc_column_text]\n<div id=\"output_text_dummy\" class=\"form-div minimal p-0 flex-grow-1 h-20rm\">\n<div><span id=\"tgt_sent_0\"><span class=\"interactive\">Los<\/span> <span class=\"interactive\">ex<\/span><span class=\"interactive\">alumnos<\/span> y exalumnas <span class=\"interactive\">que<\/span> <span class=\"interactive\">cursan<\/span> <span class=\"interactive\">los<\/span> <span class=\"interactive\">distintos<\/span> <span class=\"interactive\">grados<\/span> <span class=\"interactive\">participan<\/span> <span class=\"interactive\">en<\/span> <span class=\"interactive\">el<\/span> <span class=\"interactive\">Programa<\/span> <span class=\"interactive\">de<\/span> <span class=\"interactive\">Orientaci\u00f3n<\/span> <span class=\"interactive\">de<\/span> <span class=\"interactive\">Bachiller,<\/span> <span class=\"interactive\">en<\/span> <span class=\"interactive\">el<\/span> <span class=\"interactive\">que,<\/span> <span class=\"interactive\">aprovechando<\/span> <span class=\"interactive\">las<\/span> <span class=\"interactive\">horas<\/span> <span class=\"interactive\">de<\/span> <span class=\"interactive\">Tutor\u00eda<\/span> <span class=\"interactive\">de<\/span> <span class=\"interactive\">los<\/span> <span class=\"interactive\">alumnos<\/span> <span class=\"interactive\">de<\/span> <span class=\"interactive\">esta etapa,<\/span> <span class=\"interactive\">explican<\/span> <span class=\"interactive\">sus<\/span> <span class=\"interactive\">experiencias<\/span> <span class=\"interactive\">y<\/span> <span class=\"interactive\">las<\/span> <span class=\"interactive\">situaciones<\/span> <span class=\"interactive\">que<\/span> <span class=\"interactive\">han<\/span> <span class=\"interactive\">encontrado<\/span> <span class=\"interactive\">a<\/span> <span class=\"interactive\">la<\/span> <span class=\"interactive\">hora<\/span> <span class=\"interactive\">de<\/span> <span class=\"interactive\">cursar<\/span> <span class=\"interactive\">sus<\/span> <span class=\"interactive\">estudios. El alumnado de <\/span><span class=\"interactive\">la<\/span> <span class=\"interactive\">Ikastola<\/span> <span class=\"interactive\">valora<\/span> <span class=\"interactive\">muy<\/span> <span class=\"interactive\">positivamente<\/span> <span class=\"interactive\">esta<\/span> <span class=\"interactive\">informaci\u00f3n<\/span> <span class=\"interactive\">reconociendo<\/span> <span class=\"interactive\">que<\/span> <span class=\"interactive\">les<\/span> resulta m\u00e1s directa y <span class=\"interactive\">cercana.<\/span><\/span><\/div>\n<\/div>\n[\/vc_column_text]<div class=\"ult-spacer spacer-6a04eba6ca534\" data-id=\"6a04eba6ca534\" data-height=\"30\" data-height-mobile=\"30\" data-height-tab=\"30\" data-height-tab-portrait=\"\" data-height-mobile-landscape=\"\" style=\"clear:both;display:block;\"><\/div>[\/vc_column][vc_column width=\u00bb1\/2&#8243;]<div class=\"ult-spacer spacer-6a04eba6ca59a\" data-id=\"6a04eba6ca59a\" data-height=\"60\" data-height-mobile=\"60\" data-height-tab=\"60\" data-height-tab-portrait=\"\" data-height-mobile-landscape=\"\" style=\"clear:both;display:block;\"><\/div>[vc_single_image image=\u00bb101418&#8243; img_size=\u00bbfull\u00bb][\/vc_column][\/vc_row][vc_row ct_row_stretch=\u00bb\u00bb][vc_column width=\u00bb1\/2&#8243;]<div class=\"ult-spacer spacer-6a04eba6ca5e6\" data-id=\"6a04eba6ca5e6\" data-height=\"60\" data-height-mobile=\"60\" data-height-tab=\"60\" data-height-tab-portrait=\"\" data-height-mobile-landscape=\"\" style=\"clear:both;display:block;\"><\/div><div id=\"ultimate-heading-97016a04eba6ca658\" class=\"uvc-heading ult-adjust-bottom-margin ultimate-heading-97016a04eba6ca658 uvc-3742 \" data-hspacer=\"line_only\"  data-halign=\"left\" style=\"text-align:left\"><div class=\"uvc-main-heading ult-responsive\"  data-ultimate-target='.uvc-heading.ultimate-heading-97016a04eba6ca658 h1'  data-responsive-json-new='{\"font-size\":\"\",\"line-height\":\"\"}' ><h1 style=\"font-weight:bold;color:#910000;\">LauroL@an<\/h1><\/div><div class=\"uvc-heading-spacer line_only\" style=\"topheight:2px;\"><span class=\"uvc-headings-line\" style=\"border-style:solid;border-bottom-width:2px;border-color:#ccc;width:autopx;\"><\/span><\/div><\/div><div class=\"ult-spacer spacer-6a04eba6ca6c4\" data-id=\"6a04eba6ca6c4\" data-height=\"30\" data-height-mobile=\"30\" data-height-tab=\"30\" data-height-tab-portrait=\"\" data-height-mobile-landscape=\"\" style=\"clear:both;display:block;\"><\/div>[vc_column_text]Se trata de uno de los proyectos desarrollados por Lauro Ikastola dentro del Plan de Orientaci\u00f3n acad\u00e9mica y Profesional, cuyo objetivo es acercar al alumnado al entorno laboral. Los alumnos y alumnas se inscriben voluntariamente en el programa, en las pr\u00e1cticas que resulten de su inter\u00e9s, y en las empresas colaboradoras contactadas a trav\u00e9s de los padres y madres de la Ikastola.[\/vc_column_text]<div class=\"ult-spacer spacer-6a04eba6ca713\" data-id=\"6a04eba6ca713\" data-height=\"30\" data-height-mobile=\"30\" data-height-tab=\"30\" data-height-tab-portrait=\"\" data-height-mobile-landscape=\"\" style=\"clear:both;display:block;\"><\/div>[vc_video link=\u00bbhttps:\/\/youtu.be\/xsBioZivW6Y\u00bb]<div class=\"ult-spacer spacer-6a04eba6ca765\" data-id=\"6a04eba6ca765\" data-height=\"40\" data-height-mobile=\"40\" data-height-tab=\"40\" data-height-tab-portrait=\"\" data-height-mobile-landscape=\"\" style=\"clear:both;display:block;\"><\/div>[\/vc_column][vc_column width=\u00bb1\/2&#8243;]<div class=\"ult-spacer spacer-6a04eba6ca7af\" data-id=\"6a04eba6ca7af\" data-height=\"60\" data-height-mobile=\"60\" data-height-tab=\"60\" data-height-tab-portrait=\"\" data-height-mobile-landscape=\"\" style=\"clear:both;display:block;\"><\/div>[vc_single_image image=\u00bb108811&#8243; img_size=\u00bbfull\u00bb]<div class=\"ult-spacer spacer-6a04eba6ca7fa\" data-id=\"6a04eba6ca7fa\" data-height=\"40\" data-height-mobile=\"40\" data-height-tab=\"40\" data-height-tab-portrait=\"\" data-height-mobile-landscape=\"\" style=\"clear:both;display:block;\"><\/div>[\/vc_column][\/vc_row][vc_row ct_row_stretch=\u00bb\u00bb][vc_column width=\u00bb1\/2&#8243;]<div class=\"ult-spacer spacer-6a04eba6ca846\" data-id=\"6a04eba6ca846\" data-height=\"60\" data-height-mobile=\"60\" data-height-tab=\"60\" data-height-tab-portrait=\"\" data-height-mobile-landscape=\"\" style=\"clear:both;display:block;\"><\/div><div id=\"ultimate-heading-75376a04eba6ca8b3\" class=\"uvc-heading ult-adjust-bottom-margin ultimate-heading-75376a04eba6ca8b3 uvc-1499 \" data-hspacer=\"line_only\"  data-halign=\"left\" style=\"text-align:left\"><div class=\"uvc-main-heading ult-responsive\"  data-ultimate-target='.uvc-heading.ultimate-heading-75376a04eba6ca8b3 h1'  data-responsive-json-new='{\"font-size\":\"\",\"line-height\":\"\"}' ><h1 style=\"font-weight:bold;color:#910000;\">Colaboraci\u00f3n de padres y madres: charlas de orientaci\u00f3n<\/h1><\/div><div class=\"uvc-heading-spacer line_only\" style=\"topheight:2px;\"><span class=\"uvc-headings-line\" style=\"border-style:solid;border-bottom-width:2px;border-color:#ccc;width:autopx;\"><\/span><\/div><\/div><div class=\"ult-spacer spacer-6a04eba6ca920\" data-id=\"6a04eba6ca920\" data-height=\"30\" data-height-mobile=\"30\" data-height-tab=\"30\" data-height-tab-portrait=\"\" data-height-mobile-landscape=\"\" style=\"clear:both;display:block;\"><\/div>[vc_column_text]\n<div id=\"output_text_dummy\" class=\"form-div minimal p-0 flex-grow-1 h-20rm\">\n<div><span id=\"tgt_sent_0\"><span class=\"interactive\">Padres<\/span> y madres <span class=\"interactive\">de<\/span> <span class=\"interactive\">la<\/span> <span class=\"interactive\">Ikastola<\/span> <span class=\"interactive\">p<\/span><\/span><span id=\"tgt_sent_1\"><span class=\"interactive\">Participan<\/span> <span class=\"interactive\">en<\/span> <span class=\"interactive\">el<\/span> <span class=\"interactive\">Programa<\/span> <span class=\"interactive\">de<\/span> <span class=\"interactive\">Orientaci\u00f3n<\/span> <span class=\"interactive\">Profesional<\/span> <span class=\"interactive\">del<\/span> <span class=\"interactive\">alumnado<\/span> <span class=\"interactive\">de<\/span> 2\u00ba de <span class=\"interactive\">Bachillerato.<\/span><\/span> <span id=\"tgt_sent_2\"><span class=\"interactive\">Como<\/span> <span class=\"interactive\">profesionales<\/span> <span class=\"interactive\">de<\/span>&nbsp; <span class=\"interactive\">diferentes<\/span> <span class=\"interactive\">\u00e1reas,<\/span> <span class=\"interactive\">explican<\/span> <span class=\"interactive\">su<\/span> <span class=\"interactive\">trayectoria<\/span> <span class=\"interactive\">acad\u00e9mica<\/span> <span class=\"interactive\">y<\/span> <span class=\"interactive\">profesional<\/span> <span class=\"interactive\">contando<\/span> <span class=\"interactive\">los<\/span> <span class=\"interactive\">aspectos<\/span> <span class=\"interactive\">positivos<\/span> <span class=\"interactive\">y<\/span> <span class=\"interactive\">negativos<\/span> <span class=\"interactive\">de<\/span> <span class=\"interactive\">las<\/span> <span class=\"interactive\">propias<\/span> <span class=\"interactive\">vivencias<\/span> <span class=\"interactive\">y<\/span> <span class=\"interactive\">aportando<\/span> <span class=\"interactive\">sus<\/span> <span class=\"interactive\">recomendaciones.<\/span><\/span> <span id=\"tgt_sent_3\"><span class=\"interactive\">El<\/span> <span class=\"interactive\">objetivo<\/span> <span class=\"interactive\">de<\/span> <span class=\"interactive\">esta<\/span> <span class=\"interactive\">actividad<\/span> <span class=\"interactive\">es<\/span> <span class=\"interactive\">acercar<\/span> <span class=\"interactive\">a<\/span> <span class=\"interactive\">los<\/span> <span class=\"interactive\">alumnos y alumnas<\/span> <span class=\"interactive\">a<\/span> <span class=\"interactive\">las<\/span> <span class=\"interactive\">diferentes<\/span> <span class=\"interactive\">profesiones<\/span> <span class=\"interactive\">y<\/span> <span class=\"interactive\">ver<\/span> <span class=\"interactive\">las<\/span> <span class=\"interactive\">diferentes<\/span> <span class=\"interactive\">salidas<\/span> <span class=\"interactive\">que<\/span> <span class=\"interactive\">pueden<\/span> <span class=\"interactive\">tener<\/span> <span class=\"interactive\">los<\/span> <span class=\"interactive\">estudios.<\/span><\/span><\/div>\n<\/div>\n[\/vc_column_text]<div class=\"ult-spacer spacer-6a04eba6ca973\" data-id=\"6a04eba6ca973\" data-height=\"30\" data-height-mobile=\"30\" data-height-tab=\"30\" data-height-tab-portrait=\"\" data-height-mobile-landscape=\"\" style=\"clear:both;display:block;\"><\/div>[\/vc_column][vc_column width=\u00bb1\/2&#8243;]<div class=\"ult-spacer spacer-6a04eba6ca9be\" data-id=\"6a04eba6ca9be\" data-height=\"60\" data-height-mobile=\"60\" data-height-tab=\"60\" data-height-tab-portrait=\"\" data-height-mobile-landscape=\"\" style=\"clear:both;display:block;\"><\/div>[vc_single_image image=\u00bb87860&#8243; img_size=\u00bbfull\u00bb][\/vc_column][\/vc_row][vc_row ct_row_stretch=\u00bb\u00bb][vc_column width=\u00bb1\/2&#8243;]<div class=\"ult-spacer spacer-6a04eba6caa04\" data-id=\"6a04eba6caa04\" data-height=\"60\" data-height-mobile=\"60\" data-height-tab=\"60\" data-height-tab-portrait=\"\" data-height-mobile-landscape=\"\" style=\"clear:both;display:block;\"><\/div><div id=\"ultimate-heading-16806a04eba6caa74\" class=\"uvc-heading ult-adjust-bottom-margin ultimate-heading-16806a04eba6caa74 uvc-5103 \" data-hspacer=\"line_only\"  data-halign=\"left\" style=\"text-align:left\"><div class=\"uvc-main-heading ult-responsive\"  data-ultimate-target='.uvc-heading.ultimate-heading-16806a04eba6caa74 h1'  data-responsive-json-new='{\"font-size\":\"\",\"line-height\":\"\"}' ><h1 style=\"font-weight:bold;color:#910000;\">Presentaciones de Universidades<\/h1><\/div><div class=\"uvc-heading-spacer line_only\" style=\"topheight:2px;\"><span class=\"uvc-headings-line\" style=\"border-style:solid;border-bottom-width:2px;border-color:#ccc;width:autopx;\"><\/span><\/div><\/div><div class=\"ult-spacer spacer-6a04eba6caad7\" data-id=\"6a04eba6caad7\" data-height=\"30\" data-height-mobile=\"30\" data-height-tab=\"30\" data-height-tab-portrait=\"\" data-height-mobile-landscape=\"\" style=\"clear:both;display:block;\"><\/div>[vc_column_text]\n<div id=\"output_text_dummy\" class=\"form-div minimal p-0 flex-grow-1 h-20rm\">\n<div><span id=\"tgt_sent_0\"><span class=\"interactive\">Los<\/span> <span class=\"interactive\">responsables<\/span> <span class=\"interactive\">de<\/span> <span class=\"interactive\">las<\/span> <span class=\"interactive\">Universidades<\/span> <span class=\"interactive\">de<\/span> <span class=\"interactive\">la<\/span> <span class=\"interactive\">zona<\/span> <span class=\"interactive\">nos<\/span> <span class=\"interactive\">acercan<\/span> <span class=\"interactive\">a<\/span> <span class=\"interactive\">la<\/span> <span class=\"interactive\">Ikastola<\/span> <span class=\"interactive\">sus<\/span> <span class=\"interactive\">jornadas<\/span> <span class=\"interactive\">de<\/span> <span class=\"interactive\">puertas<\/span> <span class=\"interactive\">abiertas<\/span> <span class=\"interactive\">y<\/span> <span class=\"interactive\">hacen<\/span> <span class=\"interactive\">las<\/span> <span class=\"interactive\">presentaciones<\/span> <span class=\"interactive\">de<\/span> <span class=\"interactive\">su<\/span> <span class=\"interactive\">oferta.<\/span><\/span> <span id=\"tgt_sent_1\"><span class=\"interactive\">Estas<\/span> <span class=\"interactive\">sesiones<\/span> <span class=\"interactive\">se<\/span> <span class=\"interactive\">organizan<\/span> <span class=\"interactive\">tanto<\/span> <span class=\"interactive\">para<\/span> <span class=\"interactive\">el alumnado <\/span><span class=\"interactive\">como<\/span> <span class=\"interactive\">para<\/span>&nbsp;<span class=\"interactive\">padres y madres.<br \/>\n<\/span><\/span><\/div>\n<\/div>\n[\/vc_column_text]<div class=\"ult-spacer spacer-6a04eba6cab1e\" data-id=\"6a04eba6cab1e\" data-height=\"30\" data-height-mobile=\"30\" data-height-tab=\"30\" data-height-tab-portrait=\"\" data-height-mobile-landscape=\"\" style=\"clear:both;display:block;\"><\/div>[\/vc_column][vc_column width=\u00bb1\/2&#8243;]<div class=\"ult-spacer spacer-6a04eba6cabac\" data-id=\"6a04eba6cabac\" data-height=\"60\" data-height-mobile=\"60\" data-height-tab=\"60\" data-height-tab-portrait=\"\" data-height-mobile-landscape=\"\" style=\"clear:both;display:block;\"><\/div>[vc_single_image image=\u00bb114420&#8243; img_size=\u00bbfull\u00bb el_class=\u00bbestilo_fotos\u00bb]<div class=\"ult-spacer spacer-6a04eba6cabf7\" data-id=\"6a04eba6cabf7\" data-height=\"60\" data-height-mobile=\"60\" data-height-tab=\"60\" data-height-tab-portrait=\"\" data-height-mobile-landscape=\"\" style=\"clear:both;display:block;\"><\/div>[\/vc_column][\/vc_row]\n","protected":false},"excerpt":{"rendered":"<p>[vc_row ct_row_stretch=\u00bbstretch_row\u00bb ct_bg_image=\u00bb78174&#8243; ct_bg_color_overlay=\u00bbrgba(0,0,0,0.4)\u00bb ct_bg_position=\u00bbcenter center\u00bb ct_bg_parallax=\u00bbfixed\u00bb][vc_column][\/vc_column][\/vc_row][vc_row ct_row_stretch=\u00bb\u00bb bg_type=\u00bbbg_color\u00bb css=\u00bb.vc_custom_1571135031293{padding-top: 20px !important;}\u00bb bg_color_value=\u00bb#ededed\u00bb][vc_column width=\u00bb1\/6&#8243;][\/vc_column][vc_column width=\u00bb1\/6&#8243;][\/vc_column][vc_column width=\u00bb1\/6&#8243;][\/vc_column][vc_column width=\u00bb1\/6&#8243;][\/vc_column][vc_column width=\u00bb1\/6&#8243;][\/vc_column][\/vc_row][vc_row ct_row_stretch=\u00bb\u00bb][vc_column][vc_video link=\u00bbhttps:\/\/youtu.be\/zEBYl31FmzM\u00bb][\/vc_column][\/vc_row][vc_row ct_row_stretch=\u00bb\u00bb][vc_column width=\u00bb1\/2&#8243;][vc_column_text] El programa Orienta es una herramienta interesante y sencilla de utilizar que nos puede ayudar a tomar decisiones acad\u00e9micas y profesionales. Encontrar\u00e1s cuestionarios e informaci\u00f3n de grados a nivel nacional. Tambi\u00e9n encontrar\u00e9is informaci\u00f3n &#8230;<\/p>\n","protected":false},"author":1,"featured_media":0,"parent":0,"menu_order":0,"comment_status":"closed","ping_status":"closed","template":"","meta":{"ngg_post_thumbnail":0,"footnotes":""},"class_list":["post-59357","page","type-page","status-publish","hentry"],"_links":{"self":[{"href":"https:\/\/www.lauroikastola.eus\/es\/wp-json\/wp\/v2\/pages\/59357","targetHints":{"allow":["GET"]}}],"collection":[{"href":"https:\/\/www.lauroikastola.eus\/es\/wp-json\/wp\/v2\/pages"}],"about":[{"href":"https:\/\/www.lauroikastola.eus\/es\/wp-json\/wp\/v2\/types\/page"}],"author":[{"embeddable":true,"href":"https:\/\/www.lauroikastola.eus\/es\/wp-json\/wp\/v2\/users\/1"}],"replies":[{"embeddable":true,"href":"https:\/\/www.lauroikastola.eus\/es\/wp-json\/wp\/v2\/comments?post=59357"}],"version-history":[{"count":0,"href":"https:\/\/www.lauroikastola.eus\/es\/wp-json\/wp\/v2\/pages\/59357\/revisions"}],"wp:attachment":[{"href":"https:\/\/www.lauroikastola.eus\/es\/wp-json\/wp\/v2\/media?parent=59357"}],"curies":[{"name":"wp","href":"https:\/\/api.w.org\/{rel}","templated":true}]}}