{"id":61680,"date":"2018-09-21T16:14:44","date_gmt":"2018-09-21T14:14:44","guid":{"rendered":"http:\/\/www.lauroikastola.eus\/es\/euskeraz-aurkezpena\/euskaraldia\/"},"modified":"2019-11-09T15:41:54","modified_gmt":"2019-11-09T14:41:54","slug":"gurasoen-hamaikakoa","status":"publish","type":"page","link":"https:\/\/www.lauroikastola.eus\/es\/gurasoen-hamaikakoa\/","title":{"rendered":"Gurasoen hamaikakoa"},"content":{"rendered":"[vc_row ct_row_stretch=\u00bbstretch_row\u00bb ct_bg_image=\u00bb78174&#8243; ct_bg_color_overlay=\u00bbrgba(0,0,0,0.4)\u00bb ct_bg_position=\u00bbcenter center\u00bb ct_bg_parallax=\u00bbfixed\u00bb][vc_column]<div class=\"ult-spacer spacer-6a04c74d61dfc\" data-id=\"6a04c74d61dfc\" data-height=\"200\" data-height-mobile=\"200\" data-height-tab=\"200\" data-height-tab-portrait=\"\" data-height-mobile-landscape=\"\" style=\"clear:both;display:block;\"><\/div><div id=\"ultimate-heading-36996a04c74d61f0b\" class=\"uvc-heading ult-adjust-bottom-margin ultimate-heading-36996a04c74d61f0b uvc-2271 \" data-hspacer=\"line_only\"  data-halign=\"left\" style=\"text-align:left\"><div class=\"uvc-heading-spacer line_only\" style=\"topheight:1px;\"><span class=\"uvc-headings-line\" style=\"border-style:solid;border-bottom-width:1px;border-color:#9e9e9e;width:autopx;\"><\/span><\/div><div class=\"uvc-main-heading ult-responsive\"  data-ultimate-target='.uvc-heading.ultimate-heading-36996a04c74d61f0b h2'  data-responsive-json-new='{\"font-size\":\"desktop:46px;\",\"line-height\":\"desktop:60px;\"}' ><h2 style=\"font-weight:bold;color:#ffffff;margin-top:10px;margin-bottom:60px;\">Gurasoen hamaikakoa<\/h2><\/div><\/div><div class=\"ult-spacer spacer-6a04c74d61f85\" data-id=\"6a04c74d61f85\" data-height=\"20\" data-height-mobile=\"20\" data-height-tab=\"20\" data-height-tab-portrait=\"\" data-height-mobile-landscape=\"\" style=\"clear:both;display:block;\"><\/div>[\/vc_column][\/vc_row][vc_row ct_row_stretch=\u00bb\u00bb bg_type=\u00bbbg_color\u00bb css=\u00bb.vc_custom_1570706220848{margin-bottom: 20px !important;padding-top: 20px !important;}\u00bb bg_color_value=\u00bb#ededed\u00bb][vc_column width=\u00bb1\/5&#8243;]<div class=\"aio-icon-component    style_2\"><a class=\"aio-icon-box-link\" href=\"\/es\/euskeraz-aurkezpena\/\" title=\"Euskaraldia\" ><div id=\"Info-box-wrap-2104\" class=\"aio-icon-box top-icon\" style=\"\"  ><div class=\"aio-icon-top\"><div class=\"ult-just-icon-wrapper  \"><div class=\"align-icon\" style=\"text-align:center;\">\n<div class=\"aio-icon circle \"  style=\"color:#ffffff;background:#fd1311;font-size:26px;display:inline-block;\">\n\t<i class=\"Defaults-stack-overflow\"><\/i>\n<\/div><\/div><\/div><\/div><div class=\"aio-icon-header\" ><h6 class=\"aio-icon-title ult-responsive\"  data-ultimate-target='#Info-box-wrap-2104 .aio-icon-title'  data-responsive-json-new='{\"font-size\":\"\",\"line-height\":\"\"}'  style=\"\">Euskaraldia<\/h6><\/div> <!-- header --><\/div> <!-- aio-icon-box --><\/a><\/div> <!-- aio-icon-component -->[\/vc_column][vc_column width=\u00bb1\/5&#8243;]<div class=\"aio-icon-component    style_2\"><a class=\"aio-icon-box-link\" href=\"\/es\/ahobizibelarriprest\/\" title=\"Ahobizi\/belarriprest\" ><div id=\"Info-box-wrap-9420\" class=\"aio-icon-box top-icon\" style=\"\"  ><div class=\"aio-icon-top\"><div class=\"ult-just-icon-wrapper  \"><div class=\"align-icon\" style=\"text-align:center;\">\n<div class=\"aio-icon circle \"  style=\"color:#ffffff;background:#fd1311;font-size:26px;display:inline-block;\">\n\t<i class=\"Defaults-bullhorn\"><\/i>\n<\/div><\/div><\/div><\/div><div class=\"aio-icon-header\" ><h6 class=\"aio-icon-title ult-responsive\"  data-ultimate-target='#Info-box-wrap-9420 .aio-icon-title'  data-responsive-json-new='{\"font-size\":\"\",\"line-height\":\"\"}'  style=\"\">Ahobizi\/belarriprest<\/h6><\/div> <!-- header --><\/div> <!-- aio-icon-box --><\/a><\/div> <!-- aio-icon-component -->[\/vc_column][vc_column width=\u00bb1\/5&#8243;]<div class=\"aio-icon-component    style_2\"><a class=\"aio-icon-box-link\" href=\"\/es\/lauroko-logoa\/\" title=\"Lauroko logoa\" ><div id=\"Info-box-wrap-4348\" class=\"aio-icon-box top-icon\" style=\"\"  ><div class=\"aio-icon-top\"><div class=\"ult-just-icon-wrapper  \"><div class=\"align-icon\" style=\"text-align:center;\">\n<div class=\"aio-icon circle \"  style=\"color:#ffffff;background:#fd1311;font-size:26px;display:inline-block;\">\n\t<i class=\"Defaults-image photo picture-o\"><\/i>\n<\/div><\/div><\/div><\/div><div class=\"aio-icon-header\" ><h6 class=\"aio-icon-title ult-responsive\"  data-ultimate-target='#Info-box-wrap-4348 .aio-icon-title'  data-responsive-json-new='{\"font-size\":\"\",\"line-height\":\"\"}'  style=\"\">Logos de Lauro<\/h6><\/div> <!-- header --><\/div> <!-- aio-icon-box --><\/a><\/div> <!-- aio-icon-component -->[\/vc_column][vc_column width=\u00bb1\/5&#8243;]<div class=\"aio-icon-component    style_2\"><a class=\"aio-icon-box-link\" href=\"\/es\/gurasoen-hamaikakoa\/\" title=\"Gurasoen hamaikakoa\" ><div id=\"Info-box-wrap-7928\" class=\"aio-icon-box top-icon\" style=\"\"  ><div class=\"aio-icon-top\"><div class=\"ult-just-icon-wrapper  \"><div class=\"align-icon\" style=\"text-align:center;\">\n<div class=\"aio-icon circle \"  style=\"color:#ffffff;background:#adadad;font-size:26px;display:inline-block;\">\n\t<i class=\"Defaults-file-text-o\"><\/i>\n<\/div><\/div><\/div><\/div><div class=\"aio-icon-header\" ><h6 class=\"aio-icon-title ult-responsive\"  data-ultimate-target='#Info-box-wrap-7928 .aio-icon-title'  data-responsive-json-new='{\"font-size\":\"\",\"line-height\":\"\"}'  style=\"\">Padres y madres \u2013 Hamaikakoa<\/h6><\/div> <!-- header --><\/div> <!-- aio-icon-box --><\/a><\/div> <!-- aio-icon-component -->[\/vc_column][vc_column width=\u00bb1\/5&#8243;]<div class=\"aio-icon-component    style_2\"><a class=\"aio-icon-box-link\" href=\"\/es\/ikasleen-hamaikakoa\/\" title=\"Ikasleen hamaikakoa\" ><div id=\"Info-box-wrap-4915\" class=\"aio-icon-box top-icon\" style=\"\"  ><div class=\"aio-icon-top\"><div class=\"ult-just-icon-wrapper  \"><div class=\"align-icon\" style=\"text-align:center;\">\n<div class=\"aio-icon circle \"  style=\"color:#ffffff;background:#fd1311;font-size:26px;display:inline-block;\">\n\t<i class=\"Defaults-leanpub\"><\/i>\n<\/div><\/div><\/div><\/div><div class=\"aio-icon-header\" ><h6 class=\"aio-icon-title ult-responsive\"  data-ultimate-target='#Info-box-wrap-4915 .aio-icon-title'  data-responsive-json-new='{\"font-size\":\"\",\"line-height\":\"\"}'  style=\"\">Hamaikako de alumnos y alumnas<\/h6><\/div> <!-- header --><\/div> <!-- aio-icon-box --><\/a><\/div> <!-- aio-icon-component -->[\/vc_column][\/vc_row][vc_row ct_row_stretch=\u00bb\u00bb][vc_column]<div class=\"ult-spacer spacer-6a04c74d62737\" data-id=\"6a04c74d62737\" data-height=\"30\" data-height-mobile=\"30\" data-height-tab=\"30\" data-height-tab-portrait=\"\" data-height-mobile-landscape=\"\" style=\"clear:both;display:block;\"><\/div>[vc_column_text]\n<h3><img loading=\"lazy\" decoding=\"async\" class=\"estilo_fotos alignright wp-image-61610\" src=\"\/wp-content\/uploads\/2018\/09\/EUSKARALDIA-poster-gurasoak-02.jpg\" alt=\"EUSKARALDIA poster gurasoak 02\" width=\"500\" height=\"503\"><\/h3>\n<h3>COMPROMISOS PARA EUSKARALDIA<\/h3>\n<ul>\n<li><strong><u>Ahobizi izango naiz<\/u><\/strong>: ulertzen dutenei euskaraz egingo diet beti, eta beraiei gaztelaniaz erantzuteko lasaitasuna transmitituko diet<\/li>\n<li><strong><u>Ser\u00e9 BelarriPREST<\/u><\/strong>: entiendo euskara, pero no lo hablo. Pedir\u00e9 que me hablen en euskera<\/li>\n<li><strong><u>Ser\u00e9 IRRIbizi<\/u><\/strong>: tengo una actitud positiva y receptiva respecto al euskera, aunque no lo hablo, me adhiero a esta iniciativa y me alegro siempre que oigo hablar euskera<\/li>\n<li>Escuchar\u00e9 emisoras en euskera cuando voy en el coche<\/li>\n<li>Escuchar\u00e9 canciones en euskera cuando voy en el coche<\/li>\n<li>Cuando estoy de fiesta pedir\u00e9 m\u00fasica en euskera<\/li>\n<li>Pondr\u00e9 m\u00fasica en euskera en los bares<\/li>\n<li>En las tiendas, pedir\u00e9 en euskera<\/li>\n<li>Euskaldunizar\u00e9 mis apellidos<\/li>\n<li>Siempre dir\u00e9 en euskera la primera palabra<\/li>\n<li>Este a\u00f1o leer\u00e9 alg\u00fan libro en euskera<\/li>\n<li>Participar\u00e9 en la Korrika<\/li>\n<li>Ver\u00e9 por lo menos una obra de teatro en euskera al a\u00f1o<\/li>\n<li>Leer\u00e9 cuentos en euskera a mis hijos e hijas<\/li>\n<li>Instalar\u00e9 mi m\u00f3vil en euskera<\/li>\n<li>Ver\u00e9 las pel\u00edculas en euskera o con subt\u00edtulos en euskera<\/li>\n<li>Usar\u00e9 el euskera en las redes sociales<\/li>\n<li>Hablar\u00e9 en euskera con mi koadrilla<\/li>\n<li>Pondr\u00e9 los medios de comunicaci\u00f3n en euskera<\/li>\n<li>Terminar\u00e9 en euskera las frases que he comenzado en euskera<\/li>\n<li>Hoy hablar\u00e9 m\u00e1s euskera que ayer<\/li>\n<li>En los restaurantes en Euskal Herria pedir\u00e9 la carta en euskera<\/li>\n<li>Pedir\u00e9 monitores y monitoras euskaraparlantes para las actividades de mis hijos e hijas<\/li>\n<li>Solicitar\u00e9 a mis entidades financieras que las operaciones se realiacen en euskera<\/li>\n<li>Cuando reciba en mi buz\u00f3n propaganda \u00fanicamente en euskera, lo denunciar\u00e9 en el departamento de euskera de mi ayuntamiento<\/li>\n<li>Pedir\u00e9 a mi Ayuntamiento que todas las comunicaciones sean en euskera<\/li>\n<li>Las comunicaciones p\u00fablicas en mi empresa, comercio o lugar de trabajo ser\u00e1n (tambi\u00e9n) en euskera<\/li>\n<li>Har\u00e9 la declaraci\u00f3n de la renta en euskera<\/li>\n<li>Sacar\u00e9 el carnet de conducir en euskera<\/li>\n<li>Realizar\u00e9 los estudios universitarios o de formaci\u00f3n en euskera<\/li>\n<li>Alimentar\u00e9 la wikipedia en euskera<\/li>\n<\/ul>\n[\/vc_column_text]<div class=\"ult-spacer spacer-6a04c74d62789\" data-id=\"6a04c74d62789\" data-height=\"30\" data-height-mobile=\"30\" data-height-tab=\"30\" data-height-tab-portrait=\"\" data-height-mobile-landscape=\"\" style=\"clear:both;display:block;\"><\/div>[vc_row_inner][vc_column_inner width=\u00bb1\/2&#8243;][vc_video link=\u00bbhttps:\/\/youtu.be\/Y3m_27K85X8&#8243; align=\u00bbcenter\u00bb][\/vc_column_inner][vc_column_inner width=\u00bb1\/2&#8243;][vc_video link=\u00bbhttps:\/\/youtu.be\/KxUBhSOBsOE\u00bb align=\u00bbcenter\u00bb][\/vc_column_inner][\/vc_row_inner]<div class=\"ult-spacer spacer-6a04c74d627dc\" data-id=\"6a04c74d627dc\" data-height=\"30\" data-height-mobile=\"30\" data-height-tab=\"30\" data-height-tab-portrait=\"\" data-height-mobile-landscape=\"\" style=\"clear:both;display:block;\"><\/div>[vc_row_inner][vc_column_inner width=\u00bb1\/2&#8243;][vc_video link=\u00bbhttps:\/\/youtu.be\/Jh8qnZTTo8c\u00bb align=\u00bbcenter\u00bb][\/vc_column_inner][vc_column_inner width=\u00bb1\/2&#8243;][vc_video link=\u00bbhttps:\/\/youtu.be\/ebZgDrgAvGM\u00bb align=\u00bbcenter\u00bb][\/vc_column_inner][\/vc_row_inner]<div class=\"ult-spacer spacer-6a04c74d62827\" data-id=\"6a04c74d62827\" data-height=\"30\" data-height-mobile=\"30\" data-height-tab=\"30\" data-height-tab-portrait=\"\" data-height-mobile-landscape=\"\" style=\"clear:both;display:block;\"><\/div>[vc_row_inner][vc_column_inner width=\u00bb1\/2&#8243;][vc_video link=\u00bbhttps:\/\/youtu.be\/WH6IjLFboXg\u00bb align=\u00bbcenter\u00bb][\/vc_column_inner][vc_column_inner width=\u00bb1\/2&#8243;][vc_video link=\u00bbhttps:\/\/youtu.be\/4S-V-9EGvKM\u00bb align=\u00bbcenter\u00bb][\/vc_column_inner][\/vc_row_inner]<div class=\"ult-spacer spacer-6a04c74d628a1\" data-id=\"6a04c74d628a1\" data-height=\"30\" data-height-mobile=\"30\" data-height-tab=\"30\" data-height-tab-portrait=\"\" data-height-mobile-landscape=\"\" style=\"clear:both;display:block;\"><\/div>[vc_row_inner][vc_column_inner width=\u00bb1\/2&#8243;][vc_video link=\u00bbhttps:\/\/youtu.be\/RSYVFVCXAMg\u00bb align=\u00bbcenter\u00bb][\/vc_column_inner][vc_column_inner width=\u00bb1\/2&#8243;][vc_video link=\u00bbhttps:\/\/youtu.be\/0B4jpg7N6j8&#8243; align=\u00bbcenter\u00bb][\/vc_column_inner][\/vc_row_inner]<div class=\"ult-spacer spacer-6a04c74d628ed\" data-id=\"6a04c74d628ed\" data-height=\"30\" data-height-mobile=\"30\" data-height-tab=\"30\" data-height-tab-portrait=\"\" data-height-mobile-landscape=\"\" style=\"clear:both;display:block;\"><\/div>[vc_row_inner][vc_column_inner width=\u00bb1\/2&#8243;][vc_video link=\u00bbhttps:\/\/youtu.be\/RWC1yH6Px-I\u00bb align=\u00bbcenter\u00bb][\/vc_column_inner][vc_column_inner width=\u00bb1\/2&#8243;][vc_video link=\u00bbhttps:\/\/youtu.be\/PiXel3VNzX8&#8243; align=\u00bbcenter\u00bb][\/vc_column_inner][\/vc_row_inner]<div class=\"ult-spacer spacer-6a04c74d62935\" data-id=\"6a04c74d62935\" data-height=\"30\" data-height-mobile=\"30\" data-height-tab=\"30\" data-height-tab-portrait=\"\" data-height-mobile-landscape=\"\" style=\"clear:both;display:block;\"><\/div>[vc_row_inner][vc_column_inner width=\u00bb1\/2&#8243;][vc_video link=\u00bbhttps:\/\/youtu.be\/IiB5bA5bru4&#8243; align=\u00bbcenter\u00bb][\/vc_column_inner][vc_column_inner width=\u00bb1\/2&#8243;][\/vc_column_inner][\/vc_row_inner]<div class=\"ult-spacer spacer-6a04c74d6296b\" data-id=\"6a04c74d6296b\" data-height=\"30\" data-height-mobile=\"30\" data-height-tab=\"30\" data-height-tab-portrait=\"\" data-height-mobile-landscape=\"\" style=\"clear:both;display:block;\"><\/div>[\/vc_column][\/vc_row]\n","protected":false},"excerpt":{"rendered":"<p>[vc_row ct_row_stretch=\u00bbstretch_row\u00bb ct_bg_image=\u00bb78174&#8243; ct_bg_color_overlay=\u00bbrgba(0,0,0,0.4)\u00bb ct_bg_position=\u00bbcenter center\u00bb ct_bg_parallax=\u00bbfixed\u00bb][vc_column][\/vc_column][\/vc_row][vc_row ct_row_stretch=\u00bb\u00bb bg_type=\u00bbbg_color\u00bb css=\u00bb.vc_custom_1570706220848{margin-bottom: 20px !important;padding-top: 20px !important;}\u00bb bg_color_value=\u00bb#ededed\u00bb][vc_column width=\u00bb1\/5&#8243;][\/vc_column][vc_column width=\u00bb1\/5&#8243;][\/vc_column][vc_column width=\u00bb1\/5&#8243;][\/vc_column][vc_column width=\u00bb1\/5&#8243;][\/vc_column][vc_column width=\u00bb1\/5&#8243;][\/vc_column][\/vc_row][vc_row ct_row_stretch=\u00bb\u00bb][vc_column][vc_column_text] COMPROMISOS PARA EUSKARALDIA Ahobizi izango naiz: ulertzen dutenei euskaraz egingo diet beti, eta beraiei gaztelaniaz erantzuteko lasaitasuna transmitituko diet Ser\u00e9 BelarriPREST: entiendo euskara, pero no lo hablo. Pedir\u00e9 que me hablen en euskera Ser\u00e9 &#8230;<\/p>\n","protected":false},"author":1,"featured_media":0,"parent":0,"menu_order":0,"comment_status":"closed","ping_status":"closed","template":"","meta":{"ngg_post_thumbnail":0,"footnotes":""},"class_list":["post-61680","page","type-page","status-publish","hentry"],"_links":{"self":[{"href":"https:\/\/www.lauroikastola.eus\/es\/wp-json\/wp\/v2\/pages\/61680","targetHints":{"allow":["GET"]}}],"collection":[{"href":"https:\/\/www.lauroikastola.eus\/es\/wp-json\/wp\/v2\/pages"}],"about":[{"href":"https:\/\/www.lauroikastola.eus\/es\/wp-json\/wp\/v2\/types\/page"}],"author":[{"embeddable":true,"href":"https:\/\/www.lauroikastola.eus\/es\/wp-json\/wp\/v2\/users\/1"}],"replies":[{"embeddable":true,"href":"https:\/\/www.lauroikastola.eus\/es\/wp-json\/wp\/v2\/comments?post=61680"}],"version-history":[{"count":0,"href":"https:\/\/www.lauroikastola.eus\/es\/wp-json\/wp\/v2\/pages\/61680\/revisions"}],"wp:attachment":[{"href":"https:\/\/www.lauroikastola.eus\/es\/wp-json\/wp\/v2\/media?parent=61680"}],"curies":[{"name":"wp","href":"https:\/\/api.w.org\/{rel}","templated":true}]}}