{"id":64504,"date":"2018-12-27T15:51:34","date_gmt":"2018-12-27T14:51:34","guid":{"rendered":"http:\/\/www.lauroikastola.eus\/es\/hezkuntza-proiektua\/internazionalizazioa\/silicon-valley\/"},"modified":"2021-12-28T11:51:19","modified_gmt":"2021-12-28T10:51:19","slug":"silicon-valley","status":"publish","type":"page","link":"https:\/\/www.lauroikastola.eus\/es\/silicon-valley\/","title":{"rendered":"Silicon Valley"},"content":{"rendered":"[vc_row ct_row_stretch=\u00bbstretch_row\u00bb ct_bg_image=\u00bb100985&#8243; ct_bg_color_overlay=\u00bbrgba(0,0,0,0.4)\u00bb ct_bg_position=\u00bbcenter center\u00bb ct_bg_parallax=\u00bbfixed\u00bb][vc_column]<div class=\"ult-spacer spacer-6a0459d5b3b0b\" data-id=\"6a0459d5b3b0b\" data-height=\"200\" data-height-mobile=\"200\" data-height-tab=\"200\" data-height-tab-portrait=\"\" data-height-mobile-landscape=\"\" style=\"clear:both;display:block;\"><\/div><div id=\"ultimate-heading-8476a0459d5b3ccf\" class=\"uvc-heading ult-adjust-bottom-margin ultimate-heading-8476a0459d5b3ccf uvc-4039 \" data-hspacer=\"line_only\"  data-halign=\"left\" style=\"text-align:left\"><div class=\"uvc-heading-spacer line_only\" style=\"topheight:1px;\"><span class=\"uvc-headings-line\" style=\"border-style:solid;border-bottom-width:1px;border-color:#9e9e9e;width:autopx;\"><\/span><\/div><div class=\"uvc-main-heading ult-responsive\"  data-ultimate-target='.uvc-heading.ultimate-heading-8476a0459d5b3ccf h2'  data-responsive-json-new='{\"font-size\":\"desktop:46px;\",\"line-height\":\"desktop:60px;\"}' ><h2 style=\"font-weight:bold;color:#ffffff;margin-top:10px;margin-bottom:60px;\">Silicon Valley<\/h2><\/div><\/div><div class=\"ult-spacer spacer-6a0459d5b3dc2\" data-id=\"6a0459d5b3dc2\" data-height=\"20\" data-height-mobile=\"20\" data-height-tab=\"20\" data-height-tab-portrait=\"\" data-height-mobile-landscape=\"\" style=\"clear:both;display:block;\"><\/div>[\/vc_column][\/vc_row][vc_row ct_row_stretch=\u00bb\u00bb][vc_column]<div class=\"ult-spacer spacer-6a0459d5b3e28\" data-id=\"6a0459d5b3e28\" data-height=\"30\" data-height-mobile=\"30\" data-height-tab=\"30\" data-height-tab-portrait=\"\" data-height-mobile-landscape=\"\" style=\"clear:both;display:block;\"><\/div>[vc_column_text]\n<h3>Silicon Valley \u2013 Dreamers Factory Junior Academy<\/h3>\n<p><img loading=\"lazy\" decoding=\"async\" class=\"estilo_fotos alignright wp-image-61207 size-medium\" src=\"http:\/\/www.lauroikastola.eus\/wp-content\/uploads\/2018\/09\/UbZABVPw-2-300x253.jpg\" alt=\"UbZABVPw-2\" width=\"300\" height=\"253\" srcset=\"https:\/\/www.lauroikastola.eus\/wp-content\/uploads\/2018\/09\/UbZABVPw-2-300x253.jpg 300w, https:\/\/www.lauroikastola.eus\/wp-content\/uploads\/2018\/09\/UbZABVPw-2-600x505.jpg 600w, https:\/\/www.lauroikastola.eus\/wp-content\/uploads\/2018\/09\/UbZABVPw-2-768x647.jpg 768w, https:\/\/www.lauroikastola.eus\/wp-content\/uploads\/2018\/09\/UbZABVPw-2.jpg 866w\" sizes=\"auto, (max-width: 300px) 100vw, 300px\" \/><\/p>\n<p><strong>ESEUNE Bussines School<\/strong> ofrece a Lauro Ikastola la opci\u00f3n de participar en unos cursos de verano, en Silicon Valley, el proyecto Silicon Valley \u2013 Dreamers Factory Junior Academy.<\/p>\n<p>Se trata de un curso-estancia de dos semanas, en el que el verano de 2018 participaron ya los tres primeros alumnos y alumnas de Lauro Ikastola. Una experiencia \u00fanica para que estos j\u00f3venes participen de una actividad que potenciar\u00e1 sus habilidades y contribuir\u00e1 a orientar su futuro profesional.<\/p>\n<p>El programa est\u00e1 pensado para chicos y chicas inquietos con esp\u00edritu emprendedor, apasionados por la tecnolog\u00eda (m\u00f3viles, redes sociales, Youtube\u2026) y las startups. Acuden a talleres para j\u00f3venes en dos de las mejores Universidades de Silicon Valley (<strong>Stanford<\/strong> y <strong>Babson College<\/strong>), visitan las organizaciones que est\u00e1n cambiando el mundo (<strong>Google, Twitter, Facebook, Intel, PayPal, Dropbox, Innovalley, AirBnB,<\/strong> etc.), reciben <em>masterclasses<\/em> de directivos de estas empresas, realizan din\u00e1micas de grupo con j\u00f3venes emprendedores que est\u00e1n poniendo en marcha sus startups, etc.[\/vc_column_text]<div class=\"ult-spacer spacer-6a0459d5b3e81\" data-id=\"6a0459d5b3e81\" data-height=\"20\" data-height-mobile=\"20\" data-height-tab=\"20\" data-height-tab-portrait=\"\" data-height-mobile-landscape=\"\" style=\"clear:both;display:block;\"><\/div>[vc_video link=\u00bbhttps:\/\/www.youtube.com\/embed\/Q38OAD07374&#8243; el_width=\u00bb50&#8243; align=\u00bbcenter\u00bb]<div class=\"ult-spacer spacer-6a0459d5b3ee6\" data-id=\"6a0459d5b3ee6\" data-height=\"30\" data-height-mobile=\"30\" data-height-tab=\"30\" data-height-tab-portrait=\"\" data-height-mobile-landscape=\"\" style=\"clear:both;display:block;\"><\/div>[\/vc_column][\/vc_row]\n","protected":false},"excerpt":{"rendered":"<p>[vc_row ct_row_stretch=\u00bbstretch_row\u00bb ct_bg_image=\u00bb100985&#8243; ct_bg_color_overlay=\u00bbrgba(0,0,0,0.4)\u00bb ct_bg_position=\u00bbcenter center\u00bb ct_bg_parallax=\u00bbfixed\u00bb][vc_column][\/vc_column][\/vc_row][vc_row ct_row_stretch=\u00bb\u00bb][vc_column][vc_column_text] Silicon Valley \u2013 Dreamers Factory Junior Academy ESEUNE Bussines School ofrece a Lauro Ikastola la opci\u00f3n de participar en unos cursos de verano, en Silicon Valley, el proyecto Silicon Valley \u2013 Dreamers Factory Junior Academy. Se trata de un curso-estancia de dos semanas, en el que el &#8230;<\/p>\n","protected":false},"author":1,"featured_media":0,"parent":0,"menu_order":0,"comment_status":"closed","ping_status":"closed","template":"","meta":{"ngg_post_thumbnail":0,"footnotes":""},"class_list":["post-64504","page","type-page","status-publish","hentry"],"_links":{"self":[{"href":"https:\/\/www.lauroikastola.eus\/es\/wp-json\/wp\/v2\/pages\/64504","targetHints":{"allow":["GET"]}}],"collection":[{"href":"https:\/\/www.lauroikastola.eus\/es\/wp-json\/wp\/v2\/pages"}],"about":[{"href":"https:\/\/www.lauroikastola.eus\/es\/wp-json\/wp\/v2\/types\/page"}],"author":[{"embeddable":true,"href":"https:\/\/www.lauroikastola.eus\/es\/wp-json\/wp\/v2\/users\/1"}],"replies":[{"embeddable":true,"href":"https:\/\/www.lauroikastola.eus\/es\/wp-json\/wp\/v2\/comments?post=64504"}],"version-history":[{"count":0,"href":"https:\/\/www.lauroikastola.eus\/es\/wp-json\/wp\/v2\/pages\/64504\/revisions"}],"wp:attachment":[{"href":"https:\/\/www.lauroikastola.eus\/es\/wp-json\/wp\/v2\/media?parent=64504"}],"curies":[{"name":"wp","href":"https:\/\/api.w.org\/{rel}","templated":true}]}}