{"id":9916,"date":"2015-03-25T17:14:22","date_gmt":"2015-03-25T16:14:22","guid":{"rendered":"http:\/\/www.lauroikastola.eus\/hezkuntza-proiektua\/beste-zerbitzuak-aurkezpena\/erizaindegia\/ikasleen-asegurua\/"},"modified":"2024-03-18T10:04:40","modified_gmt":"2024-03-18T09:04:40","slug":"ikasleen-asegurua","status":"publish","type":"page","link":"https:\/\/www.lauroikastola.eus\/es\/erizaindegia\/ikasleen-asegurua\/","title":{"rendered":"Ikasleen asegurua"},"content":{"rendered":"[vc_row ct_row_stretch=\u00bbstretch_row\u00bb ct_bg_image=\u00bb78174&#8243; ct_bg_color_overlay=\u00bbrgba(0,0,0,0.4)\u00bb ct_bg_position=\u00bbcenter center\u00bb ct_bg_parallax=\u00bbfixed\u00bb][vc_column]<div class=\"ult-spacer spacer-6a0587c6736b9\" data-id=\"6a0587c6736b9\" data-height=\"200\" data-height-mobile=\"200\" data-height-tab=\"200\" data-height-tab-portrait=\"\" data-height-mobile-landscape=\"\" style=\"clear:both;display:block;\"><\/div><div id=\"ultimate-heading-78376a0587c6737be\" class=\"uvc-heading ult-adjust-bottom-margin ultimate-heading-78376a0587c6737be uvc-8324 \" data-hspacer=\"line_only\"  data-halign=\"left\" style=\"text-align:left\"><div class=\"uvc-heading-spacer line_only\" style=\"topheight:1px;\"><span class=\"uvc-headings-line\" style=\"border-style:solid;border-bottom-width:1px;border-color:#9e9e9e;width:autopx;\"><\/span><\/div><div class=\"uvc-main-heading ult-responsive\"  data-ultimate-target='.uvc-heading.ultimate-heading-78376a0587c6737be h2'  data-responsive-json-new='{\"font-size\":\"desktop:46px;\",\"line-height\":\"desktop:60px;\"}' ><h2 style=\"font-weight:bold;color:#ffffff;margin-top:10px;margin-bottom:60px;\">Seguro accidentes alumnos\/as<\/h2><\/div><\/div><div class=\"ult-spacer spacer-6a0587c673862\" data-id=\"6a0587c673862\" data-height=\"20\" data-height-mobile=\"20\" data-height-tab=\"20\" data-height-tab-portrait=\"\" data-height-mobile-landscape=\"\" style=\"clear:both;display:block;\"><\/div>[\/vc_column][\/vc_row][vc_row ct_row_stretch=\u00bb\u00bb][vc_column width=\u00bb1\/2&#8243;]<div class=\"ult-spacer spacer-6a0587c6738b8\" data-id=\"6a0587c6738b8\" data-height=\"30\" data-height-mobile=\"30\" data-height-tab=\"30\" data-height-tab-portrait=\"\" data-height-mobile-landscape=\"\" style=\"clear:both;display:block;\"><\/div>[vc_column_text]El seguro escolar de Lauro Ikastola garantiza la asistencia sanitaria de los accidentes ocurridos durante el per\u00edodo escolar y en actividades extraescolares.<\/p>\n<p>Los accidentes ocurridos <span style=\"color: #ff0000;\"><strong>durante la jornada escolar<\/strong><\/span> en la Ikastola son atendidos por la Enfermera.<\/p>\n<p>En caso de que necesit\u00e9is atenci\u00f3n m\u00e9dica <strong><span style=\"color: #fd1113;\">fuera de este horario escolar<\/span><\/strong>, una vez llegado a casa por ejemplo, deb\u00e9is proceder de la siguiente manera:<\/p>\n<ul>\n<li>Acudid al centro m\u00e9dico Cl\u00ednica Quir\u00f3n e indicad que se trata de una incidencia dentro del horario escolar y que la Enfermera se pondr\u00e1 en contacto lo antes posible.<\/li>\n<li>Al d\u00eda siguiente escolar, comunicad el incidente a la Enfermera de la Ikastola (<a href=\"mailto:erizaina@lauro.eus\">erizaina@lauro.eus<\/a>) para que realice el volante y los tr\u00e1mites necesarios.<\/li>\n<\/ul>\n[\/vc_column_text]<div class=\"ult-spacer spacer-6a0587c673905\" data-id=\"6a0587c673905\" data-height=\"30\" data-height-mobile=\"30\" data-height-tab=\"30\" data-height-tab-portrait=\"\" data-height-mobile-landscape=\"\" style=\"clear:both;display:block;\"><\/div>[\/vc_column][vc_column width=\u00bb1\/2&#8243;]<div class=\"ult-spacer spacer-6a0587c673954\" data-id=\"6a0587c673954\" data-height=\"30\" data-height-mobile=\"30\" data-height-tab=\"30\" data-height-tab-portrait=\"\" data-height-mobile-landscape=\"\" style=\"clear:both;display:block;\"><\/div>[vc_single_image image=\u00bb120103&#8243; img_size=\u00bbfull\u00bb]<div class=\"ult-spacer spacer-6a0587c67399c\" data-id=\"6a0587c67399c\" data-height=\"30\" data-height-mobile=\"30\" data-height-tab=\"30\" data-height-tab-portrait=\"\" data-height-mobile-landscape=\"\" style=\"clear:both;display:block;\"><\/div>[\/vc_column][\/vc_row]\n","protected":false},"excerpt":{"rendered":"<p>[vc_row ct_row_stretch=\u00bbstretch_row\u00bb ct_bg_image=\u00bb78174&#8243; ct_bg_color_overlay=\u00bbrgba(0,0,0,0.4)\u00bb ct_bg_position=\u00bbcenter center\u00bb ct_bg_parallax=\u00bbfixed\u00bb][vc_column][\/vc_column][\/vc_row][vc_row ct_row_stretch=\u00bb\u00bb][vc_column width=\u00bb1\/2&#8243;][vc_column_text]El seguro escolar de Lauro Ikastola garantiza la asistencia sanitaria de los accidentes ocurridos durante el per\u00edodo escolar y en actividades extraescolares. Los accidentes ocurridos durante la jornada escolar en la Ikastola son atendidos por la Enfermera. En caso de que necesit\u00e9is atenci\u00f3n m\u00e9dica fuera de este &#8230;<\/p>\n","protected":false},"author":1,"featured_media":0,"parent":9913,"menu_order":0,"comment_status":"closed","ping_status":"open","template":"","meta":{"ngg_post_thumbnail":0,"footnotes":""},"class_list":["post-9916","page","type-page","status-publish","hentry"],"_links":{"self":[{"href":"https:\/\/www.lauroikastola.eus\/es\/wp-json\/wp\/v2\/pages\/9916","targetHints":{"allow":["GET"]}}],"collection":[{"href":"https:\/\/www.lauroikastola.eus\/es\/wp-json\/wp\/v2\/pages"}],"about":[{"href":"https:\/\/www.lauroikastola.eus\/es\/wp-json\/wp\/v2\/types\/page"}],"author":[{"embeddable":true,"href":"https:\/\/www.lauroikastola.eus\/es\/wp-json\/wp\/v2\/users\/1"}],"replies":[{"embeddable":true,"href":"https:\/\/www.lauroikastola.eus\/es\/wp-json\/wp\/v2\/comments?post=9916"}],"version-history":[{"count":0,"href":"https:\/\/www.lauroikastola.eus\/es\/wp-json\/wp\/v2\/pages\/9916\/revisions"}],"up":[{"embeddable":true,"href":"https:\/\/www.lauroikastola.eus\/es\/wp-json\/wp\/v2\/pages\/9913"}],"wp:attachment":[{"href":"https:\/\/www.lauroikastola.eus\/es\/wp-json\/wp\/v2\/media?parent=9916"}],"curies":[{"name":"wp","href":"https:\/\/api.w.org\/{rel}","templated":true}]}}