{"id":9971,"date":"2015-03-26T12:46:54","date_gmt":"2015-03-26T11:46:54","guid":{"rendered":"http:\/\/www.lauroikastola.eus\/hezkuntza-proiektua\/beste-zerbitzuak-aurkezpena\/erizaindegia\/gomendioak\/"},"modified":"2019-11-09T13:27:04","modified_gmt":"2019-11-09T12:27:04","slug":"gomendioak","status":"publish","type":"page","link":"https:\/\/www.lauroikastola.eus\/es\/erizaindegia\/gomendioak\/","title":{"rendered":"Gomendioak"},"content":{"rendered":"[vc_row ct_row_stretch=\u00bbstretch_row\u00bb ct_bg_image=\u00bb78174&#8243; ct_bg_color_overlay=\u00bbrgba(0,0,0,0.4)\u00bb ct_bg_position=\u00bbcenter center\u00bb ct_bg_parallax=\u00bbfixed\u00bb][vc_column]<div class=\"ult-spacer spacer-6a0587bd96860\" data-id=\"6a0587bd96860\" data-height=\"200\" data-height-mobile=\"200\" data-height-tab=\"200\" data-height-tab-portrait=\"\" data-height-mobile-landscape=\"\" style=\"clear:both;display:block;\"><\/div><div id=\"ultimate-heading-95006a0587bd96925\" class=\"uvc-heading ult-adjust-bottom-margin ultimate-heading-95006a0587bd96925 uvc-375 \" data-hspacer=\"line_only\"  data-halign=\"left\" style=\"text-align:left\"><div class=\"uvc-heading-spacer line_only\" style=\"topheight:1px;\"><span class=\"uvc-headings-line\" style=\"border-style:solid;border-bottom-width:1px;border-color:#9e9e9e;width:autopx;\"><\/span><\/div><div class=\"uvc-main-heading ult-responsive\"  data-ultimate-target='.uvc-heading.ultimate-heading-95006a0587bd96925 h2'  data-responsive-json-new='{\"font-size\":\"desktop:46px;\",\"line-height\":\"desktop:60px;\"}' ><h2 style=\"font-weight:bold;color:#ffffff;margin-top:10px;margin-bottom:60px;\">Recomendaciones<\/h2><\/div><\/div><div class=\"ult-spacer spacer-6a0587bd96989\" data-id=\"6a0587bd96989\" data-height=\"20\" data-height-mobile=\"20\" data-height-tab=\"20\" data-height-tab-portrait=\"\" data-height-mobile-landscape=\"\" style=\"clear:both;display:block;\"><\/div>[\/vc_column][\/vc_row][vc_row ct_row_stretch=\u00bb\u00bb][vc_column]<div class=\"ult-spacer spacer-6a0587bd969c1\" data-id=\"6a0587bd969c1\" data-height=\"30\" data-height-mobile=\"30\" data-height-tab=\"30\" data-height-tab-portrait=\"\" data-height-mobile-landscape=\"\" style=\"clear:both;display:block;\"><\/div>[vc_column_text]\n<h3>C\u00f3mo actuar ante piojos y liendres<\/h3>\n<p><strong>Es recomendable revisar una vez por semana la cabeza de los ni\u00f1os y ni\u00f1as. \u00a1Aprovecha el fin de semana!<br \/>\n<\/strong><\/p>\n<ul class=\"bolas\">\n<li>Cuidar de que peines y cepillos de pelo est\u00e9n bien limpios.<\/li>\n<li>No intercambieis gorros, incluso de piscina.<\/li>\n<li>Los productos antiparasitarios sirven s\u00f3lo cuando hay piojos o liendres, no sirven para evitar el contagio.<\/li>\n<\/ul>\n<p>Si descubres piojos o liendres:<\/p>\n<ul class=\"bolas\">\n<li>Aplica el producto antiparasitario, siguiendo las instrucciones del prospecto.<\/li>\n<li>Despu\u00e9s, lava y enjuaga la cabeza con agua y vinagre (facilita la eliminaci\u00f3n de liendres).<\/li>\n<li>Elimina todas las liendres de la cabeza. Lo mejor es hacerlo con la mano.<\/li>\n<li>A los ocho d\u00edas, vuelve a revisar el cuero cabelludo y, si hay liendres, repite el tratamiento.<\/li>\n<li>Conviene revisar tambi\u00e9n minuciosamente el cuero cabelludo del resto de la familia.<\/li>\n<li>Es aconsejable avisar al profesor\/a para que el resto de la clase extreme la vigilancia e higiene.<\/li>\n<\/ul>\n<p><em>(Fuente: Osakidetza, Servicio de Salud)<\/em><\/p>\n<h3>Moluscos<\/h3>\n<p>El molusco contagioso es una infecci\u00f3n superficial de la piel,&nbsp;que se localiza frecuentemente en la cara, cuello, axilas, brazos y manos, excepto en las palmas de manos y pies: son unas&nbsp;peque\u00f1as ampollas blanquecinas, con una prominencia central que si es exprimida emana un l\u00edquido blanco&nbsp;<strong>muy contagioso, por lo que los ni\u00f1os y ni\u00f1as que los tengan no podr\u00e1n acudir a la piscina hasta su curaci\u00f3n.<\/strong><\/p>\n<p>Afecta a entre un 2 y un 10% de la poblaci\u00f3n general, pero m\u00e1s com\u00fanmente a ni\u00f1os\/as, menores de 10 a\u00f1os, que no han desarrollado inmunidad al virus y son usuarios de piscinas y ciertas actividades deportivas de contacto directo.<\/p>\n<p><strong>El contacto directo es la forma de contagio m\u00e1s com\u00fan.<\/strong><\/p>\n<p>La aparici\u00f3n de las primeras p\u00e1pulas debe ser consultada con el m\u00e9dico o pediatra para su verificaci\u00f3n, y en su caso aplicar el adecuado tratamiento. Los padres\/madres deber\u00e1n informar al profesor\/a de Educaci\u00f3n F\u00edsica, mediante una nota, <strong>y ni\u00f1o\/a no deber\u00e1 acudir a la piscina hasta su completa eliminaci\u00f3n.<\/strong><\/p>\n<p>Recomendaciones:<\/p>\n<ul class=\"bolas\">\n<li>Los alumnos y alumnas deben evitar el intercambio de toallas, chancletas, ba\u00f1adores, \u2026<\/li>\n<li>Cambiad diariamente&nbsp;la toalla y sacad de las bolsas de deporte el ba\u00f1ador, zapatillas, gafas, etc., y&nbsp;limpiarlos con jab\u00f3n una vez por semana, como m\u00ednimo.<\/li>\n<\/ul>\n<h3>Imp\u00e9tigo y ectima<\/h3>\n<p>El <strong>imp\u00e9tigo<\/strong> es una enfermedad bacteriana muy infecciosa superficial de la piel. La incidencia m\u00e1xima se da entre los dos y los cinco o seis a\u00f1os.<\/p>\n<p>Se caracteriza por la aparici\u00f3n de ves\u00edculas o ampollas en la piel, que al romperse originan costras de color miel. Se puede afectar cualquier \u00e1rea cut\u00e1nea del cuerpo, pero las lesiones son m\u00e1s frecuentes en las zonas no cubiertas por la ropa, como la cara, la zona alrededor de la boca, la nariz, los o\u00eddos, los brazos y las piernas. No dejan cicatriz, pero pueden causar trastornos de la pigmentaci\u00f3n.<\/p>\n<p>El tratamiento de las personas infectadas con un antibi\u00f3tico durante 48 horas elimina, por lo general, su capacidad de propagar la bacteria. Por tanto, los ni\u00f1os y ni\u00f1as en esta situaci\u00f3n <strong>no deben acudir a las Ikastola<\/strong> hasta pasar dicho plazo <strong>ni a la piscina hasta que se sequen las ampollas.<\/strong><\/p>\n<p>Para prevenir su contagio y aparici\u00f3n deben cumplirse normas b\u00e1sicas de higiene como:<\/p>\n<ul>\n<li>Ba\u00f1o diario.<\/li>\n<li>Mantener las u\u00f1as cortas y limpias.<\/li>\n<li>Lavado de ropa que haya estado en contacto con las lesiones del imp\u00e9tigo con agua caliente y jab\u00f3n.<\/li>\n<li>Tratar de no reventarse las alteraciones que se presenten en la piel.<\/li>\n<li>Aplicar jab\u00f3n que ayude a la cicatrizaci\u00f3n.<\/li>\n<li>Utilizar toallas desechables.<\/li>\n<\/ul>\n[\/vc_column_text][vc_cta h2=\u00bbDocumento PDF de Recomendaciones\u00bb style=\u00bbflat\u00bb color=\u00bbgreen\u00bb add_button=\u00bbright\u00bb btn_title=\u00bbVer\u00bb btn_align=\u00bbright\u00bb btn_i_icon_fontawesome=\u00bbfa fa-file-pdf-o\u00bb btn_add_icon=\u00bbtrue\u00bb btn_link=\u00bburl:%2Fwp-content%2Fuploads%2F2015%2F03%2FRecomendaciones-1.pdf||target:%20_blank|\u00bb css=\u00bb.vc_custom_1573302422320{margin-top: 15px !important;}\u00bb][\/vc_cta]<div class=\"ult-spacer spacer-6a0587bd969f2\" data-id=\"6a0587bd969f2\" data-height=\"30\" data-height-mobile=\"30\" data-height-tab=\"30\" data-height-tab-portrait=\"\" data-height-mobile-landscape=\"\" style=\"clear:both;display:block;\"><\/div>[\/vc_column][\/vc_row]\n","protected":false},"excerpt":{"rendered":"<p>[vc_row ct_row_stretch=\u00bbstretch_row\u00bb ct_bg_image=\u00bb78174&#8243; ct_bg_color_overlay=\u00bbrgba(0,0,0,0.4)\u00bb ct_bg_position=\u00bbcenter center\u00bb ct_bg_parallax=\u00bbfixed\u00bb][vc_column][\/vc_column][\/vc_row][vc_row ct_row_stretch=\u00bb\u00bb][vc_column][vc_column_text] C\u00f3mo actuar ante piojos y liendres Es recomendable revisar una vez por semana la cabeza de los ni\u00f1os y ni\u00f1as. \u00a1Aprovecha el fin de semana! Cuidar de que peines y cepillos de pelo est\u00e9n bien limpios. No intercambieis gorros, incluso de piscina. Los productos antiparasitarios sirven s\u00f3lo &#8230;<\/p>\n","protected":false},"author":1,"featured_media":0,"parent":9913,"menu_order":0,"comment_status":"closed","ping_status":"open","template":"","meta":{"ngg_post_thumbnail":0,"footnotes":""},"class_list":["post-9971","page","type-page","status-publish","hentry"],"_links":{"self":[{"href":"https:\/\/www.lauroikastola.eus\/es\/wp-json\/wp\/v2\/pages\/9971","targetHints":{"allow":["GET"]}}],"collection":[{"href":"https:\/\/www.lauroikastola.eus\/es\/wp-json\/wp\/v2\/pages"}],"about":[{"href":"https:\/\/www.lauroikastola.eus\/es\/wp-json\/wp\/v2\/types\/page"}],"author":[{"embeddable":true,"href":"https:\/\/www.lauroikastola.eus\/es\/wp-json\/wp\/v2\/users\/1"}],"replies":[{"embeddable":true,"href":"https:\/\/www.lauroikastola.eus\/es\/wp-json\/wp\/v2\/comments?post=9971"}],"version-history":[{"count":0,"href":"https:\/\/www.lauroikastola.eus\/es\/wp-json\/wp\/v2\/pages\/9971\/revisions"}],"up":[{"embeddable":true,"href":"https:\/\/www.lauroikastola.eus\/es\/wp-json\/wp\/v2\/pages\/9913"}],"wp:attachment":[{"href":"https:\/\/www.lauroikastola.eus\/es\/wp-json\/wp\/v2\/media?parent=9971"}],"curies":[{"name":"wp","href":"https:\/\/api.w.org\/{rel}","templated":true}]}}