{"id":9988,"date":"2015-03-26T13:08:52","date_gmt":"2015-03-26T12:08:52","guid":{"rendered":"http:\/\/www.lauroikastola.eus\/hezkuntza-proiektua\/beste-zerbitzuak-aurkezpena\/cambridge-azterketak\/"},"modified":"2024-06-06T10:52:09","modified_gmt":"2024-06-06T08:52:09","slug":"cambridge-azterketak","status":"publish","type":"page","link":"https:\/\/www.lauroikastola.eus\/es\/cambridge-azterketak\/","title":{"rendered":"Ex\u00e1menes Cambridge"},"content":{"rendered":"[vc_row ct_row_stretch=\u00bbstretch_row\u00bb ct_bg_image=\u00bb78174&#8243; ct_bg_color_overlay=\u00bbrgba(0,0,0,0.4)\u00bb ct_bg_position=\u00bbcenter center\u00bb ct_bg_parallax=\u00bbfixed\u00bb][vc_column]<div class=\"ult-spacer spacer-6a02d958ad70d\" data-id=\"6a02d958ad70d\" data-height=\"200\" data-height-mobile=\"200\" data-height-tab=\"200\" data-height-tab-portrait=\"\" data-height-mobile-landscape=\"\" style=\"clear:both;display:block;\"><\/div><div id=\"ultimate-heading-88366a02d958ad87e\" class=\"uvc-heading ult-adjust-bottom-margin ultimate-heading-88366a02d958ad87e uvc-4648 \" data-hspacer=\"line_only\"  data-halign=\"left\" style=\"text-align:left\"><div class=\"uvc-heading-spacer line_only\" style=\"topheight:1px;\"><span class=\"uvc-headings-line\" style=\"border-style:solid;border-bottom-width:1px;border-color:#9e9e9e;width:autopx;\"><\/span><\/div><div class=\"uvc-main-heading ult-responsive\"  data-ultimate-target='.uvc-heading.ultimate-heading-88366a02d958ad87e h2'  data-responsive-json-new='{\"font-size\":\"desktop:46px;\",\"line-height\":\"desktop:60px;\"}' ><h2 style=\"font-weight:bold;color:#ffffff;margin-top:10px;margin-bottom:60px;\">Ex\u00e1menes Cambridge<\/h2><\/div><\/div><div class=\"ult-spacer spacer-6a02d958ad936\" data-id=\"6a02d958ad936\" data-height=\"20\" data-height-mobile=\"20\" data-height-tab=\"20\" data-height-tab-portrait=\"\" data-height-mobile-landscape=\"\" style=\"clear:both;display:block;\"><\/div>[\/vc_column][\/vc_row][vc_row ct_row_stretch=\u00bb\u00bb][vc_column width=\u00bb1\/2&#8243;][vc_column_text]\n<p style=\"text-align: justify;\"><img loading=\"lazy\" decoding=\"async\" class=\" wp-image-9981 alignleft\" src=\"http:\/\/www.lauroikastola.eus\/wp-content\/uploads\/2015\/03\/logo_cambridge.jpg\" alt=\"logo_cambridge\" width=\"350\" height=\"83\" srcset=\"https:\/\/www.lauroikastola.eus\/wp-content\/uploads\/2015\/03\/logo_cambridge.jpg 595w, https:\/\/www.lauroikastola.eus\/wp-content\/uploads\/2015\/03\/logo_cambridge-300x71.jpg 300w\" sizes=\"auto, (max-width: 350px) 100vw, 350px\" \/><\/p>\n<p>&nbsp;<\/p>\n<p>&nbsp;<\/p>\n<p>&nbsp;<\/p>\n<p style=\"text-align: justify;\">Lauro Ikastola es un <strong>centro adherido al School Project<\/strong> de la <strong>Universidad de Cambridge<\/strong> y nuestros alumnos y alumnas pueden realizar los ex\u00e1menes a trav\u00e9s de la Ikastola y en la propia Ikastola.<\/p>\n<p style=\"text-align: justify;\">Este plan, de gran aceptaci\u00f3n, pretende:<\/p>\n<ul class=\"bolas\">\n<li>Motivar el aprendizaje del ingl\u00e9s para favorecer la formaci\u00f3n triling\u00fce de los alumnos y alumnas.<\/li>\n<li>Alcanzar una acreditaci\u00f3n para sus estudios posteriores y <em>curriculum<\/em>.<\/li>\n<li>Simplificar para las familias los tr\u00e1mites de matriculaci\u00f3n y ex\u00e1menes.<\/li>\n<\/ul>\n<div>Equivalencias de estos t\u00edtulos con respecto al marco europeo de referencia:<\/div>\n<ul class=\"bolas\">\n<li><strong>FIRST: B2.<\/strong><\/li>\n<li><strong>ADVANCED: C1.<\/strong><\/li>\n<\/ul>\n<p>&nbsp;<\/p>\n<p>En la siguiente circular dispon\u00e9is de los detalles de la inscripci\u00f3n de este curso:[\/vc_column_text][\/vc_column][vc_column width=\u00bb1\/2&#8243;]<div class=\"ult-spacer spacer-6a02d958ad999\" data-id=\"6a02d958ad999\" data-height=\"50\" data-height-mobile=\"50\" data-height-tab=\"50\" data-height-tab-portrait=\"\" data-height-mobile-landscape=\"\" style=\"clear:both;display:block;\"><\/div>[vc_single_image image=\u00bb126746&#8243; img_size=\u00bbfull\u00bb style=\u00bbvc_box_rounded\u00bb][\/vc_column][\/vc_row][vc_row ct_row_stretch=\u00bb\u00bb][vc_column][vc_column_text]<div class=\"b5-file-manager-folder\">\n                    <input type=\"hidden\" value=\"9988\" class=\"b5-fm-post-id\" \/>\n                            <div class=\"b5-menu-bar\">\n                            \t<div class=\"b5-bar-controls\"><input type=\"text\" placeholder=\"Filter\" class=\"b5-filter-value\" \/><\/div>\n                    \n                <ul class=\"b5-breadcrumbs\">\n                    <li>\n                        <a class=\"b5-folder-name b5-last\" href=\"#\">Cambridge azterketak<\/a>\n                    <\/li>\n                <\/ul>\n                 <div style=\"clear:both\"><\/div>\n             <\/div><div class=\"b5-loading\"><\/div><ul class=\"b5-file-manager-container b5-file-manager b5-list\"><li class=\"b5-item\">\n                    <input type=\"hidden\" class=\"b5-item-data\" data-title=\"first- advanced azterketa zirkularra 2026\" data-weight=\"222295\" data-date=\"1772441856\" data-type=\"document\" data-identifier=\"b\" \/>\n                    <div class=\"b5-file\">\n                        <div class=\"b5-icon\"><img loading=\"lazy\" decoding=\"async\" width=\"60\" height=\"60\" src=\"https:\/\/www.lauroikastola.eus\/wp-content\/uploads\/2019\/10\/fichero-100x100.png\" class=\"attachment-60x60 size-60x60\" alt=\"\" srcset=\"https:\/\/www.lauroikastola.eus\/wp-content\/uploads\/2019\/10\/fichero-100x100.png 100w, https:\/\/www.lauroikastola.eus\/wp-content\/uploads\/2019\/10\/fichero.png 128w\" sizes=\"auto, (max-width: 60px) 100vw, 60px\" \/><\/div>\n                        <div class=\"b5-info\">\n                            <p class=\"b5-title\">FIRST- ADVANCED azterketa zirkularra 2026.pdf<\/p>\n                            <ul class=\"b5-infowrapper\">\n                                \n                                <li><p class=\"b5-item-weight\">217 KB<\/p><\/li>\n                                \n                                <li><p class=\"b5-downloads\">654 downloads<\/p><\/li>\n                                <li><a class=\"b5-download b5-download-icon before\" href=\"https:\/\/www.lauroikastola.eus\/es\/cambridge-azterketak\/?b5-file=150046&#038;b5-folder=16752\" data-field_id=\"150046\" data-folder_id=\"16752\" target=\"_self\" title=\"Download file\">Jaitsi \/ Descargar<\/a><\/li>\n                            <\/ul>\n                         <\/div>\n                    <\/div>\n                <\/li><\/ul><\/div>[\/vc_column_text]<div class=\"ult-spacer spacer-6a02d958df7cf\" data-id=\"6a02d958df7cf\" data-height=\"20\" data-height-mobile=\"20\" data-height-tab=\"20\" data-height-tab-portrait=\"\" data-height-mobile-landscape=\"\" style=\"clear:both;display:block;\"><\/div>[\/vc_column][\/vc_row]\n","protected":false},"excerpt":{"rendered":"<p>[vc_row ct_row_stretch=\u00bbstretch_row\u00bb ct_bg_image=\u00bb78174&#8243; ct_bg_color_overlay=\u00bbrgba(0,0,0,0.4)\u00bb ct_bg_position=\u00bbcenter center\u00bb ct_bg_parallax=\u00bbfixed\u00bb][vc_column][\/vc_column][\/vc_row][vc_row ct_row_stretch=\u00bb\u00bb][vc_column width=\u00bb1\/2&#8243;][vc_column_text] &nbsp; &nbsp; &nbsp; Lauro Ikastola es un centro adherido al School Project de la Universidad de Cambridge y nuestros alumnos y alumnas pueden realizar los ex\u00e1menes a trav\u00e9s de la Ikastola y en la propia Ikastola. Este plan, de gran aceptaci\u00f3n, pretende: Motivar el aprendizaje del &#8230;<\/p>\n","protected":false},"author":1,"featured_media":0,"parent":0,"menu_order":0,"comment_status":"closed","ping_status":"open","template":"","meta":{"ngg_post_thumbnail":0,"footnotes":""},"class_list":["post-9988","page","type-page","status-publish","hentry"],"_links":{"self":[{"href":"https:\/\/www.lauroikastola.eus\/es\/wp-json\/wp\/v2\/pages\/9988","targetHints":{"allow":["GET"]}}],"collection":[{"href":"https:\/\/www.lauroikastola.eus\/es\/wp-json\/wp\/v2\/pages"}],"about":[{"href":"https:\/\/www.lauroikastola.eus\/es\/wp-json\/wp\/v2\/types\/page"}],"author":[{"embeddable":true,"href":"https:\/\/www.lauroikastola.eus\/es\/wp-json\/wp\/v2\/users\/1"}],"replies":[{"embeddable":true,"href":"https:\/\/www.lauroikastola.eus\/es\/wp-json\/wp\/v2\/comments?post=9988"}],"version-history":[{"count":0,"href":"https:\/\/www.lauroikastola.eus\/es\/wp-json\/wp\/v2\/pages\/9988\/revisions"}],"wp:attachment":[{"href":"https:\/\/www.lauroikastola.eus\/es\/wp-json\/wp\/v2\/media?parent=9988"}],"curies":[{"name":"wp","href":"https:\/\/api.w.org\/{rel}","templated":true}]}}